{"id":9319,"date":"2025-07-01T15:33:44","date_gmt":"2025-07-01T13:33:44","guid":{"rendered":"https:\/\/www.biokari.sk\/produkt\/nordvital-enzim-komplex-kapsuly-60ks\/"},"modified":"2026-05-02T19:01:07","modified_gmt":"2026-05-02T17:01:07","slug":"nordvital-enzim-komplex-kapsuly-60ks","status":"publish","type":"product","link":"https:\/\/www.biokari.sk\/hu\/termek\/nordvital-enzim-komplex-kapszula-60db\/","title":{"rendered":"Nordvital enzim komplex kapszula 60db"},"content":{"rendered":"<p data-start=\"1039\" data-end=\"1166\">A Nordvital Enzyme Complex nyolc gondosan kiv\u00e1lasztott em\u00e9szt\u0151enzimet tartalmaz\u00f3 \u00e9trend-kieg\u00e9sz\u00edt\u0151.<br data-start=\"713\" data-end=\"716\" \/>A k\u00e9sz\u00edtm\u00e9ny \u00f6sszet\u00e9tel\u00e9t \u00fagy alak\u00edtott\u00e1k ki, hogy az egyes enzimek kieg\u00e9sz\u00edts\u00e9k egym\u00e1st \u00e9s t\u00e1mogass\u00e1k a megfelel\u0151 em\u00e9szt\u00e9st - bele\u00e9rtve a lakt\u00f3z lebont\u00e1s\u00e1t is. A lakt\u00e1z, a betain-hidroklorid \u00e9s m\u00e1s n\u00e9pszer\u0171 enzimek ide\u00e1lis v\u00e1laszt\u00e1s a tudatos kieg\u00e9sz\u00edt\u00e9shez \u00e9s az em\u00e9szt\u00e9si komfort fenntart\u00e1s\u00e1hoz.<\/p>\n<p data-start=\"1168\" data-end=\"1197\"><strong data-start=\"1168\" data-end=\"1197\">Hat\u00f3anyagok 1 kapszul\u00e1ban: <\/strong>Prote\u00e1z (Aspergillus flavus oryzae) - 14 850 U Papain - 6 000 U Bromelain - 33 750 U Alfa-amil\u00e1z - 5 940 U Lip\u00e1z - 297 U Cellul\u00e1z - 120 U Lakt\u00e1z - 75 ALU Alfa-galaktozid\u00e1z - 50 U Betain-hidroklorid - 50 mg.<\/p>\n<p data-start=\"1447\" data-end=\"1645\"><strong data-start=\"1447\" data-end=\"1460\">\u00d6sszet\u00e9tel:<\/strong> rizsliszt, prote\u00e1z, alfa-amil\u00e1z, hidroxipropil-metilcellul\u00f3z (kapszula), bromelain, betain-HCl, leucin (csom\u00f3sod\u00e1sg\u00e1tl\u00f3), papain, lakt\u00e1z, lip\u00e1z, cellul\u00e1z, alfa-galaktozid\u00e1z.<\/p>\n<p data-start=\"1647\" data-end=\"1743\"><strong data-start=\"1647\" data-end=\"1660\">Alkalmaz\u00e1s:<\/strong> Em\u00e9szt\u00e9si probl\u00e9m\u00e1kra, puffad\u00e1sra, lakt\u00f3z\u00e9rz\u00e9kenys\u00e9gre \u00e9s neh\u00e9z \u00e9tkez\u00e9sek ut\u00e1n.<\/p>\n<p data-start=\"1647\" data-end=\"1743\"><strong data-start=\"965\" data-end=\"991\">Aj\u00e1nlott adagol\u00e1s:<\/strong> Napi 1 kapszula \u00e9tkez\u00e9s k\u00f6zben.<\/p>\n<p data-start=\"1647\" data-end=\"1743\"><strong>Mennyis\u00e9g:<\/strong> 60db<\/p>\n<p data-start=\"1647\" data-end=\"1743\">Sz\u00e1raz helyen t\u00e1rolja. <br \/><strong>Minim\u00e1lis eltarthat\u00f3s\u00e1gi id\u0151:<\/strong> l\u00e1sd a csomagol\u00e1st.<\/p>","protected":false},"excerpt":{"rendered":"<p>Nordvital Enzym Komplex je v\u00fd\u017eivov\u00fd doplnok obsahuj\u00faci osem starostlivo vybran\u00fdch tr\u00e1viacich enz\u00fdmov.Zlo\u017eenie pr\u00edpravku je navrhnut\u00e9 tak, aby sa jednotliv\u00e9 enz\u00fdmy vz\u00e1jomne dop\u013a\u0148ali a podporovali spr\u00e1vne tr\u00e1venie \u2013 vr\u00e1tane rozkladu lakt\u00f3zy. Lakt\u00e1za, betain-hydrochlorid a \u010fal\u0161ie ob\u013e\u00faben\u00e9 enz\u00fdmy predstavuj\u00fa ide\u00e1lnu vo\u013ebu pre vedom\u00e9 doplnenie v\u00fd\u017eivy a zachovanie tr\u00e1viaceho komfortu. \u00da\u010dinn\u00e9 l\u00e1tky v 1 kapsule: Prote\u00e1za (Aspergillus flavus [&hellip;]<\/p>","protected":false},"featured_media":9556,"comment_status":"open","ping_status":"closed","template":"","meta":{"inline_featured_image":false},"product_brand":[112],"product_cat":[69,143,148,152],"product_tag":[],"class_list":{"0":"post-9319","1":"product","2":"type-product","3":"status-publish","4":"has-post-thumbnail","6":"product_brand-nordvital","7":"product_cat-vyzivove-doplnky","8":"product_cat-zaludok-a-crevna-cinnost","9":"product_cat-liecive-rastliny","10":"product_cat-zaludok-a-crevna-cinnost-liecive-rastliny","12":"first","13":"instock","14":"taxable","15":"shipping-taxable","16":"purchasable","17":"product-type-simple"},"aioseo_notices":[],"_links":{"self":[{"href":"https:\/\/www.biokari.sk\/hu\/wp-json\/wp\/v2\/product\/9319","targetHints":{"allow":["GET"]}}],"collection":[{"href":"https:\/\/www.biokari.sk\/hu\/wp-json\/wp\/v2\/product"}],"about":[{"href":"https:\/\/www.biokari.sk\/hu\/wp-json\/wp\/v2\/types\/product"}],"replies":[{"embeddable":true,"href":"https:\/\/www.biokari.sk\/hu\/wp-json\/wp\/v2\/comments?post=9319"}],"wp:featuredmedia":[{"embeddable":true,"href":"https:\/\/www.biokari.sk\/hu\/wp-json\/wp\/v2\/media\/9556"}],"wp:attachment":[{"href":"https:\/\/www.biokari.sk\/hu\/wp-json\/wp\/v2\/media?parent=9319"}],"wp:term":[{"taxonomy":"product_brand","embeddable":true,"href":"https:\/\/www.biokari.sk\/hu\/wp-json\/wp\/v2\/product_brand?post=9319"},{"taxonomy":"product_cat","embeddable":true,"href":"https:\/\/www.biokari.sk\/hu\/wp-json\/wp\/v2\/product_cat?post=9319"},{"taxonomy":"product_tag","embeddable":true,"href":"https:\/\/www.biokari.sk\/hu\/wp-json\/wp\/v2\/product_tag?post=9319"}],"curies":[{"name":"wp","href":"https:\/\/api.w.org\/{rel}","templated":true}]}}