{"id":9344,"date":"2025-07-03T07:57:54","date_gmt":"2025-07-03T05:57:54","guid":{"rendered":"https:\/\/www.biokari.sk\/produkt\/rummo-bezlepkovy-gnocchi-500g\/"},"modified":"2026-03-13T18:01:01","modified_gmt":"2026-03-13T17:01:01","slug":"rummo-bezlepkovy-gnocchi-500g","status":"publish","type":"product","link":"https:\/\/www.biokari.sk\/hu\/termek\/rummo-bezlepkovy-gnocchi-500g\/","title":{"rendered":"Rummo glut\u00e9nmentes gnocchi 500g"},"content":{"rendered":"<p>Gnocchi s\u00fa jedlo, ktor\u00e9 nesmie ch\u00fdba\u0165 v \u017eiadnej talianskej dom\u00e1cnosti. Ich dochutenie sa l\u00ed\u0161i<br>v z\u00e1vislosti od regi\u00f3nu, v ktorom sa pripravuj\u00fa. S\u00fa vynikaj\u00face napr\u00edklad s paradajkovou<br>om\u00e1\u010dkou, syrovou om\u00e1\u010dkou alebo aj s oby\u010dajnou \u0161alviou na masle. V bezlepkovej verzii.<\/p>\n\n\n\n<p><strong>\u00d6sszet\u00e9tel:<\/strong> \u010derstv\u00e9 zemiaky 80% (voda, zemiaky 33%), krupica z tvrdej p\u0161enice 10%, zemiakov\u00fd \u0161krob 6,5%, ry\u017eov\u00e1 m\u00faka 1,5%, <strong>regul\u00e1tor kyslosti:<\/strong> kyselina mlie\u010dna, <strong>kozervant:<\/strong> kyselina sobov\u00e1, pr\u00edrodn\u00e1 ar\u00f3ma, kurkuma<\/p>\n\n\n\n<p class=\"has-x-small-font-size\"><strong>Nutri\u010dn\u00e9 hodnoty na 100g<\/strong>:  <br>Energia: 678kj\/160kcal, <br>Tuky: 0g z toho nas\u00fdten\u00e9: 0g,<br>Sacharidy: 36g z toho cukry: 0g, <br>Bielkoviny: 3,5g, Vl\u00e1knina: 0,8g, So\u013e: 1,5g<\/p>\n\n\n\n<p><strong>S\u00faly:<\/strong> 500g<\/p>\n\n\n\n<p><strong>Minim\u00e1lis eltarthat\u00f3s\u00e1gi id\u0151:<\/strong> l\u00e1sd a csomagol\u00e1st. <br><strong>Krajina p\u00f4vodu:<\/strong> Taliansko<br>Sz\u00e1raz helyen t\u00e1rolja.<\/p>\n\n\n\n<p><\/p>\n\n\n\n<p><\/p>\n\n\n\n<p><\/p>\n\n\n\n<p><\/p>\n\n\n\n<p><\/p>\n\n\n\n<p class=\"has-x-small-font-size\"><\/p>","protected":false},"excerpt":{"rendered":"<p>Gnocchi s\u00fa jedlo, ktor\u00e9 nesmie ch\u00fdba\u0165 v \u017eiadnej talianskej dom\u00e1cnosti. Ich dochutenie sa l\u00ed\u0161iv z\u00e1vislosti od regi\u00f3nu, v ktorom sa pripravuj\u00fa. S\u00fa vynikaj\u00face napr\u00edklad s paradajkovouom\u00e1\u010dkou, syrovou om\u00e1\u010dkou alebo aj s oby\u010dajnou \u0161alviou na masle. V bezlepkovej verzii. Zlo\u017eenie: \u010derstv\u00e9 zemiaky 80% (voda, zemiaky 33%), krupica z tvrdej p\u0161enice 10%, zemiakov\u00fd \u0161krob 6,5%, ry\u017eov\u00e1 m\u00faka [&hellip;]<\/p>","protected":false},"featured_media":9487,"comment_status":"open","ping_status":"closed","template":"","meta":{"inline_featured_image":false},"product_brand":[],"product_cat":[71,125],"product_tag":[133],"class_list":{"0":"post-9344","1":"product","2":"type-product","3":"status-publish","4":"has-post-thumbnail","6":"product_cat-potraviny","7":"product_cat-cestoviny","8":"product_tag-talianske-vyrobky","10":"first","11":"instock","12":"taxable","13":"shipping-taxable","14":"purchasable","15":"product-type-simple"},"aioseo_notices":[],"_links":{"self":[{"href":"https:\/\/www.biokari.sk\/hu\/wp-json\/wp\/v2\/product\/9344","targetHints":{"allow":["GET"]}}],"collection":[{"href":"https:\/\/www.biokari.sk\/hu\/wp-json\/wp\/v2\/product"}],"about":[{"href":"https:\/\/www.biokari.sk\/hu\/wp-json\/wp\/v2\/types\/product"}],"replies":[{"embeddable":true,"href":"https:\/\/www.biokari.sk\/hu\/wp-json\/wp\/v2\/comments?post=9344"}],"wp:featuredmedia":[{"embeddable":true,"href":"https:\/\/www.biokari.sk\/hu\/wp-json\/wp\/v2\/media\/9487"}],"wp:attachment":[{"href":"https:\/\/www.biokari.sk\/hu\/wp-json\/wp\/v2\/media?parent=9344"}],"wp:term":[{"taxonomy":"product_brand","embeddable":true,"href":"https:\/\/www.biokari.sk\/hu\/wp-json\/wp\/v2\/product_brand?post=9344"},{"taxonomy":"product_cat","embeddable":true,"href":"https:\/\/www.biokari.sk\/hu\/wp-json\/wp\/v2\/product_cat?post=9344"},{"taxonomy":"product_tag","embeddable":true,"href":"https:\/\/www.biokari.sk\/hu\/wp-json\/wp\/v2\/product_tag?post=9344"}],"curies":[{"name":"wp","href":"https:\/\/api.w.org\/{rel}","templated":true}]}}