{"id":9346,"date":"2025-07-03T08:00:59","date_gmt":"2025-07-03T06:00:59","guid":{"rendered":"https:\/\/www.biokari.sk\/produkt\/zinzino-omega3-kapsuly-60ks\/"},"modified":"2026-01-27T08:41:55","modified_gmt":"2026-01-27T07:41:55","slug":"zinzino-omega3-kapsuly-60ks","status":"publish","type":"product","link":"https:\/\/www.biokari.sk\/hu\/termek\/zinzino-omega3-kapszula-60db\/","title":{"rendered":"Zinzino Omega3 kapszula 60db"},"content":{"rendered":"<p data-start=\"182\" data-end=\"274\">Milyen t\u00edpus\u00fa \u00e9teleket eszik?<br data-start=\"211\" data-end=\"214\" \/>T\u00f6bb omega-3 vagy ink\u00e1bb omega-6 zs\u00edrsavat tartalmaznak?<\/p>\n<p data-start=\"276\" data-end=\"501\">Az \u00e9letm\u00f3d \u00e9s az \u00e9tkez\u00e9si szok\u00e1sok olyan t\u00fcnetekhez vezethetnek, mint: pajzsmirigyzavarok, \u00e1lmatlans\u00e1g, fesz\u00fclts\u00e9g, kimer\u00fclts\u00e9g, em\u00e9szt\u00e9si probl\u00e9m\u00e1k, allergi\u00e1k, der\u00e9kf\u00e1j\u00e1s, l\u00e9gz\u00e9si neh\u00e9zs\u00e9gek, \u00edz\u00fcleti merevs\u00e9g, porckop\u00e1s.<\/p>\n<p data-start=\"503\" data-end=\"612\">E t\u00fcnetek m\u00f6g\u00f6tt gyakran rejt\u0151zik <strong data-start=\"539\" data-end=\"558\">kr\u00f3nikus gyullad\u00e1s<\/strong>ami a sz\u00edv- \u00e9s \u00e9rrendszer oxid\u00e1ci\u00f3j\u00e1hoz vezet.<\/p>\n<p data-start=\"614\" data-end=\"746\">Eloltod a benned l\u00e9v\u0151 t\u00fczet, vagy hagyod, hogy testedet m\u00e9g jobban elnyelj\u00e9k a l\u00e1ngok?<br data-start=\"693\" data-end=\"696\" \/>Meg\u00e9rkezett az omega t\u00e1pl\u00e1l\u00e9kkieg\u00e9sz\u00edt\u0151k \u00faj gener\u00e1ci\u00f3ja.<\/p>\n<p data-start=\"748\" data-end=\"1068\"><strong data-start=\"748\" data-end=\"767\">ESSENT+ Pr\u00e9mium<\/strong> - t\u00e1pl\u00e1l\u00e9kkieg\u00e9sz\u00edt\u0151k polifenolokkal \u00e9s omega zs\u00edrsavakkal teljesen term\u00e9szetes form\u00e1ban - a szervezet egyens\u00faly\u00e1t a k\u00f6vetkez\u0151 szintre emelve. A k\u00f6nnyen em\u00e9szthet\u0151 l\u00e1gyg\u00e9lek biztons\u00e1gosan helyre\u00e1ll\u00edtj\u00e1k a szervezet zs\u00edrsavegyens\u00faly\u00e1t, v\u00e9dik a v\u00e9rzs\u00edrokat az oxid\u00e1ci\u00f3t\u00f3l, \u00e9s t\u00e1mogatj\u00e1k a norm\u00e1lis sz\u00edv- \u00e9s agym\u0171k\u00f6d\u00e9st.<\/p>\n<p data-start=\"1070\" data-end=\"1283\">Minden kapszula EPA \u00e9s DHA omega-3 zs\u00edrsavakban gazdag, koncentr\u00e1lt halolajat, valamint szabadalmaztatott extra sz\u0171z ol\u00edvaolajat (R.E.V.O.O.), ol\u00edvakivonatot \u00e9s kaka\u00f3porb\u00f3l sz\u00e1rmaz\u00f3 bioakt\u00edv polifenolokat tartalmaz.<\/p>\n<h4 data-start=\"1343\" data-end=\"1357\"><strong>\u00d6sszet\u00e9tel:<\/strong>\u00a0Halolaj*, kapszulah\u00e9j (halzselatin, glicerin), extra sz\u0171z ol\u00edvaolaj, s\u0171r\u00edt\u0151anyag (m\u00e9hviasz), kaka\u00f3por, emulge\u00e1l\u00f3szer (napraforg\u00f3 lecitin, ol\u00edva gy\u00fcm\u00f6lcskivonat (Olea europaea)), D3-vitamin (kolekalciferol).<br data-start=\"1599\" data-end=\"1602\" \/>*Nem uni\u00f3s eredet\u0171.<\/h4>\n<ul data-start=\"1624\" data-end=\"2134\">\n<li data-start=\"1624\" data-end=\"1677\">\n<p data-start=\"1626\" data-end=\"1677\"><strong data-start=\"1626\" data-end=\"1647\">Term\u00e9szetes \u00f6sszet\u00e9tel<\/strong> - csak term\u00e9szetes forr\u00e1sokb\u00f3l.<\/p>\n<\/li>\n<li data-start=\"1678\" data-end=\"1776\">\n<p data-start=\"1680\" data-end=\"1776\"><strong data-start=\"1680\" data-end=\"1733\">R.E.V.O.O. - Forradalmi extra sz\u0171z ol\u00edvaolaj<\/strong> - forradalmi extra sz\u0171z ol\u00edvaolaj.<\/p>\n<\/li>\n<li data-start=\"1777\" data-end=\"1852\">\n<p data-start=\"1779\" data-end=\"1852\">Lanolinb\u00f3l \u00e9s n\u00f6v\u00e9nyi kevert tokoferolokb\u00f3l sz\u00e1rmaz\u00f3 D3-vitamint tartalmaz.<\/p>\n<\/li>\n<li data-start=\"1853\" data-end=\"1980\">\n<p data-start=\"1855\" data-end=\"1980\"><strong data-start=\"1855\" data-end=\"1879\">Polifenol v\u00e9delem<\/strong> - az olajbogy\u00f3b\u00f3l sz\u00e1rmaz\u00f3 napi 5 mg hidroxitirozol hozz\u00e1j\u00e1rul a v\u00e9rzs\u00edrok oxidat\u00edv k\u00e1rosod\u00e1st\u00f3l val\u00f3 v\u00e9delm\u00e9hez.<\/p>\n<\/li>\n<li data-start=\"1981\" data-end=\"2063\">\n<p data-start=\"1983\" data-end=\"2063\"><strong data-start=\"1983\" data-end=\"2005\">Kiv\u00e9teles tisztas\u00e1g<\/strong> - a molekul\u00e1ris vizsg\u00e1lat kiz\u00e1rja a szennyez\u0151d\u00e9s lehet\u0151s\u00e9g\u00e9t.<\/p>\n<\/li>\n<li data-start=\"2064\" data-end=\"2134\">\n<p data-start=\"2066\" data-end=\"2134\"><strong data-start=\"2066\" data-end=\"2077\">Non-GMO<\/strong> - a term\u00e9k nem tartalmaz g\u00e9ntechnol\u00f3gi\u00e1val m\u00f3dos\u00edtott szervezeteket.<\/p>\n<\/li>\n<\/ul>\n<h3 data-start=\"2141\" data-end=\"2186\"><strong>Hat\u00f3anyagok az aj\u00e1nlott napi adagban:<\/strong><\/h3>\n<div class=\"_tableContainer_1rjym_1\">\n<div class=\"_tableWrapper_1rjym_13 group flex w-fit flex-col-reverse\">\n<table class=\"w-fit min-w-(--thread-content-width)\" data-start=\"2188\" data-end=\"2661\">\n<thead data-start=\"2188\" data-end=\"2221\">\n<tr data-start=\"2188\" data-end=\"2221\">\n<th data-start=\"2188\" data-end=\"2196\" data-col-size=\"sm\">Anyag<\/th>\n<th data-start=\"2196\" data-end=\"2208\" data-col-size=\"sm\">2 kapszula<\/th>\n<th data-start=\"2208\" data-end=\"2221\" data-col-size=\"sm\">3 kapszula<\/th>\n<\/tr>\n<\/thead>\n<tbody data-start=\"2256\" data-end=\"2661\">\n<tr data-start=\"2256\" data-end=\"2289\">\n<td data-start=\"2256\" data-end=\"2268\" data-col-size=\"sm\">Halolaj<\/td>\n<td data-col-size=\"sm\" data-start=\"2268\" data-end=\"2278\">1600 mg<\/td>\n<td data-col-size=\"sm\" data-start=\"2278\" data-end=\"2289\">2400 mg<\/td>\n<\/tr>\n<tr data-start=\"2290\" data-end=\"2337\">\n<td data-start=\"2290\" data-end=\"2316\" data-col-size=\"sm\">Omega-3 zs\u00edrsavak<\/td>\n<td data-col-size=\"sm\" data-start=\"2316\" data-end=\"2326\">1120 mg<\/td>\n<td data-col-size=\"sm\" data-start=\"2326\" data-end=\"2337\">1680 mg<\/td>\n<\/tr>\n<tr data-start=\"2338\" data-end=\"2373\">\n<td data-start=\"2338\" data-end=\"2353\" data-col-size=\"sm\">- amelyb\u0151l az EPA<\/td>\n<td data-col-size=\"sm\" data-start=\"2353\" data-end=\"2362\">720 mg<\/td>\n<td data-col-size=\"sm\" data-start=\"2362\" data-end=\"2373\">1080 mg<\/td>\n<\/tr>\n<tr data-start=\"2374\" data-end=\"2408\">\n<td data-start=\"2374\" data-end=\"2389\" data-col-size=\"sm\">- ebb\u0151l DHA<\/td>\n<td data-col-size=\"sm\" data-start=\"2389\" data-end=\"2398\">400 mg<\/td>\n<td data-col-size=\"sm\" data-start=\"2398\" data-end=\"2408\">600 mg<\/td>\n<\/tr>\n<tr data-start=\"2409\" data-end=\"2443\">\n<td data-start=\"2409\" data-end=\"2424\" data-col-size=\"sm\">Ol\u00edvaolaj<\/td>\n<td data-col-size=\"sm\" data-start=\"2424\" data-end=\"2433\">340 mg<\/td>\n<td data-col-size=\"sm\" data-start=\"2433\" data-end=\"2443\">510 mg<\/td>\n<\/tr>\n<tr data-start=\"2444\" data-end=\"2492\">\n<td data-start=\"2444\" data-end=\"2473\" data-col-size=\"sm\">Olajsav (Omega-9)<\/td>\n<td data-col-size=\"sm\" data-start=\"2473\" data-end=\"2482\">255 mg<\/td>\n<td data-col-size=\"sm\" data-start=\"2482\" data-end=\"2492\">383 mg<\/td>\n<\/tr>\n<tr data-start=\"2493\" data-end=\"2527\">\n<td data-start=\"2493\" data-end=\"2506\" data-col-size=\"sm\">Polifenolok<\/td>\n<td data-col-size=\"sm\" data-start=\"2506\" data-end=\"2516\">18,3 mg<\/td>\n<td data-col-size=\"sm\" data-start=\"2516\" data-end=\"2527\">27,4 mg<\/td>\n<\/tr>\n<tr data-start=\"2528\" data-end=\"2573\">\n<td data-start=\"2528\" data-end=\"2554\" data-col-size=\"sm\">- amelyb\u0151l a hidroxitirozol<\/td>\n<td data-col-size=\"sm\" data-start=\"2554\" data-end=\"2563\">5,8 mg<\/td>\n<td data-col-size=\"sm\" data-start=\"2563\" data-end=\"2573\">8,7 mg<\/td>\n<\/tr>\n<tr data-start=\"2574\" data-end=\"2603\">\n<td data-start=\"2574\" data-end=\"2584\" data-col-size=\"sm\">Skvalen<\/td>\n<td data-col-size=\"sm\" data-start=\"2584\" data-end=\"2593\">1,3 mg<\/td>\n<td data-col-size=\"sm\" data-start=\"2593\" data-end=\"2603\">1,9 mg<\/td>\n<\/tr>\n<tr data-start=\"2604\" data-end=\"2661\">\n<td data-start=\"2604\" data-end=\"2638\" data-col-size=\"sm\">D3-vitamin (NRV 250 % \/ 400 %*)<\/td>\n<td data-col-size=\"sm\" data-start=\"2638\" data-end=\"2648\">13,4 \u00b5g<\/td>\n<td data-col-size=\"sm\" data-start=\"2648\" data-end=\"2661\">20,1 \u00b5g<\/td>\n<\/tr>\n<\/tbody>\n<\/table>\n<\/div>\n<\/div>\n\n\n<p>*NRV = \u00e9trendi referencia\u00e9rt\u00e9k<\/p>\n\n\n\n<h3 class=\"wp-block-heading\"><strong>Aj\u00e1nlott adagol\u00e1s:<\/strong><\/h3>\n\n\n\n<p>A napi adagot a tests\u00faly hat\u00e1rozza meg.<\/p>\n\n\n\n<ul class=\"wp-block-list\">\n<li>1 kapszula k\u00f6r\u00fclbel\u00fcl 30 kg testt\u00f6megenk\u00e9nt.<\/li>\n\n\n\n<li>Feln\u0151ttek 50-60 kg-os testt\u00f6meggel: 2 kapszula naponta.<\/li>\n\n\n\n<li>80-90 kg-os feln\u0151ttek: napi 3 kapszula.<\/li>\n\n\n\n<li>Maximum 5 kapszula naponta.<\/li>\n<\/ul>\n\n\n\n<p>Ne l\u00e9pje t\u00fal az aj\u00e1nlott napi adagot!<br>A t\u00e1pl\u00e1l\u00e9kkieg\u00e9sz\u00edt\u0151k nem helyettes\u00edtik a kiegyens\u00falyozott \u00e9s v\u00e1ltozatos \u00e9trendet.<\/p>\n\n\n\n<p><strong>Figyelmeztet\u00e9s:<\/strong> Ha \u00d6n v\u00e9rh\u00edg\u00edt\u00f3t szed vagy valamilyen eg\u00e9szs\u00e9g\u00fcgyi probl\u00e9m\u00e1ja van, az Essent+ Premium haszn\u00e1lata el\u0151tt konzult\u00e1ljon kezel\u0151orvos\u00e1val.<\/p>\n\n\n\n<h4 class=\"wp-block-heading\"><strong>T\u00e1rol\u00e1s:<\/strong> Sz\u00e1raz \u00e9s s\u00f6t\u00e9t helyen, szobah\u0151m\u00e9rs\u00e9kleten vagy h\u0171t\u0151szekr\u00e9nyben t\u00e1rolja. Gyermekek el\u0151l elz\u00e1rva tartand\u00f3<\/h4>\n\n\n\n<h3 class=\"wp-block-heading\">Az ESSENT+ Premium kapszula f\u0151 el\u0151nyei<\/h3>\n\n\n\n<ul class=\"wp-block-list\">\n<li>Hozz\u00e1j\u00e1rulnak a v\u00e9rzs\u00edrok oxidat\u00edv stresszel szembeni v\u00e9delm\u00e9hez (polifenolok).<\/li>\n\n\n\n<li>T\u00e1mogatj\u00e1k a norm\u00e1l triglicerid- \u00e9s v\u00e9rnyom\u00e1sszint fenntart\u00e1s\u00e1t (EPA + DHA).<\/li>\n\n\n\n<li>T\u00e1mogatja az eg\u00e9szs\u00e9ges sz\u00edvm\u0171k\u00f6d\u00e9st (EPA + DHA).<\/li>\n\n\n\n<li>T\u00e1mogatj\u00e1k a norm\u00e1lis agym\u0171k\u00f6d\u00e9st (DHA).<\/li>\n\n\n\n<li>Er\u0151s\u00edti az immunrendszert (D3-vitamin).<\/li>\n\n\n\n<li>El\u0151seg\u00edti a szem eg\u00e9szs\u00e9g\u00e9t (DHA).<\/li>\n\n\n\n<li>El\u0151seg\u00edtik a csontok, az izmok, a fogak \u00e9s a sejtek eg\u00e9szs\u00e9g\u00e9t (D3-vitamin).<\/li>\n\n\n\n<li>Seg\u00edtenek fenntartani az optim\u00e1lis omega-3 szintet \u00e9s az omega-6:3 egyens\u00falyt &lt; 3:1.<\/li>\n<\/ul>\n\n\n\n<h3 class=\"wp-block-heading\"><strong>Tudom\u00e1nyos h\u00e1tt\u00e9r \u00e9s egyedi \u00f6sszetev\u0151k: <\/strong><\/h3>\n\n\n\n<ul class=\"wp-block-list\">\n<li><strong>Halolaj triglicerid form\u00e1ban<\/strong> - a halakban \u00e9s n\u00f6v\u00e9nyekben term\u00e9szetesen el\u0151fordul\u00f3, a szervezet \u00e1ltal legjobban felsz\u00edv\u00f3d\u00f3 anyagok. A Csendes-\u00f3ce\u00e1n d\u00e9li r\u00e9sz\u00e9nek tiszta vizeib\u0151l sz\u00e1rmaz\u00f3 szardell\u00e1b\u00f3l sz\u00e1rmazik, tan\u00fas\u00edtottan a tenger bar\u00e1tja.<\/li>\n\n\n\n<li><strong>D3-vitamin<\/strong> - term\u00e9szetes kolekalciferol lanolinb\u00f3l.<\/li>\n\n\n\n<li><strong>Kaka\u00f3por<\/strong> - flavanolokban gazdag.<\/li>\n\n\n\n<li><strong>Hydroxytyrosol<\/strong> - term\u00e9szetes ol\u00edvakivonat, v\u00e9di a v\u00e9rzs\u00edrokat az oxid\u00e1ci\u00f3t\u00f3l.<\/li>\n\n\n\n<li><strong>R.E.V.O.O. extra sz\u0171z ol\u00edvaolaj<\/strong> - ak\u00e1r 30-szor magasabb polifenol-tartalommal, mint a hagyom\u00e1nyos ol\u00edvaolajok.<\/li>\n<\/ul>\n\n\n\n<h3 class=\"wp-block-heading\"><strong>Int\u00e9zked\u00e9si ter\u00fcletek<\/strong>:<\/h3>\n\n\n\n<ul class=\"wp-block-list\">\n<li><strong>Agy:<\/strong> Az EPA \u00e9s a DHA t\u00e1mogatja a norm\u00e1lis agym\u0171k\u00f6d\u00e9st, a DHA a magzati \u00e9s a csecsem\u0151k agy\u00e1nak fejl\u0151d\u00e9s\u00e9hez is fontos.<\/li>\n\n\n\n<li><strong>Sz\u00edv:<\/strong> Az EPA \u00e9s a DHA t\u00e1mogatja az eg\u00e9szs\u00e9ges sz\u00edvm\u0171k\u00f6d\u00e9st.<\/li>\n\n\n\n<li><strong>Immunrendszer:<\/strong> A D3-vitamin hozz\u00e1j\u00e1rul a norm\u00e1lis m\u0171k\u00f6d\u00e9s\u00e9hez.<\/li>\n\n\n\n<li><strong>Oxid\u00e1ci\u00f3 elleni v\u00e9delem:<\/strong> A hidroxitirozol (\u22655 mg naponta) v\u00e9di a v\u00e9rzs\u00edrokat az oxidat\u00edv k\u00e1rosod\u00e1st\u00f3l.<\/li>\n<\/ul>\n\n\n\n<h3 class=\"wp-block-heading\"><strong>Az uni\u00f3s jogszab\u00e1lyok szerinti figyelmeztet\u00e9s<\/strong>:<\/h3>\n\n\n\n<p>A hat\u00e1lyos uni\u00f3s jogszab\u00e1lyok szerint a t\u00e1pl\u00e1l\u00e9kkieg\u00e9sz\u00edt\u0151k a szok\u00e1sos \u00e9trend kieg\u00e9sz\u00edt\u00e9s\u00e9re sz\u00e1nt, koncentr\u00e1lt t\u00e1panyagokat tartalmaz\u00f3 \u00e9lelmiszerek.<br>B\u00e1r lehetnek eg\u00e9szs\u00e9g\u00fcgyi el\u0151nyei, <strong>nem c\u00edmk\u00e9zhet\u0151k vagy rekl\u00e1mozhat\u00f3k betegs\u00e9g gy\u00f3gy\u00edt\u00e1s\u00e1ra vagy megel\u0151z\u00e9s\u00e9re szolg\u00e1l\u00f3 eszk\u00f6zk\u00e9nt<\/strong>.<\/p>\n\n\n\n<ul class=\"wp-block-list\">\n<li>A term\u00e9k nem helyettes\u00edti a v\u00e1ltozatos, kiegyens\u00falyozott \u00e9trendet \u00e9s az eg\u00e9szs\u00e9ges \u00e9letm\u00f3dot.<\/li>\n\n\n\n<li>A term\u00e9k nem gy\u00f3gy\u00edtja a betegs\u00e9geket, \u00e9s nem helyettes\u00edti az orvosi kezel\u00e9st.<\/li>\n\n\n\n<li>Betegs\u00e9g eset\u00e9n forduljon orvoshoz.<\/li>\n\n\n\n<li>Ne l\u00e9pje t\u00fal az aj\u00e1nlott napi adagot!<\/li>\n\n\n\n<li>Ne szedje, ha allergi\u00e1s vagy t\u00fal\u00e9rz\u00e9keny az \u00f6sszetev\u0151k b\u00e1rmelyik\u00e9re.<\/li>\n\n\n\n<li>Kisgyermekek el\u0151l elz\u00e1rva tartand\u00f3!<\/li>\n<\/ul>","protected":false},"excerpt":{"rendered":"<p>Ak\u00e9 druhy potrav\u00edn prij\u00edmate?Obsahuj\u00fa viac omega-3 alebo sk\u00f4r omega-6 mastn\u00fdch kysel\u00edn? \u017divotn\u00fd \u0161t\u00fdl a stravovacie n\u00e1vyky m\u00f4\u017eu vies\u0165 k sympt\u00f3mom ako: poruchy \u0161t\u00edtnej \u017e\u013eazy, nespavos\u0165, nap\u00e4tie, vy\u010derpanos\u0165, tr\u00e1viace probl\u00e9my, alergie, bolesti kr\u00ed\u017eov, s\u0165a\u017een\u00e9 d\u00fdchanie, stuhnutos\u0165 k\u013abov, opotrebovanie chrupaviek. Za t\u00fdmito pr\u00edznakmi sa \u010dasto skr\u00fdva chronick\u00fd z\u00e1pal, ktor\u00fd vedie k oxid\u00e1cii kardiovaskul\u00e1rneho syst\u00e9mu. Uhas\u00edte vn\u00fatorn\u00fd ohe\u0148, [&hellip;]<\/p>","protected":false},"featured_media":9749,"comment_status":"open","ping_status":"closed","template":"","meta":{"inline_featured_image":false},"product_brand":[134],"product_cat":[71],"product_tag":[],"class_list":{"0":"post-9346","1":"product","2":"type-product","3":"status-publish","4":"has-post-thumbnail","6":"product_brand-zinzino","7":"product_cat-potraviny","9":"first","10":"instock","11":"taxable","12":"shipping-taxable","13":"purchasable","14":"product-type-simple"},"aioseo_notices":[],"_links":{"self":[{"href":"https:\/\/www.biokari.sk\/hu\/wp-json\/wp\/v2\/product\/9346","targetHints":{"allow":["GET"]}}],"collection":[{"href":"https:\/\/www.biokari.sk\/hu\/wp-json\/wp\/v2\/product"}],"about":[{"href":"https:\/\/www.biokari.sk\/hu\/wp-json\/wp\/v2\/types\/product"}],"replies":[{"embeddable":true,"href":"https:\/\/www.biokari.sk\/hu\/wp-json\/wp\/v2\/comments?post=9346"}],"wp:featuredmedia":[{"embeddable":true,"href":"https:\/\/www.biokari.sk\/hu\/wp-json\/wp\/v2\/media\/9749"}],"wp:attachment":[{"href":"https:\/\/www.biokari.sk\/hu\/wp-json\/wp\/v2\/media?parent=9346"}],"wp:term":[{"taxonomy":"product_brand","embeddable":true,"href":"https:\/\/www.biokari.sk\/hu\/wp-json\/wp\/v2\/product_brand?post=9346"},{"taxonomy":"product_cat","embeddable":true,"href":"https:\/\/www.biokari.sk\/hu\/wp-json\/wp\/v2\/product_cat?post=9346"},{"taxonomy":"product_tag","embeddable":true,"href":"https:\/\/www.biokari.sk\/hu\/wp-json\/wp\/v2\/product_tag?post=9346"}],"curies":[{"name":"wp","href":"https:\/\/api.w.org\/{rel}","templated":true}]}}