{"id":9370,"date":"2025-07-04T10:37:12","date_gmt":"2025-07-04T08:37:12","guid":{"rendered":"https:\/\/www.biokari.sk\/produkt\/cod-kapsula-120ks\/"},"modified":"2026-04-23T19:01:17","modified_gmt":"2026-04-23T17:01:17","slug":"cod-kapsula-120ks","status":"publish","type":"product","link":"https:\/\/www.biokari.sk\/hu\/termek\/tokehal-kapszula-120db\/","title":{"rendered":"COD - kapszula 120db"},"content":{"rendered":"<p>A COD egy term\u00e9szetes t\u00e1pl\u00e1l\u00e9kkieg\u00e9sz\u00edt\u0151, amely az Amazonas es\u0151erdej\u00e9b\u0151l sz\u00e1rmaz\u00f3 hagyom\u00e1nyos recepteken alapul. Gondosan v\u00e1logatott n\u00f6v\u00e9nyi kivonatokat tartalmaz, amelyek t\u00e1mogatj\u00e1k az immunrendszert, a m\u00e9regtelen\u00edt\u00e9st, az em\u00e9szt\u00e9st \u00e9s a szervezet \u00e1ltal\u00e1nos vitalit\u00e1s\u00e1t.<br \/>\nTerm\u00e9szetes \u00f6sszet\u00e9tel<br \/>\nVegyi adal\u00e9kanyagok n\u00e9lk\u00fcl<br \/>\nIde\u00e1lis a test gyeng\u00fcl\u00e9se vagy a fokozott stressz id\u0151szak\u00e1ban.<\/p>\n<p><strong>\u00d6sszet\u00e9tel:<\/strong> N\u00f6v\u00e9nyi kivonatok kever\u00e9ke: Uncaria tomentosa (vilcacora\/macskakarom), Tabebuia impetiginosa (lapacho), z\u00f6ld tea, csal\u00e1n, Aloe vera \u00e9s m\u00e1s tr\u00f3pusi n\u00f6v\u00e9nyekb\u0151l sz\u00e1rmaz\u00f3 n\u00f6v\u00e9nyi kivonatok.<\/p>\n<p><strong>Aj\u00e1nlott adagol\u00e1s:<\/strong> Feln\u0151ttek: napi 2 kapszula, ide\u00e1lis esetben \u00e9tkez\u00e9s ut\u00e1n, b\u0151 v\u00edzzel.<br \/>\nSz\u00fcks\u00e9g eset\u00e9n az adagot az orvossal vagy terapeut\u00e1val val\u00f3 konzult\u00e1ci\u00f3t k\u00f6vet\u0151en lehet m\u00f3dos\u00edtani.<\/p>\n<p><strong>Sz\u00f6rnyetegs\u00e9g:<\/strong> 120db<\/p>\n<p>Sz\u00e1raz helyen t\u00e1rolja.<br \/>\n<strong>Minim\u00e1lis eltarthat\u00f3s\u00e1gi id\u0151:<\/strong> l\u00e1sd a csomagol\u00e1st<\/p>","protected":false},"excerpt":{"rendered":"<p>A COD egy term\u00e9szetes t\u00e1pl\u00e1l\u00e9kkieg\u00e9sz\u00edt\u0151, amely az Amazonas es\u0151erdej\u00e9b\u0151l sz\u00e1rmaz\u00f3 hagyom\u00e1nyos recepteken alapul. Gondosan v\u00e1logatott n\u00f6v\u00e9nyi kivonatokat tartalmaz, amelyek t\u00e1mogatj\u00e1k az immunrendszert, a m\u00e9regtelen\u00edt\u00e9st, az em\u00e9szt\u00e9st \u00e9s a szervezet \u00e1ltal\u00e1nos vitalit\u00e1s\u00e1t. Term\u00e9szetes \u00f6sszet\u00e9tel Vegyi adal\u00e9kanyagok n\u00e9lk\u00fcl Ide\u00e1lis a szervezet legyeng\u00fcl\u00e9se eset\u00e9n vagy fokozott stressz idej\u00e9n \u00d6sszetev\u0151k.<\/p>","protected":false},"featured_media":9494,"comment_status":"open","ping_status":"closed","template":"","meta":{"inline_featured_image":false},"product_brand":[],"product_cat":[69,146,147,140,142,143],"product_tag":[],"class_list":{"0":"post-9370","1":"product","2":"type-product","3":"status-publish","4":"has-post-thumbnail","6":"product_cat-vyzivove-doplnky","7":"product_cat-klby-a-reuma","8":"product_cat-pre-diabetikov","9":"product_cat-posilnenie-imunity","10":"product_cat-srdcovo-cievny-system","11":"product_cat-zaludok-a-crevna-cinnost","13":"first","14":"instock","15":"taxable","16":"shipping-taxable","17":"purchasable","18":"product-type-simple"},"aioseo_notices":[],"_links":{"self":[{"href":"https:\/\/www.biokari.sk\/hu\/wp-json\/wp\/v2\/product\/9370","targetHints":{"allow":["GET"]}}],"collection":[{"href":"https:\/\/www.biokari.sk\/hu\/wp-json\/wp\/v2\/product"}],"about":[{"href":"https:\/\/www.biokari.sk\/hu\/wp-json\/wp\/v2\/types\/product"}],"replies":[{"embeddable":true,"href":"https:\/\/www.biokari.sk\/hu\/wp-json\/wp\/v2\/comments?post=9370"}],"wp:featuredmedia":[{"embeddable":true,"href":"https:\/\/www.biokari.sk\/hu\/wp-json\/wp\/v2\/media\/9494"}],"wp:attachment":[{"href":"https:\/\/www.biokari.sk\/hu\/wp-json\/wp\/v2\/media?parent=9370"}],"wp:term":[{"taxonomy":"product_brand","embeddable":true,"href":"https:\/\/www.biokari.sk\/hu\/wp-json\/wp\/v2\/product_brand?post=9370"},{"taxonomy":"product_cat","embeddable":true,"href":"https:\/\/www.biokari.sk\/hu\/wp-json\/wp\/v2\/product_cat?post=9370"},{"taxonomy":"product_tag","embeddable":true,"href":"https:\/\/www.biokari.sk\/hu\/wp-json\/wp\/v2\/product_tag?post=9370"}],"curies":[{"name":"wp","href":"https:\/\/api.w.org\/{rel}","templated":true}]}}