{"id":9372,"date":"2025-07-04T10:40:14","date_gmt":"2025-07-04T08:40:14","guid":{"rendered":"https:\/\/www.biokari.sk\/produkt\/orlandi-famiglia-panensky-olivovy-olej-500ml\/"},"modified":"2026-03-11T18:00:58","modified_gmt":"2026-03-11T17:00:58","slug":"orlandi-famiglia-panensky-olivovy-olej-500ml","status":"publish","type":"product","link":"https:\/\/www.biokari.sk\/hu\/termek\/orlandi-famiglia-szuz-olivaolaj-500ml\/","title":{"rendered":"Orlandi Famiglia sz\u0171z ol\u00edvaolaj 500ml"},"content":{"rendered":"<div id=\":34g\" class=\"a3s aiL\">\n<div><strong>Mi\u00e9rt az Orlandi csal\u00e1d ol\u00edvaolajat?\u00a0<\/strong><\/div>\n<div>A Frantoio famiglia Orlandi olajsajtol\u00f3 \u00fczem egy csal\u00e1di gazdas\u00e1g, amely Veneto tartom\u00e1nyban, Verona tartom\u00e1nyban tal\u00e1lhat\u00f3. Az olajbogy\u00f3 saj\u00e1t olajfaligetekr\u0151l sz\u00e1rmazik, amelyeket saj\u00e1t maguk gondoznak. Nem haszn\u00e1lnak gyomirt\u00f3 szereket. Az olajbogy\u00f3kat eg\u00e9szs\u00e9gesen, az \u00e9retts\u00e9g megfelel\u0151 szakasz\u00e1ban sz\u00fcretelik, \u00e9s a sz\u00fcretet k\u00f6vet\u0151 n\u00e9h\u00e1ny \u00f3r\u00e1n bel\u00fcl feldolgozz\u00e1k saj\u00e1t pr\u00e9s\u00fczem\u00fckben, ahol a feldolgoz\u00e1s minden egyes f\u00e1zis\u00e1t gondosan be\u00e1ll\u00edtj\u00e1k. Szigor\u00faan \u00fcgyelnek az olaj megfelel\u0151 t\u00e1rol\u00e1s\u00e1ra \u00e9s palackoz\u00e1s\u00e1ra is. Az Orlandi olajok nem kaphat\u00f3k az \u00e1ruh\u00e1zl\u00e1ncokban.\u00a0\n<div class=\"yj6qo\">\u00a0<\/div>\n<div class=\"adL\"><strong>T\u00e1p\u00e9rt\u00e9kek 100 ml-re vet\u00edtve:<\/strong>\u00a0<\/div>\n<div>Energia: 3385kj\/823,4kcal,<\/div>\n<div>Zs\u00edrok: 91,5g, ebb\u0151l tel\u00edtett: 13,24g<\/div>\n<div>Sz\u00e9nhidr\u00e1tok: 0g, ebb\u0151l cukor: 0g,\u00a0<\/div>\n<div>Feh\u00e9rje: 0g, s\u00f3: 0g<\/div>\n<div>\u00a0<\/div>\n<\/div>\n<\/div>\n<div>T\u00e1rolja h\u0171v\u00f6s helyen.<\/div>\n<div>Minim\u00e1lis eltarthat\u00f3s\u00e1gi id\u0151: l\u00e1sd a csomagol\u00e1son.\u00a0<\/div>\n<div>\u00a0<\/div>\n<div>T\u00e9rfogat: 500ml<\/div>\n<p>\u00d6sszetev\u0151k: 100% extra sz\u0171z ol\u00edvaolaj<\/p>\n\n\n<p><\/p>","protected":false},"excerpt":{"rendered":"<p>Pre\u010do pr\u00e1ve olivov\u00fd olej od rodiny Orlandi?\u00a0 Olej\u00e1re\u0148 Frantoio famiglia Orlandi je rodinn\u00e1 farma nach\u00e1dzaj\u00faca sa v procincii Verona v Ben\u00e1tsku. Olivy poch\u00e1dzaj\u00fa z ich vlastn\u00fdch olivov\u00fdch h\u00e1jov, o ktor\u00e9 sa sami staraj\u00fa. Nepou\u017e\u00edvaj\u00fa herbic\u00eddy. Olivy zbieraj\u00fa zdrav\u00e9, v spr\u00e1vnom stupni zrelosti a spracov\u00e1vaj\u00fa ich do nieko\u013eko hod\u00edn od zberu vo vlastnom lise, kde je [&hellip;]<\/p>","protected":false},"featured_media":9485,"comment_status":"open","ping_status":"closed","template":"","meta":{"inline_featured_image":false},"product_brand":[],"product_cat":[71,165],"product_tag":[133],"class_list":{"0":"post-9372","1":"product","2":"type-product","3":"status-publish","4":"has-post-thumbnail","6":"product_cat-potraviny","7":"product_cat-oleje","8":"product_tag-talianske-vyrobky","10":"first","11":"instock","12":"taxable","13":"shipping-taxable","14":"purchasable","15":"product-type-simple"},"aioseo_notices":[],"_links":{"self":[{"href":"https:\/\/www.biokari.sk\/hu\/wp-json\/wp\/v2\/product\/9372","targetHints":{"allow":["GET"]}}],"collection":[{"href":"https:\/\/www.biokari.sk\/hu\/wp-json\/wp\/v2\/product"}],"about":[{"href":"https:\/\/www.biokari.sk\/hu\/wp-json\/wp\/v2\/types\/product"}],"replies":[{"embeddable":true,"href":"https:\/\/www.biokari.sk\/hu\/wp-json\/wp\/v2\/comments?post=9372"}],"wp:featuredmedia":[{"embeddable":true,"href":"https:\/\/www.biokari.sk\/hu\/wp-json\/wp\/v2\/media\/9485"}],"wp:attachment":[{"href":"https:\/\/www.biokari.sk\/hu\/wp-json\/wp\/v2\/media?parent=9372"}],"wp:term":[{"taxonomy":"product_brand","embeddable":true,"href":"https:\/\/www.biokari.sk\/hu\/wp-json\/wp\/v2\/product_brand?post=9372"},{"taxonomy":"product_cat","embeddable":true,"href":"https:\/\/www.biokari.sk\/hu\/wp-json\/wp\/v2\/product_cat?post=9372"},{"taxonomy":"product_tag","embeddable":true,"href":"https:\/\/www.biokari.sk\/hu\/wp-json\/wp\/v2\/product_tag?post=9372"}],"curies":[{"name":"wp","href":"https:\/\/api.w.org\/{rel}","templated":true}]}}