{"id":9374,"date":"2025-07-04T10:41:57","date_gmt":"2025-07-04T08:41:57","guid":{"rendered":"https:\/\/www.biokari.sk\/produkt\/zinzino-balancetest-1ks\/"},"modified":"2026-01-27T08:41:47","modified_gmt":"2026-01-27T07:41:47","slug":"zinzino-balancetest-1ks","status":"publish","type":"product","link":"https:\/\/www.biokari.sk\/hu\/termek\/zinzino-balancetest-1db\/","title":{"rendered":"Zinzino Balancetest 1db"},"content":{"rendered":"<p data-start=\"107\" data-end=\"273\">A Zinzino Balance Test egyszer\u0171 <strong data-start=\"142\" data-end=\"157\">otthoni teszt<\/strong>, amely a k\u00f6vetkez\u0151 tartalmak elemz\u00e9s\u00e9re haszn\u00e1lhat\u00f3 <strong data-start=\"198\" data-end=\"225\">zs\u00edrsavak a v\u00e9rben<\/strong>amely t\u00fckr\u00f6zi, hogy milyen zs\u00edrokat visz\u00fcnk be az \u00e9trend\u00fcnkkel.<\/p>\n<p data-start=\"275\" data-end=\"428\">A zs\u00edrsavak k\u00f6r\u00fclbel\u00fcl <strong data-start=\"308\" data-end=\"321\">98 % v\u00e9r<\/strong>. A kapott \u00e9rt\u00e9kek megfelelnek a v\u00e9rsejtek \u00e9lettartam\u00e1nak, azaz az utols\u00f3 <strong data-start=\"401\" data-end=\"425\">120 napos besz\u00e1ll\u00e1s<\/strong>.<\/p>\n<p data-start=\"430\" data-end=\"570\">A BalanceTest <strong data-start=\"445\" data-end=\"477\">DBS vizsg\u00e1lat (sz\u00e1raz v\u00e9rcsepp)<\/strong>, tudom\u00e1nyosan bizony\u00edtottan ugyanolyan pontos, mint a v\u00e9n\u00e1s v\u00e9rv\u00e9tel a zs\u00edrsavelemz\u00e9shez.<\/p>\n<p data-start=\"572\" data-end=\"671\">Csak n\u00e9h\u00e1ny csepp v\u00e9r az ujjbegyb\u0151l a Whatman\u00ae sz\u0171r\u0151re, az eg\u00e9sz elj\u00e1r\u00e1s kevesebb mint egy percet vesz ig\u00e9nybe.<\/p>\n<p data-start=\"673\" data-end=\"838\">Az elemz\u00e9st a k\u00f6vetkez\u0151k v\u00e9gzik <strong data-start=\"690\" data-end=\"719\">VITAS analitikai szolg\u00e1ltat\u00e1sok<\/strong>* - GMP tan\u00fas\u00edtv\u00e1nnyal rendelkez\u0151 laborat\u00f3rium, t\u00f6bb mint 20 \u00e9ves tapasztalattal \u00e9s a modern kromatogr\u00e1fi\u00e1s elemz\u00e9sekre val\u00f3 szakosod\u00e1ssal.<\/p>\n<h3 data-start=\"845\" data-end=\"865\"><strong>Mit m\u00e9r a teszt?<\/strong><\/h3>\n<p data-start=\"866\" data-end=\"950\">Egyens\u00faly teszt <strong data-start=\"879\" data-end=\"891\">n\u00e9vtelen\u00fcl<\/strong> \u00e9s 100 % pontoss\u00e1ggal elemezz\u00fck <strong data-start=\"924\" data-end=\"947\">11 zs\u00edrsavak<\/strong>:<\/p>\n<ul data-start=\"952\" data-end=\"1497\">\n<li data-start=\"952\" data-end=\"1000\">\n<p data-start=\"954\" data-end=\"1000\">Palmitinsav (PA), C16:0, tel\u00edtett zs\u00edrsav<\/p>\n<\/li>\n<li data-start=\"1001\" data-end=\"1048\">\n<p data-start=\"1003\" data-end=\"1048\">Sztearinsav (SA), C18:0, tel\u00edtett zs\u00edrsav<\/p>\n<\/li>\n<li data-start=\"1049\" data-end=\"1090\">\n<p data-start=\"1051\" data-end=\"1090\">Olajsav (OA), C18:1, omega-9<\/p>\n<\/li>\n<li data-start=\"1091\" data-end=\"1133\">\n<p data-start=\"1093\" data-end=\"1133\">Linol\u00e9nsav (LA), C18:2, omega-6<\/p>\n<\/li>\n<li data-start=\"1134\" data-end=\"1184\">\n<p data-start=\"1136\" data-end=\"1184\">Alfa-linol\u00e9nsav (ALA), C18:3, omega-3<\/p>\n<\/li>\n<li data-start=\"1185\" data-end=\"1235\">\n<p data-start=\"1187\" data-end=\"1235\">Gamma-linol\u00e9nsav (GLA), C18:3, omega-6<\/p>\n<\/li>\n<li data-start=\"1236\" data-end=\"1295\">\n<p data-start=\"1238\" data-end=\"1295\">Dihomo-gamma-linol\u00e9nsav (DHGLA), C20:3, omega-6<\/p>\n<\/li>\n<li data-start=\"1296\" data-end=\"1342\">\n<p data-start=\"1298\" data-end=\"1342\">Arachidonsav (AA), C20:4, omega-6<\/p>\n<\/li>\n<li data-start=\"1343\" data-end=\"1394\">\n<p data-start=\"1345\" data-end=\"1394\">Eikozapenta\u00e9nsav (EPA), C20:5, omega-3<\/p>\n<\/li>\n<li data-start=\"1395\" data-end=\"1446\">\n<p data-start=\"1397\" data-end=\"1446\">Docosapenta\u00e9nsav (DPA), C22:5, omega-3<\/p>\n<\/li>\n<li data-start=\"1447\" data-end=\"1497\">\n<p data-start=\"1449\" data-end=\"1497\">Dokozahexa\u00e9nsav (DHA), C22:6, omega-3<\/p>\n<\/li>\n<\/ul>\n<p data-start=\"1499\" data-end=\"1579\">Az eredm\u00e9nyek k\u00f6r\u00fclbel\u00fcl <strong data-start=\"1533\" data-end=\"1545\">20 nap<\/strong> az oldalon <strong data-start=\"1557\" data-end=\"1576\">zinzinotest.com<\/strong>.<\/p>\n<p data-start=\"1581\" data-end=\"1618\">Az eredm\u00e9nyekb\u0151l megtudhatja az \u00e9rt\u00e9kel\u00e9st:<\/p>\n<ul data-start=\"1619\" data-end=\"1725\">\n<li data-start=\"1619\" data-end=\"1643\">\n<p data-start=\"1621\" data-end=\"1643\">omega-6:3 egyens\u00faly,<\/p>\n<\/li>\n<li data-start=\"1644\" data-end=\"1663\">\n<p data-start=\"1646\" data-end=\"1663\">omega-3 tartalom,<\/p>\n<\/li>\n<li data-start=\"1664\" data-end=\"1725\">\n<p data-start=\"1666\" data-end=\"1725\">v\u00e9d\u0151 zs\u00edrsavprofil \u00e9s egy\u00e9b mutat\u00f3k.<\/p>\n<\/li>\n<\/ul>\n<p>Hiteles\u00edtett tesztk\u00e9szlet<\/p>\n<p data-start=\"1766\" data-end=\"1932\">A Zinzino Balance Test megfelel a k\u00f6vetelm\u00e9nyeknek <strong data-start=\"1804\" data-end=\"1828\">98\/79\/EK uni\u00f3s ir\u00e1nyelv<\/strong> in vitro diagnosztikai orvostechnikai eszk\u00f6z\u00f6k eset\u00e9ben. A teszt \u00e9s valamennyi \u00f6sszetev\u0151je a k\u00f6vetkez\u0151 jel\u00f6l\u00e9ssel van ell\u00e1tva <strong data-start=\"1923\" data-end=\"1929\">CE<\/strong>.<\/p>\n<h3 data-start=\"1939\" data-end=\"1962\"><strong>Haszn\u00e1lati utas\u00edt\u00e1s<\/strong><\/h3>\n<ol data-start=\"1964\" data-end=\"2915\">\n<li data-start=\"1964\" data-end=\"2013\">\n<p data-start=\"1967\" data-end=\"2013\">Meleg v\u00edzzel \u00e9s szappannal mosson kezet, t\u00f6r\u00f6lje sz\u00e1razra.<\/p>\n<\/li>\n<li data-start=\"2014\" data-end=\"2211\">\n<p data-start=\"2017\" data-end=\"2211\">Vegye ki a tesztk\u00e1rty\u00e1t a bor\u00edt\u00e9kb\u00f3l. T\u00e9pje le a SAVE r\u00e9szt a teszt azonos\u00edt\u00f3 sz\u00e1m\u00e1val, \u00e9s k\u00e9sz\u00edtsen f\u00e9nyk\u00e9pet a sz\u00e1mr\u00f3l. Az eredm\u00e9nyek csak ezen az anonim azonos\u00edt\u00f3n lesznek el\u00e9rhet\u0151k. Helyezze a k\u00e1rty\u00e1t a k\u00e9t k\u00f6rrel felfel\u00e9 az asztalra.<\/p>\n<\/li>\n<li data-start=\"2212\" data-end=\"2285\">\n<p data-start=\"2215\" data-end=\"2285\">Keverje fel a v\u00e9rt az ujjaival (k\u00f6r\u00f6zve vagy r\u00e1zva a kez\u00e9t k\u00f6r\u00fclbel\u00fcl 20 m\u00e1sodpercig).<\/p>\n<\/li>\n<li data-start=\"2286\" data-end=\"2470\">\n<p data-start=\"2289\" data-end=\"2470\">Haszn\u00e1ljon eldobhat\u00f3 l\u00e1ndzs\u00e1t: t\u00e1vol\u00edtsa el a v\u00e9d\u0151burkolatot, fert\u0151tlen\u00edtse az ujj\u00e1t egy alkoholos tamponnal (a k\u00f6z\u00e9ps\u0151 ujj aj\u00e1nlott), helyezze a l\u00e1ndzs\u00e1t az ujja has\u00e1hoz, \u00e9s nyomja \u00f6ssze, am\u00edg kattan.<\/p>\n<\/li>\n<li data-start=\"2471\" data-end=\"2506\">\n<p data-start=\"2474\" data-end=\"2506\">Ne \u00e9rintse meg a pap\u00edrt az ujj\u00e1val!<\/p>\n<\/li>\n<li data-start=\"2507\" data-end=\"2686\">\n<p data-start=\"2510\" data-end=\"2686\">Hagyja, hogy egy csepp v\u00e9r az els\u0151 k\u00f6rbe cs\u00f6p\u00f6gj\u00f6n, miel\u0151tt a m\u00e1sodikra l\u00e9pne. Ha egy csepp nem el\u00e9g, v\u00e1rjon egy m\u00e1sikra. Hagyja megsz\u00e1radni a k\u00e1rty\u00e1t <strong data-start=\"2651\" data-end=\"2663\">10 perc<\/strong> szobah\u0151m\u00e9rs\u00e9kleten.<\/p>\n<\/li>\n<li data-start=\"2687\" data-end=\"2792\">\n<p data-start=\"2690\" data-end=\"2792\">Sz\u00e1rad\u00e1s ut\u00e1n helyezze vissza a k\u00e1rty\u00e1t a bor\u00edt\u00e9kba, helyezze be a szilikag\u00e9llel t\u00f6lt\u00f6tt alum\u00edniumzacsk\u00f3ba, \u00e9s z\u00e1rja le.<\/p>\n<\/li>\n<li data-start=\"2793\" data-end=\"2915\">\n<p data-start=\"2796\" data-end=\"2915\">Az alum\u00edniumzacsk\u00f3t tegye egy nagyobb, a laborat\u00f3riumnak c\u00edmzett bor\u00edt\u00e9kba. Ne felejtse el felragasztani a postak\u00f6lts\u00e9get, \u00e9s els\u0151bbs\u00e9gi k\u00fcldem\u00e9nyk\u00e9nt k\u00fcldje el.<\/p>\n<\/li>\n<\/ol>\n<p><strong>Mennyis\u00e9g:<\/strong> 1db<\/p>\n<p data-start=\"2917\" data-end=\"3044\">","protected":false},"excerpt":{"rendered":"<p>Zinzino Balance Test je jednoduch\u00fd dom\u00e1ci test, pomocou ktor\u00e9ho mo\u017eno analyzova\u0165 obsah mastn\u00fdch kysel\u00edn v krvi, \u010do odr\u00e1\u017ea, ak\u00fd druh tukov prij\u00edmame stravou. Mastn\u00e9 kyseliny tvoria pribli\u017ene 98 % krvi. Z\u00edskan\u00e9 hodnoty zodpovedaj\u00fa obdobiu \u017eivotnosti krvn\u00fdch buniek, teda posledn\u00fdm 120 d\u0148om stravovania. BalanceTest je DBS test (such\u00e1 kvapka krvi), vedecky potvrden\u00fd ako rovnako presn\u00fd ako [&hellip;]<\/p>","protected":false},"featured_media":9746,"comment_status":"open","ping_status":"closed","template":"","meta":{"inline_featured_image":false},"product_brand":[134],"product_cat":[73,77],"product_tag":[],"class_list":{"0":"post-9374","1":"product","2":"type-product","3":"status-publish","4":"has-post-thumbnail","6":"product_brand-zinzino","7":"product_cat-zinzino","8":"product_cat-vyzivove-doplnky-pre-zdravie-criev","10":"first","11":"instock","12":"taxable","13":"shipping-taxable","14":"purchasable","15":"product-type-simple"},"aioseo_notices":[],"_links":{"self":[{"href":"https:\/\/www.biokari.sk\/hu\/wp-json\/wp\/v2\/product\/9374","targetHints":{"allow":["GET"]}}],"collection":[{"href":"https:\/\/www.biokari.sk\/hu\/wp-json\/wp\/v2\/product"}],"about":[{"href":"https:\/\/www.biokari.sk\/hu\/wp-json\/wp\/v2\/types\/product"}],"replies":[{"embeddable":true,"href":"https:\/\/www.biokari.sk\/hu\/wp-json\/wp\/v2\/comments?post=9374"}],"wp:featuredmedia":[{"embeddable":true,"href":"https:\/\/www.biokari.sk\/hu\/wp-json\/wp\/v2\/media\/9746"}],"wp:attachment":[{"href":"https:\/\/www.biokari.sk\/hu\/wp-json\/wp\/v2\/media?parent=9374"}],"wp:term":[{"taxonomy":"product_brand","embeddable":true,"href":"https:\/\/www.biokari.sk\/hu\/wp-json\/wp\/v2\/product_brand?post=9374"},{"taxonomy":"product_cat","embeddable":true,"href":"https:\/\/www.biokari.sk\/hu\/wp-json\/wp\/v2\/product_cat?post=9374"},{"taxonomy":"product_tag","embeddable":true,"href":"https:\/\/www.biokari.sk\/hu\/wp-json\/wp\/v2\/product_tag?post=9374"}],"curies":[{"name":"wp","href":"https:\/\/api.w.org\/{rel}","templated":true}]}}