{"id":9376,"date":"2025-07-04T10:41:57","date_gmt":"2025-07-04T08:41:57","guid":{"rendered":"https:\/\/www.biokari.sk\/produkt\/zinzino-balanceoil-s-prichutou-pomrancou-a-matou-100ml\/"},"modified":"2026-04-27T19:02:04","modified_gmt":"2026-04-27T17:02:04","slug":"zinzino-balanceoil-s-prichutou-pomrancou-a-matou-100ml","status":"publish","type":"product","link":"https:\/\/www.biokari.sk\/hu\/termek\/zinzino-balanceoil-naranccsal-es-mateolajjal-izesitett-100ml\/","title":{"rendered":"Zinzino Balanceoil Naranccsal \u00e9s ment\u00e1val \u00edzes\u00edtett 100ml"},"content":{"rendered":"<p>Legkelend\u0151bb term\u00e9k\u00fcnk t\u00f6bbf\u00e9le term\u00e9szetes \u00edzben. A kis, vadon \u00e9l\u0151 halakb\u00f3l sz\u00e1rmaz\u00f3 tiszta halolaj \u00e9s a f\u0151sz\u00fcret el\u0151tt olajbogy\u00f3b\u00f3l sz\u00e1rmaz\u00f3 pr\u00e9mium, extra sz\u0171z ol\u00edvaolaj teljesen term\u00e9szetes kever\u00e9ke frissen \u00e9s er\u0151sen tartja az alapvet\u0151 Omega-3 t\u00e1panyagokat, hogy azok teljes m\u00e9rt\u00e9kben felsz\u00edv\u00f3dhassanak a szervezetben.<\/p>\n<div id=\"collapseid10506\" class=\"col-12 collapse show\" aria-labelledby=\"headingOne\" data-parent=\"#faqAccordion\">\n<div class=\"pt-1 pb-4 faq-item-content\">\n<ul class=\"usp-list\">\n<li>Hozz\u00e1j\u00e1rul a norm\u00e1lis agym\u0171k\u00f6d\u00e9shez<sup>1<\/sup>mivel a napi adag 700 mg DHA-t tartalmaz.<\/li>\n<li>Hozz\u00e1j\u00e1rul a norm\u00e1lis immunrendszerhez<sup>3<\/sup>mivel a napi adag 20 \u00b5g D-vitamint tartalmaz.<span class=\"s1\"><sub>3<\/sub><\/span><\/li>\n<li>Seg\u00edt fenntartani a megfelel\u0151 EPA- \u00e9s DHA-szintet a szervezetben<\/li>\n<li>Seg\u00edt fenntartani az omega-6:3 zs\u00edrsavak optim\u00e1lis szintj\u00e9t a szervezetben.<\/li>\n<li>Seg\u00edt fenntartani a szervezet polifenolszintj\u00e9t, hogy megv\u00e9dje a v\u00e9rzs\u00edrokat az oxidat\u00edv stresszt\u0151l.<sup>6<\/sup><\/li>\n<li>T\u00e1mogatja az eg\u00e9szs\u00e9ges \u00e9s norm\u00e1lis szemm\u0171k\u00f6d\u00e9st, mivel 700 mg DHA-t tartalmaz.<sup>7<\/sup><\/li>\n<li>Hozz\u00e1j\u00e1rul a norm\u00e1l csontozathoz<sup>11<\/sup>, izomfunkci\u00f3<sup>12<\/sup>, norm\u00e1l fogak<sup>13<\/sup> \u00e9s sejtoszt\u00f3d\u00e1s<sup>14<\/sup>mivel a napi adag 20 \u00b5g D-vitamint tartalmaz.<span class=\"s1\"><sub>3<\/sub><\/span><\/li>\n<li>T\u00e1mogatja a norm\u00e1l trigliceridszintet a v\u00e9rben<sup>8<\/sup>, norm\u00e1lis v\u00e9rnyom\u00e1s<sup>9<\/sup> \u00e9s norm\u00e1lis kalciumszint a v\u00e9rben<sup>10<\/sup><\/li>\n<\/ul>\n<div id=\"collapseid10966\" class=\"col-12 collapse show\" aria-labelledby=\"headingOne\" data-parent=\"#faqAccordion\">\n<div class=\"pt-1 pb-4 faq-item-content\">\n<div class=\"row NutritionalFacts\">\n<div class=\"col-md-6 borderRight\">\n<table class=\"nutrition-table\">\n<tbody>\n<tr>\n<th>T\u00e1p\u00e9rt\u00e9k \u00e9s tartalom a k\u00f6vetkez\u0151kben:<\/th>\n<th>12 ml<\/th>\n<\/tr>\n<tr>\n<td>Halolaj<\/td>\n<td>6627 mg<\/td>\n<\/tr>\n<tr>\n<td>Omega-3 zs\u00edrsavak<\/td>\n<td>2478 mg<\/td>\n<\/tr>\n<tr class=\"whiteTR\">\n<td>\u00a0 \u00a0ebb\u0151l C20:5 (EPA<\/td>\n<td>1283 mg<\/td>\n<\/tr>\n<tr>\n<td>\u00a0 \u00a0ebb\u0151l C22:6 (DHA)<\/td>\n<td>683 mg<\/td>\n<\/tr>\n<tr>\n<td>Ol\u00edvaolaj<\/td>\n<td>4092 mg<\/td>\n<\/tr>\n<tr>\n<td>\u00a0 \u00a0ebb\u0151l olajsav (omega-9)<\/td>\n<td>3069 mg<\/td>\n<\/tr>\n<tr>\n<td>\u00a0 \u00a0amelyek k\u00f6z\u00fcl a polifenolok<\/td>\n<td>3,5 mg<\/td>\n<\/tr>\n<tr>\n<td>D-vitamin<sub>3\u00a0<\/sub>(400 % RV*)<\/td>\n<td>20 ug<\/td>\n<\/tr>\n<tr>\n<td><em>*RV = referencia\u00e9rt\u00e9k<\/em><\/td>\n<td><\/td>\n<\/tr>\n<\/tbody>\n<\/table>\n<\/div>\n<div class=\"col-md-6 ingredientsBox\">\n<h4><strong>\u00d6sszet\u00e9tel:\u00a0<\/strong>Halolaj (szardell\u00e1b\u00f3l, makr\u00e9l\u00e1b\u00f3l \u00e9s szard\u00edni\u00e1b\u00f3l), hidegen sajtolt ol\u00edvaolaj, magas tokoferol tartalm\u00fa kivonat (antioxid\u00e1nsok), term\u00e9szetes arom\u00e1k*, D-vitamin.<sub>3<\/sub> (kolekalciferol).<\/p>\n<p>* Term\u00e9szetes citrom aroma<br \/>\n* Term\u00e9szetes aroma narancs, citrom \u00e9s menta<br \/>\n* Term\u00e9szetes aroma grapefruit, citrom \u00e9s lime<\/p>\n<p><strong>Figyelmeztet\u00e9s:<\/strong> BalanceOil+, 100 ml, csak narancs, citrom \u00e9s menta \u00edzben kaphat\u00f3.<\/h4>\n<p><strong>BalanceOil+: hal- \u00e9s ol\u00edvaolaj t\u00f6k\u00e9letes egyens\u00falyban, bizony\u00edtott eredm\u00e9nyekkel.<br \/>\n<\/strong>A BalanceOil+ tudom\u00e1nyos formul\u00e1ja a halolaj egyed\u00fcl\u00e1ll\u00f3 min\u0151s\u00e9g\u00e9t \u00f6tv\u00f6zi az Omega-3 \u00e9s Omega-7 zs\u00edrsavak el\u0151ny\u00f6s mennyis\u00e9g\u00e9vel, valamint a tudom\u00e1nyosan igazolt mennyis\u00e9g\u0171 ol\u00edvaolajjal, amely nagy mennyis\u00e9gben tartalmaz polifenolokat, fitonutrienseket \u00e9s Omega-9 zs\u00edrsavakat, \u00e9s \u00edgy hozz\u00e1j\u00e1rul az Omega-3 lipidek fokozott oxidat\u00edv stabilit\u00e1s\u00e1hoz.<sup>4<\/sup><\/p>\n<p>A polifenolok az omega-3 zs\u00edrsavakhoz k\u00f6t\u0151dnek, \u00e9s hat\u00e9kony antioxid\u00e1nsk\u00e9nt hatnak, megakad\u00e1lyozva a lipidek oxid\u00e1ci\u00f3j\u00e1t.<sup>4<\/sup> Az ol\u00edvaolaj polifenoljai ut\u00e1nozz\u00e1k a halakban term\u00e9szetesen jelen l\u00e9v\u0151 polifenolokat, \u00e9s a szervezeten kereszt\u00fcl sz\u00e1ll\u00edtj\u00e1k a t\u00f6r\u00e9keny omega-3 zs\u00edrsavakat, am\u00edg azok biztons\u00e1gosan be nem ker\u00fclnek a sejtmembr\u00e1nokba. A polifenolok \u00e9s a tengeri lipidek rendk\u00edv\u00fcl szinergikusan m\u0171k\u00f6dnek egy\u00fctt, lehet\u0151v\u00e9 t\u00e9ve a szervezet sz\u00e1m\u00e1ra, hogy biztons\u00e1gosan felsz\u00edvja, m\u00f3dos\u00edtsa \u00e9s fenntartsa az omega-3 zs\u00edrsavszintet a k\u00edv\u00e1nt 8 % felett, ami a 3:1 alatti omega-6:3 ar\u00e1ny el\u00e9r\u00e9s\u00e9hez sz\u00fcks\u00e9ges.<\/p>\n<p>A Vitas Analytical Services f\u00fcggetlen laborat\u00f3rium \u00e1ltal elemzett, t\u00f6bb mint 1 000 000 tesztet tartalmaz\u00f3, a vil\u00e1g legnagyobb, esszenci\u00e1lis zs\u00edrsavakat tartalmaz\u00f3 adatb\u00e1zis\u00e1ban v\u00e9gzett felm\u00e9r\u00e9s szerint az omega-6:3 zs\u00edrsavak \u00e1tlagos ar\u00e1nya az omega-3 kieg\u00e9sz\u00edt\u0151t nem szed\u0151 emberekn\u00e9l \u00c9szak-Eur\u00f3p\u00e1ban 12:1, Eur\u00f3p\u00e1ban 15:1, az Egyes\u00fclt \u00c1llamokban pedig 25:1. A Vitas Analytical Services f\u00fcggetlen laborat\u00f3rium \u00e1ltal elemzett, t\u00f6bb mint 1 000 000 tesztet tartalmaz\u00f3 adatb\u00e1zis szerint az omega-6:3 zs\u00edrsavak ar\u00e1nya az emberekn\u00e9l \u00e1tlagosan 12:1. A BalanceOil+ term\u00e9kek 120 napos haszn\u00e1lata ut\u00e1n az \u00e1tlagos ar\u00e1ny mindezen f\u00f6ldrajzi ter\u00fcleteken 3:1-n\u00e9l kisebb.<\/p>\n<p><strong>Spanyol extra sz\u0171z ol\u00edvaolaj a BalanceOil+-ban<br \/>\n<\/strong>A BalanceOil+ a spanyol Picual olajbogy\u00f3b\u00f3l sz\u00e1rmaz\u00f3 extra sz\u0171z ol\u00edvaolajb\u00f3l k\u00e9sz\u00fcl, amelyet az omega-9 zs\u00edrsavakban gazdag \u00e9s nagyon magas antioxid\u00e1ns-tartalma miatt v\u00e1lasztottak ki. Az omega-9 zs\u00edrsavak (olajsav) egy m\u00e1sik fontos tulajdons\u00e1ga, amely akt\u00edvan el\u0151seg\u00edti a v\u00e9r koleszterinszintj\u00e9nek normaliz\u00e1l\u00e1s\u00e1t.<sup>4<\/sup>\u00a0 Az olajbogy\u00f3kat el\u0151v\u00e1logatj\u00e1k, a magokat a feldolgoz\u00e1s sor\u00e1n elt\u00e1vol\u00edtj\u00e1k, \u00e9s csak a gy\u00fcm\u00f6lcs\u00f6t sajtolj\u00e1k hidegen, \u00edgy egy omega-9-ben (olajsavban) gazdag extra sz\u0171z olajat kapunk, amely nagyon magas polifenol nev\u0171 antioxid\u00e1ns-tartalommal rendelkezik (t\u00f6bb mint 750 mg\/kg), \u00e9s sz\u00e1mos j\u00f3t\u00e9kony hat\u00e1ssal b\u00edr.<sup>15<\/sup> A polifenolok v\u00e9dik a BalanceOil+-t a palackban, de ami m\u00e9g fontosabb, a sejteket is v\u00e9dik.<\/p>\n<p><strong>Term\u00e9szetes tokoferolok<br \/>\n<\/strong>A kevert tokoferolokat \u00e1ltal\u00e1ban antioxid\u00e1nsk\u00e9nt haszn\u00e1lj\u00e1k \u00e9trend-kieg\u00e9sz\u00edt\u0151kben. A felhaszn\u00e1lt term\u00e9szetes tokoferolokat kifejezetten magasan finom\u00edtott, nem GMO sz\u00f3jaolaj-desztill\u00e1tumb\u00f3l \u00e1ll\u00edtj\u00e1k el\u0151, amelyet tov\u00e1bbi finom\u00edt\u00e1snak vetnek al\u00e1, hogy biztos\u00edts\u00e1k, hogy nem tartalmaz sz\u00f3jafeh\u00e9rj\u00e9t. Ez azt jelenti, hogy a term\u00e9kben nincsenek allerg\u00e9nek. A BalanceOil+ tipikus \u00f6sszetev\u0151i: alfa-, b\u00e9ta-, gamma- \u00e9s delta-tokoferolok.<\/p>\n<p><strong>Tiszta D3-vitamin<br \/>\n<\/strong>A BalanceOil+ D3-vitamint (kolekalciferol) tartalmaz. Mi term\u00e9szetes D3-vitamint haszn\u00e1lunk, amelyet lanolinb\u00f3l, a juhgyapj\u00faban tal\u00e1lhat\u00f3 term\u00e9szetes zsirad\u00e9kb\u00f3l \u00e1ll\u00edtunk el\u0151. A D3-vitamin a D3-vitamin el\u0151anyag\u00e1nak a lanolinb\u00f3l t\u00f6rt\u00e9n\u0151 kiold\u00e1s\u00e1val k\u00e9sz\u00fcl. Ezt k\u00f6vet\u0151en k\u00e9miailag m\u00f3dos\u00edtj\u00e1k \u00e9s ultraibolya (UV) f\u00e9nynek val\u00f3 kitetts\u00e9ggel aktiv\u00e1lj\u00e1k. A k\u00e9miai folyamat hasonl\u00f3 ahhoz a folyamathoz, amely az emberi b\u0151rben zajlik, amikor a D3-vitamin a b\u0151r napf\u00e9nynek val\u00f3 kitetts\u00e9g\u00e9nek eredm\u00e9nyek\u00e9nt termel\u0151dik.<\/p>\n<p><strong>Javasolt haszn\u00e1lat:\u00a0<\/strong>0,15 ml testt\u00f6meg-kilogrammonk\u00e9nt. Az adagot a tests\u00falynak megfelel\u0151en \u00e1ll\u00edtsa be. Feln\u0151ttek 50 kg testt\u00f6meggel: 7,5 ml naponta. Feln\u0151ttek 80 kg testt\u00f6meggel: 12 ml naponta. Ne l\u00e9pje t\u00fal az aj\u00e1nlott napi adagot. Az \u00e9trend-kieg\u00e9sz\u00edt\u0151 nem helyettes\u00edtheti a v\u00e1ltozatos \u00e9s kiegyens\u00falyozott \u00e9trendet \u00e9s az eg\u00e9szs\u00e9ges \u00e9letm\u00f3dot.<\/p>\n<p><strong>Figyelmeztet\u00e9s:\u00a0<\/strong>Ha v\u00e9rh\u00edg\u00edt\u00f3 gy\u00f3gyszert szed, a BalanceOil+ haszn\u00e1lata el\u0151tt konzult\u00e1ljon orvos\u00e1val.<\/p>\n<p><strong>T\u00e1rol\u00e1s:\u00a0<\/strong>A bontatlan \u00fcvegeket s\u00f6t\u00e9t, sz\u00e1raz helyen, szobah\u0151m\u00e9rs\u00e9kleten vagy h\u0171t\u0151szekr\u00e9nyben t\u00e1rolja. A felbontott \u00fcvegeket h\u0171t\u0151szekr\u00e9nyben t\u00e1rolja, \u00e9s 45 napon bel\u00fcl haszn\u00e1lja fel. 4 \u00b0C alatti h\u0151m\u00e9rs\u00e9kleten az olaj megszil\u00e1rdul\u00e1s miatt zavaross\u00e1 v\u00e1lhat. Szobah\u0151m\u00e9rs\u00e9kleten az olaj kitisztul. Gyermekek el\u0151l elz\u00e1rva tartand\u00f3.<\/p>\n<p><strong>K\u00f6tet:<\/strong> 100ml<\/p>\n<\/div>\n<\/div>\n<\/div>\n<\/div>\n<\/div>\n<\/div>","protected":false},"excerpt":{"rendered":"<p>N\u00e1\u0161 najpred\u00e1vanej\u0161\u00ed produkt v r\u00f4znych pr\u00edrodn\u00fdch pr\u00edchutiach. \u00daplne pr\u00edrodn\u00e1 zmes \u010dist\u00e9ho rybieho oleja z mal\u00fdch, vo\u013ene \u017eij\u00facich r\u00fdb a pr\u00e9miov\u00fd, extra panensk\u00fd olivov\u00fd olej z ol\u00edv pred hlavn\u00fdm zberom zachov\u00e1va z\u00e1kladn\u00e9 \u017eiviny Omega-3 \u010derstv\u00e9 a \u00fa\u010dinn\u00e9, aby sa plne vstrebali do v\u00e1\u0161ho tela. Prispieva k norm\u00e1lnej funkcii mozgu1, preto\u017ee denn\u00e1 d\u00e1vka obsahuje 700 mg DHA [&hellip;]<\/p>","protected":false},"featured_media":9645,"comment_status":"open","ping_status":"closed","template":"","meta":{"inline_featured_image":false},"product_brand":[134],"product_cat":[69,145,140,73,75,74],"product_tag":[],"class_list":{"0":"post-9376","1":"product","2":"type-product","3":"status-publish","4":"has-post-thumbnail","6":"product_brand-zinzino","7":"product_cat-vyzivove-doplnky","8":"product_cat-krasa","9":"product_cat-posilnenie-imunity","10":"product_cat-zinzino","11":"product_cat-vyzivove-doplnky-na-imunitu","12":"product_cat-vyzivove-doplnky-omega","14":"first","15":"instock","16":"taxable","17":"shipping-taxable","18":"purchasable","19":"product-type-simple"},"aioseo_notices":[],"_links":{"self":[{"href":"https:\/\/www.biokari.sk\/hu\/wp-json\/wp\/v2\/product\/9376","targetHints":{"allow":["GET"]}}],"collection":[{"href":"https:\/\/www.biokari.sk\/hu\/wp-json\/wp\/v2\/product"}],"about":[{"href":"https:\/\/www.biokari.sk\/hu\/wp-json\/wp\/v2\/types\/product"}],"replies":[{"embeddable":true,"href":"https:\/\/www.biokari.sk\/hu\/wp-json\/wp\/v2\/comments?post=9376"}],"wp:featuredmedia":[{"embeddable":true,"href":"https:\/\/www.biokari.sk\/hu\/wp-json\/wp\/v2\/media\/9645"}],"wp:attachment":[{"href":"https:\/\/www.biokari.sk\/hu\/wp-json\/wp\/v2\/media?parent=9376"}],"wp:term":[{"taxonomy":"product_brand","embeddable":true,"href":"https:\/\/www.biokari.sk\/hu\/wp-json\/wp\/v2\/product_brand?post=9376"},{"taxonomy":"product_cat","embeddable":true,"href":"https:\/\/www.biokari.sk\/hu\/wp-json\/wp\/v2\/product_cat?post=9376"},{"taxonomy":"product_tag","embeddable":true,"href":"https:\/\/www.biokari.sk\/hu\/wp-json\/wp\/v2\/product_tag?post=9376"}],"curies":[{"name":"wp","href":"https:\/\/api.w.org\/{rel}","templated":true}]}}