{"id":9378,"date":"2025-07-04T10:41:58","date_gmt":"2025-07-04T08:41:58","guid":{"rendered":"https:\/\/www.biokari.sk\/produkt\/zinzino-balanceoil-citronova-prichut-300ml\/"},"modified":"2026-05-01T19:01:05","modified_gmt":"2026-05-01T17:01:05","slug":"zinzino-balanceoil-citronova-prichut-300ml","status":"publish","type":"product","link":"https:\/\/www.biokari.sk\/hu\/termek\/zinzino-balanceoil-citronova-prichut-300ml\/","title":{"rendered":"Zinzino Balanceoil citrom \u00edz\u0171 300ml"},"content":{"rendered":"<p data-start=\"209\" data-end=\"365\">A veg\u00e1n \u00e9trend gyakran gazdagabb bizonyos t\u00e1panyagokban (rostok, C-vitamin, fitokemik\u00e1li\u00e1k), de hi\u00e1nyozhat bel\u0151le <strong data-start=\"319\" data-end=\"332\">D-vitamin<\/strong> a <strong data-start=\"335\" data-end=\"362\">omega-3 zs\u00edrsavak<\/strong>.<\/p>\n<p data-start=\"367\" data-end=\"585\">Ez\u00e9rt a veg\u00e1nok \u00e9s veget\u00e1ri\u00e1nusok gyakran k\u00fczdenek az eg\u00e9szs\u00e9ges egyens\u00faly el\u00e9r\u00e9s\u00e9\u00e9rt. <strong data-start=\"440\" data-end=\"453\">omega-6:3<\/strong>mivel nem visznek be a szervezetbe elegend\u0151 EPA \u00e9s DHA zs\u00edrsavat, amelyek a sz\u00edv, az agy \u00e9s az immunrendszer norm\u00e1lis m\u0171k\u00f6d\u00e9s\u00e9hez sz\u00fcks\u00e9gesek.<\/p>\n<p data-start=\"587\" data-end=\"738\">Sz\u00e1mos tanulm\u00e1ny meger\u0151s\u00edtette, hogy a veg\u00e1nok v\u00e9r\u00e9ben alacsonyabb az omega-3 zs\u00edrsavak koncentr\u00e1ci\u00f3ja, mint az \u00e1llati eredet\u0171 \u00e9teleket fogyaszt\u00f3 emberek\u00e9.<\/p>\n<p data-start=\"740\" data-end=\"983\"><strong data-start=\"740\" data-end=\"776\">Zinzino BalanceOil+ Veg\u00e1n citrom<\/strong> EPA-ban, DHA-ban \u00e9s DPA-ban gazdag tengeri mikroalgaolajat, \u00e9retlen bogy\u00f3kb\u00f3l nyert extra sz\u0171z ol\u00edvaolajat, SDA-ban, ALA-ban \u00e9s GLA-ban gazdag echiummagolajat, valamint term\u00e9szetes veg\u00e1n D3-vitamint tartalmaz zuzm\u00f3b\u00f3l.<\/p>\n<p data-start=\"985\" data-end=\"1001\"><strong>Ez a szinergia:<\/strong><\/p>\n<ul data-start=\"1002\" data-end=\"1181\">\n<li data-start=\"1002\" data-end=\"1042\">\n<p data-start=\"1004\" data-end=\"1042\">seg\u00edt megv\u00e9deni a sejteket az oxid\u00e1ci\u00f3t\u00f3l,<\/p>\n<\/li>\n<li data-start=\"1043\" data-end=\"1082\">\n<p data-start=\"1045\" data-end=\"1082\">biztons\u00e1gosan kiegyens\u00falyozza az omega-6:3 ar\u00e1nyt,<\/p>\n<\/li>\n<li data-start=\"1083\" data-end=\"1128\">\n<p data-start=\"1085\" data-end=\"1128\">t\u00e1mogatja a norm\u00e1lis agy- \u00e9s sz\u00edvm\u0171k\u00f6d\u00e9st,<\/p>\n<\/li>\n<li data-start=\"1129\" data-end=\"1181\">\n<p data-start=\"1131\" data-end=\"1181\">er\u0151s\u00edti az immunrendszer megfelel\u0151 m\u0171k\u00f6d\u00e9s\u00e9t.<\/p>\n<\/li>\n<\/ul>\n<hr data-start=\"1183\" data-end=\"1186\" \/>\n<h4 data-start=\"1188\" data-end=\"1203\"><strong>\u00d6sszet\u00e9tel:\u00a0<\/strong>hidegen sajtolt ol\u00edvaolaj, mikroalgaolaj <strong data-start=\"1256\" data-end=\"1278\">Schizochytrium sp.<\/strong>, finom\u00edtott echiummagolaj, term\u00e9szetes aroma (citrom), antioxid\u00e1nsok (term\u00e9szetes tokoferolok), zu lichenb\u0151l sz\u00e1rmaz\u00f3 D3-vitamin (kolekalciferol). <strong data-start=\"1444\" data-end=\"1456\">\u00cdz:<\/strong> citrom<\/h4>\n<h3 data-start=\"1472\" data-end=\"1500\"><strong>Aj\u00e1nlott adagol\u00e1s:<\/strong><\/h3>\n<p data-start=\"1501\" data-end=\"1553\"><strong data-start=\"1501\" data-end=\"1551\">0,15 ml olaj 1 kg testt\u00f6megenk\u00e9nt naponta<\/strong><\/p>\n<ul data-start=\"1555\" data-end=\"1667\">\n<li data-start=\"1555\" data-end=\"1573\">\n<p data-start=\"1557\" data-end=\"1573\">50 kg \u2192 7,5 ml<\/p>\n<\/li>\n<li data-start=\"1574\" data-end=\"1590\">\n<p data-start=\"1576\" data-end=\"1590\">60 kg \u2192 9 ml<\/p>\n<\/li>\n<li data-start=\"1591\" data-end=\"1610\">\n<p data-start=\"1593\" data-end=\"1610\">70 kg \u2192 10,5 ml<\/p>\n<\/li>\n<li data-start=\"1611\" data-end=\"1628\">\n<p data-start=\"1613\" data-end=\"1628\">80 kg \u2192 12 ml<\/p>\n<\/li>\n<li data-start=\"1629\" data-end=\"1648\">\n<p data-start=\"1631\" data-end=\"1648\">90 kg \u2192 13,5 ml<\/p>\n<\/li>\n<li data-start=\"1649\" data-end=\"1667\">\n<p data-start=\"1651\" data-end=\"1667\">100 kg \u2192 15 ml<\/p>\n<\/li>\n<\/ul>\n<p data-start=\"1669\" data-end=\"1776\">Az aj\u00e1nlott napi adagot nem szabad t\u00fall\u00e9pni!<br data-start=\"1712\" data-end=\"1715\" \/>T\u00e1pl\u00e1l\u00e9kkieg\u00e9sz\u00edt\u0151k <strong data-start=\"1732\" data-end=\"1773\">nem helyettes\u00edtik a v\u00e1ltozatos \u00e9s kiegyens\u00falyozott \u00e9trendet<\/strong>.<\/p>\n<p data-start=\"1778\" data-end=\"1823\"><strong data-start=\"1778\" data-end=\"1821\">A csomagol\u00e1s tart\u00f3ss\u00e1ga napi haszn\u00e1latra:<\/strong><\/p>\n<ul data-start=\"1824\" data-end=\"1914\">\n<li data-start=\"1824\" data-end=\"1845\">\n<p data-start=\"1826\" data-end=\"1845\">5 ml\/nap = 60 nap<\/p>\n<\/li>\n<li data-start=\"1846\" data-end=\"1868\">\n<p data-start=\"1848\" data-end=\"1868\">10 ml\/nap = 30 nap<\/p>\n<\/li>\n<li data-start=\"1869\" data-end=\"1891\">\n<p data-start=\"1871\" data-end=\"1891\">15 ml\/nap = 20 nap<\/p>\n<\/li>\n<li data-start=\"1892\" data-end=\"1914\">\n<p data-start=\"1894\" data-end=\"1914\">20 ml\/nap = 15 nap<\/p>\n<\/li>\n<\/ul>\n<h3 data-start=\"1921\" data-end=\"1962\"><strong>Hat\u00f3anyag-tartalom (napi adag):<\/strong><\/h3>\n<div class=\"_tableContainer_1rjym_1\">\n<div class=\"_tableWrapper_1rjym_13 group flex w-fit flex-col-reverse\">\n<table class=\"w-fit min-w-(--thread-content-width)\" data-start=\"1964\" data-end=\"2523\">\n<thead data-start=\"1964\" data-end=\"1992\">\n<tr data-start=\"1964\" data-end=\"1992\">\n<th data-start=\"1964\" data-end=\"1972\" data-col-size=\"sm\">Anyag<\/th>\n<th data-start=\"1972\" data-end=\"1981\" data-col-size=\"sm\">7,5 ml<\/th>\n<th data-start=\"1981\" data-end=\"1992\" data-col-size=\"sm\">12 ml<\/th>\n<\/tr>\n<\/thead>\n<tbody data-start=\"2023\" data-end=\"2523\">\n<tr data-start=\"2023\" data-end=\"2070\">\n<td data-start=\"2023\" data-end=\"2047\" data-col-size=\"sm\">Omega-3 zs\u00edrsavak<\/td>\n<td data-start=\"2047\" data-end=\"2057\" data-col-size=\"sm\">1764 mg<\/td>\n<td data-start=\"2057\" data-end=\"2070\" data-col-size=\"sm\">3047 mg<\/td>\n<\/tr>\n<tr data-start=\"2071\" data-end=\"2104\">\n<td data-start=\"2071\" data-end=\"2081\" data-col-size=\"sm\">Algaolaj<\/td>\n<td data-start=\"2081\" data-end=\"2091\" data-col-size=\"sm\">2092 mg<\/td>\n<td data-start=\"2091\" data-end=\"2104\" data-col-size=\"sm\">3282 mg<\/td>\n<\/tr>\n<tr data-start=\"2105\" data-end=\"2139\">\n<td data-start=\"2105\" data-end=\"2118\" data-col-size=\"sm\">- amelyb\u0151l az EPA<\/td>\n<td data-start=\"2118\" data-end=\"2127\" data-col-size=\"sm\">492 mg<\/td>\n<td data-start=\"2127\" data-end=\"2139\" data-col-size=\"sm\">772 mg<\/td>\n<\/tr>\n<tr data-start=\"2140\" data-end=\"2175\">\n<td data-start=\"2140\" data-end=\"2153\" data-col-size=\"sm\">- ebb\u0151l DHA<\/td>\n<td data-start=\"2153\" data-end=\"2162\" data-col-size=\"sm\">416 mg<\/td>\n<td data-start=\"2162\" data-end=\"2175\" data-col-size=\"sm\">1123 mg<\/td>\n<\/tr>\n<tr data-start=\"2176\" data-end=\"2210\">\n<td data-start=\"2176\" data-end=\"2189\" data-col-size=\"sm\">- ebb\u0151l DPA<\/td>\n<td data-start=\"2189\" data-end=\"2198\" data-col-size=\"sm\">115 mg<\/td>\n<td data-start=\"2198\" data-end=\"2210\" data-col-size=\"sm\">180 mg<\/td>\n<\/tr>\n<tr data-start=\"2211\" data-end=\"2244\">\n<td data-start=\"2211\" data-end=\"2222\" data-col-size=\"sm\">Echium olaj<\/td>\n<td data-start=\"2222\" data-end=\"2231\" data-col-size=\"sm\">968 mg<\/td>\n<td data-start=\"2231\" data-end=\"2244\" data-col-size=\"sm\">1518 mg<\/td>\n<\/tr>\n<tr data-start=\"2245\" data-end=\"2279\">\n<td data-start=\"2245\" data-end=\"2258\" data-col-size=\"sm\">- ebb\u0151l SDA<\/td>\n<td data-start=\"2258\" data-end=\"2267\" data-col-size=\"sm\">130 mg<\/td>\n<td data-start=\"2267\" data-end=\"2279\" data-col-size=\"sm\">288 mg<\/td>\n<\/tr>\n<tr data-start=\"2280\" data-end=\"2314\">\n<td data-start=\"2280\" data-end=\"2293\" data-col-size=\"sm\">- ebb\u0151l ALA<\/td>\n<td data-start=\"2293\" data-end=\"2302\" data-col-size=\"sm\">310 mg<\/td>\n<td data-start=\"2302\" data-end=\"2314\" data-col-size=\"sm\">683 mg<\/td>\n<\/tr>\n<tr data-start=\"2315\" data-end=\"2348\">\n<td data-start=\"2315\" data-end=\"2328\" data-col-size=\"sm\">- ebb\u0151l GLA<\/td>\n<td data-start=\"2328\" data-end=\"2337\" data-col-size=\"sm\">101 mg<\/td>\n<td data-start=\"2337\" data-end=\"2348\" data-col-size=\"sm\">95 mg<\/td>\n<\/tr>\n<tr data-start=\"2349\" data-end=\"2385\">\n<td data-start=\"2349\" data-end=\"2362\" data-col-size=\"sm\">Ol\u00edvaolaj<\/td>\n<td data-start=\"2362\" data-end=\"2372\" data-col-size=\"sm\">3986 mg<\/td>\n<td data-start=\"2372\" data-end=\"2385\" data-col-size=\"sm\">6251 mg<\/td>\n<\/tr>\n<tr data-start=\"2386\" data-end=\"2426\">\n<td data-start=\"2386\" data-end=\"2403\" data-col-size=\"sm\">- ebb\u0151l omega-9<\/td>\n<td data-start=\"2403\" data-end=\"2413\" data-col-size=\"sm\">3279 mg<\/td>\n<td data-start=\"2413\" data-end=\"2426\" data-col-size=\"sm\">5142 mg<\/td>\n<\/tr>\n<tr data-start=\"2427\" data-end=\"2468\">\n<td data-start=\"2427\" data-end=\"2447\" data-col-size=\"sm\">- amelyek k\u00f6z\u00fcl a polifenolok<\/td>\n<td data-col-size=\"sm\" data-start=\"2447\" data-end=\"2456\">3,4 mg<\/td>\n<td data-col-size=\"sm\" data-start=\"2456\" data-end=\"2468\">5,3 mg<\/td>\n<\/tr>\n<tr data-start=\"2469\" data-end=\"2523\">\n<td data-start=\"2469\" data-end=\"2480\" data-col-size=\"sm\">D3-vitamin<\/td>\n<td data-start=\"2480\" data-end=\"2500\" data-col-size=\"sm\">12 \u00b5g (250 % NRV)<\/td>\n<td data-start=\"2500\" data-end=\"2523\" data-col-size=\"sm\">20 \u00b5g (400 % NRV)<\/td>\n<\/tr>\n<\/tbody>\n<\/table>\n<\/div>\n<\/div>\n\n\n<p>NRV = T\u00e1pl\u00e1lkoz\u00e1si referencia\u00e9rt\u00e9k<\/p>\n\n\n\n<h3 class=\"wp-block-heading\"><strong>\u00c9rtes\u00edt\u00e9s<\/strong>:<\/h3>\n\n\n\n<ul class=\"wp-block-list\">\n<li>Ha v\u00e9rh\u00edg\u00edt\u00f3t szed, a szed\u00e9s el\u0151tt konzult\u00e1ljon kezel\u0151orvos\u00e1val.<\/li>\n\n\n\n<li>Gyermekek el\u0151l elz\u00e1rva tartand\u00f3!<\/li>\n\n\n\n<li>Ne l\u00e9pje t\u00fal az aj\u00e1nlott napi adagot.<\/li>\n\n\n\n<li>A t\u00e1pl\u00e1l\u00e9kkieg\u00e9sz\u00edt\u0151 nem helyettes\u00edti a v\u00e1ltozatos \u00e9s kiegyens\u00falyozott \u00e9trendet vagy az eg\u00e9szs\u00e9ges \u00e9letm\u00f3dot.<\/li>\n\n\n\n<li>Nem alkalmas az \u00f6sszetev\u0151k b\u00e1rmelyik\u00e9vel szembeni t\u00fal\u00e9rz\u00e9kenys\u00e9g eset\u00e9n.<\/li>\n<\/ul>\n\n\n\n<h4 class=\"wp-block-heading\"><strong>T\u00e1rol\u00e1s:<\/strong> Bontatlan \u00fcvegek: s\u00f6t\u00e9t, sz\u00e1raz helyen, szobah\u0151m\u00e9rs\u00e9kleten vagy h\u0171t\u0151szekr\u00e9nyben t\u00e1rolja.<br>Felbontott palackok: h\u0171t\u0151ben t\u00e1rolni, \u00e9s a k\u00f6vetkez\u0151 id\u0151n bel\u00fcl elfogyasztani. <strong>45 nap<\/strong>.<br>4 \u00b0C alatti h\u0151m\u00e9rs\u00e9kleten az ol\u00edvaolaj zavaross\u00e1 v\u00e1lhat - szobah\u0151m\u00e9rs\u00e9kleten a zavaross\u00e1g megsz\u0171nik.<\/h4>\n\n\n\n<h4 class=\"wp-block-heading\"><strong>A BalanceOil+ Vegan el\u0151nyei:<\/strong><\/h4>\n\n\n\n<ul class=\"wp-block-list\">\n<li>t\u00e1mogatja az agy (DHA), a sz\u00edv (EPA+DHA) \u00e9s az immunrendszer (D3-vitamin) norm\u00e1l m\u0171k\u00f6d\u00e9s\u00e9t,<\/li>\n\n\n\n<li>seg\u00edt fenntartani a megfelel\u0151 omega-6:3 ar\u00e1nyt,<\/li>\n\n\n\n<li>v\u00e9di a v\u00e9rzs\u00edrokat az oxidat\u00edv stresszt\u0151l,<\/li>\n\n\n\n<li>hozz\u00e1j\u00e1rul a szem, a csontok, a fogak \u00e9s az izmok eg\u00e9szs\u00e9g\u00e9hez,<\/li>\n\n\n\n<li>csak term\u00e9szetes \u00e9s tiszta veg\u00e1n \u00f6sszetev\u0151ket tartalmaz, regisztr\u00e1lt \u00e9s <strong>A Veg\u00e1n T\u00e1rsas\u00e1g<\/strong>.<\/li>\n<\/ul>\n\n\n\n<p><strong>K\u00f6tet:<\/strong> 300ml<\/p>\n\n\n\n<p><\/p>","protected":false},"excerpt":{"rendered":"<p>Veg\u00e1nska strava je \u010dasto bohat\u0161ia na niektor\u00e9 \u017eiviny (vl\u00e1knina, vitam\u00edn C, fytochemik\u00e1lie), av\u0161ak m\u00f4\u017ee ch\u00fdba\u0165 vitam\u00edn D a omega-3 mastn\u00e9 kyseliny. Preto maj\u00fa veg\u00e1ni a vegetari\u00e1ni \u010dasto probl\u00e9m dosiahnu\u0165 zdrav\u00fa rovnov\u00e1hu omega-6:3, ke\u010f\u017ee do tela neprij\u00edmaj\u00fa dostatok EPA a DHA mastn\u00fdch kysel\u00edn potrebn\u00fdch pre norm\u00e1lnu \u010dinnos\u0165 srdca, mozgu a imunitn\u00e9ho syst\u00e9mu. Viacer\u00e9 \u0161t\u00fadie potvrdili, \u017ee [&hellip;]<\/p>","protected":false},"featured_media":9742,"comment_status":"open","ping_status":"closed","template":"","meta":{"inline_featured_image":false},"product_brand":[134],"product_cat":[69,146,145,140,142,73,75,74],"product_tag":[],"class_list":{"0":"post-9378","1":"product","2":"type-product","3":"status-publish","4":"has-post-thumbnail","6":"product_brand-zinzino","7":"product_cat-vyzivove-doplnky","8":"product_cat-klby-a-reuma","9":"product_cat-krasa","10":"product_cat-posilnenie-imunity","11":"product_cat-srdcovo-cievny-system","12":"product_cat-zinzino","13":"product_cat-vyzivove-doplnky-na-imunitu","14":"product_cat-vyzivove-doplnky-omega","16":"first","17":"instock","18":"taxable","19":"shipping-taxable","20":"purchasable","21":"product-type-simple"},"aioseo_notices":[],"_links":{"self":[{"href":"https:\/\/www.biokari.sk\/hu\/wp-json\/wp\/v2\/product\/9378","targetHints":{"allow":["GET"]}}],"collection":[{"href":"https:\/\/www.biokari.sk\/hu\/wp-json\/wp\/v2\/product"}],"about":[{"href":"https:\/\/www.biokari.sk\/hu\/wp-json\/wp\/v2\/types\/product"}],"replies":[{"embeddable":true,"href":"https:\/\/www.biokari.sk\/hu\/wp-json\/wp\/v2\/comments?post=9378"}],"wp:featuredmedia":[{"embeddable":true,"href":"https:\/\/www.biokari.sk\/hu\/wp-json\/wp\/v2\/media\/9742"}],"wp:attachment":[{"href":"https:\/\/www.biokari.sk\/hu\/wp-json\/wp\/v2\/media?parent=9378"}],"wp:term":[{"taxonomy":"product_brand","embeddable":true,"href":"https:\/\/www.biokari.sk\/hu\/wp-json\/wp\/v2\/product_brand?post=9378"},{"taxonomy":"product_cat","embeddable":true,"href":"https:\/\/www.biokari.sk\/hu\/wp-json\/wp\/v2\/product_cat?post=9378"},{"taxonomy":"product_tag","embeddable":true,"href":"https:\/\/www.biokari.sk\/hu\/wp-json\/wp\/v2\/product_tag?post=9378"}],"curies":[{"name":"wp","href":"https:\/\/api.w.org\/{rel}","templated":true}]}}