{"id":9381,"date":"2025-07-04T10:41:58","date_gmt":"2025-07-04T08:41:58","guid":{"rendered":"https:\/\/www.biokari.sk\/produkt\/zinzino-x-tend-multivtamin-kapsuly-60ks\/"},"modified":"2026-02-15T18:01:29","modified_gmt":"2026-02-15T17:01:29","slug":"zinzino-x-tend-multivtamin-kapsuly-60ks","status":"publish","type":"product","link":"https:\/\/www.biokari.sk\/hu\/termek\/zinzino-x-tend-multivtamin-kapsuly-60ks\/","title":{"rendered":"Zinzino X tend multivitamin kapszula 60db"},"content":{"rendered":"<hr data-start=\"137\" data-end=\"140\" \/>\n<p data-start=\"162\" data-end=\"534\"><strong data-start=\"162\" data-end=\"219\">Najpokro\u010dilej\u0161\u00ed doplnok v\u00fd\u017eivy na posilnenie imunity.<\/strong><br data-start=\"219\" data-end=\"222\" \/>Xtend je bohat\u00fd na mikro- a fytonutrienty, obsahuje <strong data-start=\"274\" data-end=\"315\">23 nevyhnutn\u00fdch vitam\u00ednov a miner\u00e1lov<\/strong> a \u010disten\u00e9 <strong data-start=\"326\" data-end=\"350\">1-3, 1-6 betagluk\u00e1ny<\/strong> z\u00edskan\u00e9 z pek\u00e1rensk\u00fdch kvasn\u00edc. Chr\u00e1ni bunky a tkaniv\u00e1 a podporuje ich obnovu. Xtend je dokonal\u00fdm doplnkom k <strong data-start=\"460\" data-end=\"474\">BalanceOil<\/strong> a <strong data-start=\"477\" data-end=\"491\">ZinoBiotic<\/strong> pre kompletn\u00fd osobn\u00fd zdravotn\u00fd protokol.<\/p>\n<p data-start=\"162\" data-end=\"534\"><strong>Certifik\u00e1ty:<\/strong><\/p>\n<ul data-start=\"641\" data-end=\"1047\">\n<li data-start=\"641\" data-end=\"748\">\n<p data-start=\"643\" data-end=\"748\"><strong data-start=\"643\" data-end=\"661\">Informed Sport<\/strong> \u2013 garantuje testovanie na zak\u00e1zan\u00e9 l\u00e1tky (bez rizika pozit\u00edvneho dopingov\u00e9ho testu).<\/p>\n<\/li>\n<li data-start=\"749\" data-end=\"872\">\n<p data-start=\"751\" data-end=\"872\"><strong data-start=\"751\" data-end=\"784\">Cologne List\u00ae (K\u00f6lner Liste\u00ae)<\/strong> \u2013 produkt testovan\u00fd nez\u00e1visl\u00fdm eur\u00f3pskym laborat\u00f3riom na pr\u00edtomnos\u0165 zak\u00e1zan\u00fdch l\u00e1tok.<\/p>\n<\/li>\n<li data-start=\"873\" data-end=\"970\">\n<p data-start=\"875\" data-end=\"970\"><strong data-start=\"875\" data-end=\"895\">Halal certifik\u00e1t<\/strong> \u2013 v\u0161etky zlo\u017eky a v\u00fdrobn\u00e9 procesy sp\u013a\u0148aj\u00fa islamsk\u00e9 stravovacie pravidl\u00e1.<\/p>\n<\/li>\n<li data-start=\"971\" data-end=\"1047\">\n<p data-start=\"973\" data-end=\"1047\"><strong data-start=\"973\" data-end=\"996\">ISO 9001 certifik\u00e1t<\/strong> \u2013 v\u00fdroba pod\u013ea medzin\u00e1rodn\u00e9ho \u0161tandardu kvality.<\/p>\n<\/li>\n<\/ul>\n<h4 data-start=\"1054\" data-end=\"1080\"><strong>Odpor\u00fa\u010dan\u00e9 pou\u017eitie:<\/strong><\/h4>\n<p data-start=\"1081\" data-end=\"1194\">Dospel\u00ed a deti od 12 rokov: <strong data-start=\"1109\" data-end=\"1146\">2\u20134 tablety denne spolu s jedlom.<\/strong><br data-start=\"1146\" data-end=\"1149\" \/>Az aj\u00e1nlott napi adagot nem szabad t\u00fall\u00e9pni!<\/p>\n<p data-start=\"1196\" data-end=\"1279\">T\u00e1pl\u00e1l\u00e9kkieg\u00e9sz\u00edt\u0151k <strong data-start=\"1213\" data-end=\"1279\">nenahr\u00e1dzaj\u00fa pestr\u00fa a vyv\u00e1\u017een\u00fa stravu ani zdrav\u00fd \u017eivotn\u00fd \u0161t\u00fdl.<\/strong><\/p>\n<h4 data-start=\"1286\" data-end=\"1304\"><strong>Upozornenia:<\/strong><\/h4>\n<ul data-start=\"1305\" data-end=\"1710\">\n<li data-start=\"1305\" data-end=\"1450\">\n<p data-start=\"1307\" data-end=\"1450\">Produkty s obsahom \u017eeleza m\u00f4\u017eu pri n\u00e1hodnom pred\u00e1vkovan\u00ed sp\u00f4sobi\u0165 v\u00e1\u017ene otravy u det\u00ed do 6 rokov (aj smrte\u013en\u00e9). Uchov\u00e1vajte mimo dosahu det\u00ed!<\/p>\n<\/li>\n<li data-start=\"1451\" data-end=\"1534\">\n<p data-start=\"1453\" data-end=\"1534\">V pr\u00edpade pred\u00e1vkovania okam\u017eite vyh\u013eadajte lek\u00e1ra alebo toxikologick\u00e9 centrum.<\/p>\n<\/li>\n<li data-start=\"1535\" data-end=\"1597\">\n<p data-start=\"1537\" data-end=\"1597\">Tehotn\u00e9 \u017eeny a deti \u2013 konzultova\u0165 s lek\u00e1rom pred u\u017e\u00edvan\u00edm.<\/p>\n<\/li>\n<li data-start=\"1598\" data-end=\"1710\">\n<p data-start=\"1600\" data-end=\"1710\">Pri u\u017e\u00edvan\u00ed liekov na riedenie krvi sa pred u\u017e\u00edvan\u00edm doplnkov obsahuj\u00facich vitam\u00edn K v\u017edy pora\u010fte s lek\u00e1rom.<\/p>\n<\/li>\n<\/ul>\n<h4 data-start=\"1717\" data-end=\"1735\">Skladovanie:\u00a0Uchov\u00e1vajte pri izbovej teplote, na suchom a tmavom mieste alebo v chladni\u010dke.<\/h4>\n<hr data-start=\"1818\" data-end=\"1821\" \/>\n<h3 data-start=\"1823\" data-end=\"1873\"><strong>V\u00fd\u017eivov\u00e9 hodnoty a zlo\u017eenie (v 4 tablet\u00e1ch):<\/strong><\/h3>\n<div class=\"_tableContainer_1rjym_1\">\n<div class=\"_tableWrapper_1rjym_13 group flex w-fit flex-col-reverse\">\n<table class=\"w-fit min-w-(--thread-content-width)\" data-start=\"1875\" data-end=\"3282\">\n<thead data-start=\"1875\" data-end=\"1906\">\n<tr data-start=\"1875\" data-end=\"1906\">\n<th data-start=\"1875\" data-end=\"1883\" data-col-size=\"sm\">Anyag<\/th>\n<th data-start=\"1883\" data-end=\"1894\" data-col-size=\"sm\">Mno\u017estvo<\/th>\n<th data-start=\"1894\" data-end=\"1906\" data-col-size=\"sm\">% NRV*<\/th>\n<\/tr>\n<\/thead>\n<tbody data-start=\"1939\" data-end=\"3282\">\n<tr data-start=\"1939\" data-end=\"1971\">\n<td data-start=\"1939\" data-end=\"1951\" data-col-size=\"sm\">Tiam\u00edn (B1)<\/td>\n<td data-col-size=\"sm\" data-start=\"1951\" data-end=\"1960\">2,2 mg<\/td>\n<td data-col-size=\"sm\" data-start=\"1960\" data-end=\"1971\">200 %<\/td>\n<\/tr>\n<tr data-start=\"1972\" data-end=\"2008\">\n<td data-start=\"1972\" data-end=\"1988\" data-col-size=\"sm\">Riboflav\u00edn (B2)<\/td>\n<td data-col-size=\"sm\" data-start=\"1988\" data-end=\"1997\">2,1 mg<\/td>\n<td data-col-size=\"sm\" data-start=\"1997\" data-end=\"2008\">150 %<\/td>\n<\/tr>\n<tr data-start=\"2009\" data-end=\"2040\">\n<td data-start=\"2009\" data-end=\"2021\" data-col-size=\"sm\">Niac\u00edn (B3)<\/td>\n<td data-col-size=\"sm\" data-start=\"2021\" data-end=\"2029\">16 mg<\/td>\n<td data-col-size=\"sm\" data-start=\"2029\" data-end=\"2040\">100 %<\/td>\n<\/tr>\n<tr data-start=\"2041\" data-end=\"2085\">\n<td data-start=\"2041\" data-end=\"2067\" data-col-size=\"sm\">Pantot\u00e9nov\u00e1 kyselina (B5)<\/td>\n<td data-col-size=\"sm\" data-start=\"2067\" data-end=\"2074\">9 mg<\/td>\n<td data-col-size=\"sm\" data-start=\"2074\" data-end=\"2085\">150 %<\/td>\n<\/tr>\n<tr data-start=\"2086\" data-end=\"2117\">\n<td data-start=\"2086\" data-end=\"2097\" data-col-size=\"sm\">B6 vitam\u00edn<\/td>\n<td data-col-size=\"sm\" data-start=\"2097\" data-end=\"2106\">2,8 mg<\/td>\n<td data-col-size=\"sm\" data-start=\"2106\" data-end=\"2117\">200 %<\/td>\n<\/tr>\n<tr data-start=\"2118\" data-end=\"2145\">\n<td data-start=\"2118\" data-end=\"2125\" data-col-size=\"sm\">Biot\u00edn<\/td>\n<td data-col-size=\"sm\" data-start=\"2125\" data-end=\"2134\">150 \u00b5g<\/td>\n<td data-col-size=\"sm\" data-start=\"2134\" data-end=\"2145\">300 %<\/td>\n<\/tr>\n<tr data-start=\"2146\" data-end=\"2183\">\n<td data-start=\"2146\" data-end=\"2163\" data-col-size=\"sm\">Kyselina listov\u00e1<\/td>\n<td data-col-size=\"sm\" data-start=\"2163\" data-end=\"2172\">200 \u00b5g<\/td>\n<td data-col-size=\"sm\" data-start=\"2172\" data-end=\"2183\">100 %<\/td>\n<\/tr>\n<tr data-start=\"2184\" data-end=\"2217\">\n<td data-start=\"2184\" data-end=\"2196\" data-col-size=\"sm\">B12 vitam\u00edn<\/td>\n<td data-col-size=\"sm\" data-start=\"2196\" data-end=\"2206\">6,75 \u00b5g<\/td>\n<td data-col-size=\"sm\" data-start=\"2206\" data-end=\"2217\">270 %<\/td>\n<\/tr>\n<tr data-start=\"2218\" data-end=\"2247\">\n<td data-start=\"2218\" data-end=\"2228\" data-col-size=\"sm\">C vitam\u00edn<\/td>\n<td data-col-size=\"sm\" data-start=\"2228\" data-end=\"2236\">80 mg<\/td>\n<td data-col-size=\"sm\" data-start=\"2236\" data-end=\"2247\">100 %<\/td>\n<\/tr>\n<tr data-start=\"2248\" data-end=\"2278\">\n<td data-start=\"2248\" data-end=\"2259\" data-col-size=\"sm\">D3-vitamin<\/td>\n<td data-col-size=\"sm\" data-start=\"2259\" data-end=\"2267\">20 \u00b5g<\/td>\n<td data-col-size=\"sm\" data-start=\"2267\" data-end=\"2278\">400 %<\/td>\n<\/tr>\n<tr data-start=\"2279\" data-end=\"2306\">\n<td data-start=\"2279\" data-end=\"2289\" data-col-size=\"sm\">E vitam\u00edn<\/td>\n<td data-col-size=\"sm\" data-start=\"2289\" data-end=\"2296\">3 mg<\/td>\n<td data-col-size=\"sm\" data-start=\"2296\" data-end=\"2306\">25 %<\/td>\n<\/tr>\n<tr data-start=\"2307\" data-end=\"2337\">\n<td data-start=\"2307\" data-end=\"2318\" data-col-size=\"sm\">K1 vitam\u00edn<\/td>\n<td data-col-size=\"sm\" data-start=\"2318\" data-end=\"2326\">25 \u00b5g<\/td>\n<td data-col-size=\"sm\" data-start=\"2326\" data-end=\"2337\">113 %<\/td>\n<\/tr>\n<tr data-start=\"2338\" data-end=\"2364\">\n<td data-start=\"2338\" data-end=\"2349\" data-col-size=\"sm\">K2 vitam\u00edn<\/td>\n<td data-col-size=\"sm\" data-start=\"2349\" data-end=\"2357\">60 \u00b5g<\/td>\n<td data-col-size=\"sm\" data-start=\"2357\" data-end=\"2364\">\u2014<\/td>\n<\/tr>\n<tr data-start=\"2365\" data-end=\"2391\">\n<td data-start=\"2365\" data-end=\"2372\" data-col-size=\"sm\">Hor\u010d\u00edk<\/td>\n<td data-col-size=\"sm\" data-start=\"2372\" data-end=\"2381\">180 mg<\/td>\n<td data-col-size=\"sm\" data-start=\"2381\" data-end=\"2391\">50 %<\/td>\n<\/tr>\n<tr data-start=\"2392\" data-end=\"2418\">\n<td data-start=\"2392\" data-end=\"2399\" data-col-size=\"sm\">\u017delezo<\/td>\n<td data-col-size=\"sm\" data-start=\"2399\" data-end=\"2408\">4,2 mg<\/td>\n<td data-col-size=\"sm\" data-start=\"2408\" data-end=\"2418\">30 %<\/td>\n<\/tr>\n<tr data-start=\"2419\" data-end=\"2444\">\n<td data-start=\"2419\" data-end=\"2425\" data-col-size=\"sm\">Zinok<\/td>\n<td data-col-size=\"sm\" data-start=\"2425\" data-end=\"2433\">10 mg<\/td>\n<td data-col-size=\"sm\" data-start=\"2433\" data-end=\"2444\">100 %<\/td>\n<\/tr>\n<tr data-start=\"2445\" data-end=\"2469\">\n<td data-start=\"2445\" data-end=\"2449\" data-col-size=\"sm\">J\u00f3d<\/td>\n<td data-col-size=\"sm\" data-start=\"2449\" data-end=\"2458\">150 \u00b5g<\/td>\n<td data-col-size=\"sm\" data-start=\"2458\" data-end=\"2469\">100 %<\/td>\n<\/tr>\n<tr data-start=\"2470\" data-end=\"2492\">\n<td data-start=\"2470\" data-end=\"2474\" data-col-size=\"sm\">Me\u010f<\/td>\n<td data-col-size=\"sm\" data-start=\"2474\" data-end=\"2481\">1 mg<\/td>\n<td data-col-size=\"sm\" data-start=\"2481\" data-end=\"2492\">100 %<\/td>\n<\/tr>\n<tr data-start=\"2493\" data-end=\"2518\">\n<td data-start=\"2493\" data-end=\"2500\" data-col-size=\"sm\">Mang\u00e1n<\/td>\n<td data-col-size=\"sm\" data-start=\"2500\" data-end=\"2507\">2 mg<\/td>\n<td data-col-size=\"sm\" data-start=\"2507\" data-end=\"2518\">100 %<\/td>\n<\/tr>\n<tr data-start=\"2519\" data-end=\"2545\">\n<td data-start=\"2519\" data-end=\"2525\" data-col-size=\"sm\">Sel\u00e9n<\/td>\n<td data-col-size=\"sm\" data-start=\"2525\" data-end=\"2534\">100 \u00b5g<\/td>\n<td data-col-size=\"sm\" data-start=\"2534\" data-end=\"2545\">182 %<\/td>\n<\/tr>\n<tr data-start=\"2546\" data-end=\"2571\">\n<td data-start=\"2546\" data-end=\"2552\" data-col-size=\"sm\">Chr\u00f3m<\/td>\n<td data-col-size=\"sm\" data-start=\"2552\" data-end=\"2560\">80 \u00b5g<\/td>\n<td data-col-size=\"sm\" data-start=\"2560\" data-end=\"2571\">200 %<\/td>\n<\/tr>\n<tr data-start=\"2572\" data-end=\"2600\">\n<td data-start=\"2572\" data-end=\"2581\" data-col-size=\"sm\">Molybd\u00e9n<\/td>\n<td data-col-size=\"sm\" data-start=\"2581\" data-end=\"2589\">50 \u00b5g<\/td>\n<td data-col-size=\"sm\" data-start=\"2589\" data-end=\"2600\">100 %<\/td>\n<\/tr>\n<tr data-start=\"2601\" data-end=\"2641\">\n<td data-start=\"2601\" data-end=\"2625\" data-col-size=\"sm\">Betagluk\u00e1ny (1,3 \u2013 1,6)<\/td>\n<td data-col-size=\"sm\" data-start=\"2625\" data-end=\"2634\">200 mg<\/td>\n<td data-col-size=\"sm\" data-start=\"2634\" data-end=\"2641\">\u2014<\/td>\n<\/tr>\n<tr data-start=\"2642\" data-end=\"2674\">\n<td data-start=\"2642\" data-end=\"2658\" data-col-size=\"sm\">Kurkuma extrakt<\/td>\n<td data-col-size=\"sm\" data-start=\"2658\" data-end=\"2667\">100 mg<\/td>\n<td data-col-size=\"sm\" data-start=\"2667\" data-end=\"2674\">\u2014<\/td>\n<\/tr>\n<tr data-start=\"2675\" data-end=\"2708\">\n<td data-start=\"2675\" data-end=\"2693\" data-col-size=\"sm\">\u2013 z toho kurkum\u00edn<\/td>\n<td data-col-size=\"sm\" data-start=\"2693\" data-end=\"2701\">95 mg<\/td>\n<td data-col-size=\"sm\" data-start=\"2701\" data-end=\"2708\">\u2014<\/td>\n<\/tr>\n<tr data-start=\"2709\" data-end=\"2743\">\n<td data-start=\"2709\" data-end=\"2728\" data-col-size=\"sm\">\u2013 dimetoxycurcum\u00edn<\/td>\n<td data-col-size=\"sm\" data-start=\"2728\" data-end=\"2736\">15 mg<\/td>\n<td data-col-size=\"sm\" data-start=\"2736\" data-end=\"2743\">\u2014<\/td>\n<\/tr>\n<tr data-start=\"2744\" data-end=\"2782\">\n<td data-start=\"2744\" data-end=\"2766\" data-col-size=\"sm\">\u2013 bisdemetoxycurcum\u00edn<\/td>\n<td data-col-size=\"sm\" data-start=\"2766\" data-end=\"2775\">2,2 mg<\/td>\n<td data-col-size=\"sm\" data-start=\"2775\" data-end=\"2782\">\u2014<\/td>\n<\/tr>\n<tr data-start=\"2783\" data-end=\"2810\">\n<td data-start=\"2783\" data-end=\"2795\" data-col-size=\"sm\">Koenz\u00fdm Q10<\/td>\n<td data-col-size=\"sm\" data-start=\"2795\" data-end=\"2803\">15 mg<\/td>\n<td data-col-size=\"sm\" data-start=\"2803\" data-end=\"2810\">\u2014<\/td>\n<\/tr>\n<tr data-start=\"2811\" data-end=\"2847\">\n<td data-start=\"2811\" data-end=\"2832\" data-col-size=\"sm\">Pr\u00edrodn\u00e9 karotenoidy<\/td>\n<td data-col-size=\"sm\" data-start=\"2832\" data-end=\"2840\">24 mg<\/td>\n<td data-col-size=\"sm\" data-start=\"2840\" data-end=\"2847\">\u2014<\/td>\n<\/tr>\n<tr data-start=\"2848\" data-end=\"2871\">\n<td data-start=\"2848\" data-end=\"2857\" data-col-size=\"sm\">\u2013 lute\u00edn<\/td>\n<td data-col-size=\"sm\" data-start=\"2857\" data-end=\"2864\">6 mg<\/td>\n<td data-col-size=\"sm\" data-start=\"2864\" data-end=\"2871\">\u2014<\/td>\n<\/tr>\n<tr data-start=\"2872\" data-end=\"2902\">\n<td data-start=\"2872\" data-end=\"2887\" data-col-size=\"sm\">\u2013 beta-karot\u00e9n<\/td>\n<td data-col-size=\"sm\" data-start=\"2887\" data-end=\"2895\">12 mg<\/td>\n<td data-col-size=\"sm\" data-start=\"2895\" data-end=\"2902\">\u2014<\/td>\n<\/tr>\n<tr data-start=\"2903\" data-end=\"2934\">\n<td data-start=\"2903\" data-end=\"2918\" data-col-size=\"sm\">\u2013 alfa-karot\u00e9n<\/td>\n<td data-col-size=\"sm\" data-start=\"2918\" data-end=\"2927\">117 \u00b5g<\/td>\n<td data-col-size=\"sm\" data-start=\"2927\" data-end=\"2934\">\u2014<\/td>\n<\/tr>\n<tr data-start=\"2935\" data-end=\"2961\">\n<td data-start=\"2935\" data-end=\"2947\" data-col-size=\"sm\">\u2013 zeaxant\u00edn<\/td>\n<td data-col-size=\"sm\" data-start=\"2947\" data-end=\"2954\">6 mg<\/td>\n<td data-col-size=\"sm\" data-start=\"2954\" data-end=\"2961\">\u2014<\/td>\n<\/tr>\n<tr data-start=\"2962\" data-end=\"2997\">\n<td data-start=\"2962\" data-end=\"2982\" data-col-size=\"sm\">Paradajkov\u00fd extrakt<\/td>\n<td data-col-size=\"sm\" data-start=\"2982\" data-end=\"2990\">40 mg<\/td>\n<td data-col-size=\"sm\" data-start=\"2990\" data-end=\"2997\">\u2014<\/td>\n<\/tr>\n<tr data-start=\"2998\" data-end=\"3029\">\n<td data-start=\"2998\" data-end=\"3015\" data-col-size=\"sm\">\u2013 z toho lykop\u00e9n<\/td>\n<td data-col-size=\"sm\" data-start=\"3015\" data-end=\"3022\">4 mg<\/td>\n<td data-col-size=\"sm\" data-start=\"3022\" data-end=\"3029\">\u2014<\/td>\n<\/tr>\n<tr data-start=\"3030\" data-end=\"3062\">\n<td data-start=\"3030\" data-end=\"3046\" data-col-size=\"sm\">Olivov\u00fd extrakt<\/td>\n<td data-col-size=\"sm\" data-start=\"3046\" data-end=\"3055\">500 mg<\/td>\n<td data-col-size=\"sm\" data-start=\"3055\" data-end=\"3062\">\u2014<\/td>\n<\/tr>\n<tr data-start=\"3063\" data-end=\"3098\">\n<td data-start=\"3063\" data-end=\"3083\" data-col-size=\"sm\">\u2013 z toho oleurope\u00edn<\/td>\n<td data-col-size=\"sm\" data-start=\"3083\" data-end=\"3091\">50 mg<\/td>\n<td data-col-size=\"sm\" data-start=\"3091\" data-end=\"3098\">\u2014<\/td>\n<\/tr>\n<tr data-start=\"3099\" data-end=\"3130\">\n<td data-start=\"3099\" data-end=\"3116\" data-col-size=\"sm\">\u2013 hydroxytyrozol<\/td>\n<td data-col-size=\"sm\" data-start=\"3116\" data-end=\"3123\">5 mg<\/td>\n<td data-col-size=\"sm\" data-start=\"3123\" data-end=\"3130\">\u2014<\/td>\n<\/tr>\n<tr data-start=\"3131\" data-end=\"3163\">\n<td data-start=\"3131\" data-end=\"3148\" data-col-size=\"sm\">Jablkov\u00fd extrakt<\/td>\n<td data-col-size=\"sm\" data-start=\"3148\" data-end=\"3156\">50 mg<\/td>\n<td data-col-size=\"sm\" data-start=\"3156\" data-end=\"3163\">\u2014<\/td>\n<\/tr>\n<tr data-start=\"3164\" data-end=\"3218\">\n<td data-start=\"3164\" data-end=\"3202\" data-col-size=\"sm\">Riasov\u00fd extrakt (Ascophyllum nodosum)<\/td>\n<td data-col-size=\"sm\" data-start=\"3202\" data-end=\"3211\">200 mg<\/td>\n<td data-col-size=\"sm\" data-start=\"3211\" data-end=\"3218\">\u2014<\/td>\n<\/tr>\n<tr data-start=\"3219\" data-end=\"3254\">\n<td data-start=\"3219\" data-end=\"3240\" data-col-size=\"sm\">\u2013 z toho florotan\u00edny<\/td>\n<td data-col-size=\"sm\" data-start=\"3240\" data-end=\"3247\">9 mg<\/td>\n<td data-col-size=\"sm\" data-start=\"3247\" data-end=\"3254\">\u2014<\/td>\n<\/tr>\n<tr data-start=\"3255\" data-end=\"3282\">\n<td data-start=\"3255\" data-end=\"3268\" data-col-size=\"sm\">\u2013 polyfenoly<\/td>\n<td data-col-size=\"sm\" data-start=\"3268\" data-end=\"3275\">3 mg<\/td>\n<td data-col-size=\"sm\" data-start=\"3275\" data-end=\"3282\">\u2014<\/td>\n<\/tr>\n<\/tbody>\n<\/table>\n<\/div>\n<\/div>\n\n\n<h4 class=\"wp-block-heading\"><strong>\u00d6sszet\u00e9tel:<\/strong> Plnidl\u00e1 (mikrokry\u0161talick\u00e1 celul\u00f3za, beta-cyklodextr\u00edn, trik\u00e1lciumfosf\u00e1t), <strong>olivov\u00fd extrakt<\/strong> (Olea europaea)<em>, <strong>hor\u010d\u00edk<\/strong> (magn\u00e9zium-hydroxid)<\/em>, <em>riasa Ascophyllum nodosum extrakt, <strong>betagluk\u00e1ny<\/strong> z kvasn\u00edc (Saccharomyces cerevisiae)<\/em>, <strong>kurkuma extrakt<\/strong> (Curcuma longa)<em>, <strong>C vitam\u00edn<\/strong> (kyselina askorbov\u00e1)<\/em>, protihrudkuj\u00face l\u00e1tky (oxid kremi\u010dit\u00fd, trik\u00e1lciumfosf\u00e1t, hore\u010dnat\u00e9 soli mastn\u00fdch kysel\u00edn, polyvinyl-pyrrolid\u00f3n), <strong>zinok<\/strong> (chel\u00e1t bisglycin\u00e1t), <strong>brokolica extrakt<\/strong> (Brassica oleracea), <strong>E vitam\u00edn<\/strong> (zmie\u0161an\u00e9 tokoferoly a tokotrienoly), <strong>paradajkov\u00fd extrakt<\/strong> (Solanum lycopersicum), <strong>lute\u00edn a zeaxant\u00edn<\/strong> z aksamietnice (Tagetes erecta), <strong>K2 vitam\u00edn<\/strong> (MK-7 menachin\u00f3n), <strong>\u017eelezo<\/strong> (chel\u00e1t bisglycin\u00e1t), <strong>niac\u00ednamid<\/strong>, <strong>sel\u00e9n<\/strong> (sel\u00e9nmetion\u00edn), <strong>koenz\u00fdm Q10<\/strong> (ubichin\u00f3n), <strong>molybd\u00e9n<\/strong> (sodn\u00e1 so\u013e molybd\u00e9nu), <strong>Mang\u00e1n<\/strong> (chel\u00e1t bisglycin\u00e1t), <strong>mikroalga Dunaliella salina extrakt<\/strong>, <strong>D3-vitamin<\/strong> (cholekalciferol), <strong>me\u010f<\/strong> (chel\u00e1t bisglycin\u00e1t), <strong>B5 vitam\u00edn<\/strong> (pantot\u00e9nov\u00e1 kyselina), <strong>B12 vitam\u00edn<\/strong> (kyanokobalam\u00edn), <strong>chr\u00f3m<\/strong> (chr\u00f3m-chlorid), <strong>B6 vitam\u00edn<\/strong> (pyridox\u00edn-HCl), <strong>B1 vitam\u00edn<\/strong> (tiam\u00edn-HCl), <strong>B2 vitam\u00edn<\/strong> (riboflav\u00edn), <strong>K1 vitam\u00edn<\/strong> (fylochin\u00f3n), <strong>kyselina listov\u00e1<\/strong> (Quatrefolic\u00ae), <strong>biot\u00edn<\/strong>. <br>*P\u00f4vod: E\u00da a mimo E\u00da<\/h4>\n\n\n\n<p><strong>Obsah balenia:<\/strong> 60db<br><strong>\u010cist\u00e1 hmotnos\u0165:<\/strong> 45 g<\/p>\n\n\n\n<p><\/p>","protected":false},"excerpt":{"rendered":"<p>Najpokro\u010dilej\u0161\u00ed doplnok v\u00fd\u017eivy na posilnenie imunity.Xtend je bohat\u00fd na mikro- a fytonutrienty, obsahuje 23 nevyhnutn\u00fdch vitam\u00ednov a miner\u00e1lov a \u010disten\u00e9 1-3, 1-6 betagluk\u00e1ny z\u00edskan\u00e9 z pek\u00e1rensk\u00fdch kvasn\u00edc. Chr\u00e1ni bunky a tkaniv\u00e1 a podporuje ich obnovu. Xtend je dokonal\u00fdm doplnkom k BalanceOil a ZinoBiotic pre kompletn\u00fd osobn\u00fd zdravotn\u00fd protokol. Certifik\u00e1ty: Informed Sport \u2013 garantuje testovanie na [&hellip;]<\/p>","protected":false},"featured_media":9739,"comment_status":"open","ping_status":"closed","template":"","meta":{"inline_featured_image":false},"product_brand":[134],"product_cat":[69,140,73,75],"product_tag":[],"class_list":{"0":"post-9381","1":"product","2":"type-product","3":"status-publish","4":"has-post-thumbnail","6":"product_brand-zinzino","7":"product_cat-vyzivove-doplnky","8":"product_cat-posilnenie-imunity","9":"product_cat-zinzino","10":"product_cat-vyzivove-doplnky-na-imunitu","12":"first","13":"instock","14":"taxable","15":"shipping-taxable","16":"purchasable","17":"product-type-simple"},"aioseo_notices":[],"_links":{"self":[{"href":"https:\/\/www.biokari.sk\/hu\/wp-json\/wp\/v2\/product\/9381","targetHints":{"allow":["GET"]}}],"collection":[{"href":"https:\/\/www.biokari.sk\/hu\/wp-json\/wp\/v2\/product"}],"about":[{"href":"https:\/\/www.biokari.sk\/hu\/wp-json\/wp\/v2\/types\/product"}],"replies":[{"embeddable":true,"href":"https:\/\/www.biokari.sk\/hu\/wp-json\/wp\/v2\/comments?post=9381"}],"wp:featuredmedia":[{"embeddable":true,"href":"https:\/\/www.biokari.sk\/hu\/wp-json\/wp\/v2\/media\/9739"}],"wp:attachment":[{"href":"https:\/\/www.biokari.sk\/hu\/wp-json\/wp\/v2\/media?parent=9381"}],"wp:term":[{"taxonomy":"product_brand","embeddable":true,"href":"https:\/\/www.biokari.sk\/hu\/wp-json\/wp\/v2\/product_brand?post=9381"},{"taxonomy":"product_cat","embeddable":true,"href":"https:\/\/www.biokari.sk\/hu\/wp-json\/wp\/v2\/product_cat?post=9381"},{"taxonomy":"product_tag","embeddable":true,"href":"https:\/\/www.biokari.sk\/hu\/wp-json\/wp\/v2\/product_tag?post=9381"}],"curies":[{"name":"wp","href":"https:\/\/api.w.org\/{rel}","templated":true}]}}