{"id":9391,"date":"2025-07-04T10:44:14","date_gmt":"2025-07-04T08:44:14","guid":{"rendered":"https:\/\/www.biokari.sk\/produkt\/szafi-free-bezlepkova-mucna-zmes-na-pripravu-palaciniek-1000g\/"},"modified":"2026-04-04T19:01:59","modified_gmt":"2026-04-04T17:01:59","slug":"szafi-free-bezlepkova-mucna-zmes-na-pripravu-palaciniek-1000g","status":"publish","type":"product","link":"https:\/\/www.biokari.sk\/hu\/termek\/szafi-free-bezlepkova-mucna-zmes-na-pripravu-palaciniek-1000g\/","title":{"rendered":"Szafi free Glut\u00e9nmentes lisztkever\u00e9k palacsinta k\u00e9sz\u00edt\u00e9s\u00e9hez 1000g"},"content":{"rendered":"<p data-start=\"32\" data-end=\"176\"><strong data-start=\"32\" data-end=\"150\">Bezlepkov\u00e9, bezmlie\u010dne, bezvaje\u010dn\u00e9, bezs\u00f3jov\u00e9, bezorechov\u00e9, bezkukuricov\u00e9, bezzemiakov\u00e9, bezry\u017eov\u00e9 tenk\u00e9 palacinky<\/strong>, ktor\u00e9 sa \u013eahko roluj\u00fa.<\/p>\n<p data-start=\"178\" data-end=\"345\">Pri v\u00fdrobe na\u0161ich produktov nepou\u017e\u00edvame \u017eiadne zlo\u017eky \u017eivo\u010d\u00ed\u0161neho p\u00f4vodu, preto je produktov\u00e1 rada <strong data-start=\"277\" data-end=\"291\">Szafi Free<\/strong> garantovane <strong data-start=\"304\" data-end=\"316\">veg\u00e1nska<\/strong> a bez rizika kontamin\u00e1cie.<\/p>\n<p data-start=\"347\" data-end=\"427\">Vysk\u00fa\u0161ajte aj na\u0161e \u010fal\u0161ie produkty Szafi Free (chlieb, pi\u0161k\u00f3ta, halu\u0161ky at\u010f.).<\/p>\n<h4 data-start=\"434\" data-end=\"449\">Zlo\u017eenie:\u00a0Poh\u00e1nkov\u00e1 m\u00faka (82 %), tapiokov\u00fd \u0161krob, m\u00faka zo \u0161upiek skorocelu indick\u00e9ho (psyllium), so\u013e, kypriaca l\u00e1tka (hydrog\u00e9nuhli\u010ditan sodn\u00fd).<\/h4>\n<h4 data-start=\"592\" data-end=\"624\">Priemern\u00e9 v\u00fd\u017eivov\u00e9 hodnoty<\/h4>\n<div class=\"_tableContainer_1rjym_1\">\n<div class=\"_tableWrapper_1rjym_13 group flex w-fit flex-col-reverse\">\n<table class=\"w-fit min-w-(--thread-content-width)\" data-start=\"626\" data-end=\"1054\">\n<thead data-start=\"626\" data-end=\"692\">\n<tr data-start=\"626\" data-end=\"692\">\n<th data-start=\"626\" data-end=\"630\" data-col-size=\"sm\">\u00a0<\/th>\n<th data-start=\"630\" data-end=\"652\" data-col-size=\"sm\"><strong data-start=\"632\" data-end=\"651\">100 g zmesi m\u00fak<\/strong><\/th>\n<th data-start=\"652\" data-end=\"692\" data-col-size=\"sm\"><strong data-start=\"654\" data-end=\"687\">1 ks hotovej palacinky (77 g)<\/strong>*<\/th>\n<\/tr>\n<\/thead>\n<tbody data-start=\"760\" data-end=\"1054\">\n<tr data-start=\"760\" data-end=\"814\">\n<td data-start=\"760\" data-end=\"770\" data-col-size=\"sm\">Energia<\/td>\n<td data-start=\"770\" data-end=\"791\" data-col-size=\"sm\">1491 kJ \/ 352 kcal<\/td>\n<td data-start=\"791\" data-end=\"814\" data-col-size=\"sm\">637 kJ \/ 151 kcal<\/td>\n<\/tr>\n<tr data-start=\"815\" data-end=\"839\">\n<td data-start=\"815\" data-end=\"822\" data-col-size=\"sm\">Zs\u00edrok<\/td>\n<td data-start=\"822\" data-end=\"828\" data-col-size=\"sm\">2 g<\/td>\n<td data-start=\"828\" data-end=\"839\" data-col-size=\"sm\">1,8 g<\/td>\n<\/tr>\n<tr data-start=\"840\" data-end=\"895\">\n<td data-start=\"840\" data-end=\"876\" data-col-size=\"sm\">\u2013 z toho nas\u00fdten\u00e9 mastn\u00e9 kyseliny<\/td>\n<td data-col-size=\"sm\" data-start=\"876\" data-end=\"884\">0,5 g<\/td>\n<td data-col-size=\"sm\" data-start=\"884\" data-end=\"895\">0,2 g<\/td>\n<\/tr>\n<tr data-start=\"896\" data-end=\"929\">\n<td data-start=\"896\" data-end=\"908\" data-col-size=\"sm\">Sz\u00e9nhidr\u00e1tok<\/td>\n<td data-start=\"908\" data-end=\"917\" data-col-size=\"sm\">70,3 g<\/td>\n<td data-start=\"917\" data-end=\"929\" data-col-size=\"sm\">28,3 g<\/td>\n<\/tr>\n<tr data-start=\"930\" data-end=\"966\">\n<td data-start=\"930\" data-end=\"947\" data-col-size=\"sm\">\u2013 z toho cukry<\/td>\n<td data-col-size=\"sm\" data-start=\"947\" data-end=\"955\">1,4 g<\/td>\n<td data-col-size=\"sm\" data-start=\"955\" data-end=\"966\">0,6 g<\/td>\n<\/tr>\n<tr data-start=\"967\" data-end=\"997\">\n<td data-start=\"967\" data-end=\"978\" data-col-size=\"sm\">Sz\u00e1l<\/td>\n<td data-start=\"978\" data-end=\"986\" data-col-size=\"sm\">6,2 g<\/td>\n<td data-start=\"986\" data-end=\"997\" data-col-size=\"sm\">2,5 g<\/td>\n<\/tr>\n<tr data-start=\"998\" data-end=\"1027\">\n<td data-start=\"998\" data-end=\"1011\" data-col-size=\"sm\">Feh\u00e9rje<\/td>\n<td data-start=\"1011\" data-end=\"1018\" data-col-size=\"sm\">10 g<\/td>\n<td data-start=\"1018\" data-end=\"1027\" data-col-size=\"sm\">4 g<\/td>\n<\/tr>\n<tr data-start=\"1028\" data-end=\"1054\">\n<td data-start=\"1028\" data-end=\"1034\" data-col-size=\"sm\">S\u00f3<\/td>\n<td data-start=\"1034\" data-end=\"1043\" data-col-size=\"sm\">0,79 g<\/td>\n<td data-start=\"1043\" data-end=\"1054\" data-col-size=\"sm\">0,8 g<\/td>\n<\/tr>\n<\/tbody>\n<\/table>\n<\/div>\n<\/div>\n\n\n<p>* Pod\u013ea recept\u00fary uvedenej v n\u00e1vode na pou\u017eitie, pripraven\u00e9 <strong>bez sladidla, iba so so\u013eou<\/strong>.<\/p>\n\n\n\n<p><strong>Nem tartalmaz hozz\u00e1adott cukrot. Csak term\u00e9szetes m\u00f3don el\u0151fordul\u00f3 cukrokat tartalmaz.<\/strong><\/p>\n\n\n\n<p>V\u00fdrobok m\u00f4\u017ee obsahova\u0165 <strong>sezam, hor\u010dicu, zeler, orechy a siri\u010ditany<\/strong>!<\/p>\n\n\n\n<h4 class=\"wp-block-heading\">Recept na palacinky: <br><strong>Zlo\u017eenie (na 1 ks palacinky):<\/strong> <br>40 g zmesi m\u00fak <br>5 g erytritolu (alebo kry\u0161t\u00e1lov\u00e9ho sladidla\/cukru pod\u013ea di\u00e9ty<br>75 g vody<\/h4>\n\n\n\n<p><strong>Postup:<\/strong><\/p>\n\n\n\n<ol class=\"wp-block-list\">\n<li>Rozohrejeme palacinkov\u00fa panvicu.<\/li>\n\n\n\n<li>Odmeriame vodu a prid\u00e1me sladidlo\/cukor.<\/li>\n\n\n\n<li>Prisypeme 40 g zmesi m\u00fak.<\/li>\n\n\n\n<li>R\u00fdchlymi pohybmi vymie\u0161ame ru\u010dnou metli\u010dkou na konzistenciu palacinkov\u00e9ho cesta.\n<ul class=\"wp-block-list\">\n<li><strong>Nepotrebujeme necha\u0165 odpo\u010d\u00edva\u0165!<\/strong><\/li>\n<\/ul>\n<\/li>\n\n\n\n<li>Na olejov\u00fdm sprejom vystriekanej panvici upe\u010dieme ako klasick\u00e9 palacinky.<\/li>\n<\/ol>\n\n\n\n<h4 class=\"wp-block-heading\"><strong>S\u00faly:<\/strong> 1000g<\/h4>\n\n\n\n<p>Sz\u00e1raz helyen t\u00e1rolja.<br><strong>Minim\u00e1lis eltarthat\u00f3s\u00e1gi id\u0151:<\/strong> l\u00e1sd a csomagol\u00e1st.<\/p>\n\n\n\n<p><\/p>","protected":false},"excerpt":{"rendered":"<p>Bezlepkov\u00e9, bezmlie\u010dne, bezvaje\u010dn\u00e9, bezs\u00f3jov\u00e9, bezorechov\u00e9, bezkukuricov\u00e9, bezzemiakov\u00e9, bezry\u017eov\u00e9 tenk\u00e9 palacinky, ktor\u00e9 sa \u013eahko roluj\u00fa. Pri v\u00fdrobe na\u0161ich produktov nepou\u017e\u00edvame \u017eiadne zlo\u017eky \u017eivo\u010d\u00ed\u0161neho p\u00f4vodu, preto je produktov\u00e1 rada Szafi Free garantovane veg\u00e1nska a bez rizika kontamin\u00e1cie. Vysk\u00fa\u0161ajte aj na\u0161e \u010fal\u0161ie produkty Szafi Free (chlieb, pi\u0161k\u00f3ta, halu\u0161ky at\u010f.). Zlo\u017eenie:\u00a0Poh\u00e1nkov\u00e1 m\u00faka (82 %), tapiokov\u00fd \u0161krob, m\u00faka zo \u0161upiek [&hellip;]<\/p>","protected":false},"featured_media":9728,"comment_status":"open","ping_status":"closed","template":"","meta":{"inline_featured_image":false},"product_brand":[],"product_cat":[71],"product_tag":[],"class_list":{"0":"post-9391","1":"product","2":"type-product","3":"status-publish","4":"has-post-thumbnail","6":"product_cat-potraviny","8":"first","9":"instock","10":"taxable","11":"shipping-taxable","12":"purchasable","13":"product-type-simple"},"aioseo_notices":[],"_links":{"self":[{"href":"https:\/\/www.biokari.sk\/hu\/wp-json\/wp\/v2\/product\/9391","targetHints":{"allow":["GET"]}}],"collection":[{"href":"https:\/\/www.biokari.sk\/hu\/wp-json\/wp\/v2\/product"}],"about":[{"href":"https:\/\/www.biokari.sk\/hu\/wp-json\/wp\/v2\/types\/product"}],"replies":[{"embeddable":true,"href":"https:\/\/www.biokari.sk\/hu\/wp-json\/wp\/v2\/comments?post=9391"}],"wp:featuredmedia":[{"embeddable":true,"href":"https:\/\/www.biokari.sk\/hu\/wp-json\/wp\/v2\/media\/9728"}],"wp:attachment":[{"href":"https:\/\/www.biokari.sk\/hu\/wp-json\/wp\/v2\/media?parent=9391"}],"wp:term":[{"taxonomy":"product_brand","embeddable":true,"href":"https:\/\/www.biokari.sk\/hu\/wp-json\/wp\/v2\/product_brand?post=9391"},{"taxonomy":"product_cat","embeddable":true,"href":"https:\/\/www.biokari.sk\/hu\/wp-json\/wp\/v2\/product_cat?post=9391"},{"taxonomy":"product_tag","embeddable":true,"href":"https:\/\/www.biokari.sk\/hu\/wp-json\/wp\/v2\/product_tag?post=9391"}],"curies":[{"name":"wp","href":"https:\/\/api.w.org\/{rel}","templated":true}]}}