{"id":9397,"date":"2025-07-04T10:44:15","date_gmt":"2025-07-04T08:44:15","guid":{"rendered":"https:\/\/www.biokari.sk\/produkt\/balint-cseppek-zlate-kvapky-50ml\/"},"modified":"2026-04-15T19:02:42","modified_gmt":"2026-04-15T17:02:42","slug":"balint-cseppek-zlate-kvapky-50ml","status":"publish","type":"product","link":"https:\/\/www.biokari.sk\/hu\/termek\/balint-cseppek-zlate-kvapky-50ml\/","title":{"rendered":"B\u00e1lint cseppek Golden drops 50ml"},"content":{"rendered":"<p data-start=\"40\" data-end=\"118\"><strong data-start=\"40\" data-end=\"53\">ZLO\u017dENIE: <\/strong>Nosi\u010d (voda a alkohol), prasli\u010dka ro\u013en\u00e1 a zlatoby\u013e oby\u010dajn\u00e1.<\/p>\n<p data-start=\"120\" data-end=\"403\">Prasli\u010dka ro\u013en\u00e1 (Equisetum arvense) obsahuje kyselinu kremi\u010dit\u00fa, zlatoby\u013e oby\u010dajn\u00e1 (Solidago virgaurea L.) obsahuje flavonoidy.<br data-start=\"247\" data-end=\"250\" \/>K vyv\u00e1\u017eenej strave patr\u00ed aj primeran\u00fd pr\u00edjem tekut\u00edn. \u00da\u010dinn\u00e9 l\u00e1tky prasli\u010dky ro\u013enej a zlatobyle oby\u010dajnej m\u00f4\u017eu podporova\u0165 vylu\u010dovaciu funkciu obli\u010diek.<\/p>\n<p data-start=\"405\" data-end=\"508\">Zlatoby\u013e pom\u00e1ha udr\u017eiava\u0165 zdravie mo\u010dov\u00fdch ciest.<br data-start=\"454\" data-end=\"457\" \/>Prasli\u010dka podporuje vylu\u010dovaciu funkciu obli\u010diek.<\/p>\n<p data-start=\"515\" data-end=\"723\"><strong data-start=\"515\" data-end=\"539\">ODPOR\u00da\u010cAN\u00c9 U\u017d\u00cdVANIE: <\/strong>3\u00d7 denne 40 kvapiek pred jedlom, rozpusten\u00fdch v 1 dl \u010distej vody.<br data-start=\"607\" data-end=\"610\" \/>Odpor\u00fa\u010dan\u00fa denn\u00fa d\u00e1vku neprekra\u010dujte! V\u00fd\u017eivov\u00fd doplnok nenahr\u00e1dza vyv\u00e1\u017een\u00fa pestr\u00fa stravu a zdrav\u00fd \u017eivotn\u00fd \u0161t\u00fdl!<\/p>\n<p data-start=\"730\" data-end=\"789\"><strong data-start=\"730\" data-end=\"746\">SKLADOVANIE: <\/strong>Pri izbovej teplote, mimo dosahu det\u00ed!\u00a0<br \/>V produkte sa m\u00f4\u017ee objavi\u0165 usadenina, ktor\u00e1 neovplyv\u0148uje jeho \u00fa\u010dinnos\u0165.<\/p>\n<p data-start=\"871\" data-end=\"985\"><strong data-start=\"871\" data-end=\"912\">\u017dIVINY \/ \u00da\u010cINN\u00c9 L\u00c1TKY V DENNEJ D\u00c1VKE: <\/strong>120 kvapiek obsahuje 1 g prasli\u010dky ro\u013enej a 1 g zlatobyle oby\u010dajnej.<\/p>\n<p data-start=\"871\" data-end=\"985\"><strong>K\u00f6tet:<\/strong> 50ml<\/p>\n\n\n<p><\/p>","protected":false},"excerpt":{"rendered":"<p>ZLO\u017dENIE: Nosi\u010d (voda a alkohol), prasli\u010dka ro\u013en\u00e1 a zlatoby\u013e oby\u010dajn\u00e1. Prasli\u010dka ro\u013en\u00e1 (Equisetum arvense) obsahuje kyselinu kremi\u010dit\u00fa, zlatoby\u013e oby\u010dajn\u00e1 (Solidago virgaurea L.) obsahuje flavonoidy.K vyv\u00e1\u017eenej strave patr\u00ed aj primeran\u00fd pr\u00edjem tekut\u00edn. \u00da\u010dinn\u00e9 l\u00e1tky prasli\u010dky ro\u013enej a zlatobyle oby\u010dajnej m\u00f4\u017eu podporova\u0165 vylu\u010dovaciu funkciu obli\u010diek. Zlatoby\u013e pom\u00e1ha udr\u017eiava\u0165 zdravie mo\u010dov\u00fdch ciest.Prasli\u010dka podporuje vylu\u010dovaciu funkciu obli\u010diek. ODPOR\u00da\u010cAN\u00c9 U\u017d\u00cdVANIE: [&hellip;]<\/p>","protected":false},"featured_media":9719,"comment_status":"open","ping_status":"closed","template":"","meta":{"inline_featured_image":false},"product_brand":[],"product_cat":[69],"product_tag":[],"class_list":{"0":"post-9397","1":"product","2":"type-product","3":"status-publish","4":"has-post-thumbnail","6":"product_cat-vyzivove-doplnky","8":"first","9":"instock","10":"taxable","11":"shipping-taxable","12":"purchasable","13":"product-type-simple"},"aioseo_notices":[],"_links":{"self":[{"href":"https:\/\/www.biokari.sk\/hu\/wp-json\/wp\/v2\/product\/9397","targetHints":{"allow":["GET"]}}],"collection":[{"href":"https:\/\/www.biokari.sk\/hu\/wp-json\/wp\/v2\/product"}],"about":[{"href":"https:\/\/www.biokari.sk\/hu\/wp-json\/wp\/v2\/types\/product"}],"replies":[{"embeddable":true,"href":"https:\/\/www.biokari.sk\/hu\/wp-json\/wp\/v2\/comments?post=9397"}],"wp:featuredmedia":[{"embeddable":true,"href":"https:\/\/www.biokari.sk\/hu\/wp-json\/wp\/v2\/media\/9719"}],"wp:attachment":[{"href":"https:\/\/www.biokari.sk\/hu\/wp-json\/wp\/v2\/media?parent=9397"}],"wp:term":[{"taxonomy":"product_brand","embeddable":true,"href":"https:\/\/www.biokari.sk\/hu\/wp-json\/wp\/v2\/product_brand?post=9397"},{"taxonomy":"product_cat","embeddable":true,"href":"https:\/\/www.biokari.sk\/hu\/wp-json\/wp\/v2\/product_cat?post=9397"},{"taxonomy":"product_tag","embeddable":true,"href":"https:\/\/www.biokari.sk\/hu\/wp-json\/wp\/v2\/product_tag?post=9397"}],"curies":[{"name":"wp","href":"https:\/\/api.w.org\/{rel}","templated":true}]}}