{"id":9405,"date":"2025-07-04T10:44:16","date_gmt":"2025-07-04T08:44:16","guid":{"rendered":"https:\/\/www.biokari.sk\/produkt\/szafi-free-cestoviny-spirala-200g\/"},"modified":"2026-03-05T18:01:14","modified_gmt":"2026-03-05T17:01:14","slug":"szafi-free-cestoviny-spirala-200g","status":"publish","type":"product","link":"https:\/\/www.biokari.sk\/hu\/termek\/szafi-free-cestoviny-spirala-200g\/","title":{"rendered":"Szafi mentes t\u00e9szta - spir\u00e1l 200g"},"content":{"rendered":"<p data-start=\"47\" data-end=\"116\"><strong data-start=\"47\" data-end=\"114\">6-vaje\u010dn\u00e9, so zn\u00ed\u017een\u00fdm obsahom sacharidov, bezlepkov\u00e9 cestoviny<br \/><\/strong>o 46 % zn\u00ed\u017een\u00fd obsah sacharidov<br \/>bohat\u00e9 na vl\u00e1kninu <br \/>Zdroj bielkov\u00edn <br \/>bez lepku <br \/>bez s\u00f3je<\/p>\n<p data-start=\"225\" data-end=\"425\"><strong data-start=\"225\" data-end=\"238\">\u00d6sszet\u00e9tel:<\/strong> tapiokov\u00fd \u0161krob, bambusov\u00e1 vl\u00e1knina, cel\u00e9 tekut\u00e9 vajcia, m\u00faka zo sezamov\u00fdch semien, m\u00faka zo semien skorocelu (psyllium), pitn\u00e1 voda, kokosov\u00e1 m\u00faka, m\u00faka zo sladk\u00fdch zemiakov (bat\u00e1tov).<\/p>\n<p data-start=\"427\" data-end=\"499\">M\u00f4\u017ee obsahova\u0165 stopy zeleru, hor\u010di\u010dn\u00fdch semien, orechov a siri\u010ditanov<\/p>\n<h3 data-start=\"506\" data-end=\"542\"><strong data-start=\"510\" data-end=\"540\">Priemern\u00e1 v\u00fd\u017eivov\u00e1 hodnota<\/strong><\/h3>\n<div class=\"_tableContainer_1rjym_1\">\n<div class=\"_tableWrapper_1rjym_13 group flex w-fit flex-col-reverse\">\n<table class=\"w-fit min-w-(--thread-content-width)\" data-start=\"544\" data-end=\"876\">\n<thead data-start=\"544\" data-end=\"608\">\n<tr data-start=\"544\" data-end=\"608\">\n<th data-start=\"544\" data-end=\"573\" data-col-size=\"sm\"><strong data-start=\"544\" data-end=\"572\">v 100 g such\u00fdch cestov\u00edn<\/strong><\/th>\n<th data-start=\"573\" data-end=\"608\" data-col-size=\"sm\"><strong data-start=\"575\" data-end=\"605\">v 100 g uvaren\u00fdch cestov\u00edn<\/strong>*<\/th>\n<\/tr>\n<\/thead>\n<tbody data-start=\"619\" data-end=\"876\">\n<tr data-start=\"619\" data-end=\"669\">\n<td data-start=\"619\" data-end=\"627\" data-col-size=\"sm\">Energia<\/td>\n<td data-col-size=\"sm\" data-start=\"627\" data-end=\"648\">1359 kJ \/ 326 kcal<\/td>\n<\/tr>\n<tr data-start=\"670\" data-end=\"692\">\n<td data-start=\"670\" data-end=\"675\" data-col-size=\"sm\">Zs\u00edrok<\/td>\n<td data-col-size=\"sm\" data-start=\"675\" data-end=\"683\">6,4 g<\/td>\n<\/tr>\n<tr data-start=\"693\" data-end=\"742\">\n<td data-start=\"693\" data-end=\"725\" data-col-size=\"sm\">z toho nas\u00fdten\u00e9 mastn\u00e9 kyseliny<\/td>\n<td data-col-size=\"sm\" data-start=\"725\" data-end=\"733\">2,3 g<\/td>\n<\/tr>\n<tr data-start=\"743\" data-end=\"768\">\n<td data-start=\"743\" data-end=\"753\" data-col-size=\"sm\">Sz\u00e9nhidr\u00e1tok<\/td>\n<td data-col-size=\"sm\" data-start=\"753\" data-end=\"760\">39 g<\/td>\n<\/tr>\n<tr data-start=\"769\" data-end=\"799\">\n<td data-start=\"769\" data-end=\"782\" data-col-size=\"sm\">z toho cukry<\/td>\n<td data-col-size=\"sm\" data-start=\"782\" data-end=\"790\">1,2 g<\/td>\n<\/tr>\n<tr data-start=\"800\" data-end=\"824\">\n<td data-start=\"800\" data-end=\"809\" data-col-size=\"sm\">Sz\u00e1l<\/td>\n<td data-col-size=\"sm\" data-start=\"809\" data-end=\"816\">34 g<\/td>\n<\/tr>\n<tr data-start=\"825\" data-end=\"852\">\n<td data-start=\"825\" data-end=\"836\" data-col-size=\"sm\">Feh\u00e9rje<\/td>\n<td data-col-size=\"sm\" data-start=\"836\" data-end=\"843\">11 g<\/td>\n<\/tr>\n<tr data-start=\"853\" data-end=\"876\">\n<td data-start=\"853\" data-end=\"857\" data-col-size=\"sm\">S\u00f3<\/td>\n<td data-col-size=\"sm\" data-start=\"857\" data-end=\"866\">0,20 g<\/td>\n<\/tr>\n<\/tbody>\n<\/table>\n<\/div>\n<\/div>\n\n\n<p>So\u013e je obsiahnut\u00e1 v\u00fdlu\u010dne v d\u00f4sledku prirodzene sa vyskytuj\u00faceho sod\u00edka.<br>Obsahuje prirodzene sa vyskytuj\u00face cukry.<\/p>\n\n\n\n<h4 class=\"wp-block-heading\"><strong>N\u00e1vod na pr\u00edpravu:<\/strong> Cestoviny vlo\u017ete do pribli\u017ene desa\u0165n\u00e1sobn\u00e9ho mno\u017estva vriacej osolenej vody a varte 8\u201310 min\u00fat bez pokrievky (\u010das varenia sa m\u00f4\u017ee l\u00ed\u0161i\u0165 v z\u00e1vislosti od sily ohrevu, mno\u017estva cestov\u00edn a ve\u013ekosti hrnca). Po\u010das varenia nieko\u013ekokr\u00e1t premie\u0161ajte a pomocou dierkovanej nabera\u010dky odstr\u00e1\u0148te penu, ktor\u00e1 sa tvor\u00ed. Po uvaren\u00ed cestoviny sce\u010fte a d\u00f4kladne prepl\u00e1chnite studenou vodou.<br><br><strong>Odpor\u00fa\u010danie:<\/strong> Varte vo v\u00e4\u010d\u0161om mno\u017estve vody ne\u017e be\u017en\u00e9 cestoviny. Nenar\u00e1bajte s viac ako 1 balen\u00edm (200 g) naraz, preto\u017ee pena, ktor\u00e1 vznik\u00e1 po\u010das varenia, m\u00f4\u017ee \u013eahko vykypie\u0165. Uveden\u00e9 v\u00fd\u017eivov\u00e9 hodnoty nezah\u0155\u0148aj\u00fa so\u013e, ktorou sa v\u00fdrobok dochucuje pri pr\u00edprave.<\/h4>\n\n\n\n<p><strong>T\u00e1rol\u00e1s:<\/strong> uchov\u00e1vajte na suchom a chladnom mieste. <br><strong>S\u00faly:<\/strong> 200 g<\/p>","protected":false},"excerpt":{"rendered":"<p>6-vaje\u010dn\u00e9, so zn\u00ed\u017een\u00fdm obsahom sacharidov, bezlepkov\u00e9 cestovinyo 46 % zn\u00ed\u017een\u00fd obsah sacharidovbohat\u00e9 na vl\u00e1kninu Zdroj bielkov\u00edn bez lepku bez s\u00f3je Zlo\u017eenie: tapiokov\u00fd \u0161krob, bambusov\u00e1 vl\u00e1knina, cel\u00e9 tekut\u00e9 vajcia, m\u00faka zo sezamov\u00fdch semien, m\u00faka zo semien skorocelu (psyllium), pitn\u00e1 voda, kokosov\u00e1 m\u00faka, m\u00faka zo sladk\u00fdch zemiakov (bat\u00e1tov). M\u00f4\u017ee obsahova\u0165 stopy zeleru, hor\u010di\u010dn\u00fdch semien, orechov a siri\u010ditanov [&hellip;]<\/p>","protected":false},"featured_media":9713,"comment_status":"open","ping_status":"closed","template":"","meta":{"inline_featured_image":false},"product_brand":[],"product_cat":[71,125],"product_tag":[],"class_list":{"0":"post-9405","1":"product","2":"type-product","3":"status-publish","4":"has-post-thumbnail","6":"product_cat-potraviny","7":"product_cat-cestoviny","9":"first","10":"instock","11":"taxable","12":"shipping-taxable","13":"purchasable","14":"product-type-simple"},"aioseo_notices":[],"_links":{"self":[{"href":"https:\/\/www.biokari.sk\/hu\/wp-json\/wp\/v2\/product\/9405","targetHints":{"allow":["GET"]}}],"collection":[{"href":"https:\/\/www.biokari.sk\/hu\/wp-json\/wp\/v2\/product"}],"about":[{"href":"https:\/\/www.biokari.sk\/hu\/wp-json\/wp\/v2\/types\/product"}],"replies":[{"embeddable":true,"href":"https:\/\/www.biokari.sk\/hu\/wp-json\/wp\/v2\/comments?post=9405"}],"wp:featuredmedia":[{"embeddable":true,"href":"https:\/\/www.biokari.sk\/hu\/wp-json\/wp\/v2\/media\/9713"}],"wp:attachment":[{"href":"https:\/\/www.biokari.sk\/hu\/wp-json\/wp\/v2\/media?parent=9405"}],"wp:term":[{"taxonomy":"product_brand","embeddable":true,"href":"https:\/\/www.biokari.sk\/hu\/wp-json\/wp\/v2\/product_brand?post=9405"},{"taxonomy":"product_cat","embeddable":true,"href":"https:\/\/www.biokari.sk\/hu\/wp-json\/wp\/v2\/product_cat?post=9405"},{"taxonomy":"product_tag","embeddable":true,"href":"https:\/\/www.biokari.sk\/hu\/wp-json\/wp\/v2\/product_tag?post=9405"}],"curies":[{"name":"wp","href":"https:\/\/api.w.org\/{rel}","templated":true}]}}