{"id":9407,"date":"2025-07-04T10:44:17","date_gmt":"2025-07-04T08:44:17","guid":{"rendered":"https:\/\/www.biokari.sk\/produkt\/bioco-tabletky-na-klby-120ks\/"},"modified":"2026-05-02T19:01:05","modified_gmt":"2026-05-02T17:01:05","slug":"bioco-tabletky-na-klby-120ks","status":"publish","type":"product","link":"https:\/\/www.biokari.sk\/hu\/termek\/bioco-tabletky-na-klby-120ks\/","title":{"rendered":"Bioco \u00edz\u00fcleti tabletta 120db"},"content":{"rendered":"<p data-start=\"47\" data-end=\"198\"><strong data-start=\"47\" data-end=\"196\">U\u017e\u00edvanie sa odpor\u00fa\u010da v\u0161etk\u00fdm, ktor\u00ed by mali venova\u0165 zv\u00fd\u0161en\u00fa pozornos\u0165 zachovaniu zdravia kostrov\u00e9ho syst\u00e9mu a spr\u00e1vnej funkcii svalov, napr\u00edklad:<br \/><\/strong>osob\u00e1m s nadv\u00e1hou,<br \/>\u0161portovcom,<br \/>lu\u010fom vykon\u00e1vaj\u00facim dlhodob\u00fa stojacu alebo \u0165a\u017ek\u00fa fyzick\u00fa pr\u00e1cu,<br \/>star\u0161\u00edm osob\u00e1m.<\/p>\n<p data-start=\"328\" data-end=\"573\"><strong data-start=\"328\" data-end=\"343\">Adagol\u00e1s:<\/strong> dospel\u00fdm sa odpor\u00fa\u010da u\u017e\u00edva\u0165 3 filmom obalen\u00e9 tablety denne. Tablety sa odpor\u00fa\u010da u\u017e\u00edva\u0165 po\u010das jedla alebo po jedle a zapi\u0165 dostato\u010dn\u00fdm mno\u017estvom tekutiny. V pr\u00edpade \u0165a\u017ekost\u00ed s preh\u013atan\u00edm je mo\u017en\u00e9 tabletu rozdeli\u0165 alebo rozdrvi\u0165.<\/p>\n<h3 data-start=\"580\" data-end=\"602\"><strong data-start=\"584\" data-end=\"600\">\u00da\u010dinn\u00e9 l\u00e1tky<\/strong><\/h3>\n<div class=\"_tableContainer_1rjym_1\">\n<div class=\"_tableWrapper_1rjym_13 group flex w-fit flex-col-reverse\">\n<table class=\"w-fit min-w-(--thread-content-width)\" data-start=\"604\" data-end=\"988\">\n<thead data-start=\"604\" data-end=\"653\">\n<tr data-start=\"604\" data-end=\"653\">\n<th data-start=\"604\" data-end=\"639\" data-col-size=\"sm\"><strong data-start=\"604\" data-end=\"638\">V 3 filmom obalen\u00fdch tablet\u00e1ch<\/strong><\/th>\n<th data-start=\"639\" data-end=\"653\" data-col-size=\"sm\"><strong data-start=\"641\" data-end=\"650\">% NRV<\/strong>*<\/th>\n<\/tr>\n<\/thead>\n<tbody data-start=\"664\" data-end=\"988\">\n<tr data-start=\"664\" data-end=\"691\">\n<td data-start=\"664\" data-end=\"674\" data-col-size=\"sm\">Vitam\u00edn C<\/td>\n<td data-col-size=\"sm\" data-start=\"674\" data-end=\"682\">80 mg<\/td>\n<\/tr>\n<tr data-start=\"692\" data-end=\"720\">\n<td data-start=\"692\" data-end=\"703\" data-col-size=\"sm\">D3-vitamin<\/td>\n<td data-start=\"703\" data-end=\"711\" data-col-size=\"sm\">10 \u03bcg<\/td>\n<\/tr>\n<tr data-start=\"721\" data-end=\"744\">\n<td data-start=\"721\" data-end=\"727\" data-col-size=\"sm\">Zinok<\/td>\n<td data-col-size=\"sm\" data-start=\"727\" data-end=\"735\">10 mg<\/td>\n<\/tr>\n<tr data-start=\"745\" data-end=\"769\">\n<td data-start=\"745\" data-end=\"752\" data-col-size=\"sm\">V\u00e1pnik<\/td>\n<td data-col-size=\"sm\" data-start=\"752\" data-end=\"761\">400 mg<\/td>\n<\/tr>\n<tr data-start=\"770\" data-end=\"793\">\n<td data-start=\"770\" data-end=\"777\" data-col-size=\"sm\">Mang\u00e1n<\/td>\n<td data-col-size=\"sm\" data-start=\"777\" data-end=\"784\">2 mg<\/td>\n<\/tr>\n<tr data-start=\"794\" data-end=\"814\">\n<td data-start=\"794\" data-end=\"798\" data-col-size=\"sm\">Me\u010f<\/td>\n<td data-col-size=\"sm\" data-start=\"798\" data-end=\"805\">1 mg<\/td>\n<\/tr>\n<tr data-start=\"815\" data-end=\"848\">\n<td data-start=\"815\" data-end=\"833\" data-col-size=\"sm\">Glukozam\u00edn-sulf\u00e1t<\/td>\n<td data-col-size=\"sm\" data-start=\"833\" data-end=\"843\">1500 mg<\/td>\n<\/tr>\n<tr data-start=\"849\" data-end=\"888\">\n<td data-start=\"849\" data-end=\"874\" data-col-size=\"sm\">Chondroit\u00edn-sulf\u00e1t sodn\u00fd<\/td>\n<td data-col-size=\"sm\" data-start=\"874\" data-end=\"883\">200 mg<\/td>\n<\/tr>\n<tr data-start=\"889\" data-end=\"917\">\n<td data-start=\"889\" data-end=\"917\" data-col-size=\"sm\">Metyl-sulfonyl-met\u00e1n (MSM)<\/td>\n<td data-col-size=\"sm\">\u00a0<\/td>\n<\/tr>\n<tr data-start=\"918\" data-end=\"941\">\n<td data-start=\"918\" data-end=\"931\" data-col-size=\"sm\">z toho s\u00edra:<\/td>\n<td data-col-size=\"sm\" data-start=\"931\" data-end=\"941\">600 mg<\/td>\n<\/tr>\n<tr data-start=\"942\" data-end=\"954\">\n<td data-start=\"942\" data-end=\"949\" data-col-size=\"sm\">204 mg<\/td>\n<td data-start=\"949\" data-end=\"954\" data-col-size=\"sm\">&#8211;<\/td>\n<\/tr>\n<tr data-start=\"955\" data-end=\"988\">\n<td data-start=\"955\" data-end=\"974\" data-col-size=\"sm\">Kolag\u00e9nov\u00e9 peptidy<\/td>\n<td data-col-size=\"sm\" data-start=\"974\" data-end=\"983\">120 mg<\/td>\n<\/tr>\n<\/tbody>\n<\/table>\n<\/div>\n<\/div>\n\n\n<p>*NRV%: referen\u010dn\u00e1 v\u00fd\u017eivov\u00e1 hodnota pre vitam\u00edny a miner\u00e1lne l\u00e1tky (% denn\u00e9ho pr\u00edjmu pre dospel\u00fdch).<\/p>\n\n\n\n<p><strong>\u00d6sszet\u00e9tel:<\/strong> glukozam\u00edn-sulf\u00e1t-draseln\u00e1 so\u013e kyseliny chlorovod\u00edkovej (poch\u00e1dza z k\u00f4rovcov\/morsk\u00fdch \u017eivo\u010d\u00edchov); uhli\u010ditan v\u00e1penat\u00fd; metyl-sulfonyl-met\u00e1n (MSM); plnidlo (mikrokry\u0161talick\u00e1 celul\u00f3za); povlakov\u00e1 l\u00e1tka (mastn\u00e9 kyseliny, polyvinyl-alkohol, polyetyl\u00e9nglykol); chondroit\u00edn-sulf\u00e1t sodn\u00fd; kolag\u00e9nov\u00e9 peptidy; kyselina L-askorbov\u00e1; farbiv\u00e1 (uhli\u010ditan v\u00e1penat\u00fd, oxidy \u017eeleza); citran zino\u010dnat\u00fd; protihrudkuj\u00faca l\u00e1tka (oxid kremi\u010dit\u00fd); glukon\u00e1t me\u010fnat\u00fd; s\u00edran mang\u00e1nat\u00fd; cholekalciferol.<\/p>\n\n\n\n<p><strong>Figyelmeztet\u00e9s:<\/strong> U\u017e\u00edvanie sa neodpor\u00fa\u010da tehotn\u00fdm a doj\u010diacim \u017een\u00e1m, de\u0165om a osob\u00e1m u\u017e\u00edvaj\u00facim lieky proti zr\u00e1\u017eaniu krvi. V\u00fd\u017eivov\u00fd doplnok nenahr\u00e1dza vyv\u00e1\u017een\u00fa a pestr\u00fa stravu ani zdrav\u00fd \u017eivotn\u00fd \u0161t\u00fdl. Uchov\u00e1vajte mimo dosahu det\u00ed! Odpor\u00fa\u010dan\u00fa denn\u00fa d\u00e1vku neprekra\u010dujte! V\u00fdrobok obsahuje glukozam\u00edn-sulf\u00e1t poch\u00e1dzaj\u00faci z k\u00f4rovcov\/morsk\u00fdch \u017eivo\u010d\u00edchov, preto je jeho u\u017e\u00edvanie pr\u00edsne zak\u00e1zan\u00e9 v pr\u00edpade precitlivenosti alebo alergick\u00fdch reakci\u00ed na k\u00f4rovce, m\u00e4kk\u00fd\u0161e alebo in\u00e9 morsk\u00e9 \u017eivo\u010d\u00edchy!<\/p>\n\n\n\n<p><strong>109,2 g \/ 60<\/strong>ks<br>(60 ks filmom obalen\u00fdch tabliet po 1,82 g)<\/p>\n\n\n\n<p><strong>T\u00e1rol\u00e1s:<\/strong> Uchov\u00e1vajte mimo dosahu det\u00ed, na suchom mieste, chr\u00e1nen\u00e9 pred slne\u010dn\u00fdm \u017eiaren\u00edm, pri izbovej teplote (15\u201325 C)! Uz\u00e1ver obalu v\u017edy starostlivo zatvorte! <br><strong>D\u00e1tum minim\u00e1lnej trvanlivosti (de\u0148, mesiac, rok):<\/strong> vi\u010f na spodnej strane obalu. <br><strong>V\u00fdrobok vyvinut\u00fd a vyroben\u00fd v Ma\u010farsku<\/strong>.<\/p>","protected":false},"excerpt":{"rendered":"<p>U\u017e\u00edvanie sa odpor\u00fa\u010da v\u0161etk\u00fdm, ktor\u00ed by mali venova\u0165 zv\u00fd\u0161en\u00fa pozornos\u0165 zachovaniu zdravia kostrov\u00e9ho syst\u00e9mu a spr\u00e1vnej funkcii svalov, napr\u00edklad:osob\u00e1m s nadv\u00e1hou,\u0161portovcom,lu\u010fom vykon\u00e1vaj\u00facim dlhodob\u00fa stojacu alebo \u0165a\u017ek\u00fa fyzick\u00fa pr\u00e1cu,star\u0161\u00edm osob\u00e1m. D\u00e1vkovanie: dospel\u00fdm sa odpor\u00fa\u010da u\u017e\u00edva\u0165 3 filmom obalen\u00e9 tablety denne. Tablety sa odpor\u00fa\u010da u\u017e\u00edva\u0165 po\u010das jedla alebo po jedle a zapi\u0165 dostato\u010dn\u00fdm mno\u017estvom tekutiny. V pr\u00edpade [&hellip;]<\/p>","protected":false},"featured_media":9710,"comment_status":"open","ping_status":"closed","template":"","meta":{"inline_featured_image":false},"product_brand":[],"product_cat":[69,146],"product_tag":[],"class_list":{"0":"post-9407","1":"product","2":"type-product","3":"status-publish","4":"has-post-thumbnail","6":"product_cat-vyzivove-doplnky","7":"product_cat-klby-a-reuma","9":"first","10":"onbackorder","11":"taxable","12":"shipping-taxable","13":"purchasable","14":"product-type-simple"},"aioseo_notices":[],"_links":{"self":[{"href":"https:\/\/www.biokari.sk\/hu\/wp-json\/wp\/v2\/product\/9407","targetHints":{"allow":["GET"]}}],"collection":[{"href":"https:\/\/www.biokari.sk\/hu\/wp-json\/wp\/v2\/product"}],"about":[{"href":"https:\/\/www.biokari.sk\/hu\/wp-json\/wp\/v2\/types\/product"}],"replies":[{"embeddable":true,"href":"https:\/\/www.biokari.sk\/hu\/wp-json\/wp\/v2\/comments?post=9407"}],"wp:featuredmedia":[{"embeddable":true,"href":"https:\/\/www.biokari.sk\/hu\/wp-json\/wp\/v2\/media\/9710"}],"wp:attachment":[{"href":"https:\/\/www.biokari.sk\/hu\/wp-json\/wp\/v2\/media?parent=9407"}],"wp:term":[{"taxonomy":"product_brand","embeddable":true,"href":"https:\/\/www.biokari.sk\/hu\/wp-json\/wp\/v2\/product_brand?post=9407"},{"taxonomy":"product_cat","embeddable":true,"href":"https:\/\/www.biokari.sk\/hu\/wp-json\/wp\/v2\/product_cat?post=9407"},{"taxonomy":"product_tag","embeddable":true,"href":"https:\/\/www.biokari.sk\/hu\/wp-json\/wp\/v2\/product_tag?post=9407"}],"curies":[{"name":"wp","href":"https:\/\/api.w.org\/{rel}","templated":true}]}}