{"id":9411,"date":"2025-07-04T10:44:18","date_gmt":"2025-07-04T08:44:18","guid":{"rendered":"https:\/\/www.biokari.sk\/produkt\/bioco-vitamin-b-komplex-forte-100ks\/"},"modified":"2026-04-27T19:02:06","modified_gmt":"2026-04-27T17:02:06","slug":"bioco-vitamin-b-komplex-forte-100ks","status":"publish","type":"product","link":"https:\/\/www.biokari.sk\/hu\/termek\/bioco-vitamin-b-komplex-forte-100ks\/","title":{"rendered":"Bioco B-vitamin komplex Forte 100db"},"content":{"rendered":"<p data-start=\"47\" data-end=\"195\">Pr\u00edpravok obsahuje vysok\u00fa d\u00e1vku vitam\u00ednov skupiny B a chol\u00ednu, \u010d\u00edm akt\u00edvne prispieva k pokrytiu potreby vitam\u00ednov skupiny B v na\u0161om organizme.<\/p>\n<p data-start=\"197\" data-end=\"500\">Vitam\u00edn B1 prispieva k spr\u00e1vnej \u010dinnosti srdca, vitam\u00edny B1, B2, B3 a B6 k spr\u00e1vnej \u010dinnosti nervov\u00e9ho syst\u00e9mu, vitam\u00edny B6, B12 a kyselina listov\u00e1 k spr\u00e1vnemu fungovaniu imunitn\u00e9ho syst\u00e9mu. Viacer\u00e9 vitam\u00edny skupiny B prispievaj\u00fa k zn\u00ed\u017eeniu \u00fanavy a vy\u010derpania (B2, B3, B5, B6, B12 a kyselina listov\u00e1).<\/p>\n<p data-start=\"502\" data-end=\"585\"><strong data-start=\"502\" data-end=\"528\">Aj\u00e1nlott adagol\u00e1s:<\/strong> Naponta 1 tabletta elegend\u0151 folyad\u00e9kkal.<\/p>\n<h3 data-start=\"592\" data-end=\"614\"><strong data-start=\"596\" data-end=\"612\">\u00da\u010dinn\u00e9 l\u00e1tky<\/strong><\/h3>\n<div class=\"_tableContainer_1rjym_1\">\n<div class=\"_tableWrapper_1rjym_13 group flex w-fit flex-col-reverse\">\n<table class=\"w-fit min-w-(--thread-content-width)\" data-start=\"616\" data-end=\"1013\">\n<thead data-start=\"616\" data-end=\"646\">\n<tr data-start=\"616\" data-end=\"646\">\n<th data-start=\"616\" data-end=\"632\" data-col-size=\"sm\"><strong data-start=\"616\" data-end=\"631\">V 1 tablete<\/strong><\/th>\n<th data-start=\"632\" data-end=\"646\" data-col-size=\"sm\"><strong data-start=\"634\" data-end=\"643\">% NRV<\/strong>*<\/th>\n<\/tr>\n<\/thead>\n<tbody data-start=\"657\" data-end=\"1013\">\n<tr data-start=\"657\" data-end=\"694\">\n<td data-start=\"657\" data-end=\"677\" data-col-size=\"sm\">Vitam\u00edn B1 (tiam\u00edn)<\/td>\n<td data-col-size=\"sm\" data-start=\"677\" data-end=\"685\">10 mg<\/td>\n<\/tr>\n<tr data-start=\"695\" data-end=\"736\">\n<td data-start=\"695\" data-end=\"719\" data-col-size=\"sm\">Vitam\u00edn B2 (riboflav\u00edn)<\/td>\n<td data-col-size=\"sm\" data-start=\"719\" data-end=\"727\">10 mg<\/td>\n<\/tr>\n<tr data-start=\"737\" data-end=\"774\">\n<td data-start=\"737\" data-end=\"757\" data-col-size=\"sm\">Vitam\u00edn B3 (niac\u00edn)<\/td>\n<td data-col-size=\"sm\" data-start=\"757\" data-end=\"765\">30 mg<\/td>\n<\/tr>\n<tr data-start=\"775\" data-end=\"824\">\n<td data-start=\"775\" data-end=\"809\" data-col-size=\"sm\">Vitam\u00edn B5 (kyselina pantot\u00e9nov\u00e1)<\/td>\n<td data-col-size=\"sm\" data-start=\"809\" data-end=\"817\">30 mg<\/td>\n<\/tr>\n<tr data-start=\"825\" data-end=\"864\">\n<td data-start=\"825\" data-end=\"848\" data-col-size=\"sm\">Vitam\u00edn B6 (pyridox\u00edn)<\/td>\n<td data-col-size=\"sm\" data-start=\"848\" data-end=\"855\">6 mg<\/td>\n<\/tr>\n<tr data-start=\"865\" data-end=\"909\">\n<td data-start=\"865\" data-end=\"894\" data-col-size=\"sm\">Vitam\u00edn B12 (kyanokobalam\u00edn)<\/td>\n<td data-col-size=\"sm\" data-start=\"894\" data-end=\"902\">10 \u00b5g<\/td>\n<\/tr>\n<tr data-start=\"910\" data-end=\"956\">\n<td data-start=\"910\" data-end=\"940\" data-col-size=\"sm\">Kyselina listov\u00e1 (vitam\u00edn B9)<\/td>\n<td data-col-size=\"sm\" data-start=\"940\" data-end=\"949\">400 \u00b5g<\/td>\n<\/tr>\n<tr data-start=\"957\" data-end=\"992\">\n<td data-start=\"957\" data-end=\"977\" data-col-size=\"sm\">Biot\u00edn (vitam\u00edn B7)<\/td>\n<td data-col-size=\"sm\" data-start=\"977\" data-end=\"985\">50 \u00b5g<\/td>\n<\/tr>\n<tr data-start=\"993\" data-end=\"1013\">\n<td data-start=\"993\" data-end=\"1000\" data-col-size=\"sm\">Chol\u00edn<\/td>\n<td data-col-size=\"sm\" data-start=\"1000\" data-end=\"1008\">25 mg<\/td>\n<\/tr>\n<\/tbody>\n<\/table>\n<\/div>\n<\/div>\n\n\n<p>*NRV%: Referen\u010dn\u00e1 v\u00fd\u017eivov\u00e1 hodnota pre vitam\u00edny a miner\u00e1lne l\u00e1tky (% denn\u00e9ho pr\u00edjmu pre dospel\u00fdch).<\/p>\n\n\n\n<p><strong>\u00d6sszet\u00e9tel:<\/strong> plnidlo (mikrokry\u0161talick\u00e1 celul\u00f3za); maltodextr\u00edn; chol\u00edn-bitartar\u00e1t; v\u00e1penat\u00e1 so\u013e kyseliny D-pantot\u00e9novej; povlakov\u00e1 l\u00e1tka (kyselina stearov\u00e1); protihrudkuj\u00face l\u00e1tky (mastenc, oxid kremi\u010dit\u00fd); nikot\u00ednamid; tiam\u00edn-mononitr\u00e1t; riboflav\u00edn; pyridox\u00edn-hydrochlorid; kyselina listov\u00e1 (pteroilmonoglut\u00e1mov\u00e1 kyselina); D-biot\u00edn; kyanokobalam\u00edn.<\/p>\n\n\n\n<p><strong>Csomag s\u00falya:<\/strong> 90g \/ 100ks<br><strong>T\u00e1rol\u00e1s:<\/strong> Uchov\u00e1vajte mimo dosahu det\u00ed, na suchom mieste, chr\u00e1nen\u00e9 pred slne\u010dn\u00fdm \u017eiaren\u00edm, pri teplote do 25 \u00b0C!<br><strong>D\u00e1tum minim\u00e1lnej trvanlivosti (de\u0148, mesiac, rok):<\/strong> vi\u010f na spodnej strane obalu.<br><strong>Figyelmeztet\u00e9s:<\/strong> V\u00fd\u017eivov\u00fd doplnok nenahr\u00e1dza vyv\u00e1\u017een\u00fa, pestr\u00fa stravu a zdrav\u00fd \u017eivotn\u00fd \u0161t\u00fdl. Uchov\u00e1vajte mimo dosahu det\u00ed! Odpor\u00fa\u010dan\u00fa denn\u00fa d\u00e1vku neprekra\u010dujte! Neu\u017e\u00edvajte pr\u00edpravok, ak ste precitliven\u00fd alebo alergick\u00fd na ktor\u00fako\u013evek zo zlo\u017eiek!<\/p>","protected":false},"excerpt":{"rendered":"<p>Pr\u00edpravok obsahuje vysok\u00fa d\u00e1vku vitam\u00ednov skupiny B a chol\u00ednu, \u010d\u00edm akt\u00edvne prispieva k pokrytiu potreby vitam\u00ednov skupiny B v na\u0161om organizme. Vitam\u00edn B1 prispieva k spr\u00e1vnej \u010dinnosti srdca, vitam\u00edny B1, B2, B3 a B6 k spr\u00e1vnej \u010dinnosti nervov\u00e9ho syst\u00e9mu, vitam\u00edny B6, B12 a kyselina listov\u00e1 k spr\u00e1vnemu fungovaniu imunitn\u00e9ho syst\u00e9mu. Viacer\u00e9 vitam\u00edny skupiny B prispievaj\u00fa [&hellip;]<\/p>","protected":false},"featured_media":9707,"comment_status":"open","ping_status":"closed","template":"","meta":{"inline_featured_image":false},"product_brand":[],"product_cat":[69,140],"product_tag":[],"class_list":{"0":"post-9411","1":"product","2":"type-product","3":"status-publish","4":"has-post-thumbnail","6":"product_cat-vyzivove-doplnky","7":"product_cat-posilnenie-imunity","9":"first","10":"instock","11":"taxable","12":"shipping-taxable","13":"purchasable","14":"product-type-simple"},"aioseo_notices":[],"_links":{"self":[{"href":"https:\/\/www.biokari.sk\/hu\/wp-json\/wp\/v2\/product\/9411","targetHints":{"allow":["GET"]}}],"collection":[{"href":"https:\/\/www.biokari.sk\/hu\/wp-json\/wp\/v2\/product"}],"about":[{"href":"https:\/\/www.biokari.sk\/hu\/wp-json\/wp\/v2\/types\/product"}],"replies":[{"embeddable":true,"href":"https:\/\/www.biokari.sk\/hu\/wp-json\/wp\/v2\/comments?post=9411"}],"wp:featuredmedia":[{"embeddable":true,"href":"https:\/\/www.biokari.sk\/hu\/wp-json\/wp\/v2\/media\/9707"}],"wp:attachment":[{"href":"https:\/\/www.biokari.sk\/hu\/wp-json\/wp\/v2\/media?parent=9411"}],"wp:term":[{"taxonomy":"product_brand","embeddable":true,"href":"https:\/\/www.biokari.sk\/hu\/wp-json\/wp\/v2\/product_brand?post=9411"},{"taxonomy":"product_cat","embeddable":true,"href":"https:\/\/www.biokari.sk\/hu\/wp-json\/wp\/v2\/product_cat?post=9411"},{"taxonomy":"product_tag","embeddable":true,"href":"https:\/\/www.biokari.sk\/hu\/wp-json\/wp\/v2\/product_tag?post=9411"}],"curies":[{"name":"wp","href":"https:\/\/api.w.org\/{rel}","templated":true}]}}