{"id":9427,"date":"2025-07-04T10:44:20","date_gmt":"2025-07-04T08:44:20","guid":{"rendered":"https:\/\/www.biokari.sk\/produkt\/balint-cseppek-olej-z-cierneho-rasca-kapsuly-50ks\/"},"modified":"2026-05-03T19:01:37","modified_gmt":"2026-05-03T17:01:37","slug":"balint-cseppek-olej-z-cierneho-rasca-kapsuly-50ks","status":"publish","type":"product","link":"https:\/\/www.biokari.sk\/hu\/termek\/balint-cseppek-fekete-komenyolaj-kapszula-50db\/","title":{"rendered":"B\u00e1lint cseppek Fekete k\u00f6m\u00e9ny olaj kapszula 50db"},"content":{"rendered":"<p data-start=\"82\" data-end=\"271\">A fekete k\u00f6m\u00e9nyolaj \u00e9vezredek \u00f3ta ismert, \u00e9s a n\u00e9pi gy\u00f3gy\u00e1szatban nagyra \u00e9rt\u00e9kelik. Term\u00e9szetes antibiotikumk\u00e9nt hat, gyullad\u00e1scs\u00f6kkent\u0151, gyullad\u00e1sg\u00e1tl\u00f3 \u00e9s immuner\u0151s\u00edt\u0151 hat\u00e1s\u00fa. A feketek\u00f6m\u00e9nyolaj kapszula hat\u00e9kony seg\u00edts\u00e9g lehet \u00e1ltal\u00e1nos gyenges\u00e9g, gyullad\u00e1sok, b\u0151rprobl\u00e9m\u00e1k, n\u0151i betegs\u00e9gek, megf\u00e1z\u00e1s, fejf\u00e1j\u00e1s \u00e9s puffad\u00e1s eset\u00e9n. Term\u00e9szetes gy\u00f3gyszerk\u00e9nt haszn\u00e1lj\u00e1k parazit\u00e1k ellen, az anyatej termel\u00e9s\u00e9nek el\u0151seg\u00edt\u00e9s\u00e9re, valamint v\u00e9rnyom\u00e1scs\u00f6kkent\u0151 \u00e9s g\u00f6rcsold\u00f3 hat\u00e1sa is lehet. A feketek\u00f6m\u00e9nyolaj sz\u00e1mos \u00e1sv\u00e1nyi anyagot \u00e9s aminosavat tartalmaz, amelyek er\u0151s\u00edthetik az immunrendszert. K\u00fcl\u00f6n\u00f6sen gazdag rostokban, valamint arginint \u00e9s karotint is tartalmaz, amelyek a szervezetben A-vitaminn\u00e1 alakulnak \u00e1t. Az olajban tal\u00e1lhat\u00f3 tel\u00edtetlen zs\u00edrsavak mell\u00e9khat\u00e1sok n\u00e9lk\u00fcl enyh\u00edthetik a gyullad\u00e1sos folyamatokat a b\u0151rben, a belekben, az \u00edz\u00fcletekben \u00e9s az idegrendszerben.<\/p>\n<p data-start=\"984\" data-end=\"1013\"><strong data-start=\"984\" data-end=\"1013\">Hat\u00f3anyagok 1 kapszul\u00e1ban:\u00a0 <\/strong>Fekete k\u00f6m\u00e9nyolaj - 580 mg<\/p>\n<p data-start=\"1048\" data-end=\"1061\"><strong data-start=\"1048\" data-end=\"1061\">\u00d6sszet\u00e9tel:\u00a0<\/strong>100 % Hidegen sajtolt fekete k\u00f6m\u00e9nyolaj (Nigella sativa), kapszula (zselatin, v\u00edz).<\/p>\n<p data-start=\"1155\" data-end=\"1181\"><strong data-start=\"1155\" data-end=\"1181\">Aj\u00e1nlott adagol\u00e1s:\u00a0<\/strong>Napi 1 kapszula.<\/p>\n<p data-start=\"1155\" data-end=\"1181\"><strong>Minim\u00e1lis eltarthat\u00f3s\u00e1gi id\u0151:<\/strong> l\u00e1sd a csomagol\u00e1st.<br \/>\n<strong>Mennyis\u00e9g:<\/strong> 50db<br \/>\n<strong>T\u00e1rol\u00e1s:<\/strong> Sz\u00e1raz helyen t\u00e1rolja. Gyermekek el\u0151l elz\u00e1rva.<\/p>","protected":false},"excerpt":{"rendered":"<p>Olej z \u010diernej rasce je zn\u00e1my u\u017e tis\u00edce rokov a v \u013eudovom lie\u010dite\u013estve je vysoko cenen\u00fd. P\u00f4sob\u00ed ako pr\u00edrodn\u00e9 antibiotikum, m\u00e1 protiz\u00e1palov\u00e9, protinad\u00favacie a imunitu posil\u0148uj\u00face \u00fa\u010dinky.\u00a0Kapsuly s olejom z \u010diernej rasce m\u00f4\u017eu by\u0165 \u00fa\u010dinnou pomocou pri v\u0161eobecnej slabosti, z\u00e1paloch, ko\u017en\u00fdch probl\u00e9moch, \u017eensk\u00fdch \u0165a\u017ekostiach, nachladnut\u00ed, bolestiach hlavy a nad\u00favan\u00ed.\u00a0Pou\u017e\u00edvaj\u00fa sa tie\u017e ako pr\u00edrodn\u00e9 prostriedky proti [&hellip;]<\/p>","protected":false},"featured_media":9689,"comment_status":"open","ping_status":"closed","template":"","meta":{"inline_featured_image":false},"product_brand":[],"product_cat":[69,140],"product_tag":[],"class_list":{"0":"post-9427","1":"product","2":"type-product","3":"status-publish","4":"has-post-thumbnail","6":"product_cat-vyzivove-doplnky","7":"product_cat-posilnenie-imunity","9":"first","10":"instock","11":"taxable","12":"shipping-taxable","13":"purchasable","14":"product-type-simple"},"aioseo_notices":[],"_links":{"self":[{"href":"https:\/\/www.biokari.sk\/hu\/wp-json\/wp\/v2\/product\/9427","targetHints":{"allow":["GET"]}}],"collection":[{"href":"https:\/\/www.biokari.sk\/hu\/wp-json\/wp\/v2\/product"}],"about":[{"href":"https:\/\/www.biokari.sk\/hu\/wp-json\/wp\/v2\/types\/product"}],"replies":[{"embeddable":true,"href":"https:\/\/www.biokari.sk\/hu\/wp-json\/wp\/v2\/comments?post=9427"}],"wp:featuredmedia":[{"embeddable":true,"href":"https:\/\/www.biokari.sk\/hu\/wp-json\/wp\/v2\/media\/9689"}],"wp:attachment":[{"href":"https:\/\/www.biokari.sk\/hu\/wp-json\/wp\/v2\/media?parent=9427"}],"wp:term":[{"taxonomy":"product_brand","embeddable":true,"href":"https:\/\/www.biokari.sk\/hu\/wp-json\/wp\/v2\/product_brand?post=9427"},{"taxonomy":"product_cat","embeddable":true,"href":"https:\/\/www.biokari.sk\/hu\/wp-json\/wp\/v2\/product_cat?post=9427"},{"taxonomy":"product_tag","embeddable":true,"href":"https:\/\/www.biokari.sk\/hu\/wp-json\/wp\/v2\/product_tag?post=9427"}],"curies":[{"name":"wp","href":"https:\/\/api.w.org\/{rel}","templated":true}]}}