{"id":9431,"date":"2025-07-04T10:44:21","date_gmt":"2025-07-04T08:44:21","guid":{"rendered":"https:\/\/www.biokari.sk\/produkt\/balint-cseppek-vrbovka-malokveta-kvapky-30ml\/"},"modified":"2026-04-13T19:01:55","modified_gmt":"2026-04-13T17:01:55","slug":"balint-cseppek-vrbovka-malokveta-kvapky-30ml","status":"publish","type":"product","link":"https:\/\/www.biokari.sk\/hu\/termek\/balint-cseppek-vrbovka-malokveta-kvapky-30ml\/","title":{"rendered":"Cseppek B\u00e1lint Gy\u00f6ngyvir\u00e1g csepp 30ml"},"content":{"rendered":"<p data-start=\"59\" data-end=\"469\">\u00da\u010dinky v\u0155bovky malokvetej na prostatu potvrdzuje nielen \u013eudov\u00e1 m\u00fadros\u0165, ale aj modern\u00e1 medic\u00edna. Od 40. roku \u017eivota sa odpor\u00fa\u010da ka\u017ed\u00e9mu mu\u017eovi. Jej u\u017e\u00edvanie zni\u017euje po\u010det no\u010dn\u00fdch n\u00e1v\u0161tev toalety, \u010d\u00edm umo\u017e\u0148uje pokojn\u00fd sp\u00e1nok. Zvy\u0161uje aj mno\u017estvo vyl\u00fa\u010den\u00e9ho mo\u010du. V\u010faka protiz\u00e1palov\u00fdm \u00fa\u010dinkom je vynikaj\u00faca aj pri z\u00e1pale mo\u010dov\u00e9ho mech\u00fara a poruch\u00e1ch jeho funkcie \u2013 odpor\u00fa\u010da sa aj \u017een\u00e1m pri t\u00fdchto probl\u00e9moch.<\/p>\n<p data-start=\"471\" data-end=\"527\"><strong data-start=\"471\" data-end=\"484\">\u00d6sszet\u00e9tel:<\/strong> nosi\u010d (voda a alkohol), v\u0155bovka malokvet\u00e1.<\/p>\n<p data-start=\"529\" data-end=\"578\"><strong data-start=\"529\" data-end=\"578\">V\u00fd\u017eivov\u00e9 l\u00e1tky\/akt\u00edvne zlo\u017eky v dennej d\u00e1vke:<\/strong><\/p>\n<p data-start=\"580\" data-end=\"631\">V 24 kvapk\u00e1ch sa nach\u00e1dza 72 mg v\u0155bovky malokvetej.<\/p>\n<p data-start=\"633\" data-end=\"692\"><strong data-start=\"633\" data-end=\"692\">Pou\u017eitie kvapiek s v\u0155bovkou malokvetou \u2013 B\u00e1lint kvapky:\u00a0<\/strong>K\u00fara (1 k\u00fara trv\u00e1 pribli\u017ene 3 t\u00fd\u017edne), vn\u00fatorn\u00e9 u\u017e\u00edvanie \u2013 r\u00e1no nala\u010dno 12 kvapiek a ve\u010der 12 kvapiek rozrieden\u00fdch v 1 dl vody.<\/p>\n<p data-start=\"823\" data-end=\"857\"><strong data-start=\"823\" data-end=\"857\">Nevhodn\u00e9 pre deti do 14 rokov!<br \/>\nMinim\u00e1lis eltarthat\u00f3s\u00e1gi id\u0151:<\/strong>l\u00e1sd a csomagol\u00e1st.<strong data-start=\"823\" data-end=\"857\"><br \/>\nObjem: 3<\/strong>0ml<br \/>\n<strong>T\u00e1rol\u00e1s: <\/strong>Sz\u00e1raz helyen t\u00e1rolja. Gyermekek el\u0151l elz\u00e1rva.<strong data-start=\"823\" data-end=\"857\"><br \/>\n<\/strong><\/p>","protected":false},"excerpt":{"rendered":"<p>R\u00f6vid le\u00edr\u00e1s:<br \/>\nBylinn\u00fd v\u00fd\u017eivov\u00fd doplnok s obsahom vrbovky malokvetej (Epilobium parviflorum), ktor\u00e1 sa tradi\u010dne pou\u017e\u00edva na podporu zdravia prostaty, mo\u010dov\u00fdch ciest a mu\u017esk\u00e9ho urogenit\u00e1lneho syst\u00e9mu.<\/p>\n<p>\u00d6sszet\u00e9tel:<br \/>\nAlkoholov\u00fd extrakt z v\u0148ate vrbovky malokvetej (Epilobium parviflorum), \u010disten\u00e1 voda, etanol&#8230; <a class=\"more-link\" href=\"#tab-description\">B\u0151vebben<\/a><\/p>","protected":false},"featured_media":9688,"comment_status":"open","ping_status":"closed","template":"","meta":{"inline_featured_image":false},"product_brand":[],"product_cat":[69],"product_tag":[],"class_list":{"0":"post-9431","1":"product","2":"type-product","3":"status-publish","4":"has-post-thumbnail","6":"product_cat-vyzivove-doplnky","8":"first","9":"instock","10":"taxable","11":"shipping-taxable","12":"purchasable","13":"product-type-simple"},"aioseo_notices":[],"_links":{"self":[{"href":"https:\/\/www.biokari.sk\/hu\/wp-json\/wp\/v2\/product\/9431","targetHints":{"allow":["GET"]}}],"collection":[{"href":"https:\/\/www.biokari.sk\/hu\/wp-json\/wp\/v2\/product"}],"about":[{"href":"https:\/\/www.biokari.sk\/hu\/wp-json\/wp\/v2\/types\/product"}],"replies":[{"embeddable":true,"href":"https:\/\/www.biokari.sk\/hu\/wp-json\/wp\/v2\/comments?post=9431"}],"wp:featuredmedia":[{"embeddable":true,"href":"https:\/\/www.biokari.sk\/hu\/wp-json\/wp\/v2\/media\/9688"}],"wp:attachment":[{"href":"https:\/\/www.biokari.sk\/hu\/wp-json\/wp\/v2\/media?parent=9431"}],"wp:term":[{"taxonomy":"product_brand","embeddable":true,"href":"https:\/\/www.biokari.sk\/hu\/wp-json\/wp\/v2\/product_brand?post=9431"},{"taxonomy":"product_cat","embeddable":true,"href":"https:\/\/www.biokari.sk\/hu\/wp-json\/wp\/v2\/product_cat?post=9431"},{"taxonomy":"product_tag","embeddable":true,"href":"https:\/\/www.biokari.sk\/hu\/wp-json\/wp\/v2\/product_tag?post=9431"}],"curies":[{"name":"wp","href":"https:\/\/api.w.org\/{rel}","templated":true}]}}