{"id":9433,"date":"2025-07-04T10:44:21","date_gmt":"2025-07-04T08:44:21","guid":{"rendered":"https:\/\/www.biokari.sk\/produkt\/mikro-biom-24-kapsuly-30ks\/"},"modified":"2026-05-02T19:01:06","modified_gmt":"2026-05-02T17:01:06","slug":"mikro-biom-24-kapsuly-30ks","status":"publish","type":"product","link":"https:\/\/www.biokari.sk\/hu\/termek\/micro-biom-24-kapszula-30db\/","title":{"rendered":"Micro Biom 24 kapszula 30db"},"content":{"rendered":"<p>Fedezze fel a b\u00e9l mikrofl\u00f3ra t\u00e1mogat\u00e1s\u00e1nak \u00faj szintj\u00e9t a MikroBiom 24 kapszul\u00e1val! Ez az innovat\u00edv term\u00e9k 24 gondosan kiv\u00e1lasztott bakt\u00e9riumt\u00f6rzset \u00e9s butir\u00e1tot tartalmaz, hogy seg\u00edtsen helyre\u00e1ll\u00edtani \u00e9s fenntartani a b\u00e9lfl\u00f3ra egyens\u00faly\u00e1t. Minden napi adag 30 milli\u00e1rd \u00e9l\u0151 kult\u00far\u00e1t biztos\u00edt az immunrendszer er\u0151s\u00edt\u00e9se \u00e9s az em\u00e9szt\u00e9s t\u00e1mogat\u00e1sa \u00e9rdek\u00e9ben. A sav\u00e1ll\u00f3 kapszula technol\u00f3gia biztos\u00edtja, hogy a j\u00f3t\u00e9kony bakt\u00e9riumok \u00e9ps\u00e9gben jussanak el a b\u00e9lrendszerbe, ahol kifejthetik j\u00f3t\u00e9kony hat\u00e1sukat. Ne hagyja, hogy a modern \u00e9letm\u00f3d kih\u00edv\u00e1sai felbor\u00edts\u00e1k b\u00e9lfl\u00f3r\u00e1ja egyens\u00faly\u00e1t - v\u00e1lassza a MikroBiom 24-et, \u00e9s t\u00e1mogassa szervezete term\u00e9szetes v\u00e9dekez\u0151k\u00e9pess\u00e9g\u00e9t!<\/p>\n<p><strong>\u00d6sszet\u00e9tel:<\/strong> N\u00e1trium-butir\u00e1t, mikrokrist\u00e1lyos cellul\u00f3z, Saccharomyces boulardii, Lactobacillus lactis, Bifidobacterium longum, Lactobacillus acidophilus, Lactobacillus crispatus, Lactobacillus salivarius, Lactobacillus fermentum, Bifidobacterium bifidum, Bifidobacterium adolescentis, Bifidobacterium infantis, Bacillus clausii, Lactobacillus reuteri, Lactobacillus gasseri, Pediococcus acidilactici, Lactococcus lactis sp. cremoris, Lactobacillus rhamnosus GG, Bifidobacterium lactis, Bifidobacterium breve, Bacillus subtilis, Leuconostoc mesenteroides, Pediococcus pentosaceus, Lactobacillus plantarum, Lactobacillus paracasei, Streptococcus thermophilus.<\/p>\n<p><strong>Nincs tartalom:<\/strong> hozz\u00e1adott cukor, glut\u00e9n, lakt\u00f3z, tart\u00f3s\u00edt\u00f3szerek. Alkalmas veg\u00e1nok sz\u00e1m\u00e1ra.<\/p>\n<p><strong>Aj\u00e1nlott adagol\u00e1s:<\/strong> Napi 1 kapszula \u00e9tkez\u00e9s k\u00f6zben vagy ut\u00e1n, b\u0151 folyad\u00e9kkal.<\/p>\n<p>Ne l\u00e9pje t\u00fal az aj\u00e1nlott napi adagot.<br \/>\nSz\u00e1raz helyen t\u00e1rolja.<br \/>\n<strong>Minim\u00e1lis eltarthat\u00f3s\u00e1gi id\u0151:<\/strong> l\u00e1sd a csomagol\u00e1st.<\/p>\n<p><strong>Mennyis\u00e9g:<\/strong> 30db<\/p>","protected":false},"excerpt":{"rendered":"<p>Objav nov\u00fa \u00farove\u0148 podpory \u010drevnej mikrofl\u00f3ry s v\u00fd\u017eivov\u00fdm doplnkom MikroBiom 24 kaps\u00fal! Tento inovat\u00edvny pr\u00edpravok obsahuje 24 starostlivo vybran\u00fdch bakteri\u00e1lnych kme\u0148ov a butyr\u00e1t, ktor\u00e9 pom\u00e1haj\u00fa obnovi\u0165 a udr\u017eiava\u0165 rovnov\u00e1hu \u010drevnej fl\u00f3ry. Ka\u017ed\u00e1 denn\u00e1 d\u00e1vka poskytuje 30 mili\u00e1rd \u017eiv\u00fdch kult\u00far, \u010d\u00edm posil\u0148uje imunitn\u00fd syst\u00e9m a podporuje tr\u00e1venie. Technol\u00f3gia kyselinovzdorn\u00fdch kaps\u00fal zaru\u010duje, \u017ee prospe\u0161n\u00e9 bakt\u00e9rie sa dostan\u00fa [&hellip;]<\/p>","protected":false},"featured_media":9505,"comment_status":"open","ping_status":"closed","template":"","meta":{"inline_featured_image":false},"product_brand":[],"product_cat":[69,140,143],"product_tag":[],"class_list":{"0":"post-9433","1":"product","2":"type-product","3":"status-publish","4":"has-post-thumbnail","6":"product_cat-vyzivove-doplnky","7":"product_cat-posilnenie-imunity","8":"product_cat-zaludok-a-crevna-cinnost","10":"first","11":"instock","12":"taxable","13":"shipping-taxable","14":"purchasable","15":"product-type-simple"},"aioseo_notices":[],"_links":{"self":[{"href":"https:\/\/www.biokari.sk\/hu\/wp-json\/wp\/v2\/product\/9433","targetHints":{"allow":["GET"]}}],"collection":[{"href":"https:\/\/www.biokari.sk\/hu\/wp-json\/wp\/v2\/product"}],"about":[{"href":"https:\/\/www.biokari.sk\/hu\/wp-json\/wp\/v2\/types\/product"}],"replies":[{"embeddable":true,"href":"https:\/\/www.biokari.sk\/hu\/wp-json\/wp\/v2\/comments?post=9433"}],"wp:featuredmedia":[{"embeddable":true,"href":"https:\/\/www.biokari.sk\/hu\/wp-json\/wp\/v2\/media\/9505"}],"wp:attachment":[{"href":"https:\/\/www.biokari.sk\/hu\/wp-json\/wp\/v2\/media?parent=9433"}],"wp:term":[{"taxonomy":"product_brand","embeddable":true,"href":"https:\/\/www.biokari.sk\/hu\/wp-json\/wp\/v2\/product_brand?post=9433"},{"taxonomy":"product_cat","embeddable":true,"href":"https:\/\/www.biokari.sk\/hu\/wp-json\/wp\/v2\/product_cat?post=9433"},{"taxonomy":"product_tag","embeddable":true,"href":"https:\/\/www.biokari.sk\/hu\/wp-json\/wp\/v2\/product_tag?post=9433"}],"curies":[{"name":"wp","href":"https:\/\/api.w.org\/{rel}","templated":true}]}}