{"id":9435,"date":"2025-07-04T10:44:22","date_gmt":"2025-07-04T08:44:22","guid":{"rendered":"https:\/\/www.biokari.sk\/produkt\/bioco-vitain-c-tabletky-1500mg-100ks\/"},"modified":"2026-04-27T19:02:08","modified_gmt":"2026-04-27T17:02:08","slug":"bioco-vitain-c-tabletky-1500mg-100ks","status":"publish","type":"product","link":"https:\/\/www.biokari.sk\/hu\/termek\/bioco-vitain-c-tabletta-1500mg-100db\/","title":{"rendered":"Bioco Vitain C tabletta 1500mg 100 db"},"content":{"rendered":"<p data-start=\"199\" data-end=\"540\">A BioCo MEGA C-vitamin 1500 mg RETARD fokozatosan felszabadul\u00f3 C-vitamint tartalmaz, amely hossz\u00fa t\u00e1von biztos\u00edtja a szervezet sz\u00e1m\u00e1ra sz\u00fcks\u00e9ges vitaminmennyis\u00e9get. A rendszeres C-vitamin-p\u00f3tl\u00e1s rendk\u00edv\u00fcl fontos, mivel az emberi szervezet nem k\u00e9pes saj\u00e1t maga el\u0151\u00e1ll\u00edtani vagy t\u00e1rolni a C-vitamint - a felesleges C-vitamin gyorsan kiv\u00e1laszt\u00f3dik.<\/p>\n<p data-start=\"542\" data-end=\"760\">A C-vitamin hozz\u00e1j\u00e1rul az immunrendszer norm\u00e1lis m\u0171k\u00f6d\u00e9s\u00e9hez, seg\u00edt cs\u00f6kkenteni a f\u00e1radts\u00e1got \u00e9s a kimer\u00fclts\u00e9get, el\u0151seg\u00edti a vas felsz\u00edv\u00f3d\u00e1s\u00e1t. Serkenti a kollag\u00e9ntermel\u00e9st, amely elengedhetetlen az erek, a porcok \u00e9s a b\u0151r rugalmass\u00e1g\u00e1hoz.<\/p>\n<p data-start=\"762\" data-end=\"973\">Er\u0151s antioxid\u00e1nsk\u00e9nt semleges\u00edti a sejtk\u00e1ros\u00edt\u00f3 szabad gy\u00f6k\u00f6ket. Betegs\u00e9g idej\u00e9n, m\u0171t\u00e9t ut\u00e1n vagy v\u00e9rz\u00e9ses \u00e1llapotokban aj\u00e1nlott a magasabb C-vitamin-bevitel, mivel el\u0151seg\u00edtheti a gyorsabb fel\u00e9p\u00fcl\u00e9st.<\/p>\n<p data-start=\"975\" data-end=\"1167\">A tablett\u00e1k a k\u00f6nnyebb lenyel\u00e9s \u00e9rdek\u00e9ben \u00faj, sz\u00ednez\u00e9kmentes bevonattal vannak bevonva. Glut\u00e9nmentes, lakt\u00f3zmentes, veg\u00e1nok sz\u00e1m\u00e1ra is alkalmas. A nagy csal\u00e1di csomag 100 filmtablett\u00e1t tartalmaz.<\/p>\n<p data-start=\"1169\" data-end=\"1252\"><strong data-start=\"1169\" data-end=\"1195\">Aj\u00e1nlott adagol\u00e1s: <\/strong>Naponta 1 tabletta elegend\u0151 folyad\u00e9kkal.<\/p>\n<p data-start=\"1254\" data-end=\"1281\"><strong data-start=\"1254\" data-end=\"1279\">\u00d6sszetev\u0151k 1 tablett\u00e1ban:\u00a0<br \/><\/strong>C-vitamin: 1500 mg (1875 % RVH*)<br \/>Csipkebogy\u00f3 kivonat: 20 mg<br \/>*RVH - Dietary Reference Value for Adults (\u00e9trendi referencia\u00e9rt\u00e9k feln\u0151ttek sz\u00e1m\u00e1ra)<\/p>\n<p data-start=\"1398\" data-end=\"1660\"><strong data-start=\"1398\" data-end=\"1411\">\u00d6sszet\u00e9tel: <\/strong>L-aszkorbinsav; t\u00f6lt\u0151anyagok (hidroxipropil-metilcellul\u00f3z, mikrokrist\u00e1lyos cellul\u00f3z); pol\u00edroz\u00f3szerek (zs\u00edrsavak, polivinil-alkohol, polietil\u00e9nglikol); csipkebogy\u00f3 kivonat (20 mg\/tabletta); csom\u00f3sod\u00e1sg\u00e1tl\u00f3 anyagok (zs\u00edrsavak magn\u00e9ziums\u00f3i).<\/p>\n\n\n<p><strong>Mennyis\u00e9g:<\/strong> 100db<br><strong>Minim\u00e1lis eltarthat\u00f3s\u00e1gi id\u0151:<\/strong> l\u00e1sd a csomagol\u00e1st.<br><strong>T\u00e1rol\u00e1s:<\/strong> Sz\u00e1raz helyen t\u00e1rolja. Gyermekek el\u0151l elz\u00e1rva.<\/p>\n\n\n\n<p><\/p>","protected":false},"excerpt":{"rendered":"<p>BioCo MEGA C-vitamin 1500 mg RETARD obsahuje vitam\u00edn C s postupn\u00fdm uvo\u013e\u0148ovan\u00edm, ktor\u00fd dlhodobo zabezpe\u010duje pr\u00edsun potrebn\u00e9ho mno\u017estva vitam\u00ednu pre organizmus. Pravideln\u00e9 dop\u013a\u0148anie vitam\u00ednu C je mimoriadne d\u00f4le\u017eit\u00e9, preto\u017ee si ho \u013eudsk\u00e9 telo nedok\u00e1\u017ee samo vytv\u00e1ra\u0165 ani uklada\u0165 \u2013 jeho prebytok sa r\u00fdchlo vylu\u010duje. Vitam\u00edn C prispieva k norm\u00e1lnemu fungovaniu imunitn\u00e9ho syst\u00e9mu, pom\u00e1ha zni\u017eova\u0165 \u00fanavu [&hellip;]<\/p>","protected":false},"featured_media":9481,"comment_status":"open","ping_status":"closed","template":"","meta":{"inline_featured_image":false},"product_brand":[],"product_cat":[69,140],"product_tag":[],"class_list":{"0":"post-9435","1":"product","2":"type-product","3":"status-publish","4":"has-post-thumbnail","6":"product_cat-vyzivove-doplnky","7":"product_cat-posilnenie-imunity","9":"first","10":"instock","11":"taxable","12":"shipping-taxable","13":"purchasable","14":"product-type-simple"},"aioseo_notices":[],"_links":{"self":[{"href":"https:\/\/www.biokari.sk\/hu\/wp-json\/wp\/v2\/product\/9435","targetHints":{"allow":["GET"]}}],"collection":[{"href":"https:\/\/www.biokari.sk\/hu\/wp-json\/wp\/v2\/product"}],"about":[{"href":"https:\/\/www.biokari.sk\/hu\/wp-json\/wp\/v2\/types\/product"}],"replies":[{"embeddable":true,"href":"https:\/\/www.biokari.sk\/hu\/wp-json\/wp\/v2\/comments?post=9435"}],"wp:featuredmedia":[{"embeddable":true,"href":"https:\/\/www.biokari.sk\/hu\/wp-json\/wp\/v2\/media\/9481"}],"wp:attachment":[{"href":"https:\/\/www.biokari.sk\/hu\/wp-json\/wp\/v2\/media?parent=9435"}],"wp:term":[{"taxonomy":"product_brand","embeddable":true,"href":"https:\/\/www.biokari.sk\/hu\/wp-json\/wp\/v2\/product_brand?post=9435"},{"taxonomy":"product_cat","embeddable":true,"href":"https:\/\/www.biokari.sk\/hu\/wp-json\/wp\/v2\/product_cat?post=9435"},{"taxonomy":"product_tag","embeddable":true,"href":"https:\/\/www.biokari.sk\/hu\/wp-json\/wp\/v2\/product_tag?post=9435"}],"curies":[{"name":"wp","href":"https:\/\/api.w.org\/{rel}","templated":true}]}}