{"id":9437,"date":"2025-07-04T10:44:22","date_gmt":"2025-07-04T08:44:22","guid":{"rendered":"https:\/\/www.biokari.sk\/produkt\/balint-cseppek-plucnik-lekarsky-sirup-150ml\/"},"modified":"2026-01-27T08:41:52","modified_gmt":"2026-01-27T07:41:52","slug":"balint-cseppek-plucnik-lekarsky-sirup-150ml","status":"publish","type":"product","link":"https:\/\/www.biokari.sk\/hu\/termek\/balint-cseppek-plucnik-gyogyszirup-150ml\/","title":{"rendered":"B\u00e1lint cseppek Mullein szirup 150ml"},"content":{"rendered":"<p data-start=\"239\" data-end=\"468\">A T\u00fcd\u0151szirup egy foly\u00e9kony \u00e9trend-kieg\u00e9sz\u00edt\u0151 nyolc gy\u00f3gyn\u00f6v\u00e9ny \u00e9s az alma kivonat\u00e1val. Szed\u00e9se seg\u00edthet a fels\u0151 l\u00e9gutak eg\u00e9szs\u00e9g\u00e9nek meg\u0151rz\u00e9s\u00e9ben \u00e9s az immunrendszer megfelel\u0151 m\u0171k\u00f6d\u00e9s\u00e9ben.<\/p>\n<p data-start=\"470\" data-end=\"495\"><strong data-start=\"470\" data-end=\"493\">Tartalmazott gy\u00f3gyn\u00f6v\u00e9nyek:\u00a0<\/strong>tymian, islandsk\u00fd li\u0161ajn\u00edk, rebr\u00ed\u010dek oby\u010dajn\u00fd, prasli\u010dka ro\u013en\u00e1, skorocel, \u0161alvia lek\u00e1rska, list slezu bieleho, kvet divozela ve\u013ekokvet\u00e9ho<\/p>\n<p data-start=\"669\" data-end=\"764\"><strong data-start=\"669\" data-end=\"695\">Aj\u00e1nlott adagol\u00e1s: <\/strong>2 \u00d7 naponta 3,5 ml \u00e9tkez\u00e9s ut\u00e1n.<br data-start=\"724\" data-end=\"727\" \/>Ne l\u00e9pje t\u00fal az aj\u00e1nlott napi adagot!<\/p>\n<p data-start=\"766\" data-end=\"944\"><strong data-start=\"766\" data-end=\"779\">\u00d6sszet\u00e9tel: <\/strong>Koncentr\u00e1t jablkovej \u0161\u0165avy (47 %), rastlinn\u00fd glycer\u00edn, voda, alkohol, tymian, islandsk\u00fd li\u0161ajn\u00edk, rebr\u00ed\u010dek, prasli\u010dka, skorocel, \u0161alvia, list slezu, kvet divozela.<\/p>\n<p data-start=\"946\" data-end=\"987\"><strong data-start=\"946\" data-end=\"985\">Hat\u00f3anyagok napi adagban (7 ml):\u00a0<\/strong>tymian: 9 mg, islandsk\u00fd li\u0161ajn\u00edk: 7,6 mg, rebr\u00ed\u010dek: 6,7 mg, prasli\u010dka: 6,7 mg, skorocel: 6,7 mg, \u0161alvia: 6,7 mg, slez biely (list): 6,7 mg, divozel (kvet): 6,7 mg<\/p>\n<p data-start=\"946\" data-end=\"987\"><strong>K\u00f6tet:<\/strong> 150ml<br \/>\nSz\u00e1raz helyen t\u00e1rolja.<br \/>\n<strong>Minim\u00e1lis eltarthat\u00f3s\u00e1gi id\u0151:<\/strong> l\u00e1sd a csomagol\u00e1st.<\/p>","protected":false},"excerpt":{"rendered":"<p>Sirup na p\u013e\u00faca je tekut\u00fd v\u00fd\u017eivov\u00fd doplnok s extraktmi z \u00f4smich lie\u010div\u00fdch rastl\u00edn a jablkom. Jeho u\u017e\u00edvanie m\u00f4\u017ee prispie\u0165 k udr\u017eaniu zdravia horn\u00fdch d\u00fdchac\u00edch ciest a k spr\u00e1vnemu fungovaniu imunitn\u00e9ho syst\u00e9mu. Obsiahnut\u00e9 bylinky:\u00a0tymian, islandsk\u00fd li\u0161ajn\u00edk, rebr\u00ed\u010dek oby\u010dajn\u00fd, prasli\u010dka ro\u013en\u00e1, skorocel, \u0161alvia lek\u00e1rska, list slezu bieleho, kvet divozela ve\u013ekokvet\u00e9ho Odpor\u00fa\u010dan\u00e9 d\u00e1vkovanie: 2 \u00d7 denne 3,5 ml [&hellip;]<\/p>","protected":false},"featured_media":9683,"comment_status":"open","ping_status":"closed","template":"","meta":{"inline_featured_image":false},"product_brand":[],"product_cat":[69,144,140],"product_tag":[],"class_list":{"0":"post-9437","1":"product","2":"type-product","3":"status-publish","4":"has-post-thumbnail","6":"product_cat-vyzivove-doplnky","7":"product_cat-dychacie-cesty","8":"product_cat-posilnenie-imunity","10":"first","11":"instock","12":"taxable","13":"shipping-taxable","14":"purchasable","15":"product-type-simple"},"aioseo_notices":[],"_links":{"self":[{"href":"https:\/\/www.biokari.sk\/hu\/wp-json\/wp\/v2\/product\/9437","targetHints":{"allow":["GET"]}}],"collection":[{"href":"https:\/\/www.biokari.sk\/hu\/wp-json\/wp\/v2\/product"}],"about":[{"href":"https:\/\/www.biokari.sk\/hu\/wp-json\/wp\/v2\/types\/product"}],"replies":[{"embeddable":true,"href":"https:\/\/www.biokari.sk\/hu\/wp-json\/wp\/v2\/comments?post=9437"}],"wp:featuredmedia":[{"embeddable":true,"href":"https:\/\/www.biokari.sk\/hu\/wp-json\/wp\/v2\/media\/9683"}],"wp:attachment":[{"href":"https:\/\/www.biokari.sk\/hu\/wp-json\/wp\/v2\/media?parent=9437"}],"wp:term":[{"taxonomy":"product_brand","embeddable":true,"href":"https:\/\/www.biokari.sk\/hu\/wp-json\/wp\/v2\/product_brand?post=9437"},{"taxonomy":"product_cat","embeddable":true,"href":"https:\/\/www.biokari.sk\/hu\/wp-json\/wp\/v2\/product_cat?post=9437"},{"taxonomy":"product_tag","embeddable":true,"href":"https:\/\/www.biokari.sk\/hu\/wp-json\/wp\/v2\/product_tag?post=9437"}],"curies":[{"name":"wp","href":"https:\/\/api.w.org\/{rel}","templated":true}]}}