{"id":9441,"date":"2025-07-04T10:44:23","date_gmt":"2025-07-04T08:44:23","guid":{"rendered":"https:\/\/www.biokari.sk\/produkt\/bioco-skoricove-koprove-kapsuly-60ks\/"},"modified":"2026-04-30T19:01:24","modified_gmt":"2026-04-30T17:01:24","slug":"bioco-skoricove-koprove-kapsuly-60ks","status":"publish","type":"product","link":"https:\/\/www.biokari.sk\/hu\/termek\/bioco-kapor-kapszula-60db\/","title":{"rendered":"Bioco Fah\u00e9jas kapor kapszula 60db"},"content":{"rendered":"<p data-start=\"172\" data-end=\"569\">A BioCo Cinnamon Extract tabletta fah\u00e9j kivonatot, kapormag kivonatot \u00e9s kr\u00f3mot tartalmaz. A kr\u00f3m fontos szerepet j\u00e1tszik a norm\u00e1l v\u00e9rcukorszint fenntart\u00e1s\u00e1ban. Mivel az emberi szervezet nem k\u00e9pes saj\u00e1t maga el\u0151\u00e1ll\u00edtani, p\u00f3tl\u00e1sa elengedhetetlen. A kr\u00f3mhi\u00e1ny ingadoz\u00f3 cukorszintben, gyakori \u00e9hs\u00e9g\u00e9rzetben, koncentr\u00e1ci\u00f3- \u00e9s mem\u00f3riazavarban nyilv\u00e1nulhat meg.<\/p>\n<p data-start=\"571\" data-end=\"886\">A fah\u00e9jban \u00e9s a kapormagban tal\u00e1lhat\u00f3 n\u00f6v\u00e9nyi vegy\u00fcletek kedvez\u0151en befoly\u00e1solj\u00e1k a v\u00e9rcukorszintet, cs\u00f6kkentik az \u00e9tv\u00e1gyat \u00e9s az \u00e9dess\u00e9g ut\u00e1ni s\u00f3v\u00e1rg\u00e1st, fokozz\u00e1k az anyagcser\u00e9t \u00e9s a zs\u00edr\u00e9get\u00e9st. Seg\u00edtenek az em\u00e9szt\u00e9si probl\u00e9m\u00e1kon is, mint p\u00e9ld\u00e1ul a telts\u00e9g\u00e9rzet, a puffad\u00e1s, a hasi f\u00e1jdalom, a h\u00e1nyinger vagy a tart\u00f3s hasmen\u00e9s.<\/p>\n<p data-start=\"888\" data-end=\"1044\">A kapormag kiv\u00e1l\u00f3 term\u00e9szetes m\u00e9regtelen\u00edt\u0151 is - el\u0151seg\u00edti a felhalmoz\u00f3dott szennyez\u0151d\u00e9sek elt\u00e1vol\u00edt\u00e1s\u00e1t \u00e9s enyh\u00edti a szervezetben a v\u00edzvisszatart\u00e1st.<\/p>\n<p data-start=\"1046\" data-end=\"1212\">Egy tabletta kivonatainak tartalma 1500 mg sz\u00e1r\u00edtott fah\u00e9jnak \u00e9s 1000 mg sz\u00e1r\u00edtott kapormagnak felel meg. A term\u00e9k nem tartalmaz \u00e1llati eredet\u0171 \u00f6sszetev\u0151ket, veg\u00e1nok sz\u00e1m\u00e1ra is alkalmas.<\/p>\n<p data-start=\"1214\" data-end=\"1297\"><strong data-start=\"1214\" data-end=\"1240\">Aj\u00e1nlott adagol\u00e1s:<\/strong><br data-start=\"1240\" data-end=\"1243\" \/>Naponta 1 tabletta elegend\u0151 folyad\u00e9kkal.<\/p>\n<p data-start=\"1299\" data-end=\"1326\"><strong data-start=\"1299\" data-end=\"1324\">\u00d6sszetev\u0151k 1 tablett\u00e1ban:<\/strong><\/p>\n<ul data-start=\"1327\" data-end=\"1427\">\n<li data-start=\"1327\" data-end=\"1357\">\n<p data-start=\"1329\" data-end=\"1357\">Kr\u00f3m: 120 \u03bcg (300 % RVH*)<\/p>\n<\/li>\n<li data-start=\"1358\" data-end=\"1388\">\n<p data-start=\"1360\" data-end=\"1388\">Fah\u00e9j kivonat: 150 mg<\/p>\n<\/li>\n<li data-start=\"1389\" data-end=\"1427\">\n<p data-start=\"1391\" data-end=\"1427\">Kapormag kivonat: 100 mg<\/p>\n<\/li>\n<\/ul>\n<p data-start=\"1429\" data-end=\"1477\">*RVH - T\u00e1pl\u00e1lkoz\u00e1si referencia\u00e9rt\u00e9k feln\u0151ttek sz\u00e1m\u00e1ra<\/p>\n<p data-start=\"1479\" data-end=\"1730\"><strong data-start=\"1479\" data-end=\"1490\">\u00d6sszetev\u0151k:<\/strong><br data-start=\"1490\" data-end=\"1493\" \/>T\u00f6lt\u0151anyag (mikrokrist\u00e1lyos cellul\u00f3z), maltodextrin, fah\u00e9jkivonat (150 mg\/tabletta), kapormagkivonat (100 mg\/tabletta), f\u00e9nyez\u0151anyagok (zs\u00edrsavak), csom\u00f3sod\u00e1sg\u00e1tl\u00f3 anyagok (talkum, szil\u00edcium-dioxid), kr\u00f3m(III)-pikolin\u00e1t.<\/p>\n\n\n<p><\/p>","protected":false},"excerpt":{"rendered":"<p>Tablety BioCo \u0160koricov\u00fd extrakt obsahuj\u00fa extrakt zo \u0161korice, extrakt z k\u00f4prov\u00e9ho semena a chr\u00f3m. Chr\u00f3m zohr\u00e1va d\u00f4le\u017eit\u00fa \u00falohu pri udr\u017eiavan\u00ed norm\u00e1lnej hladiny cukru v krvi. Ke\u010f\u017ee si ho \u013eudsk\u00e9 telo nedok\u00e1\u017ee samo vytv\u00e1ra\u0165, jeho dop\u013a\u0148anie je nevyhnutn\u00e9. Nedostatok chr\u00f3mu sa m\u00f4\u017ee prejavova\u0165 kol\u00edsan\u00edm hladiny cukru, \u010dast\u00fdm pocitom hladu, poruchami koncentr\u00e1cie a pam\u00e4ti. Rastlinn\u00e9 zl\u00fa\u010deniny obsiahnut\u00e9 [&hellip;]<\/p>","protected":false},"featured_media":9476,"comment_status":"open","ping_status":"closed","template":"","meta":{"inline_featured_image":false},"product_brand":[],"product_cat":[69,147,140],"product_tag":[],"class_list":{"0":"post-9441","1":"product","2":"type-product","3":"status-publish","4":"has-post-thumbnail","6":"product_cat-vyzivove-doplnky","7":"product_cat-pre-diabetikov","8":"product_cat-posilnenie-imunity","10":"first","11":"instock","12":"taxable","13":"shipping-taxable","14":"purchasable","15":"product-type-simple"},"aioseo_notices":[],"_links":{"self":[{"href":"https:\/\/www.biokari.sk\/hu\/wp-json\/wp\/v2\/product\/9441","targetHints":{"allow":["GET"]}}],"collection":[{"href":"https:\/\/www.biokari.sk\/hu\/wp-json\/wp\/v2\/product"}],"about":[{"href":"https:\/\/www.biokari.sk\/hu\/wp-json\/wp\/v2\/types\/product"}],"replies":[{"embeddable":true,"href":"https:\/\/www.biokari.sk\/hu\/wp-json\/wp\/v2\/comments?post=9441"}],"wp:featuredmedia":[{"embeddable":true,"href":"https:\/\/www.biokari.sk\/hu\/wp-json\/wp\/v2\/media\/9476"}],"wp:attachment":[{"href":"https:\/\/www.biokari.sk\/hu\/wp-json\/wp\/v2\/media?parent=9441"}],"wp:term":[{"taxonomy":"product_brand","embeddable":true,"href":"https:\/\/www.biokari.sk\/hu\/wp-json\/wp\/v2\/product_brand?post=9441"},{"taxonomy":"product_cat","embeddable":true,"href":"https:\/\/www.biokari.sk\/hu\/wp-json\/wp\/v2\/product_cat?post=9441"},{"taxonomy":"product_tag","embeddable":true,"href":"https:\/\/www.biokari.sk\/hu\/wp-json\/wp\/v2\/product_tag?post=9441"}],"curies":[{"name":"wp","href":"https:\/\/api.w.org\/{rel}","templated":true}]}}