{"id":9445,"date":"2025-07-04T10:44:24","date_gmt":"2025-07-04T08:44:24","guid":{"rendered":"https:\/\/www.biokari.sk\/produkt\/bioco-vitamin-c-tabletky-1000mg-100ks\/"},"modified":"2026-05-04T19:03:10","modified_gmt":"2026-05-04T17:03:10","slug":"bioco-vitamin-c-tabletky-1000mg-100ks","status":"publish","type":"product","link":"https:\/\/www.biokari.sk\/hu\/termek\/bioco-c-vitamin-tabletta-1000mg-100db\/","title":{"rendered":"Bioco C-vitamin tabletta 1000mg 100db"},"content":{"rendered":"<p data-start=\"195\" data-end=\"491\"><br data-start=\"222\" data-end=\"225\" \/>A C-vitamin fokozatos felszabadul\u00e1s\u00e1val rendelkez\u0151 \u00e9trend-kieg\u00e9sz\u00edt\u0151, amely biztos\u00edtja a szervezet hossz\u00fa t\u00e1v\u00fa ell\u00e1t\u00e1s\u00e1t. A k\u00e9sz\u00edtm\u00e9ny hat\u00e9konys\u00e1g\u00e1t csipkebogy\u00f3-kivonattal gazdag\u00edtottuk, amely kiv\u00e1l\u00f3 term\u00e9szetes C-vitamin-forr\u00e1s, \u00e9s seg\u00edti a vitaminok jobb felsz\u00edv\u00f3d\u00e1s\u00e1t \u00e9s felhaszn\u00e1l\u00e1s\u00e1t a szervezetben.\u00a0<\/p>\n<p data-start=\"493\" data-end=\"723\">Az emberi szervezet nem k\u00e9pes C-vitamint el\u0151\u00e1ll\u00edtani vagy t\u00e1rolni, ez\u00e9rt fontos, hogy rendszeresen p\u00f3toljuk - k\u00fcl\u00f6n\u00f6sen betegs\u00e9g, terhess\u00e9g, szoptat\u00e1s, hormon\u00e1lis fogamz\u00e1sg\u00e1tl\u00f3k szed\u00e9se, illetve fokozott szellemi vagy fizikai stressz eset\u00e9n.<\/p>\n<p data-start=\"943\" data-end=\"1000\"><strong data-start=\"943\" data-end=\"1000\">Mikor aj\u00e1nlott a BioCo Csipkebogy\u00f3 RETARD C-vitamin szed\u00e9se?<\/strong><\/p>\n<ul data-start=\"1002\" data-end=\"1542\">\n<li data-start=\"1002\" data-end=\"1060\">\n<p data-start=\"1004\" data-end=\"1060\">a C-vitamin napi p\u00f3tl\u00e1s\u00e1ra, m\u00e9g a megn\u00f6vekedett sz\u00fcks\u00e9glet ellen\u00e9re is.<\/p>\n<\/li>\n<li data-start=\"1061\" data-end=\"1115\">\n<p data-start=\"1063\" data-end=\"1115\">az immunrendszer megfelel\u0151 m\u0171k\u00f6d\u00e9s\u00e9nek t\u00e1mogat\u00e1s\u00e1ra<\/p>\n<\/li>\n<li data-start=\"1116\" data-end=\"1168\">\n<p data-start=\"1118\" data-end=\"1168\">a fert\u0151z\u00e9sekkel \u00e9s betegs\u00e9gekkel szembeni ellen\u00e1ll\u00f3 k\u00e9pess\u00e9g n\u00f6vel\u00e9se<\/p>\n<\/li>\n<li data-start=\"1169\" data-end=\"1213\">\n<p data-start=\"1171\" data-end=\"1213\">a betegs\u00e9gek alatti fel\u00e9p\u00fcl\u00e9s felgyors\u00edt\u00e1sa<\/p>\n<\/li>\n<li data-start=\"1214\" data-end=\"1248\">\n<p data-start=\"1216\" data-end=\"1248\">a f\u00e1radts\u00e1g \u00e9s kimer\u00fclts\u00e9g cs\u00f6kkent\u00e9se<\/p>\n<\/li>\n<li data-start=\"1249\" data-end=\"1293\">\n<p data-start=\"1251\" data-end=\"1293\">a sejtek v\u00e9delme az oxidat\u00edv stresszel szemben<\/p>\n<\/li>\n<li data-start=\"1294\" data-end=\"1347\">\n<p data-start=\"1296\" data-end=\"1347\">az idegrendszer megfelel\u0151 m\u0171k\u00f6d\u00e9s\u00e9nek t\u00e1mogat\u00e1sa<\/p>\n<\/li>\n<li data-start=\"1348\" data-end=\"1395\">\n<p data-start=\"1350\" data-end=\"1395\">a sz\u00edv \u00e9s az \u00e9rrendszer eg\u00e9szs\u00e9g\u00e9nek t\u00e1mogat\u00e1s\u00e1ra<\/p>\n<\/li>\n<li data-start=\"1396\" data-end=\"1453\">\n<p data-start=\"1398\" data-end=\"1453\">az \u00edz\u00fcletek, szalagok, porcok \u00e9s \u00edny eg\u00e9szs\u00e9g\u00e9nek meg\u0151rz\u00e9se \u00e9rdek\u00e9ben<\/p>\n<\/li>\n<li data-start=\"1454\" data-end=\"1514\">\n<p data-start=\"1456\" data-end=\"1514\">a sz\u00e9p \u00e9s er\u0151s b\u0151r, haj \u00e9s k\u00f6r\u00f6m fenntart\u00e1sa \u00e9rdek\u00e9ben<\/p>\n<\/li>\n<li data-start=\"1515\" data-end=\"1542\">\n<p data-start=\"1517\" data-end=\"1542\">rendszeres doh\u00e1nyz\u00e1s eset\u00e9n<\/p>\n<\/li>\n<\/ul>\n<p data-start=\"1544\" data-end=\"1725\"><strong data-start=\"1544\" data-end=\"1570\">Aj\u00e1nlott adagol\u00e1s: <\/strong>Naponta 1 filmtabletta, elegend\u0151 folyad\u00e9kkal.<br data-start=\"1642\" data-end=\"1645\" \/>Nyel\u00e9si neh\u00e9zs\u00e9gek eset\u00e9n a tabletta az elv\u00e1laszt\u00f3 vonal ment\u00e9n kett\u00e9oszthat\u00f3.<\/p>\n<p data-start=\"1727\" data-end=\"1754\"><strong data-start=\"1727\" data-end=\"1752\">\u00d6sszetev\u0151k 1 tablett\u00e1ban:<br \/><\/strong>C-vitamin: 1000 mg (1250 % RVH*) <br \/>Csipkebogy\u00f3 kivonat: 20 mg<br \/>*RVH - T\u00e1pl\u00e1lkoz\u00e1si referencia\u00e9rt\u00e9k feln\u0151ttek sz\u00e1m\u00e1ra<\/p>\n<p data-start=\"1871\" data-end=\"2131\"><strong data-start=\"1871\" data-end=\"1882\">\u00d6sszet\u00e9tel: <\/strong>L-aszkorbinsav; t\u00f6lt\u0151anyagok (mikrokrist\u00e1lyos cellul\u00f3z, hidroxipropil-metilcellul\u00f3z); pol\u00edroz\u00f3szerek (zs\u00edrsavak, polivinil-alkohol, polietil\u00e9nglikol); csipkebogy\u00f3 kivonat (20 mg\/tabletta); csom\u00f3sod\u00e1sg\u00e1tl\u00f3k (zs\u00edrsavak magn\u00e9ziums\u00f3i).<\/p>\n<p data-start=\"2135\" data-end=\"2183\">Nincs fest\u00e9k! Tit\u00e1ndioxid mentes!<\/p>\n\n\n<p><strong>Minim\u00e1lis eltarthat\u00f3s\u00e1gi id\u0151:<\/strong> l\u00e1sd a csomagol\u00e1st.<br><strong>Mennyis\u00e9g:<\/strong> 100db<br><strong>T\u00e1rol\u00e1s:<\/strong> Sz\u00e1raz helyen t\u00e1rolja. Gyermekek el\u0151l elz\u00e1rva.<\/p>\n\n\n\n<p><\/p>","protected":false},"excerpt":{"rendered":"<p>V\u00fd\u017eivov\u00fd doplnok s postupn\u00fdm uvo\u013e\u0148ovan\u00edm vitam\u00ednu C, ktor\u00fd dlhodobo zabezpe\u010duje jeho pr\u00edsun pre organizmus. \u00da\u010dinnos\u0165 pr\u00edpravku je obohaten\u00e1 o extrakt zo \u0161\u00edpky, ktor\u00fd je v\u00fdborn\u00fdm pr\u00edrodn\u00fdm zdrojom vitam\u00ednu C a pom\u00e1ha lep\u0161iemu vstreb\u00e1vaniu a vyu\u017eitiu vitam\u00ednov v tele.\u00a0 \u013dudsk\u00e9 telo si vitam\u00edn C nedok\u00e1\u017ee vytv\u00e1ra\u0165 ani uklada\u0165, preto je d\u00f4le\u017eit\u00e9 jeho pravideln\u00e9 dop\u013a\u0148anie \u2013 najm\u00e4 [&hellip;]<\/p>","protected":false},"featured_media":9686,"comment_status":"open","ping_status":"closed","template":"","meta":{"inline_featured_image":false},"product_brand":[],"product_cat":[69,140],"product_tag":[],"class_list":{"0":"post-9445","1":"product","2":"type-product","3":"status-publish","4":"has-post-thumbnail","6":"product_cat-vyzivove-doplnky","7":"product_cat-posilnenie-imunity","9":"first","10":"instock","11":"taxable","12":"shipping-taxable","13":"purchasable","14":"product-type-simple"},"aioseo_notices":[],"_links":{"self":[{"href":"https:\/\/www.biokari.sk\/hu\/wp-json\/wp\/v2\/product\/9445","targetHints":{"allow":["GET"]}}],"collection":[{"href":"https:\/\/www.biokari.sk\/hu\/wp-json\/wp\/v2\/product"}],"about":[{"href":"https:\/\/www.biokari.sk\/hu\/wp-json\/wp\/v2\/types\/product"}],"replies":[{"embeddable":true,"href":"https:\/\/www.biokari.sk\/hu\/wp-json\/wp\/v2\/comments?post=9445"}],"wp:featuredmedia":[{"embeddable":true,"href":"https:\/\/www.biokari.sk\/hu\/wp-json\/wp\/v2\/media\/9686"}],"wp:attachment":[{"href":"https:\/\/www.biokari.sk\/hu\/wp-json\/wp\/v2\/media?parent=9445"}],"wp:term":[{"taxonomy":"product_brand","embeddable":true,"href":"https:\/\/www.biokari.sk\/hu\/wp-json\/wp\/v2\/product_brand?post=9445"},{"taxonomy":"product_cat","embeddable":true,"href":"https:\/\/www.biokari.sk\/hu\/wp-json\/wp\/v2\/product_cat?post=9445"},{"taxonomy":"product_tag","embeddable":true,"href":"https:\/\/www.biokari.sk\/hu\/wp-json\/wp\/v2\/product_tag?post=9445"}],"curies":[{"name":"wp","href":"https:\/\/api.w.org\/{rel}","templated":true}]}}