{"id":9447,"date":"2025-07-04T10:44:24","date_gmt":"2025-07-04T08:44:24","guid":{"rendered":"https:\/\/www.biokari.sk\/produkt\/balint-cseppek-virulitas-kvapky-50ml\/"},"modified":"2026-03-17T18:01:41","modified_gmt":"2026-03-17T17:01:41","slug":"balint-cseppek-virulitas-kvapky-50ml","status":"publish","type":"product","link":"https:\/\/www.biokari.sk\/hu\/termek\/balint-cseppek-virulitas-kvapky-50ml\/","title":{"rendered":"B\u00e1lint cseppek Virulitas cseppek 50ml"},"content":{"rendered":"<p data-start=\"95\" data-end=\"286\"><strong data-start=\"95\" data-end=\"286\">lkoholovo-vodn\u00fd extrakt z 21 lie\u010div\u00fdch rastl\u00edn. Jedine\u010dn\u00e1 bylinn\u00e1 kombin\u00e1cia, ktor\u00e1 sp\u00e1ja poznatky ma\u010farskej \u013eudovej medic\u00edny s medzin\u00e1rodn\u00fdmi poznatkami zameran\u00fdmi na boj proti v\u00edrusom.\u00a0<\/strong>Pou\u017e\u00edva sa predov\u0161etk\u00fdm na <strong data-start=\"315\" data-end=\"366\">prevenciu a podporn\u00fa lie\u010dbu v\u00edrusov\u00fdch ochoren\u00ed<\/strong>. M\u00e1 v\u00fdrazn\u00e9 <strong data-start=\"379\" data-end=\"426\">protiz\u00e1palov\u00e9, lymfodren\u00e1\u017ene a antioxida\u010dn\u00e9<\/strong> \u00fa\u010dinky. Okrem antiv\u00edrusov\u00e9ho p\u00f4sobenia m\u00e1 aj <strong data-start=\"472\" data-end=\"518\">antibakteri\u00e1lne a protiples\u0148ov\u00e9 vlastnosti<\/strong>. Mo\u017eno ho pou\u017ei\u0165 aj na <strong data-start=\"542\" data-end=\"559\">tlmenie ka\u0161\u013ea<\/strong>.<\/p>\n<h4 data-start=\"567\" data-end=\"608\"><strong data-start=\"571\" data-end=\"606\">Echinacea (echinacea purpurov\u00e1):\u00a0<\/strong>Obsahuje pr\u00edrodn\u00e9 antibiotik\u00e1, m\u00e1 <strong data-start=\"643\" data-end=\"685\">antimikrobi\u00e1lne a protiz\u00e1palov\u00e9 \u00fa\u010dinky<\/strong>, naj\u010dastej\u0161ie sa pou\u017e\u00edva na <strong data-start=\"714\" data-end=\"760\">prevenciu a lie\u010dbu prechladnutia a chr\u00edpky<\/strong>. U\u017e pri prv\u00fdch pr\u00edznakoch ochorenia sa odpor\u00fa\u010da za\u010da\u0165 s u\u017e\u00edvan\u00edm echinacey, preto\u017ee m\u00f4\u017ee v kr\u00e1tkom \u010dase zmierni\u0165 nepr\u00edjemn\u00e9 pr\u00edznaky, zlep\u0161i\u0165 celkov\u00fd stav a ur\u00fdchli\u0165 priebeh ochorenia.<br data-start=\"945\" data-end=\"948\" \/><strong data-start=\"948\" data-end=\"970\">Vn\u00fatorn\u00e9 pou\u017eitie:<\/strong> podpora pri nachladnut\u00ed, z\u00e1pale stredn\u00e9ho ucha, ang\u00edne, infekci\u00e1ch d\u00fdchac\u00edch ciest, \u00fastnej dutiny, mo\u010dov\u00fdch ciest a gynekologick\u00fdch infekci\u00e1ch.<br data-start=\"1114\" data-end=\"1117\" \/><strong data-start=\"1117\" data-end=\"1140\">Vonkaj\u0161ie pou\u017eitie:<\/strong> pri \u0165a\u017eko sa hojacich ran\u00e1ch a z\u00e1palov\u00fdch ko\u017en\u00fdch ochoreniach.<\/h4>\n<h4 data-start=\"1210\" data-end=\"1258\"><strong data-start=\"1214\" data-end=\"1256\">Medovka lek\u00e1rska (Melissa officinalis): <\/strong>V\u00fdznamn\u00e1 <strong data-start=\"1268\" data-end=\"1311\">upokojuj\u00faca, posil\u0148uj\u00faca a antiv\u00edrusov\u00e1<\/strong> bylina. Okrem svojho <strong data-start=\"1333\" data-end=\"1364\">pr\u00edrodn\u00e9ho antidepres\u00edvneho<\/strong> \u00fa\u010dinku sa pou\u017e\u00edva aj <strong data-start=\"1386\" data-end=\"1424\">na lie\u010dbu herpesu a jeho prevenciu<\/strong>. P\u00f4sob\u00ed harmoniza\u010dne na nervov\u00fd syst\u00e9m, <strong data-start=\"1465\" data-end=\"1478\">upokojuje<\/strong>, zmier\u0148uje <strong data-start=\"1490\" data-end=\"1528\">fyzick\u00e9 a psychick\u00e9 prejavy stresu<\/strong>, zni\u017euje <strong data-start=\"1538\" data-end=\"1558\">\u00fazkos\u0165 a nap\u00e4tie<\/strong>.<br data-start=\"1559\" data-end=\"1562\" \/>Odpor\u00fa\u010da sa pri <strong data-start=\"1578\" data-end=\"1675\">za\u010d\u00ednaj\u00facej depresii, panick\u00fdch poruch\u00e1ch, poruch\u00e1ch sp\u00e1nku a opakuj\u00facich sa bolestiach hlavy<\/strong>.<br data-start=\"1676\" data-end=\"1679\" \/>Antiv\u00edrusov\u00fd \u00fa\u010dinok sa naj\u010dastej\u0161ie vyu\u017e\u00edva pri <strong data-start=\"1727\" data-end=\"1757\">opare pier a p\u00e1sovom opare<\/strong>, najm\u00e4 vo forme vodn\u00e9ho roztoku.<br data-start=\"1790\" data-end=\"1793\" \/>Ako <strong data-start=\"1797\" data-end=\"1812\">\u010dajov\u00e1 zmes<\/strong> podporuje <strong data-start=\"1823\" data-end=\"1835\">tr\u00e1venie<\/strong>, <strong data-start=\"1837\" data-end=\"1860\">zmier\u0148uje nad\u00favanie<\/strong>, <strong data-start=\"1862\" data-end=\"1892\">podporuje vylu\u010dovanie \u017el\u010de<\/strong> a zni\u017euje <strong data-start=\"1903\" data-end=\"1942\">nadmern\u00fa tvorbu \u017eal\u00fado\u010dnej kyseliny<\/strong>.<\/h4>\n<p data-start=\"67\" data-end=\"112\"><strong data-start=\"67\" data-end=\"112\">\u00da\u010dinn\u00e9 l\u00e1tky v dennej d\u00e1vke (60 kvapiek): <\/strong>19 mg kore\u0148 pelarg\u00f3nie africkej, 18 mg cist, 18 mg v\u0148a\u0165 a kore\u0148 echinacey purpurovej, 18 mg divozel, 18 mg tymian, 18 mg medovka lek\u00e1rska, 18 mg rep\u00edk lek\u00e1rsky, 8 mg jabl\u010dn\u00edk oby\u010dajn\u00fd, 7 mg p\u013e\u00facnik lek\u00e1rsky 7 mg sladk\u00e9 drievko, 7 mg prasli\u010dka ro\u013en\u00e1, 7 mg chren, 7 mg rakytn\u00edk re\u0161etliakov\u00fd (plod), 6 mg \u017eelezn\u00edk lek\u00e1rsky, 4 mg bazalka, 4 mg necht\u00edk lek\u00e1rsky, 4 mg kore\u0148 p\u00fapavy, 4 mg krvavec lek\u00e1rsky, 4 mg \u0161alvia lek\u00e1rska, 4 mg rozmar\u00edn<\/p>\n<p data-start=\"616\" data-end=\"652\"><strong data-start=\"616\" data-end=\"631\">Adagol\u00e1s:<\/strong> 3x denne 20 kvapiek.<\/p>\n<p data-start=\"659\" data-end=\"1013\"><strong data-start=\"659\" data-end=\"672\">\u00d6sszet\u00e9tel:<\/strong> nosi\u010d (voda a alkohol), kore\u0148 pelarg\u00f3nie africkej, cist, v\u0148a\u0165 a kore\u0148 echinacey purpurovej, divozel, tymian, medovka lek\u00e1rska, rep\u00edk lek\u00e1rsky, jabl\u010dn\u00edk oby\u010dajn\u00fd, p\u013e\u00facnik lek\u00e1rsky, prasli\u010dka ro\u013en\u00e1, sladk\u00e9 drievko, svetlica farbiarska, rakytn\u00edk re\u0161etliakov\u00fd, chren, necht\u00edk lek\u00e1rsky, kore\u0148 p\u00fapavy, krvavec lek\u00e1rsky, \u0161alvia lek\u00e1rska, rozmar\u00edn.<\/p>\n<p data-start=\"1020\" data-end=\"1162\"><strong data-start=\"1020\" data-end=\"1036\">Figyelmeztet\u00e9s:<\/strong> Odpor\u00fa\u010dan\u00fa denn\u00fa d\u00e1vku neprekra\u010dujte! V\u00fd\u017eivov\u00fd doplnok nie je n\u00e1hradou pestrej a vyv\u00e1\u017eenej stravy a zdrav\u00e9ho \u017eivotn\u00e9ho \u0161t\u00fdlu!<\/p>\n<p><strong>K\u00f6tet:\u00a0<\/strong>50ml<br \/>\nSz\u00e1raz helyen t\u00e1rolja.<br \/>\n<strong>Minim\u00e1lis eltarthat\u00f3s\u00e1gi id\u0151:<\/strong> L\u00e1sd a csomagol\u00e1st.<\/p>","protected":false},"excerpt":{"rendered":"<p>R\u00f6vid le\u00edr\u00e1s:<br \/>\nBylinn\u00fd v\u00fd\u017eivov\u00fd doplnok ur\u010den\u00fd pre mu\u017eov, s obsahom rastl\u00edn podporuj\u00facich vitalitu, fyzick\u00fa a du\u0161evn\u00fa v\u00fdkonnos\u0165, ako aj norm\u00e1lnu funkciu mu\u017esk\u00e9ho reproduk\u010dn\u00e9ho syst\u00e9mu.<\/p>\n<p>\u00d6sszet\u00e9tel:<br \/>\nAlkoholov\u00fd extrakt z byl\u00edn: kotvi\u010dn\u00edk zemn\u00fd (Tribulus terrestris), \u017een\u0161en prav\u00fd (Panax ginseng), schizand&#8230; <a class=\"more-link\" href=\"#tab-description\">B\u0151vebben<\/a><\/p>","protected":false},"featured_media":9695,"comment_status":"open","ping_status":"closed","template":"","meta":{"inline_featured_image":false},"product_brand":[],"product_cat":[69,140],"product_tag":[],"class_list":{"0":"post-9447","1":"product","2":"type-product","3":"status-publish","4":"has-post-thumbnail","6":"product_cat-vyzivove-doplnky","7":"product_cat-posilnenie-imunity","9":"first","10":"instock","11":"taxable","12":"shipping-taxable","13":"purchasable","14":"product-type-simple"},"aioseo_notices":[],"_links":{"self":[{"href":"https:\/\/www.biokari.sk\/hu\/wp-json\/wp\/v2\/product\/9447","targetHints":{"allow":["GET"]}}],"collection":[{"href":"https:\/\/www.biokari.sk\/hu\/wp-json\/wp\/v2\/product"}],"about":[{"href":"https:\/\/www.biokari.sk\/hu\/wp-json\/wp\/v2\/types\/product"}],"replies":[{"embeddable":true,"href":"https:\/\/www.biokari.sk\/hu\/wp-json\/wp\/v2\/comments?post=9447"}],"wp:featuredmedia":[{"embeddable":true,"href":"https:\/\/www.biokari.sk\/hu\/wp-json\/wp\/v2\/media\/9695"}],"wp:attachment":[{"href":"https:\/\/www.biokari.sk\/hu\/wp-json\/wp\/v2\/media?parent=9447"}],"wp:term":[{"taxonomy":"product_brand","embeddable":true,"href":"https:\/\/www.biokari.sk\/hu\/wp-json\/wp\/v2\/product_brand?post=9447"},{"taxonomy":"product_cat","embeddable":true,"href":"https:\/\/www.biokari.sk\/hu\/wp-json\/wp\/v2\/product_cat?post=9447"},{"taxonomy":"product_tag","embeddable":true,"href":"https:\/\/www.biokari.sk\/hu\/wp-json\/wp\/v2\/product_tag?post=9447"}],"curies":[{"name":"wp","href":"https:\/\/api.w.org\/{rel}","templated":true}]}}