{"id":9495,"date":"2025-07-17T18:48:20","date_gmt":"2025-07-17T16:48:20","guid":{"rendered":"https:\/\/www.biokari.sk\/produkt\/aromax-olej-po-ustipnuti-roll-on-10ml\/"},"modified":"2026-03-30T23:26:13","modified_gmt":"2026-03-30T21:26:13","slug":"aromax-olej-po-ustipnuti-roll-on-10ml","status":"publish","type":"product","link":"https:\/\/www.biokari.sk\/hu\/termek\/aromax-olej-po-ustipnuti-roll-on-10ml\/","title":{"rendered":"Aromax olaj harap\u00e1s ut\u00e1n - tekercsel\u00e9s 10ml"},"content":{"rendered":"<p>Pr\u00edpravok obsahuje pr\u00edrodn\u00e9 \u00e9terick\u00e9 oleje, alkohol a pantenol. Odpor\u00fa\u010da sa na pou\u017eitie pri u\u0161tipnut\u00ed r\u00f4znymi druhmi hmyzu (kom\u00e1r, v\u010dela, osa, pav\u00fak), ako aj na ko\u017en\u00e9 vyr\u00e1\u017eky sp\u00f4soben\u00e9 \u017eih\u013eavou.<\/p>\n\n\n\n<p>Pr\u00edjemne a \u00fa\u010dinne chlad\u00ed a upokojuje podr\u00e1\u017eden\u00fa poko\u017eku, zmier\u0148uje nepr\u00edjemn\u00e9 svrbenie. Pomocou roll-on ty\u010dinky naneste pr\u00edpravok nieko\u013ekokr\u00e1t denne priamo na miesto u\u0161tipnutia.<\/p>\n\n\n\n<p>Pred\u00ed\u010fte u\u0161tipnutiu a pou\u017e\u00edvajte Aromax sprej proti u\u0161tipnutiu kom\u00e1rmi a klie\u0161\u0165ami!<\/p>\n\n\n\n<p><strong>Zlo\u017eenie<\/strong>: alkohol, olej z m\u00e4ty piepornej, levandu\u013eov\u00fd olej, eukalyptov\u00fd olej, ara\u0161idov\u00fd olej, citr\u00f3nov\u00fd olej, olej z borovice horskej, pantenol, harman\u010dekov\u00fd olej, olej z rebr\u00ed\u010dka oby\u010dajn\u00e9ho, limon\u00e9n*, linalool*<br>*Pr\u00edrodn\u00e9 zlo\u017eky \u00e9terick\u00fdch olejov.<\/p>\n\n\n\n<p><strong>Skladovanie<\/strong>: Uchov\u00e1vajte na chladnom mieste, chr\u00e1\u0148te pred svetlom, so zatvoren\u00fdm uz\u00e1verom. <br>Gyermekek el\u0151l elz\u00e1rva tartand\u00f3!<\/p>\n\n\n\n<p><strong>\u00c9rtes\u00edt\u00e9s<\/strong>: Pr\u00edpravok sa nesmie pou\u017e\u00edva\u0165 u os\u00f4b citliv\u00fdch na mentol alebo na ktor\u00fako\u013evek zo zlo\u017eiek!<br>Nepou\u017e\u00edvajte na tv\u00e1r a v okol\u00ed o\u010d\u00ed.<\/p>\n\n\n\n<p><strong>K\u00f6tet:<\/strong> 10ml<\/p>","protected":false},"excerpt":{"rendered":"<p>Pr\u00edpravok obsahuje pr\u00edrodn\u00e9 \u00e9terick\u00e9 oleje, alkohol a pantenol. Odpor\u00fa\u010da sa na pou\u017eitie pri u\u0161tipnut\u00ed r\u00f4znymi druhmi hmyzu (kom\u00e1r, v\u010dela, osa, pav\u00fak), ako aj na ko\u017en\u00e9 vyr\u00e1\u017eky sp\u00f4soben\u00e9 \u017eih\u013eavou.<\/p>\n<p>&#8230; <a class=\"more-link\" href=\"#tab-description\">B\u0151vebben<\/a><\/p>","protected":false},"featured_media":9497,"comment_status":"open","ping_status":"closed","template":"","meta":{"inline_featured_image":false},"product_brand":[],"product_cat":[19,138],"product_tag":[],"class_list":{"0":"post-9495","1":"product","2":"type-product","3":"status-publish","4":"has-post-thumbnail","6":"product_cat-ostatne","7":"product_cat-aromaterapia","9":"first","10":"instock","11":"taxable","12":"shipping-taxable","13":"purchasable","14":"product-type-simple"},"aioseo_notices":[],"_links":{"self":[{"href":"https:\/\/www.biokari.sk\/hu\/wp-json\/wp\/v2\/product\/9495","targetHints":{"allow":["GET"]}}],"collection":[{"href":"https:\/\/www.biokari.sk\/hu\/wp-json\/wp\/v2\/product"}],"about":[{"href":"https:\/\/www.biokari.sk\/hu\/wp-json\/wp\/v2\/types\/product"}],"replies":[{"embeddable":true,"href":"https:\/\/www.biokari.sk\/hu\/wp-json\/wp\/v2\/comments?post=9495"}],"wp:featuredmedia":[{"embeddable":true,"href":"https:\/\/www.biokari.sk\/hu\/wp-json\/wp\/v2\/media\/9497"}],"wp:attachment":[{"href":"https:\/\/www.biokari.sk\/hu\/wp-json\/wp\/v2\/media?parent=9495"}],"wp:term":[{"taxonomy":"product_brand","embeddable":true,"href":"https:\/\/www.biokari.sk\/hu\/wp-json\/wp\/v2\/product_brand?post=9495"},{"taxonomy":"product_cat","embeddable":true,"href":"https:\/\/www.biokari.sk\/hu\/wp-json\/wp\/v2\/product_cat?post=9495"},{"taxonomy":"product_tag","embeddable":true,"href":"https:\/\/www.biokari.sk\/hu\/wp-json\/wp\/v2\/product_tag?post=9495"}],"curies":[{"name":"wp","href":"https:\/\/api.w.org\/{rel}","templated":true}]}}