{"id":9499,"date":"2025-07-19T10:18:05","date_gmt":"2025-07-19T08:18:05","guid":{"rendered":"https:\/\/www.biokari.sk\/produkt\/herbaferm-kvapky-doplnkov-vyzivy-30ml\/"},"modified":"2026-04-30T19:01:22","modified_gmt":"2026-04-30T17:01:22","slug":"herbaferm-kvapky-doplnkov-vyzivy-30ml","status":"publish","type":"product","link":"https:\/\/www.biokari.sk\/hu\/termek\/herbaferm-etrend-kiegeszito-cseppek-30ml\/","title":{"rendered":"Herbaferm t\u00e1pl\u00e1l\u00e9kkieg\u00e9sz\u00edt\u0151 cseppek 30ml"},"content":{"rendered":"<p>A Herbaferm a term\u00e9szetes k\u00f6z\u00f6ss\u00e9gekb\u0151l sz\u00e1rmaz\u00f3 \u0151shonos n\u00f6v\u00e9nyfajt\u00e1k gondosan v\u00e1logatott, k\u00edm\u00e9letesen feldolgozott kever\u00e9k\u00e9t tartalmazza. Ezeket a gy\u00f3gyn\u00f6v\u00e9nyeket a n\u00e9pi gy\u00f3gy\u00e1szatban is el\u0151szeretettel haszn\u00e1lj\u00e1k, de a Herbaferm cseppekben term\u00e9szetes erjeszt\u00e9ssel k\u00e9sz\u00edtik el \u0151ket, \u00edgy megsokszorozva hat\u00e1sukat.<\/p>\n\n\n\n<p>N\u00f6v\u00e9nyi kivonat mennyis\u00e9ge: 70 mg\/10 csepp<\/p>\n\n\n\n<p><strong>Harman\u010dek \u00e9s a l\u00e9tra<\/strong>: gyullad\u00e1scs\u00f6kkent\u0151 hat\u00e1s<br><strong>t\u00f6lgyfa k\u00e9reg<\/strong>: \u00f6sszeh\u00faz\u00f3 hat\u00e1s<br><strong>Palina igaz<\/strong>: el\u0151seg\u00edti az em\u00e9szt\u0151nedvek termel\u0151d\u00e9s\u00e9t<br><strong>Alap fekete (vir\u00e1g)<\/strong>: nyugtat\u00f3 hat\u00e1s, \u00e9tv\u00e1gyszab\u00e1lyoz\u00e1s<br><strong>Arrow<\/strong>: magas vitamintartalma \u00e9s term\u00e9szetes savai seg\u00edtik az em\u00e9szt\u00e9si egyens\u00faly helyre\u00e1ll\u00edt\u00e1s\u00e1t<br><strong>Propolisz<\/strong>: a balzsamok \u00e9s viaszok komplex tartalm\u00e1nak k\u00f6sz\u00f6nhet\u0151en n\u00f6veli a gy\u00f3gyn\u00f6v\u00e9nyek hat\u00e9konys\u00e1g\u00e1t, az enzimek hozz\u00e1j\u00e1rulnak az em\u00e9szt\u00e9shez.<\/p>\n\n\n\n<p><strong>K\u00f6tet:<\/strong> 30ml<br>Sz\u00e1raz helyen t\u00e1rolja. <br><strong>Minim\u00e1lis eltarthat\u00f3s\u00e1gi id\u0151:<\/strong> l\u00e1sd a csomagol\u00e1st.<\/p>\n\n\n\n<p><\/p>\n\n\n\n<p><\/p>","protected":false},"excerpt":{"rendered":"<p>&#8230; <a class=\"more-link\" href=\"#tab-description\">B\u0151vebben<\/a><\/p>","protected":false},"featured_media":9503,"comment_status":"open","ping_status":"closed","template":"","meta":{"inline_featured_image":false},"product_brand":[],"product_cat":[69,143],"product_tag":[],"class_list":{"0":"post-9499","1":"product","2":"type-product","3":"status-publish","4":"has-post-thumbnail","6":"product_cat-vyzivove-doplnky","7":"product_cat-zaludok-a-crevna-cinnost","9":"first","10":"instock","11":"taxable","12":"shipping-taxable","13":"purchasable","14":"product-type-simple"},"aioseo_notices":[],"_links":{"self":[{"href":"https:\/\/www.biokari.sk\/hu\/wp-json\/wp\/v2\/product\/9499","targetHints":{"allow":["GET"]}}],"collection":[{"href":"https:\/\/www.biokari.sk\/hu\/wp-json\/wp\/v2\/product"}],"about":[{"href":"https:\/\/www.biokari.sk\/hu\/wp-json\/wp\/v2\/types\/product"}],"replies":[{"embeddable":true,"href":"https:\/\/www.biokari.sk\/hu\/wp-json\/wp\/v2\/comments?post=9499"}],"wp:featuredmedia":[{"embeddable":true,"href":"https:\/\/www.biokari.sk\/hu\/wp-json\/wp\/v2\/media\/9503"}],"wp:attachment":[{"href":"https:\/\/www.biokari.sk\/hu\/wp-json\/wp\/v2\/media?parent=9499"}],"wp:term":[{"taxonomy":"product_brand","embeddable":true,"href":"https:\/\/www.biokari.sk\/hu\/wp-json\/wp\/v2\/product_brand?post=9499"},{"taxonomy":"product_cat","embeddable":true,"href":"https:\/\/www.biokari.sk\/hu\/wp-json\/wp\/v2\/product_cat?post=9499"},{"taxonomy":"product_tag","embeddable":true,"href":"https:\/\/www.biokari.sk\/hu\/wp-json\/wp\/v2\/product_tag?post=9499"}],"curies":[{"name":"wp","href":"https:\/\/api.w.org\/{rel}","templated":true}]}}