{"id":9507,"date":"2025-07-19T11:32:27","date_gmt":"2025-07-19T09:32:27","guid":{"rendered":"https:\/\/www.biokari.sk\/produkt\/szafi-free-mucna-zmes-na-pripravu-svetleho-chleba-1000g\/"},"modified":"2026-04-29T19:03:12","modified_gmt":"2026-04-29T17:03:12","slug":"szafi-free-mucna-zmes-na-pripravu-svetleho-chleba-1000g","status":"publish","type":"product","link":"https:\/\/www.biokari.sk\/hu\/termek\/szafi-mentes-lisztkeverek-konnyu-kenyer-keszitesehez-1000g\/","title":{"rendered":"Szafi mentes Lisztkever\u00e9k k\u00f6nny\u0171 keny\u00e9r k\u00e9sz\u00edt\u00e9s\u00e9hez 1000g"},"content":{"rendered":"<p data-start=\"0\" data-end=\"224\"><strong>Glut\u00e9nmentes, tejmentes, toj\u00e1smentes, di\u00f3f\u00e9l\u00e9kt\u0151l mentes, \u00e9leszt\u0151mentes, alacsony zs\u00edrtartalm\u00fa, di\u00f3f\u00e9l\u00e9kt\u0151l mentes<\/strong> - lisztek kever\u00e9k\u00e9b\u0151l k\u00e9sz\u00edthetsz ilyen h\u00e1zi kenyeret, amely m\u00e9g n\u00e9h\u00e1ny nap m\u00falva is puha marad, \u00e9s nincs ut\u00f3\u00edze!<\/p>\n<p data-start=\"268\" data-end=\"399\">Term\u00e9keink nem tartalmaznak \u00e1llati eredet\u0171 \u00f6sszetev\u0151ket, ez\u00e9rt a Szafi Free term\u00e9kcsal\u00e1d teljesen veg\u00e1n \u00e9s szennyez\u0151d\u00e9smentes.<\/p>\n<p data-start=\"485\" data-end=\"504\"><strong data-start=\"489\" data-end=\"502\">\u00d6sszet\u00e9tel: <\/strong>b\u00fazaliszt, t\u00e1pi\u00f3ka kem\u00e9ny\u00edt\u0151, rostkever\u00e9k (psyllium, bambuszrost), keleszt\u0151anyag (n\u00e1trium-hidrog\u00e9nkarbon\u00e1t), savany\u00fas\u00e1got szab\u00e1lyoz\u00f3 anyag (citromsav).<\/p>\n<h3 data-start=\"669\" data-end=\"704\"><strong data-start=\"673\" data-end=\"704\">T\u00e1p\u00e9rt\u00e9kek :\u00a0<\/strong><\/h3>\n<div class=\"_tableContainer_80l1q_1\">\n<div class=\"_tableWrapper_80l1q_14 group flex w-fit flex-col-reverse\">\n<table class=\"w-fit min-w-(--thread-content-width)\" data-start=\"706\" data-end=\"1702\">\n<thead data-start=\"706\" data-end=\"804\">\n<tr data-start=\"706\" data-end=\"804\">\n<th data-start=\"706\" data-end=\"735\" data-col-size=\"sm\">\u00a0<\/th>\n<th data-start=\"735\" data-end=\"762\" data-col-size=\"sm\"><strong data-start=\"737\" data-end=\"755\">100 g kever\u00e9kenk\u00e9nt<\/strong><\/th>\n<th data-start=\"762\" data-end=\"804\" data-col-size=\"sm\"><strong data-start=\"764\" data-end=\"783\">100 g keny\u00e9rre vet\u00edtve<\/strong> <em data-start=\"784\" data-end=\"802\">(1 darab kb. 455 g)<\/em><\/th>\n<\/tr>\n<\/thead>\n<tbody data-start=\"904\" data-end=\"1702\">\n<tr data-start=\"904\" data-end=\"1003\">\n<td data-start=\"904\" data-end=\"933\" data-col-size=\"sm\">Energia<\/td>\n<td data-col-size=\"sm\" data-start=\"933\" data-end=\"961\">1397 kJ \/ 331 kcal<\/td>\n<td data-col-size=\"sm\" data-start=\"961\" data-end=\"1003\">778 kJ \/ 184 kcal<\/td>\n<\/tr>\n<tr data-start=\"1004\" data-end=\"1103\">\n<td data-start=\"1004\" data-end=\"1033\" data-col-size=\"sm\">Zs\u00edrok<\/td>\n<td data-col-size=\"sm\" data-start=\"1033\" data-end=\"1061\">1,9 g<\/td>\n<td data-col-size=\"sm\" data-start=\"1061\" data-end=\"1103\">1,5 g<\/td>\n<\/tr>\n<tr data-start=\"1104\" data-end=\"1202\">\n<td data-start=\"1104\" data-end=\"1140\" data-col-size=\"sm\">- amelyb\u0151l tel\u00edt\u0151dik<\/td>\n<td data-col-size=\"sm\" data-start=\"1140\" data-end=\"1160\">0,5 g<\/td>\n<td data-col-size=\"sm\" data-start=\"1160\" data-end=\"1202\">0,3 g<\/td>\n<\/tr>\n<tr data-start=\"1203\" data-end=\"1302\">\n<td data-start=\"1203\" data-end=\"1232\" data-col-size=\"sm\">Sz\u00e9nhidr\u00e1tok<\/td>\n<td data-col-size=\"sm\" data-start=\"1232\" data-end=\"1260\">65,2 g<\/td>\n<td data-col-size=\"sm\" data-start=\"1260\" data-end=\"1302\">35,3 g<\/td>\n<\/tr>\n<tr data-start=\"1303\" data-end=\"1402\">\n<td data-start=\"1303\" data-end=\"1332\" data-col-size=\"sm\">- ebb\u0151l cukrok<\/td>\n<td data-col-size=\"sm\" data-start=\"1332\" data-end=\"1360\">1,9 g<\/td>\n<td data-col-size=\"sm\" data-start=\"1360\" data-end=\"1402\">1,0 g<\/td>\n<\/tr>\n<tr data-start=\"1403\" data-end=\"1502\">\n<td data-start=\"1403\" data-end=\"1432\" data-col-size=\"sm\">Sz\u00e1l<\/td>\n<td data-col-size=\"sm\" data-start=\"1432\" data-end=\"1460\">13,7 g<\/td>\n<td data-col-size=\"sm\" data-start=\"1460\" data-end=\"1502\">8,0 g<\/td>\n<\/tr>\n<tr data-start=\"1503\" data-end=\"1602\">\n<td data-start=\"1503\" data-end=\"1532\" data-col-size=\"sm\">Feh\u00e9rje<\/td>\n<td data-col-size=\"sm\" data-start=\"1532\" data-end=\"1560\">6,5 g<\/td>\n<td data-col-size=\"sm\" data-start=\"1560\" data-end=\"1602\">3,5 g<\/td>\n<\/tr>\n<tr data-start=\"1603\" data-end=\"1702\">\n<td data-start=\"1603\" data-end=\"1632\" data-col-size=\"sm\">S\u00f3<\/td>\n<td data-col-size=\"sm\" data-start=\"1632\" data-end=\"1660\">0,03 g<\/td>\n<td data-col-size=\"sm\" data-start=\"1660\" data-end=\"1702\">0,67 g<\/td>\n<\/tr>\n<\/tbody>\n<\/table>\n<\/div>\n<\/div>\n\n\n<p>* Az aj\u00e1nlott utas\u00edt\u00e1sok szerint elk\u00e9sz\u00edtve.<\/p>\n\n\n\n<p><strong>Nem tartalmaz hozz\u00e1adott cukrot. Csak term\u00e9szetes m\u00f3don el\u0151fordul\u00f3 cukrokat tartalmaz.<\/strong><\/p>\n\n\n\n<p><strong>A term\u00e9k szez\u00e1m- \u00e9s must\u00e1rmagot, zellert, di\u00f3f\u00e9l\u00e9ket \u00e9s szulfitokat tartalmazhat!<\/strong><\/p>\n\n\n\n<h4 class=\"wp-block-heading\"><strong>Keny\u00e9rrecept:<\/strong> <strong>Hozz\u00e1val\u00f3k (455 g-os cip\u00f3hoz):<\/strong> 250g Szafi Free k\u00f6nny\u0171 l\u00e1gy keny\u00e9rkever\u00e9k, 3g Szafi Reform Himal\u00e1ja s\u00f3, 30g frissen facsart citroml\u00e9 vagy 20g 6% feh\u00e9rborecet, 280g szobah\u0151m\u00e9rs\u00e9klet\u0171 v\u00edz, 1+1g k\u00f3kuszolaj a bed\u00f6rzs\u00f6l\u00e9shez.<\/h4>\n\n\n\n<h4 class=\"wp-block-heading\"><strong>El\u0151k\u00e9sz\u00edt\u00e9s:<\/strong> Egy t\u00e1lban keverj\u00fck \u00f6ssze a vizet, a citromlevet \u00e9s a s\u00f3t, majd adjuk hozz\u00e1 a lisztkever\u00e9ket, \u00e9s alaposan gy\u00farjuk \u00f6ssze. Hagyjuk a t\u00e9szt\u00e1t 10 percig pihenni. Pihentet\u00e9s ut\u00e1n enyh\u00e9n lisztezett fel\u00fcleten form\u00e1zzuk meg a cip\u00f3t, \u00e9s kenj\u00fck meg olajjal. El\u0151meleg\u00edtett s\u00fct\u0151ben 180 \u00b0C-on (fels\u0151 + als\u00f3 f\u0171t\u00e9s) 50 percig s\u00fctj\u00fck. Ezut\u00e1n ism\u00e9t enyh\u00e9n megkenj\u00fck k\u00f3kuszolajjal (a sz\u00edn miatt), \u00e9s 200 \u00b0C-on tov\u00e1bbi 15 percig s\u00fctj\u00fck.<\/h4>\n\n\n\n<h4 class=\"wp-block-heading\"><strong>Tipp - S\u00fclt krumpli:<\/strong> <strong>Hozz\u00e1val\u00f3k (3 zseml\u00e9hez):<\/strong> 140 g Szafi Free k\u00f6nny\u0171 l\u00e1gy keny\u00e9rkever\u00e9k, 2 g s\u00f3, 10 g friss citrom, citroml\u00e9 vagy almaecet, 170 g langyos v\u00edz. Ugyanaz, mint a keny\u00e9rhez, de form\u00e1zzunk bel\u0151le 3 zseml\u00e9t. S\u00fcss\u00fck 200 \u00b0C-ra el\u0151meleg\u00edtett s\u00fct\u0151ben kb. 40 percig.<\/h4>\n\n\n\n<h4 class=\"wp-block-heading\"><strong>S\u00faly:<\/strong> 1000g<\/h4>\n\n\n\n<p>Sz\u00e1raz helyen t\u00e1rolja.<br><strong>Minim\u00e1lis eltarthat\u00f3s\u00e1gi id\u0151:<\/strong> l\u00e1sd a csomagol\u00e1st. <\/p>\n\n\n\n<p><\/p>","protected":false},"excerpt":{"rendered":"<p>Glut\u00e9nmentes, tejmentes, toj\u00e1smentes, di\u00f3f\u00e9l\u00e9kt\u0151l mentes, \u00e9leszt\u0151mentes, alacsony zs\u00edrtartalm\u00fa, di\u00f3f\u00e9l\u00e9kt\u0151l mentes<\/p>","protected":false},"featured_media":9513,"comment_status":"open","ping_status":"closed","template":"","meta":{"inline_featured_image":false},"product_brand":[303],"product_cat":[71,166],"product_tag":[312],"class_list":{"0":"post-9507","1":"product","2":"type-product","3":"status-publish","4":"has-post-thumbnail","6":"product_brand-szafi-free-reform","7":"product_cat-potraviny","8":"product_cat-muky","9":"product_tag-top-potraviny","11":"first","12":"instock","13":"taxable","14":"shipping-taxable","15":"purchasable","16":"product-type-simple"},"aioseo_notices":[],"_links":{"self":[{"href":"https:\/\/www.biokari.sk\/hu\/wp-json\/wp\/v2\/product\/9507","targetHints":{"allow":["GET"]}}],"collection":[{"href":"https:\/\/www.biokari.sk\/hu\/wp-json\/wp\/v2\/product"}],"about":[{"href":"https:\/\/www.biokari.sk\/hu\/wp-json\/wp\/v2\/types\/product"}],"replies":[{"embeddable":true,"href":"https:\/\/www.biokari.sk\/hu\/wp-json\/wp\/v2\/comments?post=9507"}],"wp:featuredmedia":[{"embeddable":true,"href":"https:\/\/www.biokari.sk\/hu\/wp-json\/wp\/v2\/media\/9513"}],"wp:attachment":[{"href":"https:\/\/www.biokari.sk\/hu\/wp-json\/wp\/v2\/media?parent=9507"}],"wp:term":[{"taxonomy":"product_brand","embeddable":true,"href":"https:\/\/www.biokari.sk\/hu\/wp-json\/wp\/v2\/product_brand?post=9507"},{"taxonomy":"product_cat","embeddable":true,"href":"https:\/\/www.biokari.sk\/hu\/wp-json\/wp\/v2\/product_cat?post=9507"},{"taxonomy":"product_tag","embeddable":true,"href":"https:\/\/www.biokari.sk\/hu\/wp-json\/wp\/v2\/product_tag?post=9507"}],"curies":[{"name":"wp","href":"https:\/\/api.w.org\/{rel}","templated":true}]}}