{"id":9515,"date":"2025-07-20T19:40:52","date_gmt":"2025-07-20T17:40:52","guid":{"rendered":"https:\/\/www.biokari.sk\/produkt\/herbiovit-gastanovy-krem-na-nohy-250ml\/"},"modified":"2026-04-29T19:03:15","modified_gmt":"2026-04-29T17:03:15","slug":"herbiovit-gastanovy-krem-na-nohy-250ml","status":"publish","type":"product","link":"https:\/\/www.biokari.sk\/hu\/termek\/herbiovit-gastan-labkrem-250ml\/","title":{"rendered":"Herbiovit Gesztenye l\u00e1bkr\u00e9m 250ml"},"content":{"rendered":"<h3 class=\"wp-block-heading\"><strong>A gesztenye kr\u00e9m hat\u00e1sa<\/strong><\/h3>\n\n\n\n<p>Hat\u00f3anyagtartalm\u00e1nak k\u00f6sz\u00f6nhet\u0151en - a l\u00f3 gesztenye \u00e9s a sz\u0151l\u0151lev\u00e9l kivonata - a kr\u00e9m ide\u00e1lis a v\u00e1dli visszeress\u00e9g\u00e9nek \u00e9s a kr\u00f3nikus v\u00e9n\u00e1s el\u00e9gtelens\u00e9ggel j\u00e1r\u00f3 egy\u00e9b gyullad\u00e1sos \u00e1llapotok kezel\u00e9s\u00e9re. A l\u00f3gesztenye-kivonat a n\u00e9pi gy\u00f3gy\u00e1szatban sokoldal\u00fa felhaszn\u00e1l\u00e1s\u00e1r\u00f3l ismert, \u00e9s hat\u00e1s\u00e1t a szakirodalom is al\u00e1t\u00e1masztja.<\/p>\n\n\n\n<p>A k\u00e9sz\u00edtm\u00e9nyben tal\u00e1lhat\u00f3 term\u00e9szetes l\u00f3gesztenye kivonat toniz\u00e1lja a b\u0151rt, \u00f6sszeh\u00faz\u00f3 hat\u00e1ssal van a t\u00e1gult v\u00e9n\u00e1kra (kedvez\u0151en hat a visszerekre), el\u0151seg\u00edti a v\u00e9rkering\u00e9st \u00e9s jav\u00edtja a v\u00e9rkering\u00e9st. J\u00f3t\u00e9kony hat\u00e1ssal van a hajsz\u00e1lerek kering\u00e9s\u00e9re is. A sz\u0151l\u0151lev\u00e9l kivonat\u00e1ban tal\u00e1lhat\u00f3 flavonoidok v\u00e9dik az ereket, antioxid\u00e1ns \u00e9s gyullad\u00e1scs\u00f6kkent\u0151 hat\u00e1s\u00faak. Klinikai vizsg\u00e1latok igazolt\u00e1k a sz\u0151l\u0151lev\u00e9l hat\u00e9konys\u00e1g\u00e1t az olyan t\u00fcnetek enyh\u00edt\u00e9s\u00e9ben, mint a duzzanat, l\u00e1bfesz\u00fcl\u00e9s, f\u00e1jdalom, viszket\u00e9s vagy g\u00f6rcs\u00f6k.<\/p>\n\n\n\n<p>Az innovat\u00edv \u00f6sszet\u00e9tel \u00fagy kombin\u00e1lja ezt a k\u00e9t gy\u00f3gyn\u00f6v\u00e9nyt, hogy hat\u00e1suk k\u00f6lcs\u00f6n\u00f6sen er\u0151s\u00edti egym\u00e1st (szinergia). A term\u00e9k friss\u00edt\u0151 mentolt is tartalmaz, amely azonnali megk\u00f6nnyebb\u00fcl\u00e9st biztos\u00edt.<\/p>\n\n\n\n<h3 class=\"wp-block-heading\"><strong>Mi\u00e9rt haszn\u00e1ljunk l\u00f3 gesztenyekr\u00e9met?<\/strong><\/h3>\n\n\n\n<p>B\u00e1r term\u00e9se az ehet\u0151 geszteny\u00e9vel ellent\u00e9tben ehetetlen, \u00e9vsz\u00e1zadok \u00f3ta haszn\u00e1lj\u00e1k j\u00f3t\u00e9kony hat\u00e1sai miatt. \u0150seink \u00edz\u00fcleti f\u00e1jdalmak, em\u00e9szt\u00e9si zavarok, l\u00e1z \u00e9s izomg\u00f6rcs\u00f6k ellen haszn\u00e1lt\u00e1k. A gy\u00f3gyn\u00f6v\u00e9nyb\u0151l k\u00e9sz\u00fclt f\u0151zeteket \u00e9s ken\u0151cs\u00f6ket kr\u00f3nikus v\u00e9n\u00e1s el\u00e9gtelens\u00e9g vagy m\u0171t\u00e9t ut\u00e1ni duzzanat eset\u00e9n is haszn\u00e1lt\u00e1k.<\/p>\n\n\n\n<p>Magas szaponin tartalma miatt a l\u00f3 gesztenyefa term\u00e9se \u00e9s levelei bels\u0151leg fogyasztva m\u00e9rgez\u0151ek lehetnek - sz\u00e9d\u00fcl\u00e9st, h\u00e1nyingert vagy egy\u00e9b em\u00e9szt\u00e9si probl\u00e9m\u00e1kat okozhatnak. Emiatt a felhaszn\u00e1l\u00e1sa els\u0151sorban a k\u00fcls\u0151 alkalmaz\u00e1sra koncentr\u00e1l\u00f3dik. A gesztenye gyullad\u00e1scs\u00f6kkent\u0151 tulajdons\u00e1gai miatt hat\u00e9kony gy\u00f3gym\u00f3d az arany\u00e9r \u00e9s a visszerek kezel\u00e9s\u00e9re is.<\/p>\n\n\n\n<p>Napjainkban a l\u00f3 gesztenye term\u00e9szetes kivonat\u00e1t gyakran haszn\u00e1lj\u00e1k kieg\u00e9sz\u00edt\u0151 kezel\u00e9sk\u00e9nt a kr\u00f3nikus v\u00e9n\u00e1s el\u00e9gtelens\u00e9g kezel\u00e9s\u00e9re. Ez a kellemetlen betegs\u00e9g f\u00e1jdalmat, duzzanatot, viszket\u00e9st \u00e9s egy\u00e9b probl\u00e9m\u00e1kat okoz, k\u00fcl\u00f6n\u00f6sen fizikai megterhel\u00e9s vagy hosszan tart\u00f3 \u00e1ll\u00e1s eset\u00e9n.<\/p>\n\n\n\n<p>A kit\u00e1gult, meggyeng\u00fclt erek (az \u00fagynevezett visszerek) a v\u00e9r\u00e1raml\u00e1s zavar\u00e1hoz vezetnek, ami neh\u00e9z l\u00e1bakat, l\u00e1bf\u00e1radts\u00e1got, fesz\u00fclts\u00e9get, viszket\u00e9st \u00e9s g\u00f6rcs\u00f6ket okoz. Szerencs\u00e9re egy magas hat\u00f3anyagtartalm\u00fa kr\u00e9m enyh\u00fcl\u00e9st hoz, \u00e9s hat\u00e9konys\u00e1g\u00e1t a szakirodalom is al\u00e1t\u00e1masztja.<\/p>\n\n\n\n<h3 class=\"wp-block-heading\"><strong>Mit mondanak a kutat\u00e1sok?<\/strong><\/h3>\n\n\n\n<p>Egy 2012-es metaanal\u00edzis, amely k\u00f6zel 20 tanulm\u00e1nyt vizsg\u00e1lt, kimutatta, hogy a l\u00f3 gesztenye kivonat seg\u00edthet a kr\u00f3nikus v\u00e9n\u00e1s el\u00e9gtelens\u00e9g kezel\u00e9s\u00e9ben. Az egyik tanulm\u00e1ny m\u00e9g azt is kimutatta, hogy a kivonat k\u00fcls\u0151leges alkalmaz\u00e1sa <strong>ugyanolyan hat\u00e9kony, mint a kompresszi\u00f3s harisnya visel\u00e9se<\/strong>.<\/p>\n\n\n\n<p><strong>K\u00f6tet:<\/strong> 250ml<\/p>\n\n\n\n<p><\/p>","protected":false},"excerpt":{"rendered":"<p>&#8230; <a class=\"more-link\" href=\"#tab-description\">B\u0151vebben<\/a><\/p>","protected":false},"featured_media":9517,"comment_status":"open","ping_status":"closed","template":"","meta":{"inline_featured_image":false},"product_brand":[],"product_cat":[19],"product_tag":[313],"class_list":{"0":"post-9515","1":"product","2":"type-product","3":"status-publish","4":"has-post-thumbnail","6":"product_cat-ostatne","7":"product_tag-top-ostatne","9":"first","10":"instock","11":"taxable","12":"shipping-taxable","13":"purchasable","14":"product-type-simple"},"aioseo_notices":[],"_links":{"self":[{"href":"https:\/\/www.biokari.sk\/hu\/wp-json\/wp\/v2\/product\/9515","targetHints":{"allow":["GET"]}}],"collection":[{"href":"https:\/\/www.biokari.sk\/hu\/wp-json\/wp\/v2\/product"}],"about":[{"href":"https:\/\/www.biokari.sk\/hu\/wp-json\/wp\/v2\/types\/product"}],"replies":[{"embeddable":true,"href":"https:\/\/www.biokari.sk\/hu\/wp-json\/wp\/v2\/comments?post=9515"}],"wp:featuredmedia":[{"embeddable":true,"href":"https:\/\/www.biokari.sk\/hu\/wp-json\/wp\/v2\/media\/9517"}],"wp:attachment":[{"href":"https:\/\/www.biokari.sk\/hu\/wp-json\/wp\/v2\/media?parent=9515"}],"wp:term":[{"taxonomy":"product_brand","embeddable":true,"href":"https:\/\/www.biokari.sk\/hu\/wp-json\/wp\/v2\/product_brand?post=9515"},{"taxonomy":"product_cat","embeddable":true,"href":"https:\/\/www.biokari.sk\/hu\/wp-json\/wp\/v2\/product_cat?post=9515"},{"taxonomy":"product_tag","embeddable":true,"href":"https:\/\/www.biokari.sk\/hu\/wp-json\/wp\/v2\/product_tag?post=9515"}],"curies":[{"name":"wp","href":"https:\/\/api.w.org\/{rel}","templated":true}]}}