{"id":9522,"date":"2025-07-20T20:03:48","date_gmt":"2025-07-20T18:03:48","guid":{"rendered":"https:\/\/www.biokari.sk\/produkt\/myrobalan-feminess-kapsuly-na-menopauza-60ks\/"},"modified":"2026-04-30T19:01:25","modified_gmt":"2026-04-30T17:01:25","slug":"myrobalan-feminess-kapsuly-na-menopauza-60ks","status":"publish","type":"product","link":"https:\/\/www.biokari.sk\/hu\/termek\/myrobalan-feminess-kapszula-menopauza-60db\/","title":{"rendered":"Myrobalan FEMINESS kapszula a menopauza ellen 60db"},"content":{"rendered":"<p>A Feminess \u00e9trend-kieg\u00e9sz\u00edt\u0151, haszn\u00e1lata nem helyettes\u00edti a sz\u00fcks\u00e9ges orvosi kezel\u00e9st! A hat\u00e1s egy\u00e9nenk\u00e9nt elt\u00e9r\u0151 lehet, \u00e9s nem garant\u00e1lt. A kapszula b\u00e1rmely \u00f6sszetev\u0151j\u00e9vel szembeni t\u00fal\u00e9rz\u00e9kenys\u00e9g eset\u00e9n a haszn\u00e1lata nem aj\u00e1nlott. Ha rendszeresen gy\u00f3gyszert szed, vagy tart\u00f3s orvosi kezel\u00e9s alatt \u00e1ll, rendel\u00e9s el\u0151tt konzult\u00e1ljon kezel\u0151orvos\u00e1val vagy gy\u00f3gyszer\u00e9sz\u00e9vel.<\/p>\n\n\n\n<p>100 % Term\u00e9szetes megold\u00e1sok a klimaxos probl\u00e9m\u00e1kra<br>18 egyed\u00fcl\u00e1ll\u00f3an kombin\u00e1lt gy\u00f3gyn\u00f6v\u00e9ny <br>Az \u00f6sztrog\u00e9n lehets\u00e9ges term\u00e9szetes helyettes\u00edt\u00e9se n\u00f6v\u00e9nyi fito\u00f6sztrog\u00e9nekkel<br>Shatavari tartalm\u00e1nak k\u00f6sz\u00f6nhet\u0151en enyh\u00edtheti a menopauza k\u00fcl\u00f6nb\u00f6z\u0151 t\u00fcneteit.<\/p>\n\n\n\n<p>Fedezze fel a term\u00e9szet erej\u00e9t a k\u00f6nnyebb menopauza-\u00e9lm\u00e9ny\u00e9rt! Ez a k\u00fcl\u00f6nleges gy\u00f3gyn\u00f6v\u00e9nykomplexum shatavari tartalm\u00e1nak k\u00f6sz\u00f6nhet\u0151en seg\u00edthet cs\u00f6kkenteni a menopauza kellemetlen t\u00fcneteit. \u00c9lvezze a mindennapi \u00f6r\u00f6m\u00f6ket \u00e9s a harmonikus k\u00f6z\u00e9rzetet a Feminess-szel!<\/p>\n\n\n\n<p><strong>Adagol\u00e1s:<\/strong> Naponta 3\u00d71 kapszula bev\u00e9tele aj\u00e1nlott, egyenletesen elosztva a nap folyam\u00e1n. A t\u00fcnetek javul\u00e1sa ut\u00e1n c\u00e9lszer\u0171 megpr\u00f3b\u00e1lni cs\u00f6kkenteni az adagot, kezdetben napi 2 kapszul\u00e1ra. Ha azt veszi \u00e9szre, hogy a t\u00fcnetek visszat\u00e9rnek, folytassa ism\u00e9t napi 3 kapszul\u00e1val, majd tart\u00f3sabb javul\u00e1s ut\u00e1n pr\u00f3b\u00e1lja meg ism\u00e9t cs\u00f6kkenteni az adagot napi 2 vagy 1 kapszul\u00e1ra.<br>A kapszul\u00e1kat meleg, de legal\u00e1bb szobah\u0151m\u00e9rs\u00e9klet\u0171 v\u00edzzel kell bevenni.<br>Az aj\u00e1nlott adag - \u00e9sszer\u0171 keretek k\u00f6z\u00f6tt - az egy\u00e9ni ig\u00e9nyekhez \u00e9s a probl\u00e9ma s\u00falyoss\u00e1g\u00e1hoz igaz\u00edthat\u00f3, mindk\u00e9t ir\u00e1nyban. <br>A Feminesse hossz\u00fa t\u00e1v\u00fa, folyamatos haszn\u00e1lata biztons\u00e1gos, mivel adaptog\u00e9n \u00f6sszetev\u0151i harmoniz\u00e1lj\u00e1k a szervezet tev\u00e9kenys\u00e9g\u00e9t \u00e9s seg\u00edtenek fenntartani az egyens\u00falyt an\u00e9lk\u00fcl, hogy jelent\u0151sen beavatkozn\u00e1nak a szervek term\u00e9szetes m\u0171k\u00f6d\u00e9s\u00e9be.<br>Ha az \u00f6sszetev\u0151k b\u00e1rmelyik\u00e9vel szembeni t\u00fal\u00e9rz\u00e9kenys\u00e9g ismert, aj\u00e1nlott alacsonyabb adaggal kezdeni.<br>Az \u00e9desgy\u00f6k\u00e9rtartalom miatt a magas v\u00e9rnyom\u00e1sban szenved\u0151knek ker\u00fclni\u00fck kell a t\u00falzott fogyaszt\u00e1s\u00e1t.<\/p>\n\n\n\n<p><strong>AJ\u00c1NL\u00c1S<\/strong>V: T\u00f6bb Myrobalan gy\u00f3gyn\u00f6v\u00e9nyterm\u00e9k szed\u00e9sekor aj\u00e1nlott 25-30 perc sz\u00fcnetet hagyni az egyes kapszul\u00e1k bev\u00e9tele k\u00f6z\u00f6tt, hogy a term\u00e9k gy\u00f3gyn\u00f6v\u00e9nykomplexuma kifejthesse hat\u00e1s\u00e1t. Ha egyszerre szed vitaminokat \u00e9s gy\u00f3gyn\u00f6v\u00e9nyes term\u00e9keket, akkor nem sz\u00fcks\u00e9ges id\u0151k\u00f6z\u00f6ket hagyni a bev\u00e9tel\u00fck k\u00f6z\u00f6tt. Ne l\u00e9pje t\u00fal az aj\u00e1nlott napi adagot! Az \u00e9trend-kieg\u00e9sz\u00edt\u0151 nem helyettes\u00edti a kiegyens\u00falyozott, v\u00e1ltozatos \u00e9trendet \u00e9s az eg\u00e9szs\u00e9ges \u00e9letm\u00f3dot. Kisgyermekek el\u0151l elz\u00e1rva tartand\u00f3.<\/p>\n\n\n\n<p><strong>\u00d6sszet\u00e9tel:<\/strong> sp\u00e1rgat\u00fcske, arab j\u00e1zmin, alchemilla, vitania snodar (aszhwagandha), hibiszkusz, kudzu, maca, m\u00e1lnalev\u00e9l, p\u00e1sztort\u00e1ska, \u00e9desgy\u00f6k\u00e9r, feh\u00e9r h\u00f3rihorgas, gy\u00f6mb\u00e9r, angyalgy\u00f6k\u00e9r, kurkuma, \u00e1nizs, fah\u00e9j, gyermekl\u00e1ncf\u0171, astragalus (k\u00ednai valeriana).<\/p>\n\n\n\n<p><strong>Mennyis\u00e9g:<\/strong> 60db<br>T\u00e1rolja h\u0171v\u00f6s helyen.<br><strong>Minim\u00e1lis eltarthat\u00f3s\u00e1gi id\u0151:<\/strong> l\u00e1sd a csomagol\u00e1st.<\/p>","protected":false},"excerpt":{"rendered":"<p>&#8230; <a class=\"more-link\" href=\"#tab-description\">B\u0151vebben<\/a><\/p>","protected":false},"featured_media":9617,"comment_status":"open","ping_status":"closed","template":"","meta":{"inline_featured_image":false},"product_brand":[],"product_cat":[69],"product_tag":[],"class_list":{"0":"post-9522","1":"product","2":"type-product","3":"status-publish","4":"has-post-thumbnail","6":"product_cat-vyzivove-doplnky","8":"first","9":"instock","10":"taxable","11":"shipping-taxable","12":"purchasable","13":"product-type-simple"},"aioseo_notices":[],"_links":{"self":[{"href":"https:\/\/www.biokari.sk\/hu\/wp-json\/wp\/v2\/product\/9522","targetHints":{"allow":["GET"]}}],"collection":[{"href":"https:\/\/www.biokari.sk\/hu\/wp-json\/wp\/v2\/product"}],"about":[{"href":"https:\/\/www.biokari.sk\/hu\/wp-json\/wp\/v2\/types\/product"}],"replies":[{"embeddable":true,"href":"https:\/\/www.biokari.sk\/hu\/wp-json\/wp\/v2\/comments?post=9522"}],"wp:featuredmedia":[{"embeddable":true,"href":"https:\/\/www.biokari.sk\/hu\/wp-json\/wp\/v2\/media\/9617"}],"wp:attachment":[{"href":"https:\/\/www.biokari.sk\/hu\/wp-json\/wp\/v2\/media?parent=9522"}],"wp:term":[{"taxonomy":"product_brand","embeddable":true,"href":"https:\/\/www.biokari.sk\/hu\/wp-json\/wp\/v2\/product_brand?post=9522"},{"taxonomy":"product_cat","embeddable":true,"href":"https:\/\/www.biokari.sk\/hu\/wp-json\/wp\/v2\/product_cat?post=9522"},{"taxonomy":"product_tag","embeddable":true,"href":"https:\/\/www.biokari.sk\/hu\/wp-json\/wp\/v2\/product_tag?post=9522"}],"curies":[{"name":"wp","href":"https:\/\/api.w.org\/{rel}","templated":true}]}}