{"id":9611,"date":"2025-07-29T12:42:13","date_gmt":"2025-07-29T10:42:13","guid":{"rendered":"https:\/\/www.biokari.sk\/produkt\/oosty-prasok-na-blokk-s-prichutou-cheddar-332g\/"},"modified":"2026-04-18T19:02:58","modified_gmt":"2026-04-18T17:02:58","slug":"oosty-prasok-na-blokk-s-prichutou-cheddar-332g","status":"publish","type":"product","link":"https:\/\/www.biokari.sk\/hu\/termek\/kovaszos-ropogtatnivalo-cheddar-izesitessel-332g\/","title":{"rendered":"Oosty Cheddar \u00edzes\u00edt\u00e9s\u0171 t\u00f6mb por 332g"},"content":{"rendered":"<p>Por\u00edtott kever\u00e9k cheddar \u00edz\u0171 z\u00f6lds\u00e9gt\u00f6mb k\u00e9sz\u00edt\u00e9s\u00e9hez. Glut\u00e9n-, tej- \u00e9s tejterm\u00e9kmentes, n\u00f6v\u00e9nyi alapanyagokb\u00f3l k\u00e9sz\u00fclt. Egy csomagb\u00f3l 1 kg veg\u00e1n blokk k\u00e9sz\u00edthet\u0151.<\/p>\n\n\n\n<p><strong>Utas\u00edt\u00e1sok egy 250 g-os blokk elk\u00e9sz\u00edt\u00e9s\u00e9hez:<\/strong> \u00d6nts\u00f6n 73 g foly\u00e9kony, lehet\u0151leg langyos k\u00f3kuszolajat \u00e9s 168 g hideg vizet egy l\u00e1basba. Adjunk hozz\u00e1 1 adagot a porkever\u00e9kb\u0151l (83 g), keverj\u00fck alaposan \u00f6ssze mer\u00fcl\u0151mixerrel, majd f\u0151zz\u00fck a t\u0171zhelyen\/ f\u0151z\u0151lapon k\u00f6zepesen magas h\u0151fokon, gyakori keverget\u00e9s mellett, am\u00edg bes\u0171r\u0171s\u00f6dik. A bes\u0171r\u0171s\u00f6d\u00e9s pillanat\u00e1t\u00f3l sz\u00e1m\u00edtva 3 percig er\u0151sen keverj\u00fck. Forr\u00f3n \u00f6nts\u00fck a form\u00e1ba, r\u00e9szben fedj\u00fck le, \u00e9s hagyjuk kih\u0171lni. Z\u00e1rja le az ed\u00e9nyt, \u00e9s tegye a h\u0171t\u0151szekr\u00e9nybe 48 \u00f3r\u00e1ra. (24 \u00f3ra eltelt\u00e9vel m\u00e1r fogyaszthat\u00f3, de az ide\u00e1lis \u00e1llag el\u00e9r\u00e9s\u00e9hez 48 \u00f3ra h\u0171t\u00e9s aj\u00e1nlott.)<\/p>\n\n\n\n<p><strong>T\u00e1p\u00e9rt\u00e9kek 100 g porban: <\/strong><br>Energia: 1118kJ\/270kcal<br>Zs\u00edr: 25g, ebb\u0151l tel\u00edtett zs\u00edrsavak: 23g<br>Sz\u00e9nhidr\u00e1tok: 11g ebb\u0151l cukor: 0g<br>Feh\u00e9rje: 0.6g, s\u00f3: 1.7g, kalcium: 240 mg (30 % RVH)<\/p>\n\n\n\n<p>A term\u00e9ket egy olyan \u00fczemben \u00e1ll\u00edtott\u00e1k el\u0151, amely di\u00f3f\u00e9l\u00e9ket is feldolgoz.<\/p>\n\n\n\n<p><strong>\u00d6sszet\u00e9tel:<\/strong> M\u00f3dos\u00edtott kem\u00e9ny\u00edt\u0151 (burgonya), himal\u00e1jai s\u00f3, babfeh\u00e9rje, aroma, trikalcium-foszf\u00e1t, bambuszrost, \u00e9leszt\u0151kivonat, savany\u00fas\u00e1got szab\u00e1lyoz\u00f3 anyag (citromsav), sz\u00ednez\u00e9k (karotin).<\/p>\n\n\n\n<p><strong>T\u00e1rol\u00e1s:<\/strong> A porkever\u00e9khez: sz\u00e1raz \u00e9s h\u0171v\u00f6s helyen t\u00e1rolja.<br><strong>A k\u00e9szterm\u00e9khez:<\/strong> t\u00e1rol\u00e1si h\u0151m\u00e9rs\u00e9klet 2-8 \u00b0C. H\u0171t\u0151szekr\u00e9nyben t\u00f6rt\u00e9n\u0151 t\u00e1rol\u00e1s eset\u00e9n a pen\u00e9sz felbont\u00e1s\u00e1t\u00f3l sz\u00e1m\u00edtott 3 napon bel\u00fcl fogyassza el.<\/p>\n\n\n\n<p><strong>S\u00faly: <\/strong>332g<\/p>\n\n\n\n<p><strong>Minim\u00e1lis tart\u00f3ss\u00e1g<\/strong>: l\u00e1sd a bor\u00edt\u00f3n. <\/p>\n\n\n\n<p><\/p>","protected":false},"excerpt":{"rendered":"<p>&#8230; <a class=\"more-link\" href=\"#tab-description\">B\u0151vebben<\/a><\/p>","protected":false},"featured_media":9613,"comment_status":"open","ping_status":"closed","template":"","meta":{"inline_featured_image":false},"product_brand":[],"product_cat":[71],"product_tag":[312],"class_list":{"0":"post-9611","1":"product","2":"type-product","3":"status-publish","4":"has-post-thumbnail","6":"product_cat-potraviny","7":"product_tag-top-potraviny","9":"first","10":"onbackorder","11":"taxable","12":"shipping-taxable","13":"purchasable","14":"product-type-simple"},"aioseo_notices":[],"_links":{"self":[{"href":"https:\/\/www.biokari.sk\/hu\/wp-json\/wp\/v2\/product\/9611","targetHints":{"allow":["GET"]}}],"collection":[{"href":"https:\/\/www.biokari.sk\/hu\/wp-json\/wp\/v2\/product"}],"about":[{"href":"https:\/\/www.biokari.sk\/hu\/wp-json\/wp\/v2\/types\/product"}],"replies":[{"embeddable":true,"href":"https:\/\/www.biokari.sk\/hu\/wp-json\/wp\/v2\/comments?post=9611"}],"wp:featuredmedia":[{"embeddable":true,"href":"https:\/\/www.biokari.sk\/hu\/wp-json\/wp\/v2\/media\/9613"}],"wp:attachment":[{"href":"https:\/\/www.biokari.sk\/hu\/wp-json\/wp\/v2\/media?parent=9611"}],"wp:term":[{"taxonomy":"product_brand","embeddable":true,"href":"https:\/\/www.biokari.sk\/hu\/wp-json\/wp\/v2\/product_brand?post=9611"},{"taxonomy":"product_cat","embeddable":true,"href":"https:\/\/www.biokari.sk\/hu\/wp-json\/wp\/v2\/product_cat?post=9611"},{"taxonomy":"product_tag","embeddable":true,"href":"https:\/\/www.biokari.sk\/hu\/wp-json\/wp\/v2\/product_tag?post=9611"}],"curies":[{"name":"wp","href":"https:\/\/api.w.org\/{rel}","templated":true}]}}