{"id":9614,"date":"2025-07-29T14:52:55","date_gmt":"2025-07-29T12:52:55","guid":{"rendered":"https:\/\/www.biokari.sk\/produkt\/myrobalan-kapsuly-na-creva-purewell-60ks\/"},"modified":"2026-03-05T18:01:19","modified_gmt":"2026-03-05T17:01:19","slug":"myrobalan-kapsuly-na-creva-purewell-60ks","status":"publish","type":"product","link":"https:\/\/www.biokari.sk\/hu\/termek\/myrobalan-kapszula-creva-purewell-60db\/","title":{"rendered":"Myrobalan b\u00e9lkapszula - PureWell 60db"},"content":{"rendered":"<p>A rohan\u00f3 \u00e9letm\u00f3d \u00e9s a helytelen t\u00e1pl\u00e1lkoz\u00e1s sz\u00e1mos kr\u00f3nikus betegs\u00e9g kialakul\u00e1s\u00e1hoz vezethet, \u00e9s ez al\u00f3l az em\u00e9szt\u00e9si probl\u00e9m\u00e1k sem kiv\u00e9telek. A Purewell b\u00e9ltiszt\u00edt\u00f3 kapszula hat\u00e9kony, term\u00e9szetes megold\u00e1st k\u00edn\u00e1l a puffad\u00e1sra, a hasi panaszokra \u00e9s a sz\u00e9kreked\u00e9sre, t\u00e1mogatja az immunrendszert \u00e9s az \u00e1ltal\u00e1nos j\u00f3 k\u00f6z\u00e9rzetet.<\/p>\n\n\n\n<ul class=\"wp-block-list\">\n<li>100 % term\u00e9szetes b\u00e9ltiszt\u00edt\u00f3 oldat<\/li>\n\n\n\n<li>18 gy\u00f3gyn\u00f6v\u00e9ny egyed\u00fcl\u00e1ll\u00f3 komplexuma<\/li>\n\n\n\n<li>An\u00e9lk\u00fcl, hogy hasmen\u00e9st okozna, felgyors\u00edtja a b\u00e9lmozg\u00e1st \u00e9s megk\u00f6nny\u00edti a sz\u00e9klet\u00fcr\u00edt\u00e9st.<\/li>\n\n\n\n<li>Megsz\u00fcnteti a sz\u00e9kreked\u00e9st \u00e9s \u00edgy v\u00e9get vet a puffad\u00e1snak<\/li>\n<\/ul>\n\n\n\n<p><strong>\u00d6sszet\u00e9tel:<\/strong> Bibitaki, indiai egres, k\u00ednai rebarbara, s\u00e1rga myrobalan, \u00e1nizs, bojtorj\u00e1n, magyal, feh\u00e9r m\u00e1lyva, om\u00e1n, s\u00e1rga enci\u00e1n, papaya, borsmenta, \u00e9desk\u00f6m\u00e9ny, pitypang, gy\u00f6mb\u00e9r, kerti kakukkf\u0171, kurkuma, citromf\u0171.<\/p>\n\n\n\n<p><strong>Adagol\u00e1s:<\/strong> Javasoljuk, hogy lefekv\u00e9s el\u0151tt 1-2 kapszul\u00e1t vegyen be b\u0151s\u00e9ges folyad\u00e9kkal. Az aj\u00e1nlott adagol\u00e1s - \u00e9sszer\u0171 keretek k\u00f6z\u00f6tt - az egy\u00e9ni ig\u00e9nyekhez \u00e9s a probl\u00e9ma s\u00falyoss\u00e1g\u00e1hoz igaz\u00edthat\u00f3, ak\u00e1r \u00edgy, ak\u00e1r \u00fagy. A kapszul\u00e1kat meleg vagy legal\u00e1bb szobameleg v\u00edzzel kell bevenni. A PureWell hossz\u00fa t\u00e1v\u00fa \u00e9s folyamatos haszn\u00e1lata biztons\u00e1gos, mivel az adaptog\u00e9n \u00f6sszetev\u0151k harmoniz\u00e1lj\u00e1k a szervezet m\u0171k\u00f6d\u00e9s\u00e9t, \u00edgy seg\u00edtik az egyens\u00faly fenntart\u00e1s\u00e1t an\u00e9lk\u00fcl, hogy t\u00falzottan beavatkozn\u00e1nak a szervek term\u00e9szetes m\u0171k\u00f6d\u00e9s\u00e9be. Ha ismert valamelyik \u00f6sszetev\u0151vel szembeni t\u00fal\u00e9rz\u00e9kenys\u00e9g, aj\u00e1nlott kisebb adaggal kezdeni. Haszn\u00e1lata minden koroszt\u00e1ly sz\u00e1m\u00e1ra megengedett, bele\u00e9rtve a terhes \u00e9s szoptat\u00f3s n\u0151ket is.<\/p>\n\n\n\n<h4 class=\"wp-block-heading\">Aj\u00e1nl\u00e1s: t\u00f6bb Myrobalan gy\u00f3gyn\u00f6v\u00e9nyk\u00e9sz\u00edtm\u00e9ny egyidej\u0171 szed\u00e9sekor c\u00e9lszer\u0171 25-30 perc sz\u00fcnetet hagyni a kapszul\u00e1k k\u00f6z\u00f6tt, hogy az egyes term\u00e9kek gy\u00f3gyn\u00f6v\u00e9nykomplexuma a lehet\u0151 legjobban kifejthesse hat\u00e1s\u00e1t. Ha egyszerre szed vitaminokat \u00e9s gy\u00f3gyn\u00f6v\u00e9nyk\u00e9sz\u00edtm\u00e9nyeket, akkor nincs sz\u00fcks\u00e9g id\u0151beli k\u00fcl\u00f6nbs\u00e9gre a bev\u00e9teleik k\u00f6z\u00f6tt.<\/h4>\n\n\n\n<p>A PureWell \u00e9trend-kieg\u00e9sz\u00edt\u0151, haszn\u00e1lata nem helyettes\u00edti a sz\u00fcks\u00e9ges orvosi kezel\u00e9st!<br>A hat\u00e1s egy\u00e9nenk\u00e9nt elt\u00e9r\u0151 lehet, \u00e9s nem garant\u00e1lt. A kapszula b\u00e1rmely \u00f6sszetev\u0151j\u00e9vel szembeni t\u00fal\u00e9rz\u00e9kenys\u00e9g eset\u00e9n a kapszula haszn\u00e1lata nem aj\u00e1nlott. Ha rendszeresen gy\u00f3gyszert szed, vagy tart\u00f3s kezel\u00e9s alatt \u00e1ll, rendel\u00e9s el\u0151tt konzult\u00e1ljon kezel\u0151orvos\u00e1val vagy gy\u00f3gyszer\u00e9sz\u00e9vel.<\/p>\n\n\n\n<p>Ne l\u00e9pje t\u00fal az aj\u00e1nlott napi adagot!<br>A t\u00e1pl\u00e1l\u00e9kkieg\u00e9sz\u00edt\u0151 nem helyettes\u00edti a kiegyens\u00falyozott, v\u00e1ltozatos \u00e9trendet \u00e9s az eg\u00e9szs\u00e9ges \u00e9letm\u00f3dot.<br>Kisgyermekek el\u0151l elz\u00e1rva tartand\u00f3.<\/p>\n\n\n\n<p><strong>Mennyis\u00e9g: <\/strong>60db<br>Sz\u00e1raz helyen t\u00e1rolja. <br><strong>Minim\u00e1lis eltarthat\u00f3s\u00e1gi id\u0151<\/strong>: l\u00e1sd a bor\u00edt\u00f3n.<\/p>\n\n\n\n<p><\/p>","protected":false},"excerpt":{"rendered":"<p>&#8230; <a class=\"more-link\" href=\"#tab-description\">B\u0151vebben<\/a><\/p>","protected":false},"featured_media":9616,"comment_status":"open","ping_status":"closed","template":"","meta":{"inline_featured_image":false},"product_brand":[],"product_cat":[69,143],"product_tag":[],"class_list":{"0":"post-9614","1":"product","2":"type-product","3":"status-publish","4":"has-post-thumbnail","6":"product_cat-vyzivove-doplnky","7":"product_cat-zaludok-a-crevna-cinnost","9":"first","10":"instock","11":"taxable","12":"shipping-taxable","13":"purchasable","14":"product-type-simple"},"aioseo_notices":[],"_links":{"self":[{"href":"https:\/\/www.biokari.sk\/hu\/wp-json\/wp\/v2\/product\/9614","targetHints":{"allow":["GET"]}}],"collection":[{"href":"https:\/\/www.biokari.sk\/hu\/wp-json\/wp\/v2\/product"}],"about":[{"href":"https:\/\/www.biokari.sk\/hu\/wp-json\/wp\/v2\/types\/product"}],"replies":[{"embeddable":true,"href":"https:\/\/www.biokari.sk\/hu\/wp-json\/wp\/v2\/comments?post=9614"}],"wp:featuredmedia":[{"embeddable":true,"href":"https:\/\/www.biokari.sk\/hu\/wp-json\/wp\/v2\/media\/9616"}],"wp:attachment":[{"href":"https:\/\/www.biokari.sk\/hu\/wp-json\/wp\/v2\/media?parent=9614"}],"wp:term":[{"taxonomy":"product_brand","embeddable":true,"href":"https:\/\/www.biokari.sk\/hu\/wp-json\/wp\/v2\/product_brand?post=9614"},{"taxonomy":"product_cat","embeddable":true,"href":"https:\/\/www.biokari.sk\/hu\/wp-json\/wp\/v2\/product_cat?post=9614"},{"taxonomy":"product_tag","embeddable":true,"href":"https:\/\/www.biokari.sk\/hu\/wp-json\/wp\/v2\/product_tag?post=9614"}],"curies":[{"name":"wp","href":"https:\/\/api.w.org\/{rel}","templated":true}]}}