{"id":9618,"date":"2025-07-29T18:35:40","date_gmt":"2025-07-29T16:35:40","guid":{"rendered":"https:\/\/www.biokari.sk\/produkt\/myrobalan-kapsuly-na-lymfaticke-systemu-60ks\/"},"modified":"2026-04-18T19:02:53","modified_gmt":"2026-04-18T17:02:53","slug":"myrobalan-kapsuly-na-lymfaticke-systemu-60ks","status":"publish","type":"product","link":"https:\/\/www.biokari.sk\/hu\/termek\/myrobalan-kapszula-a-nyirokrendszer-szamara-60db\/","title":{"rendered":"Myrobalan kapszula a nyirokrendszer sz\u00e1m\u00e1ra 60db"},"content":{"rendered":"<p>Tudtad, hogy a szervezeted naponta t\u00f6bb ezer k\u00fcl\u00f6nb\u00f6z\u0151 m\u00e9reganyagnak lehet kit\u00e9ve a feldolgozott \u00e9lelmiszerek fogyaszt\u00e1sa \u00e9s a k\u00e1ros k\u00f6rnyezeti hat\u00e1sok miatt? A m\u00e9regtelen\u00edt\u00e9s a szervezet term\u00e9szetes folyamata, amelynek sor\u00e1n - amennyiben nem terhelj\u00fck t\u00fal - k\u00e9pes a k\u00e1ros anyagokat elt\u00e1vol\u00edtani a szervezetb\u0151l. A Lympid egy olyan term\u00e9szetes term\u00e9k, amely seg\u00edt a v\u00e9r tiszt\u00edt\u00e1s\u00e1ban \u00e9s t\u00e1mogatja a nyirokrendszer eg\u00e9szs\u00e9g\u00e9t, \u00edgy seg\u00edtve a m\u00e9regtelen\u00edt\u00e9st.<\/p>\n\n\n\n<p><strong>1<\/strong>00 % TERM\u00c9SZETES oldat a nyirokrendszer \u00e9s a v\u00e9r tiszt\u00edt\u00e1s\u00e1ra. 13 EGYED\u00dcL\u00c1LL\u00d3 KEVERESZTETT N\u00d6V\u00c9NY. el\u0151seg\u00edti a m\u00e9reganyagok ki\u00fcr\u00fcl\u00e9s\u00e9t a szervezetb\u0151l. Seg\u00edt enyh\u00edteni a v\u00e9gtagok duzzanat\u00e1t \u00e9s \u00f6d\u00e9m\u00e1j\u00e1t, el\u0151seg\u00edti a felesleges folyad\u00e9k elvezet\u00e9s\u00e9t.<\/p>\n\n\n\n<p><strong>\u00d6sszet\u00e9tel:<\/strong> \u00c1zsiai k\u00f6ld\u00f6kvir\u00e1g, astragalus (k\u00ednai valeriana), lapacho, andrographis, echinacea purpurea, bojtorj\u00e1n, gyermekl\u00e1ncf\u0171, k\u00f6r\u00f6mvir\u00e1g, gy\u00f6mb\u00e9r, szent bazsalikom (tulsi), indiai t\u00f6mj\u00e9n, s\u00e1rga myrobalan, v\u00f6r\u00f6s r\u00e9ti l\u00f3here.<\/p>\n\n\n\n<p><strong>Adagol\u00e1s:<\/strong> Aj\u00e1nlatos naponta 2\u00d71 kapszul\u00e1t bevenni, egyenletesen elosztva a nap folyam\u00e1n, lehet\u0151leg reggel vagy d\u00e9lel\u0151tt, am\u00edg a kellemetlens\u00e9gek nem enyh\u00fclnek. Az aj\u00e1nlott adagol\u00e1st\u00f3l - \u00e9sszer\u0171 keretek k\u00f6z\u00f6tt - el lehet t\u00e9rni az egy\u00e9ni ig\u00e9nyeknek \u00e9s a probl\u00e9ma s\u00falyoss\u00e1g\u00e1nak megfelel\u0151en. A kapszul\u00e1kat meleg, legal\u00e1bb szobah\u0151m\u00e9rs\u00e9klet\u0171 v\u00edzzel kell bevenni.<\/p>\n\n\n\n<p>A Lympid hossz\u00fa t\u00e1v\u00fa, folyamatos haszn\u00e1lata biztons\u00e1gos, mivel adaptog\u00e9n \u00f6sszetev\u0151i harmoniz\u00e1lj\u00e1k a szervezet m\u0171k\u00f6d\u00e9s\u00e9t \u00e9s seg\u00edtenek fenntartani az egyens\u00falyt an\u00e9lk\u00fcl, hogy jelent\u0151sen beavatkozn\u00e1nak a szervek term\u00e9szetes m\u0171k\u00f6d\u00e9s\u00e9be.<\/p>\n\n\n\n<p>Ha ismert, hogy az \u00f6sszetev\u0151k b\u00e1rmelyik\u00e9vel szemben \u00e9rz\u00e9kenys\u00e9g \u00e1ll fenn, aj\u00e1nlott alacsonyabb adaggal kezdeni.<br>A k\u00e9sz\u00edtm\u00e9ny szed\u00e9se minden koroszt\u00e1ly sz\u00e1m\u00e1ra megengedett, bele\u00e9rtve a terhes \u00e9s szoptat\u00f3 n\u0151ket is.<\/p>\n\n\n\n<p><strong>AJ\u00c1NL\u00c1S:<\/strong> T\u00f6bb Myrobalan n\u00f6v\u00e9nyi term\u00e9k szed\u00e9sekor aj\u00e1nlatos 25-30<strong> <\/strong>egyperces sz\u00fcnet az egyes kapszul\u00e1k bev\u00e9tele k\u00f6z\u00f6tt, hogy a term\u00e9k gy\u00f3gyn\u00f6v\u00e9ny-komplexuma kifejthesse hat\u00e1s\u00e1t. Ha egyszerre szed vitaminokat \u00e9s gy\u00f3gyn\u00f6v\u00e9nyk\u00e9sz\u00edtm\u00e9nyeket, akkor nem sz\u00fcks\u00e9ges, hogy a bev\u00e9tel\u00fck k\u00f6z\u00f6tt id\u0151k\u00f6z\u00f6ket tartson.<\/p>\n\n\n\n<p>A Lympid \u00e9trend-kieg\u00e9sz\u00edt\u0151, haszn\u00e1lata nem helyettes\u00edti a sz\u00fcks\u00e9ges orvosi kezel\u00e9st! A hat\u00e1sok egy\u00e9nenk\u00e9nt elt\u00e9r\u0151ek lehetnek, \u00e9s nem garant\u00e1ltak. A kapszula b\u00e1rmely \u00f6sszetev\u0151j\u00e9vel szembeni t\u00fal\u00e9rz\u00e9kenys\u00e9g eset\u00e9n a haszn\u00e1lata nem aj\u00e1nlott. Ha rendszeresen gy\u00f3gyszert szed, vagy tart\u00f3s orvosi kezel\u00e9s alatt \u00e1ll, rendel\u00e9s el\u0151tt konzult\u00e1ljon kezel\u0151orvos\u00e1val vagy gy\u00f3gyszer\u00e9sz\u00e9vel.<\/p>\n\n\n\n<p><strong>Ne l\u00e9pje t\u00fal az aj\u00e1nlott napi adagot!<\/strong> A t\u00e1pl\u00e1l\u00e9kkieg\u00e9sz\u00edt\u0151 nem helyettes\u00edti a kiegyens\u00falyozott, v\u00e1ltozatos \u00e9trendet \u00e9s az eg\u00e9szs\u00e9ges \u00e9letm\u00f3dot. Kisgyermekek el\u0151l elz\u00e1rva tartand\u00f3.<\/p>\n\n\n\n<p><strong>Mennyis\u00e9g:<\/strong> 60db<br>T\u00e1rolja h\u0171v\u00f6s helyen. <br><strong>Minim\u00e1lis eltarthat\u00f3s\u00e1gi id\u0151:<\/strong> l\u00e1sd a csomagol\u00e1st.<br><\/p>","protected":false},"excerpt":{"rendered":"<p>&#8230; <a class=\"more-link\" href=\"#tab-description\">B\u0151vebben<\/a><\/p>","protected":false},"featured_media":9620,"comment_status":"open","ping_status":"closed","template":"","meta":{"inline_featured_image":false},"product_brand":[288],"product_cat":[69],"product_tag":[],"class_list":{"0":"post-9618","1":"product","2":"type-product","3":"status-publish","4":"has-post-thumbnail","6":"product_brand-myrobalan","7":"product_cat-vyzivove-doplnky","9":"first","10":"instock","11":"taxable","12":"shipping-taxable","13":"purchasable","14":"product-type-simple"},"aioseo_notices":[],"_links":{"self":[{"href":"https:\/\/www.biokari.sk\/hu\/wp-json\/wp\/v2\/product\/9618","targetHints":{"allow":["GET"]}}],"collection":[{"href":"https:\/\/www.biokari.sk\/hu\/wp-json\/wp\/v2\/product"}],"about":[{"href":"https:\/\/www.biokari.sk\/hu\/wp-json\/wp\/v2\/types\/product"}],"replies":[{"embeddable":true,"href":"https:\/\/www.biokari.sk\/hu\/wp-json\/wp\/v2\/comments?post=9618"}],"wp:featuredmedia":[{"embeddable":true,"href":"https:\/\/www.biokari.sk\/hu\/wp-json\/wp\/v2\/media\/9620"}],"wp:attachment":[{"href":"https:\/\/www.biokari.sk\/hu\/wp-json\/wp\/v2\/media?parent=9618"}],"wp:term":[{"taxonomy":"product_brand","embeddable":true,"href":"https:\/\/www.biokari.sk\/hu\/wp-json\/wp\/v2\/product_brand?post=9618"},{"taxonomy":"product_cat","embeddable":true,"href":"https:\/\/www.biokari.sk\/hu\/wp-json\/wp\/v2\/product_cat?post=9618"},{"taxonomy":"product_tag","embeddable":true,"href":"https:\/\/www.biokari.sk\/hu\/wp-json\/wp\/v2\/product_tag?post=9618"}],"curies":[{"name":"wp","href":"https:\/\/api.w.org\/{rel}","templated":true}]}}