{"id":9628,"date":"2025-07-30T14:37:50","date_gmt":"2025-07-30T12:37:50","guid":{"rendered":"https:\/\/www.biokari.sk\/produkt\/wtn-kapsuly-na-alergie-30ks\/"},"modified":"2026-04-24T19:06:36","modified_gmt":"2026-04-24T17:06:36","slug":"wtn-kapsuly-na-alergie-30ks","status":"publish","type":"product","link":"https:\/\/www.biokari.sk\/hu\/termek\/wtn-allergia-kapszula-30db\/","title":{"rendered":"WTN Allergia kapszula 30db"},"content":{"rendered":"<p data-start=\"43\" data-end=\"257\">Az allerg\u00e9n anyagokkal \u00e9rintkezve szervezet\u00fcnk olyan er\u0151s immunv\u00e1laszt v\u00e1lthat ki, hogy a hisztamin felszabadul\u00e1ssal* j\u00e1r\u00f3 \u00f6sszetett gyullad\u00e1sos folyamatok indulnak be. Ezek k\u00fcl\u00f6nf\u00e9le t\u00fcnetekben nyilv\u00e1nulhatnak meg, p\u00e9ld\u00e1ul:<\/p>\n<ul data-start=\"259\" data-end=\"706\">\n<li data-start=\"259\" data-end=\"320\">\n<p data-start=\"261\" data-end=\"320\"><strong data-start=\"261\" data-end=\"281\">l\u00e9gz\u0151szervi reakci\u00f3k<\/strong> (orrdugul\u00e1s, k\u00f6h\u00f6g\u00e9s, t\u00fcssz\u00f6g\u00e9s stb.),<\/p>\n<\/li>\n<li data-start=\"321\" data-end=\"418\">\n<p data-start=\"323\" data-end=\"418\"><strong data-start=\"323\" data-end=\"352\">allergi\u00e1s reakci\u00f3k a b\u0151r\u00f6n<\/strong> (b\u0151rki\u00fct\u00e9s, viszket\u00e9s, b\u0151rp\u00edr, ekc\u00e9ma, rosacea stb.),<\/p>\n<\/li>\n<li data-start=\"419\" data-end=\"447\">\n<p data-start=\"421\" data-end=\"447\"><strong data-start=\"421\" data-end=\"444\">a szem \u00e9s a ny\u00e1lkah\u00e1rty\u00e1k gyullad\u00e1sa<\/strong>,<\/p>\n<\/li>\n<li data-start=\"448\" data-end=\"519\">\n<p data-start=\"450\" data-end=\"519\"><strong data-start=\"450\" data-end=\"483\">em\u00e9szt\u0151rendszeri probl\u00e9m\u00e1k<\/strong> (reflux, puffad\u00e1s, hasmen\u00e9s stb.),<\/p>\n<\/li>\n<li data-start=\"520\" data-end=\"633\">\n<p data-start=\"522\" data-end=\"633\"><strong data-start=\"522\" data-end=\"551\">sz\u00edv- \u00e9s \u00e9rrendszeri t\u00fcnetek<\/strong> (szapora pulzus, magas v\u00e9rnyom\u00e1s, anafilaxia - t\u00fal\u00e9rz\u00e9kenys\u00e9gi reakci\u00f3 stb.),<\/p>\n<\/li>\n<li data-start=\"634\" data-end=\"706\">\n<p data-start=\"636\" data-end=\"706\"><strong data-start=\"636\" data-end=\"661\">neurol\u00f3giai t\u00fcnetek<\/strong> (sz\u00e9d\u00fcl\u00e9s, migr\u00e9n, fejf\u00e1j\u00e1s, szorong\u00e1s).<\/p>\n<\/li>\n<\/ul>\n<p data-start=\"746\" data-end=\"838\">Ez\u00e9rt, ha hat\u00e9konyan akarjuk enyh\u00edteni az allergi\u00e1s reakci\u00f3kat, \u00e1tfog\u00f3an kell megvizsg\u00e1lnunk a probl\u00e9m\u00e1t.<\/p>\n<h3 data-start=\"845\" data-end=\"868\"><em data-start=\"849\" data-end=\"866\">Mi a hisztamin?<\/em><\/h3>\n<p data-start=\"869\" data-end=\"1160\">A hisztamin egy fontos hormon\/jelz\u0151molekula a szervezet\u00fcnkben, amely sz\u00e1mos folyamatot befoly\u00e1sol - az em\u00e9szt\u00e9st\u0151l a k\u00f6zponti idegrendszerig. Legkifejezettebb hat\u00e1sai a l\u00e9gutakban, a b\u0151rben, a sz\u00edv- \u00e9s \u00e9rrendszerben, a m\u00e9hben\/petevezet\u00e9kben, az agyban \u00e9s a b\u00e9lrendszerben jelentkeznek.<\/p>\n<h4 data-start=\"1167\" data-end=\"1215\">Mi a term\u00e9k <strong data-start=\"1185\" data-end=\"1204\">WTN Allrgen-XTM<\/strong> kiv\u00e9teles?<\/h4>\n<p data-start=\"1217\" data-end=\"1447\"><strong data-start=\"1217\" data-end=\"1236\">WTN Allrgen-XTM<\/strong> sokkal sz\u00e9lesebb hat\u00e1sspektrummal rendelkezik, mint a legt\u00f6bb hasonl\u00f3 term\u00e9k a piacon. Ez annak is k\u00f6sz\u00f6nhet\u0151, hogy hat\u00e9kony, de dr\u00e1g\u00e1bb anyagokat tartalmaz, amelyek val\u00f3ban hatnak az allergi\u00e1s t\u00fcnetekre (pl. <strong data-start=\"1424\" data-end=\"1445\">szulforaf\u00e1n, rutin<\/strong>).<\/p>\n<ul data-start=\"1449\" data-end=\"2427\">\n<li data-start=\"1449\" data-end=\"1825\">\n<p data-start=\"1451\" data-end=\"1825\">Tartalmazza a  c\u00edmet. <strong data-start=\"1460\" data-end=\"1513\">rendk\u00edv\u00fcl magas koncentr\u00e1ci\u00f3 (1000 mcg\/kapszula)<\/strong> biol\u00f3giailag akt\u00edv <strong data-start=\"1535\" data-end=\"1550\">szulforaf\u00e1n<\/strong>amely bizony\u00edtottan hat\u00e1sos (szemben az olcs\u00f3bb <strong data-start=\"1605\" data-end=\"1622\">gl\u00fckorafanin<\/strong>amely csak a szulforaf\u00e1n el\u0151anyaga).<br data-start=\"1662\" data-end=\"1665\" \/>\u27a1 A szulforaf\u00e1n <strong data-start=\"1683\" data-end=\"1707\">gyullad\u00e1scs\u00f6kkent\u0151 hat\u00e1sok<\/strong> \u00e9s seg\u00edt semleges\u00edteni a hisztamin leboml\u00e1sakor keletkez\u0151 k\u00e1ros mell\u00e9kterm\u00e9keket (amm\u00f3nia \u00e9s hidrog\u00e9n-peroxid).<\/p>\n<\/li>\n<li data-start=\"1827\" data-end=\"2027\">\n<p data-start=\"1829\" data-end=\"2027\">A gyullad\u00e1scs\u00f6kkent\u0151 hat\u00e1s kieg\u00e9sz\u00fcl a k\u00f6vetkez\u0151kkel <strong data-start=\"1859\" data-end=\"1878\">antihisztaminok<\/strong> Anyagok: <strong data-start=\"1886\" data-end=\"1936\">kvercetin, rutin \u00e9s gyermekl\u00e1ncf\u0171 kivonat<\/strong>amelyek nemcsak a gyullad\u00e1st kiv\u00e1lt\u00f3 enzimeket g\u00e1tolj\u00e1k, hanem a hisztamin felszabadul\u00e1s\u00e1t is.<\/p>\n<\/li>\n<li data-start=\"2029\" data-end=\"2123\">\n<p data-start=\"2031\" data-end=\"2123\"><strong data-start=\"2031\" data-end=\"2044\">Bromelain<\/strong> hozz\u00e1j\u00e1rul az allerg\u00e9n feh\u00e9rj\u00e9k lebont\u00e1s\u00e1hoz \u00e9s jav\u00edtja a kvercetin felsz\u00edv\u00f3d\u00e1s\u00e1t.<\/p>\n<\/li>\n<li data-start=\"2125\" data-end=\"2233\">\n<p data-start=\"2127\" data-end=\"2233\"><strong data-start=\"2127\" data-end=\"2139\">Luteolin<\/strong> seg\u00edthet enyh\u00edteni az allergi\u00e1s szemt\u00fcneteket - hat\u00e1sa pontosan a rutin seg\u00edts\u00e9g\u00e9vel aktiv\u00e1l\u00f3dik.<\/p>\n<\/li>\n<li data-start=\"2235\" data-end=\"2331\">\n<p data-start=\"2237\" data-end=\"2331\"><strong data-start=\"2237\" data-end=\"2246\">Rutin<\/strong> seg\u00edt cs\u00f6kkenteni a hajsz\u00e1lerek \u00e1tereszt\u0151k\u00e9pess\u00e9g\u00e9t, amelyet a hisztamin megn\u00f6vel - \u00edgy enyh\u00edti a duzzanatot.<\/p>\n<\/li>\n<li data-start=\"2333\" data-end=\"2427\">\n<p data-start=\"2335\" data-end=\"2427\"><strong data-start=\"2335\" data-end=\"2359\">Csal\u00e1n koncentr\u00e1tum<\/strong> seg\u00edt a v\u00e1lad\u00e9k felk\u00f6h\u00f6g\u00e9s\u00e9ben, cs\u00f6kkenti a k\u00f6nnyez\u0151 szemeket \u00e9s az orrfoly\u00e1st.<\/p>\n<\/li>\n<\/ul>\n<h3 data-start=\"2434\" data-end=\"2508\"><strong data-start=\"2438\" data-end=\"2508\">Hogyan cs\u00f6kkenthetik a WTN Allrgen-XTM hat\u00f3anyagai az allergi\u00e1s t\u00fcneteket?<\/strong><\/h3>\n<p data-start=\"2510\" data-end=\"2828\">Az allergi\u00e1s reakci\u00f3kat a k\u00f6vetkez\u0151k k\u00eds\u00e9rik <strong data-start=\"2543\" data-end=\"2568\">hisztamin felszabadul\u00e1s<\/strong>.<br data-start=\"2569\" data-end=\"2572\" \/>A hisztamin a gyullad\u00e1s akut f\u00e1zis\u00e1ban (f\u0151k\u00e9nt a h\u00edz\u00f3sejtekb\u0151l) \u00e9s allergi\u00e1s reakci\u00f3kban is felszabadul.<br data-start=\"2675\" data-end=\"2678\" \/><strong data-start=\"2678\" data-end=\"2698\">Kr\u00f3nikus gyullad\u00e1s<\/strong> a szervezetben maguk is n\u00f6velhetik a hisztaminszintet - ami p\u00e9ld\u00e1ul a pollenszezonban m\u00e9g nagyobb probl\u00e9m\u00e1t jelent az allergi\u00e1sok sz\u00e1m\u00e1ra.<\/p>\n<p data-start=\"2830\" data-end=\"2881\">Ez\u00e9rt nagyon fontos, hogy a k\u00e9sz\u00edtm\u00e9ny tartalmazzon:<\/p>\n<ul data-start=\"2882\" data-end=\"3083\">\n<li data-start=\"2882\" data-end=\"2926\">\n<p data-start=\"2884\" data-end=\"2926\"><strong data-start=\"2884\" data-end=\"2900\">Antioxid\u00e1nsok<\/strong>amelyek enyh\u00edtik a gyullad\u00e1st,<\/p>\n<\/li>\n<li data-start=\"2927\" data-end=\"2972\">\n<p data-start=\"2929\" data-end=\"2972\"><strong data-start=\"2929\" data-end=\"2969\">a hisztamin felszabadul\u00e1s\u00e1t g\u00e1tl\u00f3 anyagok<\/strong>,<\/p>\n<\/li>\n<li data-start=\"2973\" data-end=\"3083\">\n<p data-start=\"2975\" data-end=\"3083\">a <strong data-start=\"2977\" data-end=\"3050\">a hisztamin lebont\u00e1si mell\u00e9kterm\u00e9kek elt\u00e1vol\u00edt\u00e1s\u00e1t el\u0151seg\u00edt\u0151 anyagok<\/strong> - ez\u00e1ltal t\u00e1mogatva az immunrendszert.<\/p>\n<\/li>\n<\/ul>\n<h3 data-start=\"3090\" data-end=\"3134\">\ud83d\udee1 <strong data-start=\"3097\" data-end=\"3134\">A WTN Allrgen-XTM hat\u00e1s 4 pill\u00e9re:<\/strong><\/h3>\n<h4 data-start=\"3136\" data-end=\"3216\"><strong data-start=\"3141\" data-end=\"3214\">1. A hisztamin boml\u00e1sa sor\u00e1n keletkez\u0151 k\u00e1ros anyagok semleges\u00edt\u00e9se.<\/strong><\/h4>\n<p data-start=\"3217\" data-end=\"3411\">Amikor a hisztamint a DAO enzim lebontja, a DAO enzim <strong data-start=\"3259\" data-end=\"3287\">amm\u00f3nia \u00e9s hidrog\u00e9n-peroxid<\/strong> - m\u00e9rgez\u0151 anyagok, amelyek megterhelik antioxid\u00e1ns rendszer\u00fcnket.<br data-start=\"3344\" data-end=\"3347\" \/>\u27a1 <strong data-start=\"3349\" data-end=\"3377\">Szulforaf\u00e1n (brokkolib\u00f3l)<\/strong> seg\u00edt semleges\u00edteni ezeket az anyagokat.<\/p>\n<p data-start=\"3413\" data-end=\"3440\">\u27a1\u00a0<strong data-start=\"3415\" data-end=\"3438\">A szulforaf\u00e1n hat\u00e1sai:\u00a0<\/strong>antimikrobi\u00e1lis hat\u00e1s, a m\u00e9regtelen\u00edt\u00e9s el\u0151seg\u00edt\u00e9se, a hisztamin lebont\u00e1si mell\u00e9kterm\u00e9kek elt\u00e1vol\u00edt\u00e1s\u00e1nak el\u0151seg\u00edt\u00e9se, a fels\u0151 l\u00e9g\u00fati gyullad\u00e1sok enyh\u00edt\u00e9se, az oxidat\u00edv stressz cs\u00f6kkent\u00e9se.<\/p>\n<p data-start=\"3413\" data-end=\"3440\"><strong data-start=\"3652\" data-end=\"3689\">2. A hisztamin felszabadul\u00e1s\u00e1nak cs\u00f6kkent\u00e9se<\/strong><\/p>\n<p data-start=\"3692\" data-end=\"3728\"><strong data-start=\"3692\" data-end=\"3726\">Kvercetin (jap\u00e1n sophor\u00e1b\u00f3l): <\/strong>stabiliz\u00e1lja a h\u00edz\u00f3sejteket (kevesebb hisztamin szabadul fel), megakad\u00e1lyozza a gyullad\u00e1skelt\u0151 anyagok t\u00falzott aktivit\u00e1s\u00e1t, blokkolja a gyullad\u00e1st kiv\u00e1lt\u00f3 enzimeket.<\/p>\n<h4 data-start=\"3878\" data-end=\"3921\"><strong data-start=\"3883\" data-end=\"3919\">3. A gyullad\u00e1s \u00e9s az irrit\u00e1ci\u00f3 cs\u00f6kkent\u00e9se<\/strong><\/h4>\n<p data-start=\"3922\" data-end=\"3951\"><strong data-start=\"3922\" data-end=\"3949\">Csal\u00e1nkivonat (5:1): <\/strong>elnyomja a hisztamin termel\u00e9st \u00e9s a kapcsol\u00f3d\u00f3 gyullad\u00e1st, enyh\u00edti a k\u00f6nnyez\u0151 szemet \u00e9s a n\u00e1th\u00e1t, k\u00f6ptet\u0151szerk\u00e9nt hat (megk\u00f6nny\u00edti a k\u00f6ptet\u00e9st).<br \/>\n<strong data-start=\"4094\" data-end=\"4106\">Luteolin: <\/strong>f\u0151k\u00e9nt a b\u0151rben \u00e9s a szemekben halmoz\u00f3dik fel - enyh\u00edti az irrit\u00e1ci\u00f3t, lass\u00edtja a ny\u00e1lkak\u00e9pz\u0151d\u00e9st a l\u00e9gutakban, a rutinnak k\u00f6sz\u00f6nhet\u0151en biol\u00f3giailag akt\u00edvv\u00e1 v\u00e1lik.<br \/>\n<strong data-start=\"4267\" data-end=\"4297\">Rutin (jap\u00e1n sophor\u00e1b\u00f3l):\u00a0<\/strong>er\u0151s antioxid\u00e1ns \u00e9s gyullad\u00e1scs\u00f6kkent\u0151 szer, er\u0151s\u00edti az ereket \u00e9s cs\u00f6kkenti azok \u00e1tereszt\u0151k\u00e9pess\u00e9g\u00e9t (a hisztamin a hajsz\u00e1lerek sziv\u00e1rg\u00e1s\u00e1t \u00e9s ez\u00e1ltal duzzanatot okoz).<\/p>\n<p data-start=\"4267\" data-end=\"4299\"><strong data-start=\"4457\" data-end=\"4492\">4. Gyullad\u00e1sos feh\u00e9rj\u00e9k lebont\u00e1sa<\/strong><\/p>\n<p data-start=\"4495\" data-end=\"4528\"><strong data-start=\"4495\" data-end=\"4526\">Bromelain (anan\u00e1szb\u00f3l sz\u00e1rmaz\u00f3 enzim): <\/strong>seg\u00edt lebontani a feh\u00e9rj\u00e9ket aminosavakk\u00e1 - \u00edgy cs\u00f6kkenti a feh\u00e9rjeallerg\u00e9nek hat\u00e1s\u00e1t, enyh\u00edti az orrdugul\u00e1st \u00e9s seg\u00edt a v\u00e1lad\u00e9k felk\u00f6h\u00f6g\u00e9s\u00e9ben, cs\u00f6kkenti a duzzanatot, jav\u00edtja a kvercetin felsz\u00edv\u00f3d\u00e1s\u00e1t.<\/p>\n<h4 data-start=\"4745\" data-end=\"4777\"><strong data-start=\"4749\" data-end=\"4775\">\u00d6sszetev\u0151k (kapszul\u00e1nk\u00e9nt): <\/strong><strong data-start=\"4780\" data-end=\"4832\">Szulforaf\u00e1n (standardiz\u00e1lt brokkoli kivonat)<\/strong> - 1000 mcg, <strong data-start=\"4848\" data-end=\"4921\">Kvercetin, gyermekl\u00e1ncf\u0171 kivonat, luteolin, bromelain (2000 GDU\/g), rutin.<\/strong> - 670 mg, <strong data-start=\"4935\" data-end=\"4966\">Zselatin (marhah\u00fas kapszula)<\/strong> - kapszulacsomagol\u00e1s, <strong data-start=\"4988\" data-end=\"5009\">Aszkorbil-palmit\u00e1t<\/strong><\/h4>\n<h4 data-start=\"5016\" data-end=\"5048\"><strong data-start=\"5020\" data-end=\"5046\">Aj\u00e1nlott adagol\u00e1s:\u00a0<\/strong><strong data-start=\"5049\" data-end=\"5068\">1 kapszula naponta<\/strong>, ide\u00e1lis esetben \u00e9tkez\u00e9sek k\u00f6z\u00f6tt (\u00e9rz\u00e9keny gyomorral \u00e9tkez\u00e9s k\u00f6zben).<\/h4>\n<h4 data-start=\"5134\" data-end=\"5157\">\u26a0\ufe0f\u00a0<strong data-start=\"5141\" data-end=\"5157\">Figyelmeztet\u00e9s:\u00a0<\/strong>Terhess\u00e9g \u00e9s szoptat\u00e1s alatt nem alkalmas. Ne l\u00e9pje t\u00fal az aj\u00e1nlott napi adagot. Gyermekekt\u0151l elz\u00e1rva, sz\u00e1raz, h\u0171v\u00f6s \u00e9s s\u00f6t\u00e9t helyen tartand\u00f3. Ha allergi\u00e1s b\u00e1rmelyik \u00f6sszetev\u0151re, ne szedje a term\u00e9ket! Ne szedje k\u00e1v\u00e9val egy\u00fctt (legal\u00e1bb 30 perccel k\u00e1v\u00e9 el\u0151tt vagy 2 \u00f3r\u00e1val k\u00e1v\u00e9 ut\u00e1n vegye be). Ne szedje tejterm\u00e9kekkel egy\u00fctt. Ha t\u00f6bbf\u00e9le t\u00e1pl\u00e1l\u00e9kkieg\u00e9sz\u00edt\u0151t szed, forduljon szakemberhez.<\/h4>\n<p data-start=\"5561\" data-end=\"5665\" data-is-last-node=\"\" data-is-only-node=\"\">\u274c <strong data-start=\"5563\" data-end=\"5596\">Ez a term\u00e9k nem veg\u00e1n<\/strong>mert a kapszula a k\u00f6vetkez\u0151 anyagokb\u00f3l k\u00e9sz\u00fclt <strong data-start=\"5628\" data-end=\"5664\">nagy tisztas\u00e1g\u00fa szarvasmarha zselatin<\/strong>.<\/p>\n<p data-start=\"5561\" data-end=\"5665\" data-is-last-node=\"\" data-is-only-node=\"\"><strong>Mennyis\u00e9g:<\/strong> 30db<\/p>","protected":false},"excerpt":{"rendered":"<p>Pri kontakte s alerg\u00e9nnymi l\u00e1tkami m\u00f4\u017ee n\u00e1\u0161 organizmus vyvola\u0165 tak\u00fa siln\u00fa imunitn\u00fa odpove\u010f, ktor\u00e1 sp\u00fa\u0161\u0165a zlo\u017eit\u00e9 z\u00e1palov\u00e9 procesy spojen\u00e9 s uvo\u013e\u0148ovan\u00edm histam\u00ednu<\/p>","protected":false},"featured_media":9631,"comment_status":"open","ping_status":"closed","template":"","meta":{"inline_featured_image":false},"product_brand":[289],"product_cat":[69,144,140],"product_tag":[281],"class_list":{"0":"post-9628","1":"product","2":"type-product","3":"status-publish","4":"has-post-thumbnail","6":"product_brand-wtn","7":"product_cat-vyzivove-doplnky","8":"product_cat-dychacie-cesty","9":"product_cat-posilnenie-imunity","10":"product_tag-veganske","12":"first","13":"instock","14":"taxable","15":"shipping-taxable","16":"purchasable","17":"product-type-simple"},"aioseo_notices":[],"_links":{"self":[{"href":"https:\/\/www.biokari.sk\/hu\/wp-json\/wp\/v2\/product\/9628","targetHints":{"allow":["GET"]}}],"collection":[{"href":"https:\/\/www.biokari.sk\/hu\/wp-json\/wp\/v2\/product"}],"about":[{"href":"https:\/\/www.biokari.sk\/hu\/wp-json\/wp\/v2\/types\/product"}],"replies":[{"embeddable":true,"href":"https:\/\/www.biokari.sk\/hu\/wp-json\/wp\/v2\/comments?post=9628"}],"wp:featuredmedia":[{"embeddable":true,"href":"https:\/\/www.biokari.sk\/hu\/wp-json\/wp\/v2\/media\/9631"}],"wp:attachment":[{"href":"https:\/\/www.biokari.sk\/hu\/wp-json\/wp\/v2\/media?parent=9628"}],"wp:term":[{"taxonomy":"product_brand","embeddable":true,"href":"https:\/\/www.biokari.sk\/hu\/wp-json\/wp\/v2\/product_brand?post=9628"},{"taxonomy":"product_cat","embeddable":true,"href":"https:\/\/www.biokari.sk\/hu\/wp-json\/wp\/v2\/product_cat?post=9628"},{"taxonomy":"product_tag","embeddable":true,"href":"https:\/\/www.biokari.sk\/hu\/wp-json\/wp\/v2\/product_tag?post=9628"}],"curies":[{"name":"wp","href":"https:\/\/api.w.org\/{rel}","templated":true}]}}