{"id":9646,"date":"2025-07-30T17:22:14","date_gmt":"2025-07-30T15:22:14","guid":{"rendered":"https:\/\/www.biokari.sk\/produkt\/herbiovit-alpsky-balzam-75ml\/"},"modified":"2026-02-16T18:00:53","modified_gmt":"2026-02-16T17:00:53","slug":"herbiovit-alpsky-balzam-75ml","status":"publish","type":"product","link":"https:\/\/www.biokari.sk\/hu\/termek\/herbiovit-alpesi-balzsam-75ml\/","title":{"rendered":"Herbiovit Alpesi balzsam 75ml"},"content":{"rendered":"<p><strong>Sz\u00e1mos kellemetlen betegs\u00e9gre aj\u00e1nlott.<\/strong>mint p\u00e9ld\u00e1ul fizikai s\u00e9r\u00fcl\u00e9sek, r\u00e1ndul\u00e1sok, gyullad\u00e1sos probl\u00e9m\u00e1k, vagy az \u00e9letkorral kapcsolatos t\u00fcnetek, illetve kellemetlen, zavar\u00f3 b\u0151rirrit\u00e1ci\u00f3k. <strong>19 hat\u00f3anyagot tartalmaz!<\/strong><\/p>\n\n\n\n<p>K\u00fcl\u00f6nlegesen \u00f6ssze\u00e1ll\u00edtott <strong>gy\u00f3gyn\u00f6v\u00e9nyes mesterbalzsam<\/strong> k\u00f6r\u00f6mvir\u00e1g-, \u00e1rnika- \u00e9s l\u00f3gesztenye kivonattal, kakukkf\u0171- \u00e9s mentaolajjal, valamint egy\u00e9b n\u00f6v\u00e9nyi hat\u00f3anyagokkal. Hidrat\u00e1l\u00f3 hat\u00e1s\u00fa <strong>ureu<\/strong>. Term\u00e9szetes \u00e9s komplex hat\u00f3anyagai kieg\u00e9sz\u00edtik egym\u00e1st \u00e9s seg\u00edtik a b\u0151r regener\u00e1l\u00f3d\u00e1s\u00e1t. <strong>Veg\u00e1n formula.<\/strong><br>Az egyed\u00fcl\u00e1ll\u00f3 kr\u00e9mes alapot a k\u00f6vetkez\u0151 \u00f6sszetev\u0151k kombin\u00e1ci\u00f3ja alkotja <strong>aloe vera l\u00e9<\/strong> \u00e9s kivonja a <strong>Virginia hamamelis<\/strong>.<\/p>\n\n\n\n<p><strong>Herbiovit Alpesi balzsam<\/strong> az egyik legjobb mesterbalzsam, amely egyes\u00edti a <strong>14 k\u00fcl\u00f6nb\u00f6z\u0151 n\u00f6v\u00e9nyi \u00e9s n\u00f6v\u00e9nyi hat\u00f3anyag (kivonatok \u00e9s olajok)<\/strong>. A gy\u00f3gyn\u00f6v\u00e9nyek t\u00e1mogatj\u00e1k egym\u00e1s hat\u00e1s\u00e1t \u00e9s seg\u00edtik a gy\u00f3gyul\u00e1si folyamatot. \u00d6sszess\u00e9g\u00e9ben tartalmaz <strong>19 hat\u00f3anyag<\/strong>, kieg\u00e9sz\u00edtve <strong>karbamid, mentol, k\u00e1mfor, E-vitamin \u00e9s C-vitamin<\/strong>.<\/p>\n\n\n\n<p><strong>Az alpesi hegyekben \u00e9l\u0151 id\u0151s emberek titkai.<\/strong> Ezek az emberek hagyom\u00e1nyosan, \u0151si szok\u00e1sok \u00e9s tapasztalatok alapj\u00e1n k\u00e9sz\u00edtenek ilyen \u00f6sszetett k\u00e9sz\u00edtm\u00e9nyeket a term\u00e9szet \u00e1ltal k\u00edn\u00e1lt leghat\u00e9konyabb gy\u00f3gyn\u00f6v\u00e9nyekb\u0151l.<\/p>\n\n\n\n<p>A balzsam <strong>kiv\u00e1l\u00f3an alkalmas a h\u00e1t-, l\u00e1b-, v\u00e1ll-, cs\u00edp\u0151- \u00e9s karf\u00e1jdalmak gyors enyh\u00edt\u00e9s\u00e9re.<\/strong> Gyakran ezek a probl\u00e9m\u00e1k annyira kellemetlenek, hogy megakad\u00e1lyozz\u00e1k a teljes \u00e9letvitel\u00fcnket, \u00e9s cs\u00f6kkentik annak min\u0151s\u00e9g\u00e9t. N\u00e9ha a tart\u00f3s f\u00e1jdalom depresszi\u00f3t \u00e9s rossz hangulatot okoz. Ezekre a probl\u00e9m\u00e1kra nincs csodaszer, de a hagyom\u00e1nyosan kifejlesztett <strong>Alpesi balzsam<\/strong> m\u00e1r sokan \"csodaszernek\" nevezt\u00e9k, mert ez egy olyan gy\u00f3gyn\u00f6v\u00e9nyes kr\u00e9m, amellyel val\u00f3ban kiv\u00e9teles eredm\u00e9nyeket lehet el\u00e9rni.<\/p>\n\n\n\n<p><strong>Hat\u00f3anyagai seg\u00edtenek a k\u00fcl\u00f6nb\u00f6z\u0151 kellemetlen betegs\u00e9gekben<\/strong>mint p\u00e9ld\u00e1ul fizikai s\u00e9r\u00fcl\u00e9sek, ficamok, korral j\u00e1r\u00f3 t\u00fcnetek vagy zavar\u00f3 b\u0151rirrit\u00e1ci\u00f3k. A  oldalon. <strong>reuma, k\u00f6szv\u00e9ny vagy \u00ednh\u00fcvelygyullad\u00e1s<\/strong> kieg\u00e9sz\u00edt\u0151 b\u0151r\u00e1pol\u00e1si term\u00e9kk\u00e9nt haszn\u00e1lhat\u00f3.<\/p>\n\n\n\n<p>\u2705 <strong>Veg\u00e1n.<\/strong> Nem tartalmaz \u00e1llati eredet\u0171 \u00f6sszetev\u0151ket.<br>\u274c <strong>Nem tartalmaz parab\u00e9neket, SLS-t, BHT-t vagy \u00e1sv\u00e1nyi olaj alap\u00fa \u00f6sszetev\u0151ket.<\/strong><br>\u274c <strong>Nem tartalmaz szintetikus sz\u00ednez\u00e9keket \u00e9s illatanyagokat.<\/strong><br>\ud83c\udf3f <strong>K\u00edm\u00e9letes a b\u0151rh\u00f6z - b\u0151rgy\u00f3gy\u00e1szati tesztek igazolj\u00e1k a k\u00edm\u00e9letess\u00e9g\u00e9t.<\/strong><\/p>\n\n\n\n<p><strong>K\u00f6tet:<\/strong> 75ml<\/p>\n\n\n\n<p><\/p>","protected":false},"excerpt":{"rendered":"<p>&#8230; <a class=\"more-link\" href=\"#tab-description\">B\u0151vebben<\/a><\/p>","protected":false},"featured_media":9651,"comment_status":"open","ping_status":"closed","template":"","meta":{"inline_featured_image":false},"product_brand":[],"product_cat":[19],"product_tag":[313],"class_list":{"0":"post-9646","1":"product","2":"type-product","3":"status-publish","4":"has-post-thumbnail","6":"product_cat-ostatne","7":"product_tag-top-ostatne","9":"first","10":"instock","11":"taxable","12":"shipping-taxable","13":"purchasable","14":"product-type-simple"},"aioseo_notices":[],"_links":{"self":[{"href":"https:\/\/www.biokari.sk\/hu\/wp-json\/wp\/v2\/product\/9646","targetHints":{"allow":["GET"]}}],"collection":[{"href":"https:\/\/www.biokari.sk\/hu\/wp-json\/wp\/v2\/product"}],"about":[{"href":"https:\/\/www.biokari.sk\/hu\/wp-json\/wp\/v2\/types\/product"}],"replies":[{"embeddable":true,"href":"https:\/\/www.biokari.sk\/hu\/wp-json\/wp\/v2\/comments?post=9646"}],"wp:featuredmedia":[{"embeddable":true,"href":"https:\/\/www.biokari.sk\/hu\/wp-json\/wp\/v2\/media\/9651"}],"wp:attachment":[{"href":"https:\/\/www.biokari.sk\/hu\/wp-json\/wp\/v2\/media?parent=9646"}],"wp:term":[{"taxonomy":"product_brand","embeddable":true,"href":"https:\/\/www.biokari.sk\/hu\/wp-json\/wp\/v2\/product_brand?post=9646"},{"taxonomy":"product_cat","embeddable":true,"href":"https:\/\/www.biokari.sk\/hu\/wp-json\/wp\/v2\/product_cat?post=9646"},{"taxonomy":"product_tag","embeddable":true,"href":"https:\/\/www.biokari.sk\/hu\/wp-json\/wp\/v2\/product_tag?post=9646"}],"curies":[{"name":"wp","href":"https:\/\/api.w.org\/{rel}","templated":true}]}}