{"id":9669,"date":"2025-07-31T12:58:09","date_gmt":"2025-07-31T10:58:09","guid":{"rendered":"https:\/\/www.biokari.sk\/produkt\/herbiovit-glukozaminovy-krem-250ml\/"},"modified":"2026-04-28T19:01:57","modified_gmt":"2026-04-28T17:01:57","slug":"herbiovit-glukozaminovy-krem-250ml","status":"publish","type":"product","link":"https:\/\/www.biokari.sk\/hu\/termek\/herbiovit-glukozamin-krem-250ml\/","title":{"rendered":"Herbiovit Gl\u00fccosamine kr\u00e9m 250ml"},"content":{"rendered":"<p><strong>Aj\u00e1nlott az \u00edz\u00fcleti panaszok \u00e9s az izommerevs\u00e9g enyh\u00edt\u00e9s\u00e9re, valamint a mozg\u00e1si neh\u00e9zs\u00e9gek helyre\u00e1ll\u00edt\u00e1s\u00e1nak el\u0151seg\u00edt\u00e9s\u00e9re.<\/strong> A komplex \u00f6sszet\u00e9tel hozz\u00e1j\u00e1rul a probl\u00e9m\u00e1s ter\u00fcletek ellaz\u00edt\u00e1s\u00e1hoz \u00e9s a merevs\u00e9g megsz\u00fcntet\u00e9s\u00e9hez.<\/p>\n\n\n\n<p><strong>Gl\u00fckozamin kr\u00e9m<\/strong> hozz\u00e1adott <strong>eukaliptuszolaj<\/strong>, <strong>borsmenta<\/strong>, <strong>ureou<\/strong>, <strong>az \u00f6rd\u00f6g karma<\/strong> \u00e9s egy\u00e9b n\u00f6v\u00e9nyi kivonatok, valamint hat\u00f3anyagok <strong>gl\u00fckozamin, MSM, kondroitin \u00e9s kollag\u00e9n<\/strong>. Friss\u00edt\u0151t tartalmaz <strong>mentol<\/strong>. <strong>Veg\u00e1n formula.<\/strong><br>Az egyed\u00fcl\u00e1ll\u00f3 kr\u00e9mes alapot a k\u00f6vetkez\u0151k kombin\u00e1l\u00e1s\u00e1val hozz\u00e1k l\u00e9tre <strong>aloe vera l\u00e9<\/strong> a <strong>Virginia hamamelis kivonat<\/strong>amelyek nyugtat\u00f3 \u00e9s \u00e1pol\u00f3 hat\u00e1ssal vannak a b\u0151rre.<\/p>\n\n\n\n<h4 class=\"wp-block-heading\"><strong>Az eg\u00e9szs\u00e9ges \u00edz\u00fcletek el\u0151seg\u00edt\u00e9se<\/strong>:<br>Az \u00edz\u00fcletek sz\u00e1m\u00e1ra a legfontosabb t\u00e1panyagok a k\u00f6vetkez\u0151k <strong>gl\u00fckozamin, kondroitin \u00e9s kollag\u00e9n<\/strong>.<br>A gl\u00fckozamin hat\u00e9konys\u00e1g\u00e1t tudom\u00e1nyos kutat\u00e1sok is meger\u0151s\u00edtett\u00e9k - hozz\u00e1j\u00e1rul a <strong>az \u00edz\u00fcletek funkcionalit\u00e1s\u00e1nak jav\u00edt\u00e1sa<\/strong>.<br>Tartalmaz tov\u00e1bb\u00e1 <strong>MSM (metil-szulfonil-met\u00e1n)<\/strong>, a biol\u00f3giailag akt\u00edv k\u00e9n term\u00e9szetes forr\u00e1sa, amely er\u0151s\u00edti a gl\u00fckozamin hat\u00e1s\u00e1t \u00e9s t\u00e1mogatja az \u00edz\u00fcleteket.<\/h4>\n\n\n\n<h4 class=\"wp-block-heading\"><strong>\u00d6sszetett \u00f6sszet\u00e9tel<\/strong>V: A gl\u00fckozamin, az MSM, a kondroitin \u00e9s a kollag\u00e9n egy\u00fcttesen hozz\u00e1j\u00e1rulnak:<br>Az \u00edz\u00fcleti probl\u00e9m\u00e1k \u00e9s a k <strong>az \u00edz\u00fcletek, inak \u00e9s porcok eg\u00e9szs\u00e9ges m\u0171k\u00f6d\u00e9se<\/strong>,<br>A s\u00farl\u00f3d\u00e1snak kitett \u00edz\u00fcletek megfelel\u0151 m\u0171k\u00f6d\u00e9s\u00e9nek t\u00e1mogat\u00e1sa \u00e9s a porcsz\u00f6vet helyre\u00e1ll\u00edt\u00e1sa,<br>A szalagok \u00e9s a k\u00f6t\u0151sz\u00f6vet rugalmass\u00e1g\u00e1nak jav\u00edt\u00e1sa \u00e9s az \u00edz\u00fcleti gyullad\u00e1sok cs\u00f6kkent\u00e9se.<\/h4>\n\n\n\n<h4 class=\"wp-block-heading\"><strong>A n\u00f6v\u00e9nyi kivonatok \u00e9s olajok nyugtat\u00f3 hat\u00e1sa<\/strong>:<br>E<strong>ucalypt olaj<\/strong> a <strong>mentol<\/strong> Egy\u00fcttesen hozz\u00e1j\u00e1rulnak a probl\u00e9m\u00e1s ter\u00fcletek felszabad\u00edt\u00e1s\u00e1hoz.<br>A mentolnak k\u00f6sz\u00f6nhet\u0151en a kr\u00e9m <strong>jelent\u0151s v\u00e9rkering\u00e9s a b\u0151rben<\/strong> \u00e9s r\u00f6vid t\u00e1v\u00fa <strong>h\u0171s\u00edt\u0151 \u00e9rz\u00e9s<\/strong>.<br>A kr\u00e9m hat\u00f3anyagai megnyugtatnak \u00e9s ellaz\u00edtanak. <strong>izommerevs\u00e9g<\/strong> \u00e9s a folyad\u00e9kvisszatart\u00e1s, jav\u00edtja a kezelt b\u0151r rugalmass\u00e1g\u00e1t.<\/h4>\n\n\n\n<p><strong>H\u0171t\u0151 hat\u00e1s<\/strong> el\u0151seg\u00edti a lelassult anyagcsere-folyamatok regener\u00e1l\u00f3d\u00e1s\u00e1t, seg\u00edt elt\u00e1vol\u00edtani a felgy\u00fclemlett folyad\u00e9kot \u00e9s salakanyagokat. Ez a hat\u00e1s er\u0151s\u00edti <strong>borsmentaolaj<\/strong>, amelynek kivonata <strong>izomg\u00f6rcs\u00f6kre gyakorolt laz\u00edt\u00f3 hat\u00e1s<\/strong>.<br>Ha bemassz\u00edrozza, el\u0151seg\u00edtheti <strong>az izmok jobb v\u00e9rell\u00e1t\u00e1sa<\/strong> \u00e9s \u00edgy a <strong>Anyagcsere<\/strong>.<\/p>\n\n\n\n<p><strong>K\u00f6tet:<\/strong> 250ml<\/p>","protected":false},"excerpt":{"rendered":"<p>&#8230; <a class=\"more-link\" href=\"#tab-description\">B\u0151vebben<\/a><\/p>","protected":false},"featured_media":9671,"comment_status":"open","ping_status":"closed","template":"","meta":{"inline_featured_image":false},"product_brand":[],"product_cat":[19],"product_tag":[313],"class_list":{"0":"post-9669","1":"product","2":"type-product","3":"status-publish","4":"has-post-thumbnail","6":"product_cat-ostatne","7":"product_tag-top-ostatne","9":"first","10":"instock","11":"taxable","12":"shipping-taxable","13":"purchasable","14":"product-type-simple"},"aioseo_notices":[],"_links":{"self":[{"href":"https:\/\/www.biokari.sk\/hu\/wp-json\/wp\/v2\/product\/9669","targetHints":{"allow":["GET"]}}],"collection":[{"href":"https:\/\/www.biokari.sk\/hu\/wp-json\/wp\/v2\/product"}],"about":[{"href":"https:\/\/www.biokari.sk\/hu\/wp-json\/wp\/v2\/types\/product"}],"replies":[{"embeddable":true,"href":"https:\/\/www.biokari.sk\/hu\/wp-json\/wp\/v2\/comments?post=9669"}],"wp:featuredmedia":[{"embeddable":true,"href":"https:\/\/www.biokari.sk\/hu\/wp-json\/wp\/v2\/media\/9671"}],"wp:attachment":[{"href":"https:\/\/www.biokari.sk\/hu\/wp-json\/wp\/v2\/media?parent=9669"}],"wp:term":[{"taxonomy":"product_brand","embeddable":true,"href":"https:\/\/www.biokari.sk\/hu\/wp-json\/wp\/v2\/product_brand?post=9669"},{"taxonomy":"product_cat","embeddable":true,"href":"https:\/\/www.biokari.sk\/hu\/wp-json\/wp\/v2\/product_cat?post=9669"},{"taxonomy":"product_tag","embeddable":true,"href":"https:\/\/www.biokari.sk\/hu\/wp-json\/wp\/v2\/product_tag?post=9669"}],"curies":[{"name":"wp","href":"https:\/\/api.w.org\/{rel}","templated":true}]}}