{"id":9672,"date":"2025-07-31T13:04:06","date_gmt":"2025-07-31T11:04:06","guid":{"rendered":"https:\/\/www.biokari.sk\/produkt\/herbiovit-krem-na-ruky-75ml\/"},"modified":"2026-04-29T19:03:17","modified_gmt":"2026-04-29T17:03:17","slug":"herbiovit-krem-na-ruky-75ml","status":"publish","type":"product","link":"https:\/\/www.biokari.sk\/hu\/termek\/herbiovit-kezkrem-75ml\/","title":{"rendered":"Herbiovit k\u00e9zkr\u00e9m 75ml"},"content":{"rendered":"<p><strong>Hand Love hidrat\u00e1l\u00f3 k\u00e9zkr\u00e9m ol\u00edvaolaj, mandulafeh\u00e9rje, C-vitamin, valamint glicerin \u00e9s karbamid hozz\u00e1ad\u00e1s\u00e1val.<\/strong><br>Az egyed\u00fcl\u00e1ll\u00f3 kr\u00e9malapot a nyugtat\u00f3 \u00e9s t\u00e1pl\u00e1l\u00f3 aloe vera l\u00e9 \u00e9s a hamamelis kivonat kombin\u00e1l\u00e1s\u00e1val hozt\u00e1k l\u00e9tre.<\/p>\n\n\n\n<p><strong>A kezek \u00e9s k\u00f6r\u00f6m\u00e1gyak napi \u00e1pol\u00e1s\u00e1ra aj\u00e1nlott.<\/strong> <br>A k\u00f6nny\u0171 formula gyorsan felsz\u00edv\u00f3dik. \u00c9rt\u00e9kes mandulafeh\u00e9rj\u00e9t tartalmaz, amely kellemes \u00e9rz\u00e9st biztos\u00edt a b\u0151r\u00f6n \u00e9s jav\u00edtja a b\u0151r hidrat\u00e1lts\u00e1g\u00e1t. Hidrat\u00e1lja a b\u0151rt \u00e9s a k\u00f6rm\u00f6ket egyar\u00e1nt. Hidrat\u00e1l\u00f3 karbamidot tartalmaz, egy term\u00e9szetes v\u00edzmegk\u00f6t\u0151 anyagot, amely l\u00e1gy\u00edt\u00f3 \u00e9s viszket\u00e9scsillap\u00edt\u00f3 hat\u00e1s\u00fa, ami j\u00f3t\u00e9konyan hat a sz\u00e1raz b\u0151r kezel\u00e9s\u00e9re \u00e9s az ekc\u00e9ma t\u00fcneteinek megel\u0151z\u00e9s\u00e9re. A hat\u00f3anyagok el\u0151seg\u00edtik a b\u0151r term\u00e9szetes regener\u00e1l\u00f3d\u00e1s\u00e1t. L\u00e1gy\u00edtja, puh\u00edtja \u00e9s hidrat\u00e1lja a sz\u00e1raz b\u0151rt.<br>Rendszeres haszn\u00e1lat\u00e1val a sz\u00e1raz, repedezett b\u0151r, valamint a k\u00e9z \u00e9s a k\u00f6rm\u00f6k fel\u00fclete kezelt, puha \u00e9s rugalmas lesz. V\u00e9d a nap k\u00e1ros sugarai \u00e9s a kisz\u00e1rad\u00e1s ellen, rendszeres haszn\u00e1lat\u00e1val pedig seg\u00edt megel\u0151zni a b\u0151r id\u0151 el\u0151tti \u00f6reged\u00e9s\u00e9t. A sz\u00e1raz k\u00e9z sz\u00e1mos probl\u00e9m\u00e1t okozhat, ez\u00e9rt a folyamatos hidrat\u00e1l\u00e1s elengedhetetlen. Ha el szeretn\u00e9 ker\u00fclni a kicserepesed\u00e9st, a mikror\u00e1ncokat \u00e9s puha kezekre v\u00e1gyik, <strong>Herbiovit Hand Love hidrat\u00e1l\u00f3 k\u00e9zkr\u00e9m<\/strong> t\u00f6k\u00e9letes v\u00e1laszt\u00e1s lesz az \u00d6n sz\u00e1m\u00e1ra.<\/p>\n\n\n\n<p><strong>Veg\u00e1n term\u00e9k. Nem tartalmaz \u00e1llati eredet\u0171 \u00f6sszetev\u0151ket.<\/strong><br>Nem tartalmaz szintetikus illatanyagokat \u00e9s sz\u00ednez\u00e9keket, \u00e1llati eredet\u0171 \u00f6sszetev\u0151ket vagy \u00e1sv\u00e1nyi olajokat.<br><strong>B\u0151rgy\u00f3gy\u00e1szatilag tesztelt - b\u0151rbar\u00e1t.<\/strong><\/p>\n\n\n\n<p>\ud83d\udca1 <strong>Tipp:<\/strong> A k\u00e9zfert\u0151tlen\u00edt\u0151 rendszeres haszn\u00e1lata ut\u00e1n, amikor b\u0151re \u00e9rz\u00e9kenny\u00e9 v\u00e1lik, tegye a rutin r\u00e9sz\u00e9v\u00e9, hogy minden k\u00e9zmos\u00e1s ut\u00e1n hidrat\u00e1ljon. Tartsa k\u00e9zn\u00e9l a kr\u00e9met az irod\u00e1ban, a munkahelyen \u00e9s a f\u00fcrd\u0151szob\u00e1ban.<\/p>\n\n\n\n<h3 class=\"wp-block-heading\"><strong>Haszn\u00e1lja a Herbiovit Hand Love k\u00e9zkr\u00e9met:<\/strong><\/h3>\n\n\n\n<p>Naponta vigye fel a k\u00edv\u00e1nt b\u0151rfel\u00fcletre, \u00e9s finoman massz\u00edrozza be. Minden b\u0151rt\u00edpusra alkalmas!<\/p>\n\n\n\n<p>\u26a0\ufe0f <strong>Kiz\u00e1r\u00f3lag k\u00fclt\u00e9ri haszn\u00e1latra!<\/strong> Ker\u00fclje a szemmel, ny\u00e1lkah\u00e1rty\u00e1val \u00e9s ny\u00edlt sebbel val\u00f3 \u00e9rintkez\u00e9st! Gyermekek el\u0151l elz\u00e1rva tartand\u00f3! A t\u00e9telsz\u00e1m a t\u00e9gelyen van felt\u00fcntetve.<\/p>\n\n\n\n<p><strong>T\u00e1rol\u00e1s:<\/strong> T\u00e1rolja 10-25 \u00b0C-on, v\u00e9dje a k\u00f6zvetlen napf\u00e9nyt\u0151l \u00e9s h\u0151t\u0151l.<\/p>\n\n\n\n<h4 class=\"wp-block-heading\"><strong>Fels\u0151 mappa:<\/strong> <br><strong>Ol\u00edvaolaj (Olea Europaea)<\/strong><br>M<strong>Angel Protein (\u00e9des mandula)<\/strong><br>U<strong>rea<\/strong> <br><strong>K\u00f3kuszolaj (Cocos Nucifera)<\/strong><br><strong>EXTRA C-VITAMIN<\/strong><\/h4>\n\n\n\n<p><strong>Fedezze fel a Mentha vil\u00e1g\u00e1t - kattintson ide, hogy megtudja, melyik gy\u00f3gyn\u00f6v\u00e9ny seg\u00edt a b\u0151r\u00e1pol\u00e1sban.<\/strong><\/p>\n\n\n\n<p><strong>Igazi Mentha alap:<\/strong> aloe vera l\u00e9 \u00e9s hamamelis kivonat<\/p>\n\n\n\n<h4 class=\"wp-block-heading\"><strong>\u00d6sszet\u00e9tel:<\/strong> Aqua, glicerin, karbamid, gliceril-sztear\u00e1t Se, Ricinus Communis magolaj, Cocos Nucifera olaj, aszkorbil-palmit\u00e1t, hidroliz\u00e1lt \u00e9desmandula feh\u00e9rje, Rosmarinus Officinalis lev\u00e9l, Hamamelis Virginiana kivonat, Olea Europaea gy\u00fcm\u00f6lcsolaj, Ceteareth-25, cetearyl alkohol, karbomer, CI 77891 (tit\u00e1n-dioxid), cink-sztear\u00e1t, xant\u00e1n gumi, ciklopentaszilox\u00e1n, Helianthus Annuus magolaj, fenoxietanol, trietanolamin, dimetikon, parf\u00fcm*, etilhexil-glicerin, alfa-izometil-ionon, citronellol, kumarin, hexil-fah\u00e9j, limon\u00e9n, linalool.<br>*term\u00e9szetes ill\u00f3olajb\u00f3l<\/h4>\n\n\n\n<p><strong>K\u00f6tet<\/strong>: 250ml<\/p>\n\n\n\n<p><\/p>","protected":false},"excerpt":{"rendered":"<p>&#8230; <a class=\"more-link\" href=\"#tab-description\">B\u0151vebben<\/a><\/p>","protected":false},"featured_media":9674,"comment_status":"open","ping_status":"closed","template":"","meta":{"inline_featured_image":false},"product_brand":[],"product_cat":[19],"product_tag":[313],"class_list":{"0":"post-9672","1":"product","2":"type-product","3":"status-publish","4":"has-post-thumbnail","6":"product_cat-ostatne","7":"product_tag-top-ostatne","9":"first","10":"instock","11":"taxable","12":"shipping-taxable","13":"purchasable","14":"product-type-simple"},"aioseo_notices":[],"_links":{"self":[{"href":"https:\/\/www.biokari.sk\/hu\/wp-json\/wp\/v2\/product\/9672","targetHints":{"allow":["GET"]}}],"collection":[{"href":"https:\/\/www.biokari.sk\/hu\/wp-json\/wp\/v2\/product"}],"about":[{"href":"https:\/\/www.biokari.sk\/hu\/wp-json\/wp\/v2\/types\/product"}],"replies":[{"embeddable":true,"href":"https:\/\/www.biokari.sk\/hu\/wp-json\/wp\/v2\/comments?post=9672"}],"wp:featuredmedia":[{"embeddable":true,"href":"https:\/\/www.biokari.sk\/hu\/wp-json\/wp\/v2\/media\/9674"}],"wp:attachment":[{"href":"https:\/\/www.biokari.sk\/hu\/wp-json\/wp\/v2\/media?parent=9672"}],"wp:term":[{"taxonomy":"product_brand","embeddable":true,"href":"https:\/\/www.biokari.sk\/hu\/wp-json\/wp\/v2\/product_brand?post=9672"},{"taxonomy":"product_cat","embeddable":true,"href":"https:\/\/www.biokari.sk\/hu\/wp-json\/wp\/v2\/product_cat?post=9672"},{"taxonomy":"product_tag","embeddable":true,"href":"https:\/\/www.biokari.sk\/hu\/wp-json\/wp\/v2\/product_tag?post=9672"}],"curies":[{"name":"wp","href":"https:\/\/api.w.org\/{rel}","templated":true}]}}