{"id":9675,"date":"2025-07-31T13:29:34","date_gmt":"2025-07-31T11:29:34","guid":{"rendered":"https:\/\/www.biokari.sk\/produkt\/herbiovit-bylinkova-konska-mast-75ml\/"},"modified":"2026-04-18T19:02:58","modified_gmt":"2026-04-18T17:02:58","slug":"herbiovit-bylinkova-konska-mast-75ml","status":"publish","type":"product","link":"https:\/\/www.biokari.sk\/hu\/termek\/herbiovit-gyogynovenyes-lo-kenocs-75ml\/","title":{"rendered":"Herbiovit Gy\u00f3gyn\u00f6v\u00e9nyes l\u00f3kr\u00e9m 75ml"},"content":{"rendered":"<p><strong>A n\u00e9pszer\u0171 gy\u00f3gyn\u00f6v\u00e9nyes, h\u0171s\u00edt\u0151 l\u00f3balzsamnak van egy kisebb testv\u00e9re.<\/strong><br>\u00cdgy eg\u00e9sz nap magadn\u00e1l tarthatod - vidd magaddal edz\u00e9sre, \u00fatra, munk\u00e1ba, vagy ahov\u00e1 csak akarod!<\/p>\n\n\n\n<p><strong>Speci\u00e1lis \u00f6sszet\u00e9tel\u0171, gy\u00f3gyn\u00f6v\u00e9nyes, h\u0171s\u00edt\u0151 l\u00f3balzsam rozmaring, komf\u0171, borsmenta \u00e9s \u00e1rnika kivonattal, valamint extra gl\u00fck\u00f3zaminnal \u00e9s k\u00e1mfor hat\u00f3anyagokkal. Friss\u00edt\u0151 mentolt tartalmaz. Veg\u00e1n formula.<\/strong><br>Az egyed\u00fcl\u00e1ll\u00f3 kr\u00e9malapot a nyugtat\u00f3 \u00e9s t\u00e1pl\u00e1l\u00f3 aloe vera l\u00e9 \u00e9s a hamamelis kivonat kombin\u00e1l\u00e1s\u00e1val hozt\u00e1k l\u00e9tre.<\/p>\n\n\n\n<p><strong>B\u0151r\u00e1pol\u00e1s c\u00e9lj\u00e1b\u00f3l az izommerevs\u00e9g laz\u00edt\u00e1s\u00e1ra aj\u00e1nlott.<\/strong><br>Az egyed\u00fcl\u00e1ll\u00f3an kifejlesztett komplex formula term\u00e9szetes m\u00f3don serkenti a v\u00e9rkering\u00e9st a kezelt ter\u00fcleten.<\/p>\n\n\n\n<p>A term\u00e9kben tal\u00e1lhat\u00f3 k\u00e1mfor, mentol \u00e9s gy\u00f3gyn\u00f6v\u00e9nykivonatok kiv\u00e1l\u00f3 v\u00e9rkering\u00e9st biztos\u00edtanak a b\u0151rnek az alkalmaz\u00e1s hely\u00e9n. Minden b\u0151rt\u00edpuson haszn\u00e1lhat\u00f3 h\u0171s\u00edt\u0151 term\u00e9k. A mentol r\u00f6vid ideig tart\u00f3 h\u0171s\u00edt\u0151 \u00e9rz\u00e9st biztos\u00edt, m\u00edg a hat\u00f3anyagok lassabban, de hosszan tart\u00f3 hat\u00e1st fejtenek ki.<\/p>\n\n\n\n<p>A term\u00e9k hat\u00f3anyagai seg\u00edtenek enyh\u00edteni \u00e9s ellaz\u00edtani az izommerevs\u00e9get, jav\u00edtj\u00e1k a kezelt ter\u00fclet rugalmass\u00e1g\u00e1t \u00e9s el\u0151seg\u00edtik a v\u00edzelvezet\u00e9st. A h\u0171s\u00edt\u0151 hat\u00e1s regener\u00e1lja a lelassult anyagcsere-folyamatokat, \u00e9s seg\u00edt elt\u00e1vol\u00edtani a felgy\u00fclemlett folyad\u00e9kot \u00e9s salakanyagokat. A mentollal kombin\u00e1lt k\u00e1mfor m\u00e9g intenz\u00edvebb h\u0171s\u00edt\u0151 \u00e9rz\u00e9st kelt a b\u0151r\u00f6n. A k\u00e1mfor helyi v\u00e9rvezet\u0151 \u00f6sszetev\u0151ivel enyh\u00edti a gyullad\u00e1st \u00e9s a gyullad\u00e1s okozta kellemetlen \u00e9rz\u00e9st. A gyorsabb v\u00e9rkering\u00e9s n\u00f6veli a szervezet term\u00e9szetes v\u00e9dekez\u0151k\u00e9pess\u00e9g\u00e9t.<\/p>\n\n\n\n<p>A kr\u00e9mben l\u00e9v\u0151 gy\u00f3gyn\u00f6v\u00e9nykivonatokb\u00f3l <strong>aloe vera<\/strong> k\u00fcls\u0151leg alkalmazva hidrat\u00e1l\u00f3 hat\u00e1s\u00fa, jav\u00edtja a b\u0151r \u00e9s a ny\u00e1lkah\u00e1rty\u00e1k mikrokering\u00e9s\u00e9t. Az aloe vera \u00e9rt\u00e1g\u00edt\u00f3 hat\u00e1s\u00e1nak k\u00f6sz\u00f6nhet\u0151en a s\u00e9r\u00fclt sz\u00f6vetekben is javul a v\u00e9rkering\u00e9s, ami hozz\u00e1j\u00e1rul a b\u0151rprobl\u00e9m\u00e1k gy\u00f3gyul\u00e1s\u00e1hoz.<\/p>\n\n\n\n<p>\u2705 <strong>Veg\u00e1n term\u00e9k. Nem tartalmaz \u00e1llati eredet\u0171 \u00f6sszetev\u0151ket.<\/strong><br>\u2705 <strong>Szintetikus illat- \u00e9s sz\u00ednez\u00e9kanyagokt\u00f3l, \u00e1llati eredet\u0171 \u00f6sszetev\u0151kt\u0151l \u00e9s \u00e1sv\u00e1nyi olajokt\u00f3l mentes.<\/strong><br>\u2705 <strong>B\u0151rgy\u00f3gy\u00e1szatilag tesztelt, b\u0151rbar\u00e1t.<\/strong>\ud83d\udca1 <strong>Tipp:<\/strong> Ha id\u0151nk\u00e9nt fejf\u00e1j\u00e1st\u00f3l vagy migr\u00e9nt\u0151l szenved, kenjen egy kis mennyis\u00e9get a hal\u00e1nt\u00e9k\u00e1ra - szinte azonnal \u00e9rezni fogja a nyugtat\u00f3 hat\u00e1st.<\/p>\n\n\n\n<h4 class=\"wp-block-heading\"><strong>Alkalmaz\u00e1s:<\/strong>  Naponta vigye fel a k\u00edv\u00e1nt b\u0151rfel\u00fcletre, \u00e9s finoman massz\u00edrozza be. <strong>Minden b\u0151rt\u00edpusra alkalmas!<\/strong><\/h4>\n\n\n\n<p>\u26a0\ufe0f <strong>Kiz\u00e1r\u00f3lag k\u00fclt\u00e9ri haszn\u00e1latra!<\/strong> A term\u00e9szetes \u00f6sszet\u00e9tel meg\u0151rz\u00e9se \u00e9rdek\u00e9ben \u00fcgyeljen arra, hogy a term\u00e9k haszn\u00e1latakor tiszta k\u00e9zzel ny\u00faljon a t\u00e9gelybe. <strong>Ker\u00fclje a szemmel, ny\u00e1lkah\u00e1rty\u00e1val \u00e9s ny\u00edlt sebbel val\u00f3 \u00e9rintkez\u00e9st! Gyermekek el\u0151l elz\u00e1rva tartand\u00f3!<\/strong> A gy\u00e1rt\u00e1si t\u00e9telsz\u00e1mot a t\u00e9gelyen felt\u00fcntetik.<\/p>\n\n\n\n<p><strong>T\u00e1rol\u00e1s:<\/strong> 10-25 \u00b0C, f\u00e9nyt\u0151l \u00e9s h\u0151t\u0151l v\u00e9dve.<\/p>\n\n\n\n<h4 class=\"wp-block-heading\"><strong>FELS\u0150 MAPPA:<\/strong> <br>\ud83c\udf3f <strong>Borsmentaolaj (Mentha Piperita)<\/strong><br>\ud83c\udf3f <strong>Rozmaring (Rosmarinus Officinalis) - lev\u00e9lkivonat<\/strong><br>\ud83c\udf3f <strong>Arnica montana (Arnica montana) - vir\u00e1gkivonat<\/strong><br>\ud83c\udf3f <strong>Symphytum Officinale (Symphytum Officinale) - gy\u00f6k\u00e9rkivonat<\/strong><br><strong>+ EXTRA GL\u00dcKOZAMIN<\/strong><\/h4>\n\n\n\n<p><strong>Fedezze fel a Mentha vil\u00e1g\u00e1t - kattintson ide, hogy megtudja, melyik gy\u00f3gyn\u00f6v\u00e9ny seg\u00edt a b\u0151r\u00e1pol\u00e1sban.<\/strong><\/p>\n\n\n\n<p><strong>Igazi Mentha alap:<\/strong> aloe vera l\u00e9 \u00e9s hamamelis kivonat<\/p>\n\n\n\n<h4 class=\"wp-block-heading\"><strong>\u00d6sszet\u00e9tel: <\/strong><em>Aqua, glicerin, izopropil-alkohol, Aloe Barbadensis lev\u00e9ll\u00e9, acetil-gl\u00fck\u00f3zamin, Hamamelis Virginiana kivonat, Rosmarinus Officinalis lev\u00e9lkivonat, Symphytum Officinale gy\u00f6k\u00e9rkivonat, Arnica Montana vir\u00e1gkivonat, k\u00e1mfor, mentol, Mentha Piperita olaj, CI 75810 (klorofill), karbomer, propil\u00e9nglikol, n\u00e1trium-hidroxid, fenoxietanol, etilhexilglicerin, limon\u00e9n.<\/em><\/h4>\n\n\n\n<p><strong>K\u00f6tet:<\/strong> 75ml<\/p>","protected":false},"excerpt":{"rendered":"<p>&#8230; <a class=\"more-link\" href=\"#tab-description\">B\u0151vebben<\/a><\/p>","protected":false},"featured_media":9677,"comment_status":"open","ping_status":"closed","template":"","meta":{"inline_featured_image":false},"product_brand":[],"product_cat":[19],"product_tag":[],"class_list":{"0":"post-9675","1":"product","2":"type-product","3":"status-publish","4":"has-post-thumbnail","6":"product_cat-ostatne","8":"first","9":"instock","10":"taxable","11":"shipping-taxable","12":"purchasable","13":"product-type-simple"},"aioseo_notices":[],"_links":{"self":[{"href":"https:\/\/www.biokari.sk\/hu\/wp-json\/wp\/v2\/product\/9675","targetHints":{"allow":["GET"]}}],"collection":[{"href":"https:\/\/www.biokari.sk\/hu\/wp-json\/wp\/v2\/product"}],"about":[{"href":"https:\/\/www.biokari.sk\/hu\/wp-json\/wp\/v2\/types\/product"}],"replies":[{"embeddable":true,"href":"https:\/\/www.biokari.sk\/hu\/wp-json\/wp\/v2\/comments?post=9675"}],"wp:featuredmedia":[{"embeddable":true,"href":"https:\/\/www.biokari.sk\/hu\/wp-json\/wp\/v2\/media\/9677"}],"wp:attachment":[{"href":"https:\/\/www.biokari.sk\/hu\/wp-json\/wp\/v2\/media?parent=9675"}],"wp:term":[{"taxonomy":"product_brand","embeddable":true,"href":"https:\/\/www.biokari.sk\/hu\/wp-json\/wp\/v2\/product_brand?post=9675"},{"taxonomy":"product_cat","embeddable":true,"href":"https:\/\/www.biokari.sk\/hu\/wp-json\/wp\/v2\/product_cat?post=9675"},{"taxonomy":"product_tag","embeddable":true,"href":"https:\/\/www.biokari.sk\/hu\/wp-json\/wp\/v2\/product_tag?post=9675"}],"curies":[{"name":"wp","href":"https:\/\/api.w.org\/{rel}","templated":true}]}}