{"id":9679,"date":"2025-08-07T09:07:57","date_gmt":"2025-08-07T07:07:57","guid":{"rendered":"https:\/\/www.biokari.sk\/produkt\/biokari-pstaciovy-krem-200g\/"},"modified":"2026-03-05T18:01:18","modified_gmt":"2026-03-05T17:01:18","slug":"biokari-pstaciovy-krem-200g","status":"publish","type":"product","link":"https:\/\/www.biokari.sk\/hu\/termek\/biokari-pstaci-krem-200g\/","title":{"rendered":"Biokari Piszt\u00e1cia kr\u00e9m 200g"},"content":{"rendered":"<p><strong>Feh\u00e9rje \u00e9s veg\u00e1n<\/strong><\/p>\n\n\n\n<p><strong>\u00d6sszet\u00e9tel:<\/strong> \u00c9des\u00edt\u0151szer: Maltit, napraforg\u00f3olaj, izol\u00e1lt sz\u00f3jafeh\u00e9rje, piszt\u00e1cia 15%, term\u00e9szetes sz\u00ednez\u00e9k: klorofill, EMULG\u00c1TOR: sz\u00f3jalecitin. <br><strong>Allerg\u00e9neket tartalmaz:<\/strong> Sz\u00f3ja. Nyomokban m\u00e1s di\u00f3f\u00e9l\u00e9ket tartalmazhat.<\/p>\n\n\n\n<p><strong>T\u00e1p\u00e9rt\u00e9kek 100 grammonk\u00e9nt: <\/strong><br>Energia: 2078kj\/501kcal<br>Zs\u00edr: 34g ebb\u0151l tel\u00edtett: 4.1g<br>Sz\u00e9nhidr\u00e1tok: 36g, ebb\u0151l cukrok 1,1g, ebb\u0151l poliolok: 33g<br>Rost: 1.7g, Feh\u00e9rje: 25g, S\u00f3: 0.07g<\/p>\n\n\n\n<p>Haszn\u00e1lat el\u0151tt keverje fel.<br>Az olaj felsz\u00ednre ker\u00fcl\u00e9se term\u00e9szetes jelens\u00e9g, \u00e9s nem befoly\u00e1solja a term\u00e9k \u00f6sszet\u00e9tel\u00e9t. <\/p>\n\n\n\n<p><strong>S\u00faly:<\/strong> 200g<br>Sz\u00e1raz helyen t\u00e1rolja. <br><strong>Minim\u00e1lis eltarthat\u00f3s\u00e1gi id\u0151:<\/strong> l\u00e1sd a csomagol\u00e1st<br><\/p>\n\n\n\n<p><\/p>\n\n\n\n<p><br><\/p>","protected":false},"excerpt":{"rendered":"<p>&#8230; <a class=\"more-link\" href=\"#tab-description\">B\u0151vebben<\/a><\/p>","protected":false},"featured_media":9681,"comment_status":"open","ping_status":"closed","template":"","meta":{"inline_featured_image":false},"product_brand":[],"product_cat":[71],"product_tag":[],"class_list":{"0":"post-9679","1":"product","2":"type-product","3":"status-publish","4":"has-post-thumbnail","6":"product_cat-potraviny","8":"first","9":"instock","10":"taxable","11":"shipping-taxable","12":"purchasable","13":"product-type-simple"},"aioseo_notices":[],"_links":{"self":[{"href":"https:\/\/www.biokari.sk\/hu\/wp-json\/wp\/v2\/product\/9679","targetHints":{"allow":["GET"]}}],"collection":[{"href":"https:\/\/www.biokari.sk\/hu\/wp-json\/wp\/v2\/product"}],"about":[{"href":"https:\/\/www.biokari.sk\/hu\/wp-json\/wp\/v2\/types\/product"}],"replies":[{"embeddable":true,"href":"https:\/\/www.biokari.sk\/hu\/wp-json\/wp\/v2\/comments?post=9679"}],"wp:featuredmedia":[{"embeddable":true,"href":"https:\/\/www.biokari.sk\/hu\/wp-json\/wp\/v2\/media\/9681"}],"wp:attachment":[{"href":"https:\/\/www.biokari.sk\/hu\/wp-json\/wp\/v2\/media?parent=9679"}],"wp:term":[{"taxonomy":"product_brand","embeddable":true,"href":"https:\/\/www.biokari.sk\/hu\/wp-json\/wp\/v2\/product_brand?post=9679"},{"taxonomy":"product_cat","embeddable":true,"href":"https:\/\/www.biokari.sk\/hu\/wp-json\/wp\/v2\/product_cat?post=9679"},{"taxonomy":"product_tag","embeddable":true,"href":"https:\/\/www.biokari.sk\/hu\/wp-json\/wp\/v2\/product_tag?post=9679"}],"curies":[{"name":"wp","href":"https:\/\/api.w.org\/{rel}","templated":true}]}}