{"id":9862,"date":"2025-09-07T10:36:02","date_gmt":"2025-09-07T08:36:02","guid":{"rendered":"https:\/\/www.biokari.sk\/produkt\/ecolife-na-rucne-umyvanie-riadu-1000ml\/"},"modified":"2026-03-10T18:00:56","modified_gmt":"2026-03-10T17:00:56","slug":"ecolife-na-rucne-umyvanie-riadu-1000ml","status":"publish","type":"product","link":"https:\/\/www.biokari.sk\/hu\/termek\/ecolife-na-rucne-umyvanie-riadu-1000ml\/","title":{"rendered":"Ecolife Na ru\u010dn\u00e9 um\u00fdvanie riadu 1000ml"},"content":{"rendered":"<p><strong>EcoLIFE pre eko dom\u00e1cnosti \u2013 efekt\u00edvny pr\u00edrodn\u00fd \u010distiaci prostriedok na ru\u010dn\u00e9 um\u00fdvanie riadu <\/strong>vytv\u00e1ra jemn\u00fa penu a \u00fa\u010dinne odmas\u0165uje riad. Neobsahuje sulf\u00e1ty a je \u0161etrn\u00fd k poko\u017eke. Prostriedok na ru\u010dn\u00e9 um\u00fdvanie riadu je vyroben\u00fd z 100% odb\u00farate\u013en\u00fdch, pr\u00edrodn\u00fdch surov\u00edn, ktor\u00fd bal\u00edme do plne recyklovate\u013en\u00fdch flia\u0161.<\/p>\n\n\n\n<p><strong>Neobsahuje l\u00e1tky \u017eivo\u010d\u00ed\u0161neho p\u00f4vodu. Po\u010das v\u00fdvoja nebol testovan\u00fd na zvierat\u00e1ch \u2013 veg\u00e1nsky. Neobsahuje \u017eiadne \u0161kodliv\u00e9 l\u00e1tky.<\/strong><\/p>\n\n\n\n<p><strong>Haszn\u00e1lati utas\u00edt\u00e1s: <\/strong>&nbsp;1. <strong>Um\u00fdvanie riadu pod te\u010d\u00facou vodou<\/strong>: Dajte mal\u00e9 mno\u017estvo, 2-3 kvapky prostriedku na hubku. 2. <strong>Pri um\u00fdvan\u00ed v napustenom dreze<\/strong>: Pridajte 1 vie\u010dko prostriedku na cca 5 litrov vody. M\u00e1 silno odmas\u0165uj\u00faci \u00fa\u010dinok, nezanech\u00e1va \u0161muhy, z\u00e1rove\u0148 nevysu\u0161uje poko\u017eku r\u00fak.<\/p>\n\n\n\n<p>Zlo\u017eenie: &lt;10% Lauryl glucoside, &lt;1% Coco-betaine. V\u00fdstra\u017en\u00e9 upozornenia: Sp\u00f4sobuje v\u00e1\u017ene podr\u00e1\u017edenie o\u010d\u00ed. Bezpe\u010dnostn\u00e9 upozornenia: Ak je potrebn\u00e1 lek\u00e1rska pomoc, majte k dispoz\u00edcii obal alebo etiketu v\u00fdrobku. Uchov\u00e1vajte mimo dosahu det\u00ed. Po manipul\u00e1cii starostlivo umyte ruky a zasiahnut\u00e9 \u010dasti tela. Noste ochrann\u00e9 okuliare. PO ZASIAHNUT\u00cd O\u010c\u00cd: Nieko\u013eko min\u00fat ich opatrnevyplachujte vodou. Ak pou\u017e\u00edvate kontaktn\u00e9 \u0161o\u0161ovky a je to mo\u017en\u00e9, odstr\u00e1\u0148te ich. Pokra\u010dujte vo vyplachovan\u00ed. Pri zdravotn\u00fdch probl\u00e9moch volajte TOXIKOLOGICK\u00c9 INFORMA\u010cN\u00c9 CENTRUM\/lek\u00e1ra. Ak podr\u00e1\u017edenie o\u010d\u00ed pretrv\u00e1va: vyh\u013eadajte lek\u00e1rsku pomoc\/starostlivos\u0165. Zne\u0161kodnite obsah\/n\u00e1dobu pod\u013ea \u0161t\u00e1tnych predpisov.<\/p>\n\n\n\n<p><strong>K\u00f6tet:<\/strong> 1000ml<\/p>\n\n\n\n<p><\/p>","protected":false},"excerpt":{"rendered":"<p>&#8230; <a class=\"more-link\" href=\"#tab-description\">B\u0151vebben<\/a><\/p>","protected":false},"featured_media":9864,"comment_status":"open","ping_status":"closed","template":"","meta":{"inline_featured_image":false},"product_brand":[],"product_cat":[245],"product_tag":[],"class_list":{"0":"post-9862","1":"product","2":"type-product","3":"status-publish","4":"has-post-thumbnail","6":"product_cat-drogerie","8":"first","9":"instock","10":"taxable","11":"shipping-taxable","12":"purchasable","13":"product-type-simple"},"aioseo_notices":[],"_links":{"self":[{"href":"https:\/\/www.biokari.sk\/hu\/wp-json\/wp\/v2\/product\/9862","targetHints":{"allow":["GET"]}}],"collection":[{"href":"https:\/\/www.biokari.sk\/hu\/wp-json\/wp\/v2\/product"}],"about":[{"href":"https:\/\/www.biokari.sk\/hu\/wp-json\/wp\/v2\/types\/product"}],"replies":[{"embeddable":true,"href":"https:\/\/www.biokari.sk\/hu\/wp-json\/wp\/v2\/comments?post=9862"}],"wp:featuredmedia":[{"embeddable":true,"href":"https:\/\/www.biokari.sk\/hu\/wp-json\/wp\/v2\/media\/9864"}],"wp:attachment":[{"href":"https:\/\/www.biokari.sk\/hu\/wp-json\/wp\/v2\/media?parent=9862"}],"wp:term":[{"taxonomy":"product_brand","embeddable":true,"href":"https:\/\/www.biokari.sk\/hu\/wp-json\/wp\/v2\/product_brand?post=9862"},{"taxonomy":"product_cat","embeddable":true,"href":"https:\/\/www.biokari.sk\/hu\/wp-json\/wp\/v2\/product_cat?post=9862"},{"taxonomy":"product_tag","embeddable":true,"href":"https:\/\/www.biokari.sk\/hu\/wp-json\/wp\/v2\/product_tag?post=9862"}],"curies":[{"name":"wp","href":"https:\/\/api.w.org\/{rel}","templated":true}]}}