{"id":9870,"date":"2025-09-07T11:14:25","date_gmt":"2025-09-07T09:14:25","guid":{"rendered":"https:\/\/www.biokari.sk\/produkt\/ecolife-cistic-okien-750ml\/"},"modified":"2026-01-27T08:41:52","modified_gmt":"2026-01-27T07:41:52","slug":"ecolife-cistic-okien-750ml","status":"publish","type":"product","link":"https:\/\/www.biokari.sk\/hu\/termek\/ecolife-cistic-okien-750ml\/","title":{"rendered":"Ecolife \u010cisti\u010d okien 750ml"},"content":{"rendered":"<p><strong>EcoLIFE <\/strong><strong>\u010cisti\u010d okien, skiel a zrkadiel \u2013<\/strong> bez obsahu \u0161kodliv\u00fdch l\u00e1tok, \u010dist\u00ed \u013eahko a bez zanechania \u0161m\u00fah!<\/p>\n\n\n\n<p>Neobsahuje s\u00edrany, je vyroben\u00fd z biologicky odb\u00farate\u013en\u00fdch ingredienci\u00ed rastlinn\u00e9ho p\u00f4vodu, balen\u00fd v recyklovate\u013en\u00fdch f\u013ea\u0161iach. <strong>Neobsahuje l\u00e1tky \u017eivo\u010d\u00ed\u0161neho p\u00f4vodu. Nebol testovan\u00fd na zvierat\u00e1ch. Neobsahuje \u017eiadne toxick\u00e9 l\u00e1tky.&nbsp;<\/strong><\/p>\n\n\n\n<p><strong>Haszn\u00e1lati utas\u00edt\u00e1s: <\/strong>Pr\u00edpravok je pripraven\u00fd na pou\u017eitie bez riedenia. Nastriekajte priamo na \u010disten\u00fd povrch a utrite papierovou utierkou dosucha. M\u00e1 pr\u00edjemn\u00fa ovocn\u00fa v\u00f4\u0148u, schne bez zanechania \u0161m\u00fah.<\/p>\n\n\n\n<p>Zlo\u017eenie: ethanol &lt;2,5%. Bezpe\u010dnostn\u00e9 upozornenia: Uchov\u00e1vajte mimo dosahu det\u00ed. PO ZASIAHNUT\u00cd O\u010c\u00cd: Nieko\u013eko min\u00fat ich opatrne vyplachujte vodou. Ak pou\u017e\u00edvate kontaktn\u00e9 \u0161o\u0161ovky a je to mo\u017en\u00e9, odstr\u00e1\u0148te ich. Pokra\u010dujte vo vyplachovan\u00ed. Pri zdravotn\u00fdch probl\u00e9moch volajte lek\u00e1ra .<\/p>\n\n\n\n<p><strong>K\u00f6tet: <\/strong>750ml<\/p>","protected":false},"excerpt":{"rendered":"<p>&#8230; <a class=\"more-link\" href=\"#tab-description\">B\u0151vebben<\/a><\/p>","protected":false},"featured_media":9872,"comment_status":"open","ping_status":"closed","template":"","meta":{"inline_featured_image":false},"product_brand":[],"product_cat":[245],"product_tag":[],"class_list":{"0":"post-9870","1":"product","2":"type-product","3":"status-publish","4":"has-post-thumbnail","6":"product_cat-drogerie","8":"first","9":"instock","10":"taxable","11":"shipping-taxable","12":"purchasable","13":"product-type-simple"},"aioseo_notices":[],"_links":{"self":[{"href":"https:\/\/www.biokari.sk\/hu\/wp-json\/wp\/v2\/product\/9870","targetHints":{"allow":["GET"]}}],"collection":[{"href":"https:\/\/www.biokari.sk\/hu\/wp-json\/wp\/v2\/product"}],"about":[{"href":"https:\/\/www.biokari.sk\/hu\/wp-json\/wp\/v2\/types\/product"}],"replies":[{"embeddable":true,"href":"https:\/\/www.biokari.sk\/hu\/wp-json\/wp\/v2\/comments?post=9870"}],"wp:featuredmedia":[{"embeddable":true,"href":"https:\/\/www.biokari.sk\/hu\/wp-json\/wp\/v2\/media\/9872"}],"wp:attachment":[{"href":"https:\/\/www.biokari.sk\/hu\/wp-json\/wp\/v2\/media?parent=9870"}],"wp:term":[{"taxonomy":"product_brand","embeddable":true,"href":"https:\/\/www.biokari.sk\/hu\/wp-json\/wp\/v2\/product_brand?post=9870"},{"taxonomy":"product_cat","embeddable":true,"href":"https:\/\/www.biokari.sk\/hu\/wp-json\/wp\/v2\/product_cat?post=9870"},{"taxonomy":"product_tag","embeddable":true,"href":"https:\/\/www.biokari.sk\/hu\/wp-json\/wp\/v2\/product_tag?post=9870"}],"curies":[{"name":"wp","href":"https:\/\/api.w.org\/{rel}","templated":true}]}}