{"id":9873,"date":"2025-09-07T11:31:21","date_gmt":"2025-09-07T09:31:21","guid":{"rendered":"https:\/\/www.biokari.sk\/produkt\/ecolife-na-umyvanie-a-lestenie-riadu-do-umyvacky-1000ml\/"},"modified":"2026-01-27T08:41:52","modified_gmt":"2026-01-27T07:41:52","slug":"ecolife-na-umyvanie-a-lestenie-riadu-do-umyvacky-1000ml","status":"publish","type":"product","link":"https:\/\/www.biokari.sk\/hu\/termek\/ecolife-na-umyvanie-a-lestenie-riadu-do-umyvacky-1000ml\/","title":{"rendered":"Ecolife Na Um\u00fdvanie a le\u0161tenie riadu do um\u00fdva\u010dky 1000ml"},"content":{"rendered":"<p><strong>EcoLIFE \u2013 ekologick\u00fd \u010distiaci prostriedok \u2013 do um\u00fdva\u010dky riadu s le\u0161tidlom 2 <\/strong>v 1 \u2013 je v\u00fdnimo\u010dn\u00fd produkt bez ch\u00e9mie, ktor\u00fd m\u00f4\u017eeme charakterizova\u0165 vysokou \u00fa\u010dinnos\u0165ou!<\/p>\n\n\n\n<p>\u00da\u010dinne odmas\u0165uje a chr\u00e1ni sklo, pri\u010dom jeho zlo\u017eenie je pribli\u017ene pH neutr\u00e1lne. Ve\u013ekou prednos\u0165ou je, \u017ee je <strong>tekut\u00fd<\/strong>, preto nesp\u00f4sobuje upchatie. Um\u00fdva\u010dka zost\u00e1va po pou\u017eit\u00ed \u010dist\u00e1 a bez z\u00e1pachu. <strong>Nemus\u00edte kupova\u0165 le\u0161tidlo<\/strong>, nako\u013eko prostriedok m\u00f4\u017eete nalia\u0165 aj do z\u00e1sobn\u00edka na le\u0161tidlo<strong>. Riad zanech\u00e1va dokonale bez \u0161m\u00fah a kvapiek. Nezabudnite dop\u013a\u0148a\u0165 so\u013e na zm\u00e4k\u010denie vody.<\/strong> M\u00f4\u017eete pou\u017ei\u0165 oby\u010dajn\u00fa morsk\u00fa so\u013e bez pridan\u00e9ho j\u00f3du. Nebol testovan\u00fd na zvierat\u00e1ch.<\/p>\n\n\n\n<p><strong>D\u00f4le\u017eit\u00e9! <\/strong>Z\u00e1sobn\u00edk soli na zm\u00e4k\u010dovanie vody mus\u00ed by\u0165 v\u017edy doplnen\u00fd oby\u010dajnou morskou so\u013eou bez j\u00f3du. Takto m\u00f4\u017eete um\u00fdva\u010dku pou\u017e\u00edva\u0165 bezpe\u010dne a bez po\u0161kodenia. Ak svieti kontrolka na um\u00fdva\u010dke, okam\u017eite treba doplni\u0165 z\u00e1sobn\u00edk soli.<\/p>\n\n\n\n<p><strong>Odpor\u00fa\u010dame <\/strong><strong>um\u00fdvanie na 55 \u2013 60<\/strong><strong> \u00b0C<\/strong><strong>, ale m\u00f4\u017eete zvoli\u0165 aj ni\u017e\u0161iu teplotu um\u00fdvania.<\/strong><\/p>\n\n\n\n<p><strong>\u00d6sszet\u00e9tel:<\/strong> &lt;2,5% Alkyl glucoside. V\u00fdstra\u017en\u00e9 upozornenia: Sp\u00f4sobuje v\u00e1\u017ene podr\u00e1\u017edenieo\u010d\u00ed. Bezpe\u010dnostn\u00e9 upozornenia: Ak je potrebn\u00e1 lek\u00e1rska pomoc,<br>majte k dispoz\u00edcii obal alebo etiketu v\u00fdrobku. Uchov\u00e1vajte mimdosahu det\u00ed. Po manipul\u00e1cii starostlivo umyte ruky a zasiahnut\u00e9 \u010dasti tela. Noste ochrann\u00e9 okuliare. PO ZASIAHNUT\u00cd O\u010c\u00cd: Nieko\u013eko min\u00fat ich opatrne vyplachujte vodou. Ak pou\u017e\u00edvate kontaktn\u00e9 \u0161o\u0161ovky a je to mo\u017en\u00e9, odstr\u00e1\u0148te ich. Pokra\u010dujte vo vyplachovan\u00ed. Ak podr\u00e1\u017edenie o\u010d\u00ed pretrv\u00e1va: vyh\u013eadajte lek\u00e1rsku pomoc\/starostlivos\u0165.<\/p>\n\n\n\n<p><strong>K\u00f6tet:<\/strong> 1000ml<\/p>\n\n\n\n<p><\/p>","protected":false},"excerpt":{"rendered":"<p>&#8230; <a class=\"more-link\" href=\"#tab-description\">B\u0151vebben<\/a><\/p>","protected":false},"featured_media":9875,"comment_status":"open","ping_status":"closed","template":"","meta":{"inline_featured_image":false},"product_brand":[],"product_cat":[245],"product_tag":[],"class_list":{"0":"post-9873","1":"product","2":"type-product","3":"status-publish","4":"has-post-thumbnail","6":"product_cat-drogerie","8":"first","9":"onbackorder","10":"taxable","11":"shipping-taxable","12":"purchasable","13":"product-type-simple"},"aioseo_notices":[],"_links":{"self":[{"href":"https:\/\/www.biokari.sk\/hu\/wp-json\/wp\/v2\/product\/9873","targetHints":{"allow":["GET"]}}],"collection":[{"href":"https:\/\/www.biokari.sk\/hu\/wp-json\/wp\/v2\/product"}],"about":[{"href":"https:\/\/www.biokari.sk\/hu\/wp-json\/wp\/v2\/types\/product"}],"replies":[{"embeddable":true,"href":"https:\/\/www.biokari.sk\/hu\/wp-json\/wp\/v2\/comments?post=9873"}],"wp:featuredmedia":[{"embeddable":true,"href":"https:\/\/www.biokari.sk\/hu\/wp-json\/wp\/v2\/media\/9875"}],"wp:attachment":[{"href":"https:\/\/www.biokari.sk\/hu\/wp-json\/wp\/v2\/media?parent=9873"}],"wp:term":[{"taxonomy":"product_brand","embeddable":true,"href":"https:\/\/www.biokari.sk\/hu\/wp-json\/wp\/v2\/product_brand?post=9873"},{"taxonomy":"product_cat","embeddable":true,"href":"https:\/\/www.biokari.sk\/hu\/wp-json\/wp\/v2\/product_cat?post=9873"},{"taxonomy":"product_tag","embeddable":true,"href":"https:\/\/www.biokari.sk\/hu\/wp-json\/wp\/v2\/product_tag?post=9873"}],"curies":[{"name":"wp","href":"https:\/\/api.w.org\/{rel}","templated":true}]}}