{"id":9878,"date":"2025-09-07T11:41:19","date_gmt":"2025-09-07T09:41:19","guid":{"rendered":"https:\/\/www.biokari.sk\/produkt\/ecolife-praci-prostriedok-a-avivaz-v-jednom-1000ml\/"},"modified":"2026-01-27T08:41:52","modified_gmt":"2026-01-27T07:41:52","slug":"ecolife-praci-prostriedok-a-avivaz-v-jednom-1000ml","status":"publish","type":"product","link":"https:\/\/www.biokari.sk\/hu\/termek\/ecolife-praci-prostriedok-a-avivaz-v-jednom-1000ml\/","title":{"rendered":"Ecolife Prac\u00ed prostriedok a aviv\u00e1\u017e v jednom 1000ml"},"content":{"rendered":"<p><strong>EcoLIFE Pr\u00edrodn\u00fd prac\u00ed g\u00e9l a aviv\u00e1\u017e je \u0161peci\u00e1lny 2 v 1 produkt \u2013 na bielu a farebn\u00fa bielize\u0148.<\/strong><\/p>\n\n\n\n<p><strong>Chr\u00e1\u0148te svoju rodinu a \u017eivotn\u00e9 prostredie s EcoLIFE prac\u00edm prostriedkom a aviv\u00e1\u017eou v jednom, z \u010disto pr\u00edrodn\u00fdch ingredienci\u00ed<\/strong>.<\/p>\n\n\n\n<p>Je vhodn\u00fd do v\u0161etk\u00fdch typov pr\u00e1\u010dok, na pranie farebnej aj bielej bielizne. Mo\u017enos\u0165 prania pri n\u00edzkej teplote (sta\u010d\u00ed 30-40 \u00b0C). Po 3-4 praniach eliminuje be\u017en\u00fa sivos\u0165, \u010d\u00edm roz\u017eiari bielize\u0148. <strong>Prac\u00ed prostriedok je \u0161etrn\u00fd k poko\u017eke a pr\u00edrode,&nbsp;nako\u013eko neobsahuje syntetick\u00e9 l\u00e1tky<\/strong>. Va\u0161a bielize\u0148 po pran\u00ed ost\u00e1va m\u00e4kk\u00e1, preto&nbsp;<strong>nepotrebujete aviv\u00e1\u017e navy\u0161e<\/strong>.<\/p>\n\n\n\n<p>\u0160es\u0165 argumentov pre\u010do pou\u017e\u00edva\u0165 <strong>EcoLIFE<\/strong>:<\/p>\n\n\n\n<ul class=\"wp-block-list\">\n<li>aviv\u00e1\u017e nie je potrebn\u00e1,<\/li>\n\n\n\n<li>eliminuje sivos\u0165,<\/li>\n\n\n\n<li>100% ekologick\u00fd,<\/li>\n\n\n\n<li>je vhodn\u00fd na pranie farebnej aj bielej bielizne,<\/li>\n\n\n\n<li>je \u0161etrn\u00fd k bielizni, poko\u017eke a pr\u00edrode,<\/li>\n\n\n\n<li>neza\u0165a\u017euje V\u00e1\u0161 organizmus, lebo po pran\u00ed v bielizni neostan\u00fa syntetick\u00e9 deriv\u00e1ty.<\/li>\n<\/ul>\n\n\n\n<p><strong>Neobsahuje \u017eiadne \u017eivo\u010d\u00ed\u0161ne deriv\u00e1ty. Po\u010das v\u00fdvoja v\u00fdrobku sa neuskuto\u010dnili \u017eiadne pokusy na zvierat\u00e1ch.<\/strong><\/p>\n\n\n\n<p><strong>Odpor\u00fa\u010dan\u00e9 d\u00e1vkovanie<\/strong>:<\/p>\n\n\n\n<ul class=\"wp-block-list\">\n<li>menej \u0161pinav\u00e1 bielize\u0148: 3 \u2013 4 kg \u2013 2 vie\u010dka pracieho prostriedku<\/li>\n\n\n\n<li>menej \u0161pinav\u00e1 bielize\u0148: 5 -7 kg \u2013 3 vie\u010dka pracieho prostriedku<\/li>\n\n\n\n<li>ve\u013emi \u0161pinav\u00e1 bielize\u0148: 4-5 vie\u010dok pracieho prostriedku<\/li>\n\n\n\n<li>odstra\u0148ovanie \u0161kv\u0155n: pred pran\u00edm naneste prac\u00ed prostriedok priamo na \u0161kvrnu, nechajte ho p\u00f4sobi\u0165 nieko\u013eko min\u00fat, potom ho vlo\u017ete do pr\u00e1\u010dky a vyperte bielize\u0148 pod\u013ea pr\u00edslu\u0161n\u00e9ho programu<\/li>\n<\/ul>\n\n\n\n<p>Ak pou\u017e\u00edvate uz\u00e1ver men\u0161ej litrovej f\u013ea\u0161e ako odmerku, d\u00f4kladne ho potom opl\u00e1chnite!<\/p>\n\n\n\n<p>Uz\u00e1ver 3-litrov\u00e9ho balenia je plne ur\u010den\u00fd na pou\u017eitie ako odmerka!<\/p>\n\n\n\n<p>Zlo\u017eenie: &lt;15% Potassium Cocoate, &lt;2,5% Lauryl glucoside, &lt;0,005%benzaldehyd. V\u00fdstra\u017en\u00e9 upozornenia: Sp\u00f4sobuje v\u00e1\u017ene podr\u00e1\u017edenie o\u010d\u00ed.<br>Bezpe\u010dnostn\u00e9 upozornenia: Ak je potrebn\u00e1 lek\u00e1rska pomoc, majte k dispoz\u00edciiobal alebo etiketu v\u00fdrobku. Uchov\u00e1vajte mimo dosahu det\u00ed. Po manipul\u00e1cii starostlivo umyte ruky a zasiahnut\u00e9 \u010dasti tela. Noste ochrann\u00e9 okuliare. PO ZASIAHNUT\u00cdO\u010c\u00cd: Nieko\u013eko min\u00fat ich opatrne vyplachujte vodou. Ak pou\u017e\u00edvate kontaktn\u00e9 \u0161o\u0161ovky a je to mo\u017en\u00e9, odstr\u00e1\u0148te ich. Pokra\u010dujte vo vyplachovan\u00ed. Ak podr\u00e1\u017edenie o\u010d\u00ed pretrv\u00e1va: vyh\u013eadajte lek\u00e1rsku pomoc\/starostlivos\u0165.<\/p>\n\n\n\n<p><strong>K\u00f6tet:<\/strong> 1000ml<\/p>\n\n\n\n<p><\/p>","protected":false},"excerpt":{"rendered":"<p>&#8230; <a class=\"more-link\" href=\"#tab-description\">B\u0151vebben<\/a><\/p>","protected":false},"featured_media":9880,"comment_status":"open","ping_status":"closed","template":"","meta":{"inline_featured_image":false},"product_brand":[],"product_cat":[245],"product_tag":[],"class_list":{"0":"post-9878","1":"product","2":"type-product","3":"status-publish","4":"has-post-thumbnail","6":"product_cat-drogerie","8":"first","9":"onbackorder","10":"taxable","11":"shipping-taxable","12":"purchasable","13":"product-type-simple"},"aioseo_notices":[],"_links":{"self":[{"href":"https:\/\/www.biokari.sk\/hu\/wp-json\/wp\/v2\/product\/9878","targetHints":{"allow":["GET"]}}],"collection":[{"href":"https:\/\/www.biokari.sk\/hu\/wp-json\/wp\/v2\/product"}],"about":[{"href":"https:\/\/www.biokari.sk\/hu\/wp-json\/wp\/v2\/types\/product"}],"replies":[{"embeddable":true,"href":"https:\/\/www.biokari.sk\/hu\/wp-json\/wp\/v2\/comments?post=9878"}],"wp:featuredmedia":[{"embeddable":true,"href":"https:\/\/www.biokari.sk\/hu\/wp-json\/wp\/v2\/media\/9880"}],"wp:attachment":[{"href":"https:\/\/www.biokari.sk\/hu\/wp-json\/wp\/v2\/media?parent=9878"}],"wp:term":[{"taxonomy":"product_brand","embeddable":true,"href":"https:\/\/www.biokari.sk\/hu\/wp-json\/wp\/v2\/product_brand?post=9878"},{"taxonomy":"product_cat","embeddable":true,"href":"https:\/\/www.biokari.sk\/hu\/wp-json\/wp\/v2\/product_cat?post=9878"},{"taxonomy":"product_tag","embeddable":true,"href":"https:\/\/www.biokari.sk\/hu\/wp-json\/wp\/v2\/product_tag?post=9878"}],"curies":[{"name":"wp","href":"https:\/\/api.w.org\/{rel}","templated":true}]}}