{"id":10011,"date":"2025-09-22T15:58:00","date_gmt":"2025-09-22T13:58:00","guid":{"rendered":"https:\/\/www.biokari.sk\/produkt\/lot-of-herb-inkoherb-kasuly-45ks\/"},"modified":"2026-01-27T08:41:54","modified_gmt":"2026-01-27T07:41:54","slug":"lot-of-herb-inkoherb-kasuly-45ks","status":"publish","type":"product","link":"https:\/\/www.biokari.sk\/ro\/produs\/lot-of-herb-inkoherb-kasuly-45ks\/","title":{"rendered":"Lot of Herb Inkoherb kasuly 45ks"},"content":{"rendered":"<h2 class=\"wp-block-heading\">Podpora mo\u010dov\u00fdch ciest a zadr\u017eiavania mo\u010du<\/h2>\n\n\n\n<p>Byliny obsiahnut\u00e9 v kapsul\u00e1ch Inkoherb pom\u00e1haj\u00fa regulova\u0165 zadr\u017eiavanie mo\u010du a r\u00fdchlos\u0165 jeho vylu\u010dovania tak, aby nedoch\u00e1dzalo k nechcen\u00e9mu \u00faniku mo\u010du ani pri fyzickej n\u00e1mahe alebo k\u00fdchnut\u00ed.<\/p>\n\n\n\n<h3 class=\"wp-block-heading\">Posilnenie mo\u010dov\u00fdch org\u00e1nov<\/h3>\n\n\n\n<h3 class=\"wp-block-heading\">Podpora bunkov\u00fdch funkci\u00ed v podbru\u0161ku<\/h3>\n\n\n\n<p>Fytoestrog\u00e9ny obsiahnut\u00e9 v bylin\u00e1ch m\u00f4\u017eu zlep\u0161i\u0165 funkcie buniek spojen\u00fdch s inkontinenciou a zabezpe\u010di\u0165 ich lep\u0161iu v\u00fd\u017eivu, \u010d\u00edm zmier\u0148uj\u00fa nepr\u00edjemn\u00e9 pr\u00edznaky.<\/p>\n\n\n\n<h4 class=\"wp-block-heading\">Odpor\u00fa\u010dan\u00e9 d\u00e1vkovanie: 2 kapsuly denne, kedyko\u013evek po\u010das d\u0148a, najlep\u0161ie po\u010das jedla.<br>Pri u\u017e\u00edvan\u00ed je d\u00f4le\u017eit\u00e9 prija\u0165 viac tekut\u00edn ako zvy\u010dajne.<br>Byliny p\u00f4sobia postupne \u2013 odpor\u00fa\u010da sa dlhodobej\u0161ie u\u017e\u00edvanie.<\/h4>\n\n\n\n<h3 class=\"wp-block-heading\">Akt\u00edvne zlo\u017eky v 1 kapsule:<\/h3>\n\n\n\n<ul class=\"wp-block-list\">\n<li>Rep\u00edk lek\u00e1rsky \u2013 40 mg<\/li>\n\n\n\n<li>Rozmar\u00edn lek\u00e1rsky \u2013 32 mg<\/li>\n\n\n\n<li>Borievka \u2013 32 mg<\/li>\n\n\n\n<li>Tymi\u00e1n \u2013 24 mg<\/li>\n\n\n\n<li>Levandu\u013ea \u2013 24 mg<\/li>\n\n\n\n<li>Rebr\u00ed\u010dek oby\u010dajn\u00fd \u2013 24 mg<\/li>\n\n\n\n<li>\u017delezn\u00edk lek\u00e1rsky \u2013 24 mg<\/li>\n\n\n\n<li>Tekvica \u2013 24 mg<\/li>\n\n\n\n<li>Hluchavka \u2013 24 mg<\/li>\n\n\n\n<li>Prasli\u010dka ro\u013en\u00e1 \u2013 24 mg<\/li>\n\n\n\n<li>Medovka lek\u00e1rska \u2013 24 mg<\/li>\n\n\n\n<li>\u0160\u00edpky \u2013 16 mg<\/li>\n\n\n\n<li>Kurkuma \u2013 16 mg<\/li>\n\n\n\n<li>Chme\u013e \u2013 16 mg<\/li>\n\n\n\n<li>Lipa \u2013 8 mg<\/li>\n\n\n\n<li>Harman\u010dek \u2013 8 mg<\/li>\n\n\n\n<li>Kukuri\u010dn\u00e9 blizny \u2013 8 mg<\/li>\n\n\n\n<li>Klin\u010dek oby\u010dajn\u00fd (iglica) \u2013 8 mg<\/li>\n\n\n\n<li>\u0160korica \u2013 8 mg<\/li>\n\n\n\n<li>Divozel \u2013 8 mg<\/li>\n\n\n\n<li>Zelen\u00fd \u010daj \u2013 8 mg<\/li>\n<\/ul>\n\n\n\n<p><strong>In\u00e9 zlo\u017eky:<\/strong> \u017eelat\u00edna (obal kapsuly).<\/p>\n\n\n\n<h3 class=\"wp-block-heading\">Neobsahuje:<\/h3>\n\n\n\n<ul class=\"wp-block-list\">\n<li>pr\u00edchute, sladidl\u00e1<\/li>\n\n\n\n<li>umel\u00e9 farbiv\u00e1<\/li>\n\n\n\n<li>cukor, mlieko, lakt\u00f3zu<\/li>\n\n\n\n<li>s\u00f3ju, lepok, p\u0161enicu, dro\u017edie<\/li>\n<\/ul>\n\n\n\n<p><strong>Balenie:<\/strong> 45 kaps\u00fal<\/p>","protected":false},"excerpt":{"rendered":"<p>&#8230; <a class=\"more-link\" href=\"#tab-description\">Cite\u0219te mai mult<\/a><\/p>","protected":false},"featured_media":10014,"comment_status":"open","ping_status":"closed","template":"","meta":{"inline_featured_image":false},"product_brand":[],"product_cat":[69],"product_tag":[311],"class_list":{"0":"post-10011","1":"product","2":"type-product","3":"status-publish","4":"has-post-thumbnail","6":"product_cat-vyzivove-doplnky","7":"product_tag-top-vyzivove-doplnky","9":"first","10":"onbackorder","11":"taxable","12":"shipping-taxable","13":"purchasable","14":"product-type-simple"},"aioseo_notices":[],"_links":{"self":[{"href":"https:\/\/www.biokari.sk\/ro\/wp-json\/wp\/v2\/product\/10011","targetHints":{"allow":["GET"]}}],"collection":[{"href":"https:\/\/www.biokari.sk\/ro\/wp-json\/wp\/v2\/product"}],"about":[{"href":"https:\/\/www.biokari.sk\/ro\/wp-json\/wp\/v2\/types\/product"}],"replies":[{"embeddable":true,"href":"https:\/\/www.biokari.sk\/ro\/wp-json\/wp\/v2\/comments?post=10011"}],"wp:featuredmedia":[{"embeddable":true,"href":"https:\/\/www.biokari.sk\/ro\/wp-json\/wp\/v2\/media\/10014"}],"wp:attachment":[{"href":"https:\/\/www.biokari.sk\/ro\/wp-json\/wp\/v2\/media?parent=10011"}],"wp:term":[{"taxonomy":"product_brand","embeddable":true,"href":"https:\/\/www.biokari.sk\/ro\/wp-json\/wp\/v2\/product_brand?post=10011"},{"taxonomy":"product_cat","embeddable":true,"href":"https:\/\/www.biokari.sk\/ro\/wp-json\/wp\/v2\/product_cat?post=10011"},{"taxonomy":"product_tag","embeddable":true,"href":"https:\/\/www.biokari.sk\/ro\/wp-json\/wp\/v2\/product_tag?post=10011"}],"curies":[{"name":"wp","href":"https:\/\/api.w.org\/{rel}","templated":true}]}}