{"id":10161,"date":"2025-10-12T19:45:29","date_gmt":"2025-10-12T17:45:29","guid":{"rendered":"https:\/\/www.biokari.sk\/produkt\/naturgold-bio-cestoviny-z-alakoru-spagetti-250g\/"},"modified":"2026-04-14T19:01:26","modified_gmt":"2026-04-14T17:01:26","slug":"naturgold-bio-cestoviny-z-alakoru-spagetti-250g","status":"publish","type":"product","link":"https:\/\/www.biokari.sk\/ro\/produs\/naturgold-bio-cestoviny-z-alakoru-spagetti-250g\/","title":{"rendered":"Naturgold Bio Cestoviny z alakoru &#8211; \u0160pagetti 250g"},"content":{"rendered":"<p>Najob\u013e\u00fabenej\u0161ie cestoviny z najstar\u0161ej obilniny.<br>Vynikaj\u00faco sa hodia k mno\u017estvu ob\u013e\u00faben\u00fdch jed\u00e1l \u2013 ich <strong>jemn\u00e1, jedine\u010dn\u00e1 chu\u0165<\/strong> pote\u0161\u00ed ka\u017ed\u00e9ho gurm\u00e1na, zatia\u013e \u010do <strong>nutri\u010dn\u00e9 hodnoty<\/strong> oslovia vedom\u00fdch spotrebite\u013eov.<\/p>\n\n\n\n<p>Tento 250-gramov\u00fd such\u00fd v\u00fdrobok je vyroben\u00fd zo <strong>100 % prastarej p\u0161enice Alakor<\/strong>, bez vajec a bez pridan\u00e9ho cukru.<br>Odpor\u00fa\u010da sa na pr\u00edpravu <strong>\u013eahko str\u00e1vite\u013en\u00fdch jed\u00e1l s ni\u017e\u0161\u00edm obsahom lepku<\/strong>.<\/p>\n\n\n\n<p><strong>\u010co v pr\u00edpade citlivosti na lepok?<\/strong><br>Ke\u010f\u017ee t\u00e1to prastar\u00e1 obilnina sa v mnoh\u00fdch oh\u013eadoch l\u00ed\u0161i od modern\u00fdch p\u0161eni\u010dn\u00fdch odr\u00f4d, \u010dasto sa kladie ot\u00e1zka, \u010di ju m\u00f4\u017eu konzumova\u0165 aj osoby s nezn\u00e1\u0161anlivos\u0165ou lepku.<br>\u0160t\u00fadie uk\u00e1zali, \u017ee hoci Alakor <strong>nie je bezlepkov\u00e1 obilnina<\/strong>, jej <strong>obsah lepku je v\u00fdrazne ni\u017e\u0161\u00ed<\/strong> ako pri be\u017enej p\u0161enici.<br>Presn\u00fa \u0161trukt\u00faru a vplyv lepku z Alakoru na \u013eudsk\u00fd organizmus v\u0161ak m\u00f4\u017eu ur\u010di\u0165 len \u010fal\u0161ie v\u00fdskumy.<\/p>\n\n\n\n<p><strong>Compozi\u021bie:<\/strong> bio m\u00faka z prastarej p\u0161enice Alakor, voda.<\/p>\n\n\n\n<p><strong>Doba varenia:<\/strong> 8\u201310 min\u00fat.<br><strong>Bez vajec.<\/strong><\/p>\n\n\n\n<p><strong>Nutri-Score kateg\u00f3ria:<\/strong> \u201eA\u201c<br>Produkty ozna\u010den\u00e9 zelenou farbou (\u201eA\u201c, \u201eB\u201c) m\u00f4\u017eu by\u0165 <strong>d\u00f4le\u017eitou s\u00fa\u010das\u0165ou zdravej a vyv\u00e1\u017eenej stravy<\/strong>, ktor\u00fdch by sme mali <strong>konzumova\u0165 \u010dastej\u0161ie alebo vo v\u00e4\u010d\u0161om mno\u017estve<\/strong>.<\/p>\n\n\n\n<p><strong>Valori nutri\u021bionale medii per 100 g de produs:<\/strong><br>Energia: 1556 kJ \/ 367 kcal<br>Tuky: 1,9 g<br>z toho nas\u00fdten\u00e9 mastn\u00e9 kyseliny: 0,3 g<br>Sacharidy: 73 g<br>z toho cukry: 2,6 g<br>Vl\u00e1knina: 2,5 g<br>Bielkoviny: 14 g<br>So\u013e: 0 g<br>(So\u013e poch\u00e1dza v\u00fdlu\u010dne z prirodzene pr\u00edtomn\u00e9ho sod\u00edka.)<\/p>\n\n\n\n<p><strong>Depozitare:<\/strong> Chr\u00e1\u0148te pred slne\u010dn\u00fdm \u017eiaren\u00edm, uchov\u00e1vajte na suchom a chladnom mieste.<\/p>\n\n\n\n<p><strong>Greutate:<\/strong> 250 g<\/p>","protected":false},"excerpt":{"rendered":"<p>&#8230; <a class=\"more-link\" href=\"#tab-description\">Cite\u0219te mai mult<\/a><\/p>","protected":false},"featured_media":10162,"comment_status":"open","ping_status":"closed","template":"","meta":{"inline_featured_image":false},"product_brand":[277],"product_cat":[71,125],"product_tag":[],"class_list":{"0":"post-10161","1":"product","2":"type-product","3":"status-publish","4":"has-post-thumbnail","6":"product_brand-naturgold","7":"product_cat-potraviny","8":"product_cat-cestoviny","10":"first","11":"instock","12":"taxable","13":"shipping-taxable","14":"purchasable","15":"product-type-simple"},"aioseo_notices":[],"_links":{"self":[{"href":"https:\/\/www.biokari.sk\/ro\/wp-json\/wp\/v2\/product\/10161","targetHints":{"allow":["GET"]}}],"collection":[{"href":"https:\/\/www.biokari.sk\/ro\/wp-json\/wp\/v2\/product"}],"about":[{"href":"https:\/\/www.biokari.sk\/ro\/wp-json\/wp\/v2\/types\/product"}],"replies":[{"embeddable":true,"href":"https:\/\/www.biokari.sk\/ro\/wp-json\/wp\/v2\/comments?post=10161"}],"wp:featuredmedia":[{"embeddable":true,"href":"https:\/\/www.biokari.sk\/ro\/wp-json\/wp\/v2\/media\/10162"}],"wp:attachment":[{"href":"https:\/\/www.biokari.sk\/ro\/wp-json\/wp\/v2\/media?parent=10161"}],"wp:term":[{"taxonomy":"product_brand","embeddable":true,"href":"https:\/\/www.biokari.sk\/ro\/wp-json\/wp\/v2\/product_brand?post=10161"},{"taxonomy":"product_cat","embeddable":true,"href":"https:\/\/www.biokari.sk\/ro\/wp-json\/wp\/v2\/product_cat?post=10161"},{"taxonomy":"product_tag","embeddable":true,"href":"https:\/\/www.biokari.sk\/ro\/wp-json\/wp\/v2\/product_tag?post=10161"}],"curies":[{"name":"wp","href":"https:\/\/api.w.org\/{rel}","templated":true}]}}