{"id":10204,"date":"2025-10-19T10:12:15","date_gmt":"2025-10-19T08:12:15","guid":{"rendered":"https:\/\/www.biokari.sk\/produkt\/vital-anagenil-complex-kvapky-na-vlasy-3x40ml\/"},"modified":"2026-04-28T19:01:57","modified_gmt":"2026-04-28T17:01:57","slug":"vital-anagenil-complex-kvapky-na-vlasy-3x40ml","status":"publish","type":"product","link":"https:\/\/www.biokari.sk\/ro\/produs\/vital-anagenil-complex-kvapky-na-vlasy-3x40ml\/","title":{"rendered":"Vital Anagenil complex kvapky na vlasy  3x40ml"},"content":{"rendered":"<p><strong>FUNKCIA:<\/strong><br>Lie\u010dba <strong>CU ANAGENIL COMPLEX<\/strong> je intenz\u00edvna &nbsp;mesa\u010dn\u00e1 k\u00fara, ktor\u00e1 p\u00f4sob\u00ed na cel\u00fd \u017eivotn\u00fd cyklus vlasu. Lie\u010dba pozost\u00e1va z troch po sebe nasleduj\u00facich f\u00e1z: <strong>STIMULA\u010cNEJ<\/strong>, <strong>POSIL\u0147UJ\u00daCEJ<\/strong> a <strong>REGENERA\u010cNEJ<\/strong>.<br>Ka\u017ed\u00e1 f\u00e1za obsahuje rastlinn\u00e9 a funk\u010dn\u00e9 \u00fa\u010dinn\u00e9 l\u00e1tky, ktor\u00e9 p\u00f4sobia na vlasov\u00fd folikul, mikroskopick\u00e9 prostredie folikulu a kme\u0148ov\u00e9 bunky.<br>Cie\u013eom je stimul\u00e1cia rastu, posilnenie \u0161trukt\u00fary vlasu a regener\u00e1cia folikulu na podporu op\u00e4tovn\u00e9ho rastu vlasov.<\/p>\n\n\n\n<p><strong>1. F\u00c1ZA \u2013 Stimula\u010dn\u00e1 \u2013 v\u00fd\u017eivov\u00fd \u00fa\u010dinok (1.\u201310. de\u0148)<\/strong><br>T\u00e1to f\u00e1za sl\u00fa\u017ei na intenz\u00edvnu stimul\u00e1ciu aktivity folikulov vo f\u00e1ze ANAGEN. Produkt zlep\u0161uje mikrocirkul\u00e1ciu, \u010d\u00edm zvy\u0161uje pr\u00edsun kysl\u00edka a \u017eiv\u00edn do vlasov\u00e9ho korienka.<\/p>\n\n\n\n<p><strong>2. F\u00c1ZA \u2013 Posil\u0148uj\u00faca \u2013 \u00fa\u010dinok na zlep\u0161enie \u0161trukt\u00fary (11.\u201320. de\u0148)<\/strong><br>Cie\u013eom je posilni\u0165 \u0161trukt\u00faru vlasu a pred\u013a\u017ei\u0165 f\u00e1zu rastu. Zabezpe\u010duje h\u013abkov\u00fa v\u00fd\u017eivu vlasov\u00e9ho matrixu a posil\u0148uje kerat\u00ednov\u00fa \u0161trukt\u00faru, \u010d\u00edm predch\u00e1dza pred\u010dasn\u00e9mu prechodu do f\u00e1zy KATAGEN.<\/p>\n\n\n\n<p><strong>3. F\u00c1ZA \u2013 Regenera\u010dn\u00e1 \u2013 ochrann\u00fd \u00fa\u010dinok (21.\u201330. de\u0148)<\/strong><br>Hlavn\u00fdm cie\u013eom je regener\u00e1cia kme\u0148ov\u00fdch buniek vo vn\u00fatri folikulov a vytvorenie priazniv\u00e9ho prostredia pre rast nov\u00fdch vlasov. Z\u00e1rove\u0148 poskytuje ochranu vlasovej poko\u017eky, vlasov\u00fdm folikulom a epitelov\u00e9mu obalu.<\/p>\n\n\n\n<p><strong>POU\u017dITIE:<\/strong><br><strong>Ka\u017ed\u00fd de\u0148 <\/strong>naneste 4 ml koncentr\u00e1tu na vlasov\u00fa poko\u017eku v 8 d\u00e1vkach, pri\u010dom ka\u017ed\u00e1 d\u00e1vka predstavuje 0,5 ml.<br>Po ka\u017edej aplik\u00e1cii jemne vklepte produkt do vlasovej poko\u017eky bru\u0161kami prstov a kr\u00fa\u017eiv\u00fdmi pohybmi ho rozotrite na pr\u00edslu\u0161nej oblasti. Na z\u00e1ver vykonajte 2-min\u00fatov\u00fa mas\u00e1\u017e celej vlasovej poko\u017eky. <strong>UPOZORNENIE:<\/strong><br>ZABR\u00c1\u0147TE KONTAKTU S O\u010cAMI. PO\u010cAS POU\u017d\u00cdVANIA SA M\u00d4\u017dE OBJAVI\u0164 MIERNE ZA\u010cERVENANIE A BRNENIE, \u010cO JE PRIRODZEN\u00dd JAV. V PR\u00cdPADE ZV\u00dd\u0160ENEJ CITLIVOSTI, ALEBO AK BRNENIE NEUST\u00daPI, PR\u00cdPRAVOK ZMYTE VLA\u017dNOU VODOU A PRERU\u0160TE JEHO POU\u017d\u00cdVANIE. NEPOU\u017d\u00cdVAJTE, AK STE ALERGICK\u00dd NA KTOR\u00daKO\u013dVEK \u00da\u010cINN\u00da L\u00c1TKU OBSIAHNUT\u00da V PR\u00cdPRAVKU. UCHOV\u00c1VAJTE MIMO DOSAHU DET\u00cd. LEN NA VONKAJ\u0160IE POU\u017dITIE \u2013 NEPREHLT\u00c1JTE! <\/p>\n\n\n\n<p>1. f\u00e1za<br>serenoa repens, pygeum africanum a chme\u013eov\u00e9 glykolov\u00e9 extrakty, z\u00e1zvor (zingiber officinale), vitam\u00edn E, rastlinn\u00e9 kme\u0148ov\u00e9 bunky<\/p>\n\n\n\n<p>2. f\u00e1za<br>serenoa repens, pygeum africanum a chme\u013eov\u00e9 glykolov\u00e9 extrakty, z\u00e1zvor (zingiber officinale), vitam\u00edn E, rastlinn\u00e9 kme\u0148ov\u00e9 bunky, morsk\u00fd kolag\u00e9n, biot\u00edn (vitam\u00edn B7), esenci\u00e1lny rozmar\u00ednov\u00fd olej<\/p>\n\n\n\n<p>3. f\u00e1za<br>serenoa repens, pygeum africanum a chme\u013eov\u00e9 glykolov\u00e9 extrakty, z\u00e1zvor (zingiber officinale), vitam\u00edn E, rastlinn\u00e9 kme\u0148ov\u00e9 bunky, kyselina hyalur\u00f3nov\u00e1, slez lesn\u00fd (malva sylvestris), esenci\u00e1lny olej z mu\u0161k\u00e1tu.<\/p>","protected":false},"excerpt":{"rendered":"<p>&#8230; <a class=\"more-link\" href=\"#tab-description\">Cite\u0219te mai mult<\/a><\/p>","protected":false},"featured_media":10206,"comment_status":"open","ping_status":"closed","template":"","meta":{"inline_featured_image":false},"product_brand":[279],"product_cat":[249],"product_tag":[],"class_list":{"0":"post-10204","1":"product","2":"type-product","3":"status-publish","4":"has-post-thumbnail","6":"product_brand-vital","7":"product_cat-kozmeticke-vyrobky","9":"first","10":"instock","11":"taxable","12":"shipping-taxable","13":"purchasable","14":"product-type-simple"},"aioseo_notices":[],"_links":{"self":[{"href":"https:\/\/www.biokari.sk\/ro\/wp-json\/wp\/v2\/product\/10204","targetHints":{"allow":["GET"]}}],"collection":[{"href":"https:\/\/www.biokari.sk\/ro\/wp-json\/wp\/v2\/product"}],"about":[{"href":"https:\/\/www.biokari.sk\/ro\/wp-json\/wp\/v2\/types\/product"}],"replies":[{"embeddable":true,"href":"https:\/\/www.biokari.sk\/ro\/wp-json\/wp\/v2\/comments?post=10204"}],"wp:featuredmedia":[{"embeddable":true,"href":"https:\/\/www.biokari.sk\/ro\/wp-json\/wp\/v2\/media\/10206"}],"wp:attachment":[{"href":"https:\/\/www.biokari.sk\/ro\/wp-json\/wp\/v2\/media?parent=10204"}],"wp:term":[{"taxonomy":"product_brand","embeddable":true,"href":"https:\/\/www.biokari.sk\/ro\/wp-json\/wp\/v2\/product_brand?post=10204"},{"taxonomy":"product_cat","embeddable":true,"href":"https:\/\/www.biokari.sk\/ro\/wp-json\/wp\/v2\/product_cat?post=10204"},{"taxonomy":"product_tag","embeddable":true,"href":"https:\/\/www.biokari.sk\/ro\/wp-json\/wp\/v2\/product_tag?post=10204"}],"curies":[{"name":"wp","href":"https:\/\/api.w.org\/{rel}","templated":true}]}}