{"id":10216,"date":"2025-10-19T10:42:02","date_gmt":"2025-10-19T08:42:02","guid":{"rendered":"https:\/\/www.biokari.sk\/produkt\/vital-kapsuly-na-klby-30ks\/"},"modified":"2026-04-20T19:01:57","modified_gmt":"2026-04-20T17:01:57","slug":"vital-kapsuly-na-klby-30ks","status":"publish","type":"product","link":"https:\/\/www.biokari.sk\/ro\/produs\/vital-kapsuly-na-klby-30ks\/","title":{"rendered":"Vital Kapsuly na klb\u00fd 30ks"},"content":{"rendered":"<p><strong>Vital Plus Collagen Hyaluronic kapsuly<\/strong> s\u00fa v\u00fd\u017eivov\u00fd doplnok s obsahom morsk\u00e9ho kolag\u00e9nu, kyseliny hyalur\u00f3novej, vitam\u00ednov A, C a E a MSM. Svoj\u00edm bohat\u00fdm obsahom vitam\u00ednov a miner\u00e1lov s\u00fa ide\u00e1lnym doplnkom stravy pri zv\u00fd\u0161enej potrebe \u017eiv\u00edn v organizme.<\/p>\n\n\n\n<p><strong>Vitam\u00edn A<\/strong> prispieva k udr\u017eaniu zdravej poko\u017eky a k norm\u00e1lnej funkcii imunitn\u00e9ho syst\u00e9mu. <strong>Vitam\u00edn C<\/strong> prispieva k ochrane buniek pred oxida\u010dn\u00fdm stresom a k tvorbe kolag\u00e9nu pre norm\u00e1lnu funkciu poko\u017eky.<\/p>\n\n\n\n<p><strong>N\u00e1vod na pou\u017eitie:<\/strong> U\u017e\u00edvajte 1\u20132 kapsuly denne s jedlom a zapite dostato\u010dn\u00fdm mno\u017estvom vody.<\/p>\n\n\n\n<p><strong>Obsah v 1 kapsule:<\/strong> Hydrolyzovan\u00fd morsk\u00fd kolag\u00e9n (ryba) 250 mg, vitam\u00edn C 80 mg, hyaluron\u00e1t sodn\u00fd 80 mg, MSM 35 mg, D-glukosam\u00edn (z panciera kraba\/krevety) 25 mg, vitam\u00edn E 18 mg, vitam\u00edn A 600 \u00b5g.<\/p>\n\n\n\n<p><strong>Compozi\u021bie:<\/strong> Hydrolyzovan\u00fd morsk\u00fd kolag\u00e9n (ryby), vitam\u00edn C, hyaluron\u00e1t sodn\u00fd, MSM, D-glukosam\u00edn (z panciera kraba\/krevety), hydroxypropylmetylcelul\u00f3za (obal kapsuly), stearan hore\u010dnat\u00fd, Aerosil (oxid kremi\u010dit\u00fd), vitam\u00edn E, vitam\u00edn A.<\/p>\n\n\n\n<p><strong>Avertismente:<\/strong> Neprekra\u010dujte odpor\u00fa\u010dan\u00fa denn\u00fa d\u00e1vku. Uchov\u00e1vajte na suchom mieste, mimo dosahu det\u00ed. V\u00fd\u017eivov\u00fd doplnok nenahr\u00e1dza pestr\u00fa a vyv\u00e1\u017een\u00fa stravu. Nevhodn\u00e9 po\u010das tehotenstva a doj\u010denia. Nevhodn\u00e9 pre osoby citliv\u00e9 na niektor\u00fa zo zlo\u017eiek. Obsahuje alerg\u00e9ny: ryby, k\u00f4rovce, m\u00e4kk\u00fd\u0161e a produkty z nich.<\/p>\n\n\n\n<p><strong>Balenie:<\/strong> 30 kaps\u00fal<\/p>","protected":false},"excerpt":{"rendered":"<p>&#8230; <a class=\"more-link\" href=\"#tab-description\">Cite\u0219te mai mult<\/a><\/p>","protected":false},"featured_media":10218,"comment_status":"open","ping_status":"closed","template":"","meta":{"inline_featured_image":false},"product_brand":[279],"product_cat":[249,69,146,145],"product_tag":[],"class_list":{"0":"post-10216","1":"product","2":"type-product","3":"status-publish","4":"has-post-thumbnail","6":"product_brand-vital","7":"product_cat-kozmeticke-vyrobky","8":"product_cat-vyzivove-doplnky","9":"product_cat-klby-a-reuma","10":"product_cat-krasa","12":"first","13":"instock","14":"taxable","15":"shipping-taxable","16":"purchasable","17":"product-type-simple"},"aioseo_notices":[],"_links":{"self":[{"href":"https:\/\/www.biokari.sk\/ro\/wp-json\/wp\/v2\/product\/10216","targetHints":{"allow":["GET"]}}],"collection":[{"href":"https:\/\/www.biokari.sk\/ro\/wp-json\/wp\/v2\/product"}],"about":[{"href":"https:\/\/www.biokari.sk\/ro\/wp-json\/wp\/v2\/types\/product"}],"replies":[{"embeddable":true,"href":"https:\/\/www.biokari.sk\/ro\/wp-json\/wp\/v2\/comments?post=10216"}],"wp:featuredmedia":[{"embeddable":true,"href":"https:\/\/www.biokari.sk\/ro\/wp-json\/wp\/v2\/media\/10218"}],"wp:attachment":[{"href":"https:\/\/www.biokari.sk\/ro\/wp-json\/wp\/v2\/media?parent=10216"}],"wp:term":[{"taxonomy":"product_brand","embeddable":true,"href":"https:\/\/www.biokari.sk\/ro\/wp-json\/wp\/v2\/product_brand?post=10216"},{"taxonomy":"product_cat","embeddable":true,"href":"https:\/\/www.biokari.sk\/ro\/wp-json\/wp\/v2\/product_cat?post=10216"},{"taxonomy":"product_tag","embeddable":true,"href":"https:\/\/www.biokari.sk\/ro\/wp-json\/wp\/v2\/product_tag?post=10216"}],"curies":[{"name":"wp","href":"https:\/\/api.w.org\/{rel}","templated":true}]}}