{"id":10225,"date":"2025-10-19T11:50:23","date_gmt":"2025-10-19T09:50:23","guid":{"rendered":"https:\/\/www.biokari.sk\/produkt\/vital-kvapky-na-vlasy-40ml\/"},"modified":"2026-04-15T19:02:41","modified_gmt":"2026-04-15T17:02:41","slug":"vital-kvapky-na-vlasy-40ml","status":"publish","type":"product","link":"https:\/\/www.biokari.sk\/ro\/produs\/vital-kvapky-na-vlasy-40ml\/","title":{"rendered":"Vital FU Kvapky na vlasy 40ml"},"content":{"rendered":"<p><strong>FUNKCIA:<\/strong> Pr\u00edpravok je ur\u010den\u00fd ako <strong>doplnkov\u00e1 starostlivos\u0165 pri lie\u010dbe seboroickej dermatit\u00eddy<\/strong>, najm\u00e4 v pr\u00edpadoch, ke\u010f sa z odlupuj\u00facej poko\u017eky vytv\u00e1ra <strong>hrub\u00e1 vrstva, ktor\u00e1 sa lep\u00ed na vlasov\u00fa poko\u017eku<\/strong>. Pom\u00e1ha <strong>obnovi\u0165 prirodzen\u00fa rovnov\u00e1hu mikrofl\u00f3ry poko\u017eky hlavy<\/strong>, <strong>zmier\u0148uje svrbenie, za\u010dervenanie a z\u00e1pal<\/strong>, podporuje <strong>odlupovanie odumret\u00fdch buniek<\/strong>, p\u00f4sob\u00ed <strong>upokojuj\u00faco<\/strong> a <strong>chr\u00e1ni poko\u017eku<\/strong>.<\/p>\n\n\n\n<p><strong>Compozi\u021bie:<\/strong> Propylene glycol, glycerin, aqua, citric acid, hydrolyzed collagen, phenoxyethanol, potassium sorbate, sodium benzoate, caramel, xanthan gum, tocopherol.<\/p>\n\n\n\n<p><strong>Cerere:<\/strong> Produkt obsahuje d\u00e1vku posta\u010duj\u00facu na <strong>1 mesiac<\/strong>. Naneste na poko\u017eku hlavy <strong>dva kr\u00e1t do t\u00fd\u017ed\u0148a 4 ml pr\u00edpravku<\/strong>. Koncentrovan\u00e9 kvapky nechajte p\u00f4sobi\u0165 na poko\u017eke hlavy. Pr\u00edpravok <strong>vmas\u00edrujte do poko\u017eky hlavy<\/strong> a z\u00e1rove\u0148 \u0148ou jemne pohybujte, vyhnite sa v\u0161ak siln\u00e9mu treniu. Na za\u010diatku pou\u017e\u00edvania pr\u00edpravku sa m\u00f4\u017ee objavi\u0165 <strong>zv\u00fd\u0161en\u00e1 tvorba lup\u00edn<\/strong>, \u010do je <strong>prirodzenou s\u00fa\u010das\u0165ou o\u010distn\u00e9ho procesu<\/strong>.<\/p>\n\n\n\n<p><strong>Avertisment:<\/strong> Pou\u017e\u00edvajte <strong>len na zdrav\u00fa poko\u017eku<\/strong>. Nepou\u017e\u00edvajte, ak je poko\u017eka <strong>poranen\u00e1 alebo podr\u00e1\u017eden\u00e1<\/strong>. Nepou\u017e\u00edvajte v pr\u00edpade <strong>zn\u00e1mej citlivosti na ktor\u00fako\u013evek zlo\u017eku<\/strong> pr\u00edpravku. <strong>Uchov\u00e1vajte mimo dosahu det\u00ed.<\/strong> Len na <strong>vonkaj\u0161ie pou\u017eitie<\/strong> \u2013 pr\u00edpravok <strong>nekonzumujte<\/strong>. Pr\u00edpravok sa <strong>nesmie dosta\u0165 do o\u010d\u00ed<\/strong>.<\/p>\n\n\n\n<p><strong>Volum:<\/strong> 40 ml<\/p>","protected":false},"excerpt":{"rendered":"<p>&#8230; <a class=\"more-link\" href=\"#tab-description\">Cite\u0219te mai mult<\/a><\/p>","protected":false},"featured_media":10226,"comment_status":"open","ping_status":"closed","template":"","meta":{"inline_featured_image":false},"product_brand":[279],"product_cat":[249],"product_tag":[],"class_list":{"0":"post-10225","1":"product","2":"type-product","3":"status-publish","4":"has-post-thumbnail","6":"product_brand-vital","7":"product_cat-kozmeticke-vyrobky","9":"first","10":"instock","11":"taxable","12":"shipping-taxable","13":"purchasable","14":"product-type-simple"},"aioseo_notices":[],"_links":{"self":[{"href":"https:\/\/www.biokari.sk\/ro\/wp-json\/wp\/v2\/product\/10225","targetHints":{"allow":["GET"]}}],"collection":[{"href":"https:\/\/www.biokari.sk\/ro\/wp-json\/wp\/v2\/product"}],"about":[{"href":"https:\/\/www.biokari.sk\/ro\/wp-json\/wp\/v2\/types\/product"}],"replies":[{"embeddable":true,"href":"https:\/\/www.biokari.sk\/ro\/wp-json\/wp\/v2\/comments?post=10225"}],"wp:featuredmedia":[{"embeddable":true,"href":"https:\/\/www.biokari.sk\/ro\/wp-json\/wp\/v2\/media\/10226"}],"wp:attachment":[{"href":"https:\/\/www.biokari.sk\/ro\/wp-json\/wp\/v2\/media?parent=10225"}],"wp:term":[{"taxonomy":"product_brand","embeddable":true,"href":"https:\/\/www.biokari.sk\/ro\/wp-json\/wp\/v2\/product_brand?post=10225"},{"taxonomy":"product_cat","embeddable":true,"href":"https:\/\/www.biokari.sk\/ro\/wp-json\/wp\/v2\/product_cat?post=10225"},{"taxonomy":"product_tag","embeddable":true,"href":"https:\/\/www.biokari.sk\/ro\/wp-json\/wp\/v2\/product_tag?post=10225"}],"curies":[{"name":"wp","href":"https:\/\/api.w.org\/{rel}","templated":true}]}}