{"id":10273,"date":"2025-10-23T10:07:51","date_gmt":"2025-10-23T08:07:51","guid":{"rendered":"https:\/\/www.biokari.sk\/produkt\/prana-bio-matcha-prasok-60g\/"},"modified":"2026-04-27T19:02:09","modified_gmt":"2026-04-27T17:02:09","slug":"prana-bio-matcha-prasok-60g","status":"publish","type":"product","link":"https:\/\/www.biokari.sk\/ro\/produs\/prana-bio-matcha-prasok-60g\/","title":{"rendered":"Prana Bio Matcha pr\u00e1\u0161ok 60g"},"content":{"rendered":"<p data-start=\"0\" data-end=\"256\"><strong data-start=\"0\" data-end=\"29\">\u201eCeremonial grade\u201d matcha<\/strong> znamen\u00e1, \u017ee ide o <strong data-start=\"48\" data-end=\"84\">naj\u010derstvej\u0161iu, prv\u00fa jarn\u00fa \u00farodu<\/strong>, vyroben\u00fa z <strong data-start=\"97\" data-end=\"147\">mlad\u00fdch \u010dajov\u00fdch l\u00edstkov z vrchnej \u010dasti kr\u00edka<\/strong>. V\u010faka tomu m\u00e1 pr\u00e1\u0161ok <strong data-start=\"170\" data-end=\"196\">nefritovo zelen\u00fa farbu<\/strong>, <strong data-start=\"198\" data-end=\"223\">charakteristick\u00fa v\u00f4\u0148u<\/strong> a <strong data-start=\"226\" data-end=\"253\" data-is-only-node=\"\">bohat\u00fa, intenz\u00edvnu chu\u0165<\/strong>.<\/p>\n<p data-start=\"258\" data-end=\"479\">V\u010faka svojej <strong data-start=\"271\" data-end=\"309\">jemne zemitosti a komplexnej chuti<\/strong> je ide\u00e1lna nielen na klasick\u00fa pr\u00edpravu \u010daju, ale aj ako <strong data-start=\"366\" data-end=\"394\">doplnok k sladk\u00fdm jedl\u00e1m<\/strong> \u2013 na posypanie kol\u00e1\u010dov, do <strong data-start=\"422\" data-end=\"441\">ra\u0148ajkovej ka\u0161e<\/strong> alebo na pr\u00edpravu <strong data-start=\"460\" data-end=\"476\">matcha latt\u00e9<\/strong>.<\/p>\n<p data-start=\"481\" data-end=\"662\">Okrem lahodnej chuti m\u00e1 matcha mno\u017estvo <strong data-start=\"521\" data-end=\"544\">pozit\u00edvnych \u00fa\u010dinkov<\/strong> \u2013 pom\u00e1ha <strong data-start=\"554\" data-end=\"572\">zni\u017eova\u0165 stres<\/strong>, <strong data-start=\"574\" data-end=\"599\">zlep\u0161uje koncentr\u00e1ciu<\/strong>, <strong data-start=\"601\" data-end=\"627\">podporuje metabolizmus<\/strong> a dod\u00e1va <strong data-start=\"637\" data-end=\"659\">prirodzen\u00fa energiu<\/strong>.<\/p>\n<p data-start=\"664\" data-end=\"691\"><strong data-start=\"664\" data-end=\"689\">Pr\u00edprava matcha \u010daju:<\/strong><\/p>\n<ol data-start=\"692\" data-end=\"1013\">\n<li data-start=\"692\" data-end=\"760\">\n<p data-start=\"695\" data-end=\"760\">Preosej 1\u20132 \u010dajov\u00e9 ly\u017ei\u010dky matcha pr\u00e1\u0161ku, aby nebol hrudkovit\u00fd.<\/p>\n<\/li>\n<li data-start=\"761\" data-end=\"814\">\n<p data-start=\"764\" data-end=\"814\">Zalej hor\u00facou, nie vriacou vodou (asi 60\u201380 ml).<\/p>\n<\/li>\n<li data-start=\"815\" data-end=\"867\">\n<p data-start=\"818\" data-end=\"867\">D\u00f4kladne vy\u0161\u013eahaj, k\u00fdm sa nevytvor\u00ed jemn\u00e1 pena.<\/p>\n<\/li>\n<li data-start=\"868\" data-end=\"1013\">\n<p data-start=\"871\" data-end=\"1013\">Vychutnaj si svoj \u010derstvo pripraven\u00fd matcha \u010daj. \u263a\ufe0f<br data-start=\"922\" data-end=\"925\" \/>Pode\u013e sa s nami o to, <strong data-start=\"947\" data-end=\"980\">ako ty pou\u017e\u00edva\u0161 matcha pr\u00e1\u0161ok<\/strong> \u2013 do n\u00e1pojov, jed\u00e1l \u010di dezertov!<\/p>\n<\/li>\n<\/ol>\n<p data-start=\"1015\" data-end=\"1223\" data-is-last-node=\"\" data-is-only-node=\"\"><strong data-start=\"1015\" data-end=\"1028\">Compozi\u021bie:<\/strong> 100 % bio matcha pr\u00e1\u0161ok<br data-start=\"1052\" data-end=\"1055\" \/><strong data-start=\"1055\" data-end=\"1081\">Alerg\u00e9nov\u00e9 inform\u00e1cie:<\/strong> M\u00f4\u017ee obsahova\u0165 <strong data-start=\"1097\" data-end=\"1134\">stopy ara\u0161idov, orechov a sezamu.<\/strong><br data-start=\"1134\" data-end=\"1137\" \/><strong data-start=\"1137\" data-end=\"1158\">Bio certifik\u00e1cia:<\/strong> Bio Garancia Kft.<br data-start=\"1176\" data-end=\"1179\" \/><strong data-start=\"1179\" data-end=\"1198\">\u021aara de origine:<\/strong> \u010c\u00edna<br data-start=\"1203\" data-end=\"1206\" \/><strong data-start=\"1206\" data-end=\"1218\">Balenie:<\/strong> 60 g<\/p>","protected":false},"excerpt":{"rendered":"<p>\u201eCeremonial grade\u201d matcha znamen\u00e1, \u017ee ide o naj\u010derstvej\u0161iu, prv\u00fa jarn\u00fa \u00farodu, vyroben\u00fa z mlad\u00fdch \u010dajov\u00fdch l\u00edstkov z vrchnej \u010dasti kr\u00edka. V\u010faka tomu m\u00e1 pr\u00e1\u0161ok nefritovo zelen\u00fa farbu, charakteristick\u00fa v\u00f4\u0148u a bohat\u00fa, intenz\u00edvnu chu\u0165. V\u010faka svojej jemne zemitosti a komplexnej chuti je ide\u00e1lna nielen na klasick\u00fa pr\u00edpravu \u010daju, ale aj ako doplnok k sladk\u00fdm jedl\u00e1m \u2013 [&hellip;]<\/p>","protected":false},"featured_media":10276,"comment_status":"open","ping_status":"closed","template":"","meta":{"inline_featured_image":false},"product_brand":[282],"product_cat":[69,141,140,142,143,71,177],"product_tag":[310],"class_list":{"0":"post-10273","1":"product","2":"type-product","3":"status-publish","4":"has-post-thumbnail","6":"product_brand-prana","7":"product_cat-vyzivove-doplnky","8":"product_cat-chudnutie","9":"product_cat-posilnenie-imunity","10":"product_cat-srdcovo-cievny-system","11":"product_cat-zaludok-a-crevna-cinnost","12":"product_cat-potraviny","13":"product_cat-nahrada-kavy","14":"product_tag-top-liecive-rastliny","16":"first","17":"instock","18":"taxable","19":"shipping-taxable","20":"purchasable","21":"product-type-simple"},"aioseo_notices":[],"_links":{"self":[{"href":"https:\/\/www.biokari.sk\/ro\/wp-json\/wp\/v2\/product\/10273","targetHints":{"allow":["GET"]}}],"collection":[{"href":"https:\/\/www.biokari.sk\/ro\/wp-json\/wp\/v2\/product"}],"about":[{"href":"https:\/\/www.biokari.sk\/ro\/wp-json\/wp\/v2\/types\/product"}],"replies":[{"embeddable":true,"href":"https:\/\/www.biokari.sk\/ro\/wp-json\/wp\/v2\/comments?post=10273"}],"wp:featuredmedia":[{"embeddable":true,"href":"https:\/\/www.biokari.sk\/ro\/wp-json\/wp\/v2\/media\/10276"}],"wp:attachment":[{"href":"https:\/\/www.biokari.sk\/ro\/wp-json\/wp\/v2\/media?parent=10273"}],"wp:term":[{"taxonomy":"product_brand","embeddable":true,"href":"https:\/\/www.biokari.sk\/ro\/wp-json\/wp\/v2\/product_brand?post=10273"},{"taxonomy":"product_cat","embeddable":true,"href":"https:\/\/www.biokari.sk\/ro\/wp-json\/wp\/v2\/product_cat?post=10273"},{"taxonomy":"product_tag","embeddable":true,"href":"https:\/\/www.biokari.sk\/ro\/wp-json\/wp\/v2\/product_tag?post=10273"}],"curies":[{"name":"wp","href":"https:\/\/api.w.org\/{rel}","templated":true}]}}