{"id":10304,"date":"2025-10-23T13:10:37","date_gmt":"2025-10-23T11:10:37","guid":{"rendered":"https:\/\/www.biokari.sk\/produkt\/ezerjofu-kvapkz-na-hrdlo-50ml\/"},"modified":"2026-01-27T18:01:47","modified_gmt":"2026-01-27T17:01:47","slug":"ezerjofu-kvapkz-na-hrdlo-50ml","status":"publish","type":"product","link":"https:\/\/www.biokari.sk\/ro\/produs\/ezerjofu-kvapkz-na-hrdlo-50ml\/","title":{"rendered":"Ezerj\u00f3f\u0171 Kvapky na hrdlo 50ml"},"content":{"rendered":"<p><strong>Compozi\u021bie:<\/strong> upraven\u00e1 voda KoMiTo, etanol, an\u00edzov\u00e9 semeno, plody bazy \u010diernej, v\u0148a\u0165 echinacey purpurovej (Echinacea purpurea), kore\u0148 sladk\u00e9ho drievka, semen\u00e1 feniklu, islandsk\u00fd li\u0161ajn\u00edk, v\u0148a\u0165 materinej d\u00fa\u0161ky, v\u0148a\u0165 skorocelu kopijovit\u00e9ho.<\/p>\n\n\n\n<p><strong>Bylinn\u00fd v\u00fd\u0165a\u017eok na vodno-alkoholovej b\u00e1ze<\/strong><br><strong>Volum:<\/strong> 50 ml<br><strong>Tekut\u00fd v\u00fd\u017eivov\u00fd doplnok<\/strong><br><strong>Con\u021binut de alcool:<\/strong> 36 % obj.<\/p>\n\n\n\n<p><strong>\u00da\u010dinky jednotliv\u00fdch zlo\u017eiek:<\/strong><\/p>\n\n\n\n<ul class=\"wp-block-list\">\n<li><strong>Baza \u010dierna<\/strong> pom\u00e1ha zmierni\u0165 pr\u00edznaky prechladnutia.<\/li>\n\n\n\n<li><strong>Echinacea purpurea<\/strong> a <strong>an\u00edz<\/strong> prispievaj\u00fa k upokojeniu hrdla, hltana a hlasiviek.<\/li>\n\n\n\n<li><strong>Sladk\u00e9 drievko<\/strong> podporuje \u010distotu a priechodnos\u0165 d\u00fdchac\u00edch ciest.<\/li>\n\n\n\n<li><strong>Materina d\u00fa\u0161ka<\/strong> prispieva k zdraviu priedu\u0161iek a hrdla.<\/li>\n\n\n\n<li><strong>Islandsk\u00fd li\u0161ajn\u00edk<\/strong> podporuje horn\u00e9 d\u00fdchacie cesty a imunitn\u00fd syst\u00e9m, m\u00e1 antiv\u00edrusov\u00e9 a antibakteri\u00e1lne \u00fa\u010dinky a napom\u00e1ha vyka\u0161liavaniu.<\/li>\n<\/ul>\n\n\n\n<p><strong>Doza zilnic\u0103 recomandat\u0103:<\/strong> 2 ml (\u2248 2 g) extraktu, \u010do zodpoved\u00e1 400 mg rastlinnej drogy.<br><strong>Cerere:<\/strong> 2\u00d7 denne <strong>20 kvapiek<\/strong> pol hodiny pred jedlom. <strong>Neodpor\u00fa\u010da sa prekra\u010dova\u0165 odpor\u00fa\u010dan\u00fa denn\u00fa d\u00e1vku!<\/strong><\/p>\n\n\n\n<p><strong>Depozitare:<\/strong> chr\u00e1\u0148te pred svetlom, pri <strong>teplote do 25 \u00b0C<\/strong>.<br>Mo\u017en\u00e1 usadenina je prirodzen\u00e1 a <strong>neovplyv\u0148uje kvalitu v\u00fdrobku.<\/strong> Pred pou\u017eit\u00edm <strong>pretrepte!<\/strong><\/p>\n\n\n\n<p><strong>Avertisment:<\/strong> V\u00fdrobok <strong>nesmie by\u0165 u\u017e\u00edvan\u00fd spolu s liekmi, ktor\u00e9 reaguj\u00fa s alkoholom.<\/strong> Nevhodn\u00fd pre osoby trpiace z\u00e1vislos\u0165ou od alkoholu.<br>Nepou\u017e\u00edva\u0165 po\u010das <strong>tehotenstva, doj\u010denia<\/strong> a u <strong>det\u00ed.<\/strong><br>Uchov\u00e1vajte <strong>mimo dosahu det\u00ed.<\/strong><br><strong>V\u00fd\u017eivov\u00fd doplnok nenahr\u00e1dza pestr\u00fa a vyv\u00e1\u017een\u00fa stravu ani zdrav\u00fd \u017eivotn\u00fd \u0161t\u00fdl.<\/strong><\/p>\n\n\n\n<p><strong>K\u00d6PETKE tinkt\u00fara<\/strong> je ru\u010dne vyr\u00e1ban\u00fd <strong>alkoholov\u00fd bylinn\u00fd pr\u00edpravok<\/strong> zna\u010dky <strong>Ezerj\u00f3f\u0171.<\/strong><\/p>","protected":false},"excerpt":{"rendered":"<p>&#8230; <a class=\"more-link\" href=\"#tab-description\">Cite\u0219te mai mult<\/a><\/p>","protected":false},"featured_media":10305,"comment_status":"open","ping_status":"closed","template":"","meta":{"inline_featured_image":false},"product_brand":[284],"product_cat":[69,144,140],"product_tag":[311],"class_list":{"0":"post-10304","1":"product","2":"type-product","3":"status-publish","4":"has-post-thumbnail","6":"product_brand-ezerjofu","7":"product_cat-vyzivove-doplnky","8":"product_cat-dychacie-cesty","9":"product_cat-posilnenie-imunity","10":"product_tag-top-vyzivove-doplnky","12":"first","13":"instock","14":"taxable","15":"shipping-taxable","16":"purchasable","17":"product-type-simple"},"aioseo_notices":[],"_links":{"self":[{"href":"https:\/\/www.biokari.sk\/ro\/wp-json\/wp\/v2\/product\/10304","targetHints":{"allow":["GET"]}}],"collection":[{"href":"https:\/\/www.biokari.sk\/ro\/wp-json\/wp\/v2\/product"}],"about":[{"href":"https:\/\/www.biokari.sk\/ro\/wp-json\/wp\/v2\/types\/product"}],"replies":[{"embeddable":true,"href":"https:\/\/www.biokari.sk\/ro\/wp-json\/wp\/v2\/comments?post=10304"}],"wp:featuredmedia":[{"embeddable":true,"href":"https:\/\/www.biokari.sk\/ro\/wp-json\/wp\/v2\/media\/10305"}],"wp:attachment":[{"href":"https:\/\/www.biokari.sk\/ro\/wp-json\/wp\/v2\/media?parent=10304"}],"wp:term":[{"taxonomy":"product_brand","embeddable":true,"href":"https:\/\/www.biokari.sk\/ro\/wp-json\/wp\/v2\/product_brand?post=10304"},{"taxonomy":"product_cat","embeddable":true,"href":"https:\/\/www.biokari.sk\/ro\/wp-json\/wp\/v2\/product_cat?post=10304"},{"taxonomy":"product_tag","embeddable":true,"href":"https:\/\/www.biokari.sk\/ro\/wp-json\/wp\/v2\/product_tag?post=10304"}],"curies":[{"name":"wp","href":"https:\/\/api.w.org\/{rel}","templated":true}]}}