{"id":10307,"date":"2025-10-23T19:47:59","date_gmt":"2025-10-23T17:47:59","guid":{"rendered":"https:\/\/www.biokari.sk\/produkt\/balint-cseppek-virulitas-kvapky-50ml-2\/"},"modified":"2026-01-27T08:41:50","modified_gmt":"2026-01-27T07:41:50","slug":"balint-cseppek-virulitas-kvapky-50ml-2","status":"publish","type":"product","link":"https:\/\/www.biokari.sk\/ro\/produs\/balint-cseppek-virulitas-kvapky-50ml-2\/","title":{"rendered":"B\u00e1lint cseppek Virulitas pic\u0103turi 50ml"},"content":{"rendered":"<p><strong>ZLO\u017dENIE:<\/strong> nosi\u010d (voda a alkohol), kore\u0148 africk\u00e9ho mu\u0161k\u00e1tu, cist \u0161ed\u00fd (bodorr\u00f3zsa), v\u0148a\u0165 a kore\u0148 echinacey purpurovej, divozel ve\u013ekokvet\u00fd, tymian, medovka lek\u00e1rska, rep\u00edk lek\u00e1rsky, jastrabina (pemetef\u0171), p\u013e\u00facnik lek\u00e1rsky, prasli\u010dka ro\u013en\u00e1, kore\u0148 sladk\u00e9ho drievka, svetlica farbiarska, kore\u0148 chrenu, plody rakytn\u00edka re\u0161etliakov\u00e9ho, verbenka lek\u00e1rska, bazalka, necht\u00edk lek\u00e1rsky, kore\u0148 p\u00fapavy lek\u00e1rskej, krvavec lek\u00e1rsky, \u0161alvia lek\u00e1rska, rozmar\u00edn lek\u00e1rsky.<\/p>\n\n\n\n<p>Kore\u0148 <strong>africk\u00e9ho mu\u0161k\u00e1tu<\/strong> v\u010faka obsahu antioxidantov <strong>podporuje imunitn\u00fd syst\u00e9m.<\/strong><br>Africk\u00fd mu\u0161k\u00e1t, cist, divozel a jastrabina pom\u00e1haj\u00fa <strong>zmierni\u0165 d\u00fdchacie \u0165a\u017ekosti.<\/strong><\/p>\n\n\n\n<p><strong>D\u00c1VKOVANIE A ODPOR\u00da\u010cAN\u00c9 U\u017d\u00cdVANIE:<\/strong><br>3\u00d7 denne po <strong>20 kvapiek.<\/strong><br><strong>Nu dep\u0103\u0219i\u021bi doza zilnic\u0103 recomandat\u0103!<\/strong><br>Supliment nutri\u021bional <strong>nenahr\u00e1dza vyv\u00e1\u017een\u00fa a pestr\u00fa stravu ani zdrav\u00fd \u017eivotn\u00fd \u0161t\u00fdl.<\/strong><\/p>\n\n\n\n<p><strong>SKLADOVANIE:<\/strong> Pri <strong>izbovej teplote<\/strong>, <strong>mimo dosahu det\u00ed!<\/strong><\/p>\n\n\n\n<p><strong>\u00da\u010cINN\u00c9 L\u00c1TKY V DENNEJ D\u00c1VKE (60 kvapiek):<\/strong><br>19 mg kore\u0148 africk\u00e9ho mu\u0161k\u00e1tu, 18 mg cist, 18 mg v\u0148a\u0165 a kore\u0148 echinacey, 18 mg divozel, 18 mg tymian, 18 mg medovka, 18 mg rep\u00edk, 8 mg jastrabina, 7 mg p\u013e\u00facnik, 7 mg prasli\u010dka, 7 mg sladk\u00e9 drievko, 7 mg svetlica farbiarska, 7 mg chren, 7 mg plody rakytn\u00edka, 6 mg verbenka, 4 mg bazalka, 4 mg necht\u00edk, 4 mg kore\u0148 p\u00fapavy, 4 mg krvavec, 4 mg \u0161alvia, 4 mg rozmar\u00edn.<\/p>\n\n\n\n<p><strong>Volum:<\/strong> 50 ml<\/p>","protected":false},"excerpt":{"rendered":"<p>&#8230; <a class=\"more-link\" href=\"#tab-description\">Cite\u0219te mai mult<\/a><\/p>","protected":false},"featured_media":10308,"comment_status":"open","ping_status":"closed","template":"","meta":{"inline_featured_image":false},"product_brand":[285],"product_cat":[69,144,140],"product_tag":[],"class_list":{"0":"post-10307","1":"product","2":"type-product","3":"status-publish","4":"has-post-thumbnail","6":"product_brand-balint-cseppek","7":"product_cat-vyzivove-doplnky","8":"product_cat-dychacie-cesty","9":"product_cat-posilnenie-imunity","11":"first","12":"onbackorder","13":"taxable","14":"shipping-taxable","15":"purchasable","16":"product-type-simple"},"aioseo_notices":[],"_links":{"self":[{"href":"https:\/\/www.biokari.sk\/ro\/wp-json\/wp\/v2\/product\/10307","targetHints":{"allow":["GET"]}}],"collection":[{"href":"https:\/\/www.biokari.sk\/ro\/wp-json\/wp\/v2\/product"}],"about":[{"href":"https:\/\/www.biokari.sk\/ro\/wp-json\/wp\/v2\/types\/product"}],"replies":[{"embeddable":true,"href":"https:\/\/www.biokari.sk\/ro\/wp-json\/wp\/v2\/comments?post=10307"}],"wp:featuredmedia":[{"embeddable":true,"href":"https:\/\/www.biokari.sk\/ro\/wp-json\/wp\/v2\/media\/10308"}],"wp:attachment":[{"href":"https:\/\/www.biokari.sk\/ro\/wp-json\/wp\/v2\/media?parent=10307"}],"wp:term":[{"taxonomy":"product_brand","embeddable":true,"href":"https:\/\/www.biokari.sk\/ro\/wp-json\/wp\/v2\/product_brand?post=10307"},{"taxonomy":"product_cat","embeddable":true,"href":"https:\/\/www.biokari.sk\/ro\/wp-json\/wp\/v2\/product_cat?post=10307"},{"taxonomy":"product_tag","embeddable":true,"href":"https:\/\/www.biokari.sk\/ro\/wp-json\/wp\/v2\/product_tag?post=10307"}],"curies":[{"name":"wp","href":"https:\/\/api.w.org\/{rel}","templated":true}]}}