{"id":10319,"date":"2025-10-24T10:26:42","date_gmt":"2025-10-24T08:26:42","guid":{"rendered":"https:\/\/www.biokari.sk\/produkt\/myrobalan-kapsuly-na-cikly-60ks\/"},"modified":"2026-01-27T08:41:56","modified_gmt":"2026-01-27T07:41:56","slug":"myrobalan-kapsuly-na-cikly-60ks","status":"publish","type":"product","link":"https:\/\/www.biokari.sk\/ro\/produs\/myrobalan-kapsuly-na-cikly-60ks\/","title":{"rendered":"Myrobalan Kapsuly na cikly 60ks"},"content":{"rendered":"<p><strong>Kumari<\/strong> je 100 % pr\u00edrodn\u00fd, bez pr\u00eddavn\u00fdch l\u00e1tok vyroben\u00fd rastlinn\u00fd komplex, ktor\u00fd v\u010faka sile <strong>deviatich vz\u00e1jomne sa dop\u013a\u0148aj\u00facich byl\u00edn<\/strong> pom\u00e1ha obnovi\u0165 hormon\u00e1lnu rovnov\u00e1hu a harm\u00f3niu men\u0161trua\u010dn\u00e9ho cyklu. Kombin\u00e1cia <strong>drmeku (Vitex agnus-castus), shatavari, alchemilky, rebr\u00ed\u010dka oby\u010dajn\u00e9ho, hluchavky bielej, harman\u010deka, medovky, z\u00e1zvoru a kurkumy<\/strong> m\u00f4\u017ee prirodzen\u00fdm sp\u00f4sobom zmierni\u0165 men\u0161trua\u010dn\u00e9 k\u0155\u010de, pr\u00edznaky PMS, podr\u00e1\u017edenos\u0165, nap\u00e4tie v prsn\u00edkoch, bolesti hlavy a probl\u00e9my so sp\u00e1nkom. \u00da\u010dinn\u00e9 l\u00e1tky t\u00fdchto rastl\u00edn podporuj\u00fa <strong>hormon\u00e1lnu rovnov\u00e1hu<\/strong>, v\u010faka \u010domu sa cyklus st\u00e1va pravidelnej\u0161\u00edm a menej za\u0165a\u017euj\u00facim.<\/p>\n\n\n\n<p>Men\u0161trua\u010dn\u00e9 bolesti sp\u00f4sobuje najm\u00e4 <strong>nadmern\u00e1 tvorba prostagland\u00ednov<\/strong>, l\u00e1tok, ktor\u00e9 vyvol\u00e1vaj\u00fa s\u0165ahovanie svaloviny maternice. Ak sa ich hladina zv\u00fd\u0161i, objavuj\u00fa sa silnej\u0161ie k\u0155\u010de, nevo\u013enos\u0165 \u010di bolesti hlavy. Nerovnov\u00e1ha horm\u00f3nov \u2013 napr\u00edklad <strong>n\u00edzka hladina progester\u00f3nu<\/strong> \u2013 m\u00f4\u017ee tieto \u0165a\u017ekosti zhor\u0161i\u0165 a ovplyvni\u0165 d\u013a\u017eku aj pravidelnos\u0165 cyklu. Byliny obsiahnut\u00e9 v pr\u00edpravku Kumari p\u00f4sobia na viacer\u00fdch \u00farovniach \u017eensk\u00e9ho organizmu \u2013 od podpory \u010dinnosti maternice a vaje\u010dn\u00edkov a\u017e po vyrovn\u00e1vanie hormon\u00e1lnej \u010dinnosti a psychickej pohody.<\/p>\n\n\n\n<p>Pr\u00edpravok vznikol pod\u013ea <strong>z\u00e1sad tradi\u010dnej tibetskej medic\u00edny<\/strong>, ktor\u00e1 berie do \u00favahy nielen \u00fa\u010dinn\u00e9 l\u00e1tky rastl\u00edn, ale aj ich chu\u0165ov\u00e9 a energetick\u00e9 vlastnosti. T\u00fdmto sp\u00f4sobom vznik\u00e1 <strong>nov\u00e1, synergick\u00e1 zmes<\/strong>, ktor\u00e1 m\u00e1 ove\u013ea \u0161ir\u0161\u00ed \u00fa\u010dinok ne\u017e jednotliv\u00e9 rastliny samostatne.<\/p>\n\n\n\n<p>Kumari pom\u00e1ha nielen pri fyzick\u00fdch \u0165a\u017ekostiach, ale aj pri <strong>psychickej nerovnov\u00e1he sp\u00f4sobenej hormon\u00e1lnymi v\u00fdkyvmi<\/strong>. Pravideln\u00e9 u\u017e\u00edvanie m\u00f4\u017ee prispie\u0165 k <strong>zmierneniu sympt\u00f3mov PMS<\/strong>, <strong>zn\u00ed\u017eeniu men\u0161trua\u010dn\u00fdch bolest\u00ed a k\u0155\u010dov<\/strong>, <strong>stabiliz\u00e1cii nepravideln\u00e9ho cyklu<\/strong>, ako aj k podpore <strong>hormon\u00e1lnej rovnov\u00e1hy a plodnosti<\/strong>. Pom\u00e1ha aj pri <strong>stresom sp\u00f4soben\u00fdch poruch\u00e1ch cyklu<\/strong>, ke\u010f vplyvom psychickej z\u00e1\u0165a\u017ee, nedostatku sp\u00e1nku \u010di zmeny \u017eivotn\u00e9ho \u0161t\u00fdlu d\u00f4jde k naru\u0161eniu prirodzen\u00e9ho rytmu.<\/p>\n\n\n\n<p>Kumari je odpor\u00fa\u010dan\u00e1 v\u0161etk\u00fdm \u017een\u00e1m, ktor\u00e9 trpia <strong>opakovan\u00fdmi men\u0161trua\u010dn\u00fdmi boles\u0165ami, PMS, nepravideln\u00fdm cyklom alebo hormon\u00e1lnou nerovnov\u00e1hou<\/strong>, ako aj t\u00fdm, ktor\u00e9 h\u013eadaj\u00fa <strong>prirodzen\u00fa alternat\u00edvu<\/strong> k hormon\u00e1lnym pr\u00edpravkom. M\u00f4\u017ee by\u0165 prospe\u0161n\u00e1 aj v obdobiach zv\u00fd\u0161en\u00e9ho stresu, po p\u00f4rode, po\u010das doj\u010denia \u010di po oper\u00e1ci\u00e1ch, ke\u010f je potrebn\u00e9 obnovi\u0165 hormon\u00e1lnu rovnov\u00e1hu.<\/p>\n\n\n\n<p>Na naru\u0161enie cyklickej rovnov\u00e1hy m\u00f4\u017eu upozor\u0148ova\u0165 pr\u00edznaky ako <strong>v\u00fdkyvy n\u00e1lady, podr\u00e1\u017edenos\u0165 pred men\u0161tru\u00e1ciou, nap\u00e4tie v prsn\u00edkoch, poruchy sp\u00e1nku, siln\u00e9 alebo bolestiv\u00e9 krv\u00e1canie, nepravideln\u00fd cyklus, k\u0155\u010de v podbru\u0161ku a stresom vyvolan\u00e9 poruchy men\u0161tru\u00e1cie<\/strong>. Tieto prejavy dlhodobo signalizuj\u00fa nerovnov\u00e1hu hormon\u00e1lneho syst\u00e9mu a je d\u00f4le\u017eit\u00e9 podpori\u0165 organizmus prirodzen\u00fdm sp\u00f4sobom.<\/p>\n\n\n\n<p>Kumari mo\u017eno <strong>u\u017e\u00edva\u0165 dlhodobo<\/strong>, nevznik\u00e1 na\u0148 n\u00e1vyk a <strong>neobsahuje \u017eiadne syntetick\u00e9 ani umel\u00e9 l\u00e1tky<\/strong>. Kapsuly s\u00fa <strong>veg\u00e1nske, bez lepku a bez mlieka<\/strong>, vyr\u00e1ban\u00e9 v\u00fdhradne z pr\u00edrodn\u00fdch surov\u00edn.<\/p>\n\n\n\n<p><strong>Compozi\u021bie:<\/strong> drmek (Vitex agnus-castus), shatavari, alchemilka, rebr\u00ed\u010dek oby\u010dajn\u00fd, hluchavka biela, harman\u010dek, medovka, z\u00e1zvor, kurkuma.<br><strong>Vlastnosti:<\/strong> <em>Bez mlieka, bez lepku, 100 % pr\u00edrodn\u00e9, ma\u010farsk\u00fd v\u00fdrobok, veg\u00e1nske.<\/em><\/p>\n\n\n\n<p><strong>Kumari<\/strong> \u2013 prirodzen\u00e1 pomoc pre \u017eensk\u00fa rovnov\u00e1hu, bez ved\u013eaj\u0161\u00edch \u00fa\u010dinkov, pre harm\u00f3niu tela a du\u0161e.<\/p>\n\n\n\n<p><strong>Cantitate:<\/strong> 60pcs<\/p>\n\n\n\n<p><\/p>","protected":false},"excerpt":{"rendered":"<p>&#8230; <a class=\"more-link\" href=\"#tab-description\">Cite\u0219te mai mult<\/a><\/p>","protected":false},"featured_media":10320,"comment_status":"open","ping_status":"closed","template":"","meta":{"inline_featured_image":false},"product_brand":[288],"product_cat":[69],"product_tag":[],"class_list":{"0":"post-10319","1":"product","2":"type-product","3":"status-publish","4":"has-post-thumbnail","6":"product_brand-myrobalan","7":"product_cat-vyzivove-doplnky","9":"first","10":"instock","11":"taxable","12":"shipping-taxable","13":"purchasable","14":"product-type-simple"},"aioseo_notices":[],"_links":{"self":[{"href":"https:\/\/www.biokari.sk\/ro\/wp-json\/wp\/v2\/product\/10319","targetHints":{"allow":["GET"]}}],"collection":[{"href":"https:\/\/www.biokari.sk\/ro\/wp-json\/wp\/v2\/product"}],"about":[{"href":"https:\/\/www.biokari.sk\/ro\/wp-json\/wp\/v2\/types\/product"}],"replies":[{"embeddable":true,"href":"https:\/\/www.biokari.sk\/ro\/wp-json\/wp\/v2\/comments?post=10319"}],"wp:featuredmedia":[{"embeddable":true,"href":"https:\/\/www.biokari.sk\/ro\/wp-json\/wp\/v2\/media\/10320"}],"wp:attachment":[{"href":"https:\/\/www.biokari.sk\/ro\/wp-json\/wp\/v2\/media?parent=10319"}],"wp:term":[{"taxonomy":"product_brand","embeddable":true,"href":"https:\/\/www.biokari.sk\/ro\/wp-json\/wp\/v2\/product_brand?post=10319"},{"taxonomy":"product_cat","embeddable":true,"href":"https:\/\/www.biokari.sk\/ro\/wp-json\/wp\/v2\/product_cat?post=10319"},{"taxonomy":"product_tag","embeddable":true,"href":"https:\/\/www.biokari.sk\/ro\/wp-json\/wp\/v2\/product_tag?post=10319"}],"curies":[{"name":"wp","href":"https:\/\/api.w.org\/{rel}","templated":true}]}}