{"id":10322,"date":"2025-10-24T12:24:54","date_gmt":"2025-10-24T10:24:54","guid":{"rendered":"https:\/\/www.biokari.sk\/produkt\/nutsberries-liofilizovana-jahoda-15g\/"},"modified":"2026-04-29T19:03:15","modified_gmt":"2026-04-29T17:03:15","slug":"nutsberries-liofilizovana-jahoda-15g","status":"publish","type":"product","link":"https:\/\/www.biokari.sk\/ro\/produs\/nutsberries-liofilizovana-jahoda-15g\/","title":{"rendered":"Nuts&amp;Berries Liofilizovan\u00e1 Jahoda 15g"},"content":{"rendered":"<p>Lyofilizovan\u00e9 jahody s\u00fa dokonalou vo\u013ebou pre v\u0161etk\u00fdch, ktor\u00ed miluj\u00fa intenz\u00edvnu, prirodzen\u00fa chu\u0165 ovocia. Tento <strong>100 % pr\u00edrodn\u00fd snack<\/strong> si zachov\u00e1va lahodn\u00fa chu\u0165 a v\u00fd\u017eivov\u00fa hodnotu \u010derstv\u00fdch jah\u00f4d, pri\u010dom v\u010faka svojej <strong>chrumkavej \u0161trukt\u00fare<\/strong> je ide\u00e1lny na ma\u0161krtenie kedyko\u013evek po\u010das d\u0148a. Skvele sa hod\u00ed aj ako doplnok do <strong>jogurtov, smoothie n\u00e1pojov alebo kol\u00e1\u010dov<\/strong>, kde dod\u00e1 svie\u017eu ovocn\u00fa chu\u0165 a ar\u00f3mu. Neobsahuje \u017eiadne konzerva\u010dn\u00e9 l\u00e1tky \u2013 iba \u010dist\u00fa, <strong>prirodzen\u00fa chu\u0165 jah\u00f4d!<\/strong><\/p>\n\n\n\n<p><strong>Compozi\u021bie:<\/strong> jahody<\/p>\n\n\n\n<p><strong>Greutate:<\/strong> 20 g<\/p>\n\n\n\n<p><strong>Alergeni:<\/strong> m\u00f4\u017ee obsahova\u0165 <strong>stopy ara\u0161idov, sezamu a orechov.<\/strong><\/p>\n\n\n\n<p><strong>\u021aara de origine:<\/strong> Nemecko<\/p>\n\n\n\n<p><strong>Valori nutri\u021bionale medii per 100 g de produs:<\/strong><br>Energia: 1200 kJ \/ 286 kcal<br>Tuky: 3,7 g<br>\u2013 z toho nas\u00fdten\u00e9 mastn\u00e9 kyseliny: 0,3 g<br>Sacharidy: 50,9 g<br>\u2013 z toho cukry: 50,6 g<br>Vl\u00e1knina: 15,1 g<br>Bielkoviny: 7,6 g<br>So\u013e: 0 g<\/p>","protected":false},"excerpt":{"rendered":"<p>&#8230; <a class=\"more-link\" href=\"#tab-description\">Cite\u0219te mai mult<\/a><\/p>","protected":false},"featured_media":10323,"comment_status":"open","ping_status":"closed","template":"","meta":{"inline_featured_image":false},"product_brand":[],"product_cat":[71,174,178],"product_tag":[312],"class_list":{"0":"post-10322","1":"product","2":"type-product","3":"status-publish","4":"has-post-thumbnail","6":"product_cat-potraviny","7":"product_cat-maskrty","8":"product_cat-sladke-maskrty","9":"product_tag-top-potraviny","11":"first","12":"instock","13":"taxable","14":"shipping-taxable","15":"purchasable","16":"product-type-simple"},"aioseo_notices":[],"_links":{"self":[{"href":"https:\/\/www.biokari.sk\/ro\/wp-json\/wp\/v2\/product\/10322","targetHints":{"allow":["GET"]}}],"collection":[{"href":"https:\/\/www.biokari.sk\/ro\/wp-json\/wp\/v2\/product"}],"about":[{"href":"https:\/\/www.biokari.sk\/ro\/wp-json\/wp\/v2\/types\/product"}],"replies":[{"embeddable":true,"href":"https:\/\/www.biokari.sk\/ro\/wp-json\/wp\/v2\/comments?post=10322"}],"wp:featuredmedia":[{"embeddable":true,"href":"https:\/\/www.biokari.sk\/ro\/wp-json\/wp\/v2\/media\/10323"}],"wp:attachment":[{"href":"https:\/\/www.biokari.sk\/ro\/wp-json\/wp\/v2\/media?parent=10322"}],"wp:term":[{"taxonomy":"product_brand","embeddable":true,"href":"https:\/\/www.biokari.sk\/ro\/wp-json\/wp\/v2\/product_brand?post=10322"},{"taxonomy":"product_cat","embeddable":true,"href":"https:\/\/www.biokari.sk\/ro\/wp-json\/wp\/v2\/product_cat?post=10322"},{"taxonomy":"product_tag","embeddable":true,"href":"https:\/\/www.biokari.sk\/ro\/wp-json\/wp\/v2\/product_tag?post=10322"}],"curies":[{"name":"wp","href":"https:\/\/api.w.org\/{rel}","templated":true}]}}